{"id":251329,"date":"2025-09-15T11:41:10","date_gmt":"2025-09-15T09:41:10","guid":{"rendered":"https:\/\/amaruantiques.com\/?post_type=product&#038;p=251329"},"modified":"2025-09-18T13:43:14","modified_gmt":"2025-09-18T11:43:14","slug":"banc-chinois-ancien-avec-assemblage-traditionnel-c-1870-16-am19052-16","status":"publish","type":"product","link":"https:\/\/amaruoptim.stg.uzero.cat\/fr\/meubles-anciens\/bancs-anciens\/banc-chinois-ancien-avec-assemblage-traditionnel-c-1870-16-am19052-16\/","title":{"rendered":"Banc chinois ancien avec assemblage traditionnel (c.1870) #16"},"content":{"rendered":"<p><strong>Banc ancien en bois avec menuiserie traditionnelle<\/strong> (vers 1870)<\/p>\n<ul>\n<li><b>Dimensions : <\/b>Longueur : 123 cm Profondeur : 16 cm Hauteur : 51 cm<\/li>\n<li><b>Style :<\/b> Dynastie Qing<\/li>\n<li><b>Mat\u00e9riaux et techniques :<\/b> Bois d&#8217;orme<\/li>\n<li><b>Lieu d&#8217;origine :<\/b> Chine<\/li>\n<li><b>P\u00e9riode :<\/b> D\u00e9but du 20e si\u00e8cle<\/li>\n<li><b>Date de fabrication :<\/b> Vers 1870<\/li>\n<li><b>\u00c9tat :<\/b> Bon. L&#8217;usure correspond \u00e0 l&#8217;\u00e2ge et \u00e0 l&#8217;utilisation.<\/li>\n<\/ul>\n<p>Il est en excellent \u00e9tat de conservation, \u00e0 l&#8217;exception des imperfections caract\u00e9ristiques de toute antiquit\u00e9, dues au passage du temps.<\/p>\n<p>Donnez une touche d&#8217;originalit\u00e9 \u00e0 votre int\u00e9rieur avec une pi\u00e8ce unique qui se marie avec le style contemporain, en apportant de la personnalit\u00e9 \u00e0 votre int\u00e9rieur. Ce banc en bois ancien peut \u00eatre combin\u00e9 avec l&#8217;un de nos <a href=\"https:\/\/amaruantiques.com\/fr\/categorie-de-produit\/anciens-vases\/\">vases <\/a>ou avec les <a href=\"https:\/\/amaruantiques.com\/fr\/categorie-de-produit\/paniers-en-osier-anciens\/\">paniers anciens<\/a> disponibles.<\/p>\n<p><em>PI\u00c8CE UNIQUE<\/em><\/p>\n","protected":false},"excerpt":{"rendered":"<p>Banc ancien en bois avec menuiserie traditionnelle (vers 1870) Dimensions : Longueur : 123 cm Profondeur : 16 cm Hauteur : 51 cm Style : Dynastie Qing Mat\u00e9riaux et techniques : Bois d&#8217;orme Lieu d&#8217;origine : Chine P\u00e9riode : D\u00e9but du 20e si\u00e8cle Date de fabrication : Vers 1870 \u00c9tat : Bon. L&#8217;usure correspond \u00e0 [&hellip;]<\/p>\n","protected":false},"featured_media":251353,"template":"","meta":[],"product_brand":[],"product_cat":[639,615],"product_tag":[],"class_list":{"0":"post-251329","1":"product","2":"type-product","3":"status-publish","4":"has-post-thumbnail","6":"product_cat-nouveautes-amaru","7":"product_cat-bancs-anciens","8":"product_shipping_class-extra-large-250-fr","10":"first","11":"instock","12":"taxable","13":"shipping-taxable","14":"purchasable","15":"product-type-simple"},"yoast_head":"<!-- This site is optimized with the Yoast SEO plugin v26.0 - https:\/\/yoast.com\/wordpress\/plugins\/seo\/ -->\n<title>Banc ancien en bois | Banc asiatique | AMARU<\/title>\n<meta name=\"description\" content=\"Banc ancien en bois avec menuiserie traditionnelle (vers 1870). Notre passion est de rechercher sans rel\u00e2che des tr\u00e9sors cach\u00e9s et de leur donner une nouvelle vie.\" \/>\n<meta name=\"robots\" content=\"index, follow, max-snippet:-1, max-image-preview:large, max-video-preview:-1\" \/>\n<link rel=\"canonical\" href=\"https:\/\/amaruoptim.stg.uzero.cat\/fr\/meubles-anciens\/bancs-anciens\/banc-chinois-ancien-avec-assemblage-traditionnel-c-1870-16-am19052-16\/\" \/>\n<meta property=\"og:locale\" content=\"fr_FR\" \/>\n<meta property=\"og:type\" content=\"article\" \/>\n<meta property=\"og:title\" content=\"Banc ancien en bois | Banc asiatique | AMARU\" \/>\n<meta property=\"og:description\" content=\"Banc ancien en bois avec menuiserie traditionnelle (vers 1870). Notre passion est de rechercher sans rel\u00e2che des tr\u00e9sors cach\u00e9s et de leur donner une nouvelle vie.\" \/>\n<meta property=\"og:url\" content=\"https:\/\/amaruoptim.stg.uzero.cat\/fr\/meubles-anciens\/bancs-anciens\/banc-chinois-ancien-avec-assemblage-traditionnel-c-1870-16-am19052-16\/\" \/>\n<meta property=\"og:site_name\" content=\"AMARU\" \/>\n<meta property=\"article:modified_time\" content=\"2025-09-18T11:43:14+00:00\" \/>\n<meta property=\"og:image\" content=\"https:\/\/amaruantiques.com\/wp-content\/uploads\/2025\/09\/AM19052-16-D-.jpg\" \/>\n\t<meta property=\"og:image:width\" content=\"1600\" \/>\n\t<meta property=\"og:image:height\" content=\"1200\" \/>\n\t<meta property=\"og:image:type\" content=\"image\/jpeg\" \/>\n<meta name=\"twitter:card\" content=\"summary_large_image\" \/>\n<meta name=\"twitter:label1\" content=\"Dur\u00e9e de lecture estim\u00e9e\" \/>\n\t<meta name=\"twitter:data1\" content=\"1 minute\" \/>\n<!-- \/ Yoast SEO plugin. -->","yoast_head_json":{"title":"Banc ancien en bois | Banc asiatique | AMARU","description":"Banc ancien en bois avec menuiserie traditionnelle (vers 1870). Notre passion est de rechercher sans rel\u00e2che des tr\u00e9sors cach\u00e9s et de leur donner une nouvelle vie.","robots":{"index":"index","follow":"follow","max-snippet":"max-snippet:-1","max-image-preview":"max-image-preview:large","max-video-preview":"max-video-preview:-1"},"canonical":"https:\/\/amaruoptim.stg.uzero.cat\/fr\/meubles-anciens\/bancs-anciens\/banc-chinois-ancien-avec-assemblage-traditionnel-c-1870-16-am19052-16\/","og_locale":"fr_FR","og_type":"article","og_title":"Banc ancien en bois | Banc asiatique | AMARU","og_description":"Banc ancien en bois avec menuiserie traditionnelle (vers 1870). Notre passion est de rechercher sans rel\u00e2che des tr\u00e9sors cach\u00e9s et de leur donner une nouvelle vie.","og_url":"https:\/\/amaruoptim.stg.uzero.cat\/fr\/meubles-anciens\/bancs-anciens\/banc-chinois-ancien-avec-assemblage-traditionnel-c-1870-16-am19052-16\/","og_site_name":"AMARU","article_modified_time":"2025-09-18T11:43:14+00:00","og_image":[{"width":1600,"height":1200,"url":"https:\/\/amaruantiques.com\/wp-content\/uploads\/2025\/09\/AM19052-16-D-.jpg","type":"image\/jpeg"}],"twitter_card":"summary_large_image","twitter_misc":{"Dur\u00e9e de lecture estim\u00e9e":"1 minute"},"schema":{"@context":"https:\/\/schema.org","@graph":[{"@type":"WebPage","@id":"https:\/\/amaruoptim.stg.uzero.cat\/fr\/meubles-anciens\/bancs-anciens\/banc-chinois-ancien-avec-assemblage-traditionnel-c-1870-16-am19052-16\/","url":"https:\/\/amaruoptim.stg.uzero.cat\/fr\/meubles-anciens\/bancs-anciens\/banc-chinois-ancien-avec-assemblage-traditionnel-c-1870-16-am19052-16\/","name":"Banc ancien en bois | Banc asiatique | AMARU","isPartOf":{"@id":"https:\/\/amaruantiques.com\/#website"},"primaryImageOfPage":{"@id":"https:\/\/amaruoptim.stg.uzero.cat\/fr\/meubles-anciens\/bancs-anciens\/banc-chinois-ancien-avec-assemblage-traditionnel-c-1870-16-am19052-16\/#primaryimage"},"image":{"@id":"https:\/\/amaruoptim.stg.uzero.cat\/fr\/meubles-anciens\/bancs-anciens\/banc-chinois-ancien-avec-assemblage-traditionnel-c-1870-16-am19052-16\/#primaryimage"},"thumbnailUrl":"https:\/\/amaruoptim.stg.uzero.cat\/wp-content\/uploads\/2025\/09\/AM19052-16-D-.jpg","datePublished":"2025-09-15T09:41:10+00:00","dateModified":"2025-09-18T11:43:14+00:00","description":"Banc ancien en bois avec menuiserie traditionnelle (vers 1870). Notre passion est de rechercher sans rel\u00e2che des tr\u00e9sors cach\u00e9s et de leur donner une nouvelle vie.","breadcrumb":{"@id":"https:\/\/amaruoptim.stg.uzero.cat\/fr\/meubles-anciens\/bancs-anciens\/banc-chinois-ancien-avec-assemblage-traditionnel-c-1870-16-am19052-16\/#breadcrumb"},"inLanguage":"fr-FR","potentialAction":[{"@type":"ReadAction","target":["https:\/\/amaruoptim.stg.uzero.cat\/fr\/meubles-anciens\/bancs-anciens\/banc-chinois-ancien-avec-assemblage-traditionnel-c-1870-16-am19052-16\/"]}]},{"@type":"ImageObject","inLanguage":"fr-FR","@id":"https:\/\/amaruoptim.stg.uzero.cat\/fr\/meubles-anciens\/bancs-anciens\/banc-chinois-ancien-avec-assemblage-traditionnel-c-1870-16-am19052-16\/#primaryimage","url":"https:\/\/amaruoptim.stg.uzero.cat\/wp-content\/uploads\/2025\/09\/AM19052-16-D-.jpg","contentUrl":"https:\/\/amaruoptim.stg.uzero.cat\/wp-content\/uploads\/2025\/09\/AM19052-16-D-.jpg","width":1600,"height":1200,"caption":"Banc ancien en bois avec menuiserie traditionnelle (vers 1870)"},{"@type":"BreadcrumbList","@id":"https:\/\/amaruoptim.stg.uzero.cat\/fr\/meubles-anciens\/bancs-anciens\/banc-chinois-ancien-avec-assemblage-traditionnel-c-1870-16-am19052-16\/#breadcrumb","itemListElement":[{"@type":"ListItem","position":1,"name":"Accueil","item":"https:\/\/amaruantiques.com\/fr\/"},{"@type":"ListItem","position":2,"name":"Boutique","item":"https:\/\/amaruantiques.com\/fr\/boutique\/"},{"@type":"ListItem","position":3,"name":"Banc chinois ancien avec assemblage traditionnel (c.1870) #16"}]},{"@type":"WebSite","@id":"https:\/\/amaruantiques.com\/#website","url":"https:\/\/amaruantiques.com\/","name":"AMARU - Timeless Antiques","description":"Timeless antiques","publisher":{"@id":"https:\/\/amaruantiques.com\/#organization"},"potentialAction":[{"@type":"SearchAction","target":{"@type":"EntryPoint","urlTemplate":"https:\/\/amaruantiques.com\/?s={search_term_string}"},"query-input":{"@type":"PropertyValueSpecification","valueRequired":true,"valueName":"search_term_string"}}],"inLanguage":"fr-FR"},{"@type":"Organization","@id":"https:\/\/amaruantiques.com\/#organization","name":"AMARU","url":"https:\/\/amaruantiques.com\/","logo":{"@type":"ImageObject","inLanguage":"fr-FR","@id":"https:\/\/amaruantiques.com\/#\/schema\/logo\/image\/","url":"https:\/\/amaruoptim.stg.uzero.cat\/wp-content\/uploads\/2025\/04\/logo-AMARU.svg","contentUrl":"https:\/\/amaruoptim.stg.uzero.cat\/wp-content\/uploads\/2025\/04\/logo-AMARU.svg","caption":"AMARU"},"image":{"@id":"https:\/\/amaruantiques.com\/#\/schema\/logo\/image\/"}}]}},"_links":{"self":[{"href":"https:\/\/amaruoptim.stg.uzero.cat\/fr\/wp-json\/wp\/v2\/product\/251329","targetHints":{"allow":["GET"]}}],"collection":[{"href":"https:\/\/amaruoptim.stg.uzero.cat\/fr\/wp-json\/wp\/v2\/product"}],"about":[{"href":"https:\/\/amaruoptim.stg.uzero.cat\/fr\/wp-json\/wp\/v2\/types\/product"}],"wp:featuredmedia":[{"embeddable":true,"href":"https:\/\/amaruoptim.stg.uzero.cat\/fr\/wp-json\/wp\/v2\/media\/251353"}],"wp:attachment":[{"href":"https:\/\/amaruoptim.stg.uzero.cat\/fr\/wp-json\/wp\/v2\/media?parent=251329"}],"wp:term":[{"taxonomy":"product_brand","embeddable":true,"href":"https:\/\/amaruoptim.stg.uzero.cat\/fr\/wp-json\/wp\/v2\/product_brand?post=251329"},{"taxonomy":"product_cat","embeddable":true,"href":"https:\/\/amaruoptim.stg.uzero.cat\/fr\/wp-json\/wp\/v2\/product_cat?post=251329"},{"taxonomy":"product_tag","embeddable":true,"href":"https:\/\/amaruoptim.stg.uzero.cat\/fr\/wp-json\/wp\/v2\/product_tag?post=251329"}],"curies":[{"name":"wp","href":"https:\/\/api.w.org\/{rel}","templated":true}]}}