{"id":250732,"date":"2025-09-12T15:42:11","date_gmt":"2025-09-12T13:42:11","guid":{"rendered":"https:\/\/amaruantiques.com\/?post_type=product&#038;p=250732"},"modified":"2025-09-19T13:13:54","modified_gmt":"2025-09-19T11:13:54","slug":"escalier-decoratif-ancien-en-bois-massif-c-1920-4-am26008-4","status":"publish","type":"product","link":"https:\/\/amaruoptim.stg.uzero.cat\/fr\/meubles-anciens\/objets-anciens\/escalier-decoratif-ancien-en-bois-massif-c-1920-4-am26008-4\/","title":{"rendered":"Escalier d\u00e9coratif ancien en bois massif (c.1920) #4"},"content":{"rendered":"<p><strong>Escalier d\u00e9coratif ancien en bois massif<\/strong> (c.1920)<\/p>\n<ul>\n<li><b>Dimensions: <\/b>Longueur : 48 cm Profondeur : 9 Hauteur : 175 cm<\/li>\n<li><b>Style :<\/b> Rustique<\/li>\n<li><b>Mat\u00e9riaux et techniques :<\/b> Bois de pin<\/li>\n<li><b>Lieu d&#8217;origine :<\/b> Europe centrale<\/li>\n<li><b>P\u00e9riode :<\/b> D\u00e9but du 20e si\u00e8cle<\/li>\n<li><b>Date de fabrication :<\/b> Vers 1900<\/li>\n<li><b>\u00c9tat :<\/b> Bon. L&#8217;usure correspond \u00e0 l&#8217;\u00e2ge et \u00e0 l&#8217;utilisation.<\/li>\n<\/ul>\n<p>Il est en excellent \u00e9tat de conservation, \u00e0 l&#8217;exception des imperfections caract\u00e9ristiques de toute antiquit\u00e9, dues au passage du temps.<\/p>\n<p>Ajoutez une touche d&#8217;originalit\u00e9 \u00e0 votre int\u00e9rieur avec une pi\u00e8ce unique qui s&#8217;int\u00e8gre dans le style contemporain et donne de la personnalit\u00e9 \u00e0 votre int\u00e9rieur. Cet escalier d\u00e9coratif ancien peut \u00eatre combin\u00e9 avec l&#8217;une de nos<a href=\"https:\/\/amaruantiques.com\/fr\/categorie-de-produit\/consoles-anciennes\/\"> tables consoles<\/a> ou avec nos<a href=\"https:\/\/amaruantiques.com\/fr\/categorie-de-produit\/bols-en-bois-anciens\/\"> bols en bois anciens<\/a> disponibles.<\/p>\n<p><em>PI\u00c8CE UNIQUE<\/em><\/p>\n","protected":false},"excerpt":{"rendered":"<p>Escalier d\u00e9coratif ancien en bois massif (c.1920) Dimensions: Longueur : 48 cm Profondeur : 9 Hauteur : 175 cm Style : Rustique Mat\u00e9riaux et techniques : Bois de pin Lieu d&#8217;origine : Europe centrale P\u00e9riode : D\u00e9but du 20e si\u00e8cle Date de fabrication : Vers 1900 \u00c9tat : Bon. L&#8217;usure correspond \u00e0 l&#8217;\u00e2ge et \u00e0 [&hellip;]<\/p>\n","protected":false},"featured_media":250750,"template":"","meta":[],"product_brand":[],"product_cat":[639,638,628,613],"product_tag":[],"class_list":{"0":"post-250732","1":"product","2":"type-product","3":"status-publish","4":"has-post-thumbnail","6":"product_cat-nouveautes-amaru","7":"product_cat-autres-objets-et-artefacts-anciens","8":"product_cat-accessoires-de-jardin-anciens","9":"product_cat-objets-anciens","10":"product_shipping_class-gran-cargo-400-fr","11":"pa_estilo-style-rustique","13":"first","14":"instock","15":"taxable","16":"shipping-taxable","17":"purchasable","18":"product-type-simple"},"yoast_head":"<!-- This site is optimized with the Yoast SEO plugin v26.0 - https:\/\/yoast.com\/wordpress\/plugins\/seo\/ -->\n<title>Escalier d\u00e9coratif ancien | Escalier en bois | AMARU<\/title>\n<meta name=\"description\" content=\"Escalier d\u00e9coratif ancien en bois massif (vers 1920). Nous sommes passionn\u00e9s par la restauration de la beaut\u00e9 des pi\u00e8ces antiques uniques, en sauvant leur essence intemporelle.\" \/>\n<meta name=\"robots\" content=\"index, follow, max-snippet:-1, max-image-preview:large, max-video-preview:-1\" \/>\n<link rel=\"canonical\" href=\"https:\/\/amaruoptim.stg.uzero.cat\/fr\/meubles-anciens\/objets-anciens\/escalier-decoratif-ancien-en-bois-massif-c-1920-4-am26008-4\/\" \/>\n<meta property=\"og:locale\" content=\"fr_FR\" \/>\n<meta property=\"og:type\" content=\"article\" \/>\n<meta property=\"og:title\" content=\"Escalier d\u00e9coratif ancien | Escalier en bois | AMARU\" \/>\n<meta property=\"og:description\" content=\"Escalier d\u00e9coratif ancien en bois massif (vers 1920). Nous sommes passionn\u00e9s par la restauration de la beaut\u00e9 des pi\u00e8ces antiques uniques, en sauvant leur essence intemporelle.\" \/>\n<meta property=\"og:url\" content=\"https:\/\/amaruoptim.stg.uzero.cat\/fr\/meubles-anciens\/objets-anciens\/escalier-decoratif-ancien-en-bois-massif-c-1920-4-am26008-4\/\" \/>\n<meta property=\"og:site_name\" content=\"AMARU\" \/>\n<meta property=\"article:modified_time\" content=\"2025-09-19T11:13:54+00:00\" \/>\n<meta property=\"og:image\" content=\"https:\/\/amaruantiques.com\/wp-content\/uploads\/2025\/09\/AM26008-4-D-.jpg\" \/>\n\t<meta property=\"og:image:width\" content=\"1600\" \/>\n\t<meta property=\"og:image:height\" content=\"1600\" \/>\n\t<meta property=\"og:image:type\" content=\"image\/jpeg\" \/>\n<meta name=\"twitter:card\" content=\"summary_large_image\" \/>\n<meta name=\"twitter:label1\" content=\"Dur\u00e9e de lecture estim\u00e9e\" \/>\n\t<meta name=\"twitter:data1\" content=\"1 minute\" \/>\n<!-- \/ Yoast SEO plugin. -->","yoast_head_json":{"title":"Escalier d\u00e9coratif ancien | Escalier en bois | AMARU","description":"Escalier d\u00e9coratif ancien en bois massif (vers 1920). Nous sommes passionn\u00e9s par la restauration de la beaut\u00e9 des pi\u00e8ces antiques uniques, en sauvant leur essence intemporelle.","robots":{"index":"index","follow":"follow","max-snippet":"max-snippet:-1","max-image-preview":"max-image-preview:large","max-video-preview":"max-video-preview:-1"},"canonical":"https:\/\/amaruoptim.stg.uzero.cat\/fr\/meubles-anciens\/objets-anciens\/escalier-decoratif-ancien-en-bois-massif-c-1920-4-am26008-4\/","og_locale":"fr_FR","og_type":"article","og_title":"Escalier d\u00e9coratif ancien | Escalier en bois | AMARU","og_description":"Escalier d\u00e9coratif ancien en bois massif (vers 1920). Nous sommes passionn\u00e9s par la restauration de la beaut\u00e9 des pi\u00e8ces antiques uniques, en sauvant leur essence intemporelle.","og_url":"https:\/\/amaruoptim.stg.uzero.cat\/fr\/meubles-anciens\/objets-anciens\/escalier-decoratif-ancien-en-bois-massif-c-1920-4-am26008-4\/","og_site_name":"AMARU","article_modified_time":"2025-09-19T11:13:54+00:00","og_image":[{"width":1600,"height":1600,"url":"https:\/\/amaruantiques.com\/wp-content\/uploads\/2025\/09\/AM26008-4-D-.jpg","type":"image\/jpeg"}],"twitter_card":"summary_large_image","twitter_misc":{"Dur\u00e9e de lecture estim\u00e9e":"1 minute"},"schema":{"@context":"https:\/\/schema.org","@graph":[{"@type":"WebPage","@id":"https:\/\/amaruoptim.stg.uzero.cat\/fr\/meubles-anciens\/objets-anciens\/escalier-decoratif-ancien-en-bois-massif-c-1920-4-am26008-4\/","url":"https:\/\/amaruoptim.stg.uzero.cat\/fr\/meubles-anciens\/objets-anciens\/escalier-decoratif-ancien-en-bois-massif-c-1920-4-am26008-4\/","name":"Escalier d\u00e9coratif ancien | Escalier en bois | AMARU","isPartOf":{"@id":"https:\/\/amaruantiques.com\/#website"},"primaryImageOfPage":{"@id":"https:\/\/amaruoptim.stg.uzero.cat\/fr\/meubles-anciens\/objets-anciens\/escalier-decoratif-ancien-en-bois-massif-c-1920-4-am26008-4\/#primaryimage"},"image":{"@id":"https:\/\/amaruoptim.stg.uzero.cat\/fr\/meubles-anciens\/objets-anciens\/escalier-decoratif-ancien-en-bois-massif-c-1920-4-am26008-4\/#primaryimage"},"thumbnailUrl":"https:\/\/amaruoptim.stg.uzero.cat\/wp-content\/uploads\/2025\/09\/AM26008-4-D-.jpg","datePublished":"2025-09-12T13:42:11+00:00","dateModified":"2025-09-19T11:13:54+00:00","description":"Escalier d\u00e9coratif ancien en bois massif (vers 1920). Nous sommes passionn\u00e9s par la restauration de la beaut\u00e9 des pi\u00e8ces antiques uniques, en sauvant leur essence intemporelle.","breadcrumb":{"@id":"https:\/\/amaruoptim.stg.uzero.cat\/fr\/meubles-anciens\/objets-anciens\/escalier-decoratif-ancien-en-bois-massif-c-1920-4-am26008-4\/#breadcrumb"},"inLanguage":"fr-FR","potentialAction":[{"@type":"ReadAction","target":["https:\/\/amaruoptim.stg.uzero.cat\/fr\/meubles-anciens\/objets-anciens\/escalier-decoratif-ancien-en-bois-massif-c-1920-4-am26008-4\/"]}]},{"@type":"ImageObject","inLanguage":"fr-FR","@id":"https:\/\/amaruoptim.stg.uzero.cat\/fr\/meubles-anciens\/objets-anciens\/escalier-decoratif-ancien-en-bois-massif-c-1920-4-am26008-4\/#primaryimage","url":"https:\/\/amaruoptim.stg.uzero.cat\/wp-content\/uploads\/2025\/09\/AM26008-4-D-.jpg","contentUrl":"https:\/\/amaruoptim.stg.uzero.cat\/wp-content\/uploads\/2025\/09\/AM26008-4-D-.jpg","width":1600,"height":1600,"caption":"Escalier d\u00e9coratif ancien en bois massif (c.1920) #4"},{"@type":"BreadcrumbList","@id":"https:\/\/amaruoptim.stg.uzero.cat\/fr\/meubles-anciens\/objets-anciens\/escalier-decoratif-ancien-en-bois-massif-c-1920-4-am26008-4\/#breadcrumb","itemListElement":[{"@type":"ListItem","position":1,"name":"Accueil","item":"https:\/\/amaruantiques.com\/fr\/"},{"@type":"ListItem","position":2,"name":"Boutique","item":"https:\/\/amaruantiques.com\/fr\/boutique\/"},{"@type":"ListItem","position":3,"name":"Escalier d\u00e9coratif ancien en bois massif (c.1920) #4"}]},{"@type":"WebSite","@id":"https:\/\/amaruantiques.com\/#website","url":"https:\/\/amaruantiques.com\/","name":"AMARU - Timeless Antiques","description":"Timeless antiques","publisher":{"@id":"https:\/\/amaruantiques.com\/#organization"},"potentialAction":[{"@type":"SearchAction","target":{"@type":"EntryPoint","urlTemplate":"https:\/\/amaruantiques.com\/?s={search_term_string}"},"query-input":{"@type":"PropertyValueSpecification","valueRequired":true,"valueName":"search_term_string"}}],"inLanguage":"fr-FR"},{"@type":"Organization","@id":"https:\/\/amaruantiques.com\/#organization","name":"AMARU","url":"https:\/\/amaruantiques.com\/","logo":{"@type":"ImageObject","inLanguage":"fr-FR","@id":"https:\/\/amaruantiques.com\/#\/schema\/logo\/image\/","url":"https:\/\/amaruoptim.stg.uzero.cat\/wp-content\/uploads\/2025\/04\/logo-AMARU.svg","contentUrl":"https:\/\/amaruoptim.stg.uzero.cat\/wp-content\/uploads\/2025\/04\/logo-AMARU.svg","caption":"AMARU"},"image":{"@id":"https:\/\/amaruantiques.com\/#\/schema\/logo\/image\/"}}]}},"_links":{"self":[{"href":"https:\/\/amaruoptim.stg.uzero.cat\/fr\/wp-json\/wp\/v2\/product\/250732","targetHints":{"allow":["GET"]}}],"collection":[{"href":"https:\/\/amaruoptim.stg.uzero.cat\/fr\/wp-json\/wp\/v2\/product"}],"about":[{"href":"https:\/\/amaruoptim.stg.uzero.cat\/fr\/wp-json\/wp\/v2\/types\/product"}],"wp:featuredmedia":[{"embeddable":true,"href":"https:\/\/amaruoptim.stg.uzero.cat\/fr\/wp-json\/wp\/v2\/media\/250750"}],"wp:attachment":[{"href":"https:\/\/amaruoptim.stg.uzero.cat\/fr\/wp-json\/wp\/v2\/media?parent=250732"}],"wp:term":[{"taxonomy":"product_brand","embeddable":true,"href":"https:\/\/amaruoptim.stg.uzero.cat\/fr\/wp-json\/wp\/v2\/product_brand?post=250732"},{"taxonomy":"product_cat","embeddable":true,"href":"https:\/\/amaruoptim.stg.uzero.cat\/fr\/wp-json\/wp\/v2\/product_cat?post=250732"},{"taxonomy":"product_tag","embeddable":true,"href":"https:\/\/amaruoptim.stg.uzero.cat\/fr\/wp-json\/wp\/v2\/product_tag?post=250732"}],"curies":[{"name":"wp","href":"https:\/\/api.w.org\/{rel}","templated":true}]}}