{"id":250483,"date":"2025-09-12T13:15:19","date_gmt":"2025-09-12T11:15:19","guid":{"rendered":"https:\/\/amaruantiques.com\/?post_type=product&#038;p=250483"},"modified":"2025-09-18T13:03:20","modified_gmt":"2025-09-18T11:03:20","slug":"tabouret-rond-vintage-c-1950-3-am25023-3","status":"publish","type":"product","link":"https:\/\/amaruoptim.stg.uzero.cat\/fr\/meubles-anciens\/tabourets-anciens\/tabouret-rond-vintage-c-1950-3-am25023-3\/","title":{"rendered":"Tabouret rond vintage (c.1950) #3"},"content":{"rendered":"<p><strong>Tabouret rond vintage<\/strong> (c.1950)<\/p>\n<ul>\n<li><b>Dimensions :<\/b> Diam\u00e8tre : 31 cm Hauteur : 49 cm<\/li>\n<li><b>Style :<\/b> Industriel<\/li>\n<li><b>Mat\u00e9riaux et techniques :<\/b> Fer<\/li>\n<li><b>Lieu d&#8217;origine :<\/b> Europe centrale<\/li>\n<li><b>\u00c9poque :<\/b> milieu du 20e si\u00e8cle<\/li>\n<li><b>Date de fabrication :<\/b> Vers 1950<\/li>\n<li><b>\u00c9tat :<\/b> Bon. L&#8217;usure correspond \u00e0 l&#8217;\u00e2ge et \u00e0 l&#8217;utilisation.<\/li>\n<\/ul>\n<p>Il est en excellent \u00e9tat de conservation, \u00e0 l&#8217;exception des imperfections caract\u00e9ristiques de toute antiquit\u00e9, dues au passage du temps.<\/p>\n<p>Donnez une touche d&#8217;originalit\u00e9 \u00e0 votre int\u00e9rieur avec une pi\u00e8ce unique qui se marie avec le style contemporain en apportant de la personnalit\u00e9 \u00e0 votre int\u00e9rieur. Ce tabouret rond vintage peut \u00eatre combin\u00e9 avec l&#8217;une de nos <a href=\"https:\/\/amaruantiques.com\/fr\/categorie-de-produit\/tables-de-jardin-et-de-terrasse-anciennes\/\">tables de jardin<\/a> ou avec nos <a href=\"https:\/\/amaruantiques.com\/fr\/categorie-de-produit\/tonneaux-anciens\/\">tonneaux et f\u00fbts anciens<\/a> disponibles.<\/p>\n<p><em>PI\u00c8CE UNIQUE<\/em><\/p>\n","protected":false},"excerpt":{"rendered":"<p>Tabouret rond vintage (c.1950) Dimensions : Diam\u00e8tre : 31 cm Hauteur : 49 cm Style : Industriel Mat\u00e9riaux et techniques : Fer Lieu d&#8217;origine : Europe centrale \u00c9poque : milieu du 20e si\u00e8cle Date de fabrication : Vers 1950 \u00c9tat : Bon. L&#8217;usure correspond \u00e0 l&#8217;\u00e2ge et \u00e0 l&#8217;utilisation. Il est en excellent \u00e9tat de [&hellip;]<\/p>\n","protected":false},"featured_media":250495,"template":"","meta":[],"product_brand":[],"product_cat":[639,614],"product_tag":[],"class_list":{"0":"post-250483","1":"product","2":"type-product","3":"status-publish","4":"has-post-thumbnail","6":"product_cat-nouveautes-amaru","7":"product_cat-tabourets-anciens","8":"product_shipping_class-medium-100-fr","10":"first","11":"instock","12":"taxable","13":"shipping-taxable","14":"purchasable","15":"product-type-simple"},"yoast_head":"<!-- This site is optimized with the Yoast SEO plugin v26.0 - https:\/\/yoast.com\/wordpress\/plugins\/seo\/ -->\n<title>Tabouret rond vintage | Tabouret industriel | AMARU<\/title>\n<meta name=\"description\" content=\"Tabouret rond vintage (c.1950). Pi\u00e8ce unique en parfait \u00e9tat. Visitez notre site et d\u00e9couvrez notre belle s\u00e9lection de bancs anciens.\" \/>\n<meta name=\"robots\" content=\"index, follow, max-snippet:-1, max-image-preview:large, max-video-preview:-1\" \/>\n<link rel=\"canonical\" href=\"https:\/\/amaruoptim.stg.uzero.cat\/fr\/meubles-anciens\/tabourets-anciens\/tabouret-rond-vintage-c-1950-3-am25023-3\/\" \/>\n<meta property=\"og:locale\" content=\"fr_FR\" \/>\n<meta property=\"og:type\" content=\"article\" \/>\n<meta property=\"og:title\" content=\"Tabouret rond vintage | Tabouret industriel | AMARU\" \/>\n<meta property=\"og:description\" content=\"Tabouret rond vintage (c.1950). Pi\u00e8ce unique en parfait \u00e9tat. Visitez notre site et d\u00e9couvrez notre belle s\u00e9lection de bancs anciens.\" \/>\n<meta property=\"og:url\" content=\"https:\/\/amaruoptim.stg.uzero.cat\/fr\/meubles-anciens\/tabourets-anciens\/tabouret-rond-vintage-c-1950-3-am25023-3\/\" \/>\n<meta property=\"og:site_name\" content=\"AMARU\" \/>\n<meta property=\"article:modified_time\" content=\"2025-09-18T11:03:20+00:00\" \/>\n<meta property=\"og:image\" content=\"https:\/\/amaruantiques.com\/wp-content\/uploads\/2025\/09\/AM25023-3-D-4.jpg\" \/>\n\t<meta property=\"og:image:width\" content=\"1600\" \/>\n\t<meta property=\"og:image:height\" content=\"1600\" \/>\n\t<meta property=\"og:image:type\" content=\"image\/jpeg\" \/>\n<meta name=\"twitter:card\" content=\"summary_large_image\" \/>\n<meta name=\"twitter:label1\" content=\"Dur\u00e9e de lecture estim\u00e9e\" \/>\n\t<meta name=\"twitter:data1\" content=\"1 minute\" \/>\n<!-- \/ Yoast SEO plugin. -->","yoast_head_json":{"title":"Tabouret rond vintage | Tabouret industriel | AMARU","description":"Tabouret rond vintage (c.1950). Pi\u00e8ce unique en parfait \u00e9tat. Visitez notre site et d\u00e9couvrez notre belle s\u00e9lection de bancs anciens.","robots":{"index":"index","follow":"follow","max-snippet":"max-snippet:-1","max-image-preview":"max-image-preview:large","max-video-preview":"max-video-preview:-1"},"canonical":"https:\/\/amaruoptim.stg.uzero.cat\/fr\/meubles-anciens\/tabourets-anciens\/tabouret-rond-vintage-c-1950-3-am25023-3\/","og_locale":"fr_FR","og_type":"article","og_title":"Tabouret rond vintage | Tabouret industriel | AMARU","og_description":"Tabouret rond vintage (c.1950). Pi\u00e8ce unique en parfait \u00e9tat. Visitez notre site et d\u00e9couvrez notre belle s\u00e9lection de bancs anciens.","og_url":"https:\/\/amaruoptim.stg.uzero.cat\/fr\/meubles-anciens\/tabourets-anciens\/tabouret-rond-vintage-c-1950-3-am25023-3\/","og_site_name":"AMARU","article_modified_time":"2025-09-18T11:03:20+00:00","og_image":[{"width":1600,"height":1600,"url":"https:\/\/amaruantiques.com\/wp-content\/uploads\/2025\/09\/AM25023-3-D-4.jpg","type":"image\/jpeg"}],"twitter_card":"summary_large_image","twitter_misc":{"Dur\u00e9e de lecture estim\u00e9e":"1 minute"},"schema":{"@context":"https:\/\/schema.org","@graph":[{"@type":"WebPage","@id":"https:\/\/amaruoptim.stg.uzero.cat\/fr\/meubles-anciens\/tabourets-anciens\/tabouret-rond-vintage-c-1950-3-am25023-3\/","url":"https:\/\/amaruoptim.stg.uzero.cat\/fr\/meubles-anciens\/tabourets-anciens\/tabouret-rond-vintage-c-1950-3-am25023-3\/","name":"Tabouret rond vintage | Tabouret industriel | AMARU","isPartOf":{"@id":"https:\/\/amaruantiques.com\/#website"},"primaryImageOfPage":{"@id":"https:\/\/amaruoptim.stg.uzero.cat\/fr\/meubles-anciens\/tabourets-anciens\/tabouret-rond-vintage-c-1950-3-am25023-3\/#primaryimage"},"image":{"@id":"https:\/\/amaruoptim.stg.uzero.cat\/fr\/meubles-anciens\/tabourets-anciens\/tabouret-rond-vintage-c-1950-3-am25023-3\/#primaryimage"},"thumbnailUrl":"https:\/\/amaruoptim.stg.uzero.cat\/wp-content\/uploads\/2025\/09\/AM25023-3-D-4.jpg","datePublished":"2025-09-12T11:15:19+00:00","dateModified":"2025-09-18T11:03:20+00:00","description":"Tabouret rond vintage (c.1950). Pi\u00e8ce unique en parfait \u00e9tat. Visitez notre site et d\u00e9couvrez notre belle s\u00e9lection de bancs anciens.","breadcrumb":{"@id":"https:\/\/amaruoptim.stg.uzero.cat\/fr\/meubles-anciens\/tabourets-anciens\/tabouret-rond-vintage-c-1950-3-am25023-3\/#breadcrumb"},"inLanguage":"fr-FR","potentialAction":[{"@type":"ReadAction","target":["https:\/\/amaruoptim.stg.uzero.cat\/fr\/meubles-anciens\/tabourets-anciens\/tabouret-rond-vintage-c-1950-3-am25023-3\/"]}]},{"@type":"ImageObject","inLanguage":"fr-FR","@id":"https:\/\/amaruoptim.stg.uzero.cat\/fr\/meubles-anciens\/tabourets-anciens\/tabouret-rond-vintage-c-1950-3-am25023-3\/#primaryimage","url":"https:\/\/amaruoptim.stg.uzero.cat\/wp-content\/uploads\/2025\/09\/AM25023-3-D-4.jpg","contentUrl":"https:\/\/amaruoptim.stg.uzero.cat\/wp-content\/uploads\/2025\/09\/AM25023-3-D-4.jpg","width":1600,"height":1600,"caption":"Tabouret rond vintage (c.1950) #3"},{"@type":"BreadcrumbList","@id":"https:\/\/amaruoptim.stg.uzero.cat\/fr\/meubles-anciens\/tabourets-anciens\/tabouret-rond-vintage-c-1950-3-am25023-3\/#breadcrumb","itemListElement":[{"@type":"ListItem","position":1,"name":"Accueil","item":"https:\/\/amaruantiques.com\/fr\/"},{"@type":"ListItem","position":2,"name":"Boutique","item":"https:\/\/amaruantiques.com\/fr\/boutique\/"},{"@type":"ListItem","position":3,"name":"Tabouret rond vintage (c.1950) #3"}]},{"@type":"WebSite","@id":"https:\/\/amaruantiques.com\/#website","url":"https:\/\/amaruantiques.com\/","name":"AMARU - Timeless Antiques","description":"Timeless antiques","publisher":{"@id":"https:\/\/amaruantiques.com\/#organization"},"potentialAction":[{"@type":"SearchAction","target":{"@type":"EntryPoint","urlTemplate":"https:\/\/amaruantiques.com\/?s={search_term_string}"},"query-input":{"@type":"PropertyValueSpecification","valueRequired":true,"valueName":"search_term_string"}}],"inLanguage":"fr-FR"},{"@type":"Organization","@id":"https:\/\/amaruantiques.com\/#organization","name":"AMARU","url":"https:\/\/amaruantiques.com\/","logo":{"@type":"ImageObject","inLanguage":"fr-FR","@id":"https:\/\/amaruantiques.com\/#\/schema\/logo\/image\/","url":"https:\/\/amaruoptim.stg.uzero.cat\/wp-content\/uploads\/2025\/04\/logo-AMARU.svg","contentUrl":"https:\/\/amaruoptim.stg.uzero.cat\/wp-content\/uploads\/2025\/04\/logo-AMARU.svg","caption":"AMARU"},"image":{"@id":"https:\/\/amaruantiques.com\/#\/schema\/logo\/image\/"}}]}},"_links":{"self":[{"href":"https:\/\/amaruoptim.stg.uzero.cat\/fr\/wp-json\/wp\/v2\/product\/250483","targetHints":{"allow":["GET"]}}],"collection":[{"href":"https:\/\/amaruoptim.stg.uzero.cat\/fr\/wp-json\/wp\/v2\/product"}],"about":[{"href":"https:\/\/amaruoptim.stg.uzero.cat\/fr\/wp-json\/wp\/v2\/types\/product"}],"wp:featuredmedia":[{"embeddable":true,"href":"https:\/\/amaruoptim.stg.uzero.cat\/fr\/wp-json\/wp\/v2\/media\/250495"}],"wp:attachment":[{"href":"https:\/\/amaruoptim.stg.uzero.cat\/fr\/wp-json\/wp\/v2\/media?parent=250483"}],"wp:term":[{"taxonomy":"product_brand","embeddable":true,"href":"https:\/\/amaruoptim.stg.uzero.cat\/fr\/wp-json\/wp\/v2\/product_brand?post=250483"},{"taxonomy":"product_cat","embeddable":true,"href":"https:\/\/amaruoptim.stg.uzero.cat\/fr\/wp-json\/wp\/v2\/product_cat?post=250483"},{"taxonomy":"product_tag","embeddable":true,"href":"https:\/\/amaruoptim.stg.uzero.cat\/fr\/wp-json\/wp\/v2\/product_tag?post=250483"}],"curies":[{"name":"wp","href":"https:\/\/api.w.org\/{rel}","templated":true}]}}