{"id":250375,"date":"2025-09-12T12:12:36","date_gmt":"2025-09-12T10:12:36","guid":{"rendered":"https:\/\/amaruantiques.com\/?post_type=product&#038;p=250375"},"modified":"2025-09-18T12:24:13","modified_gmt":"2025-09-18T10:24:13","slug":"table-pliante-dexterieur-ancienne-c-1920-30-am25030","status":"publish","type":"product","link":"https:\/\/amaruoptim.stg.uzero.cat\/fr\/meubles-anciens\/tables-de-jardin-et-de-terrasse-anciennes\/table-pliante-dexterieur-ancienne-c-1920-30-am25030\/","title":{"rendered":"Table pliante d&#8217;ext\u00e9rieur ancienne (c.1920) #30"},"content":{"rendered":"<p><strong>Ancienne table pliante d&#8217;ext\u00e9rieur<\/strong> (c.1920)<\/p>\n<ul>\n<li><strong>Dimensions :<\/strong> Longueur : 111 cm Profondeur : 70 cm Hauteur : 72 cm<\/li>\n<li><strong>Style :<\/strong> Rustique<\/li>\n<li><strong>Mat\u00e9riaux et techniques :<\/strong> Bois de pin, fer<\/li>\n<li><strong>Lieu d&#8217;origine :<\/strong> Europe centrale<\/li>\n<li><strong>P\u00e9riode :<\/strong> D\u00e9but du 20e si\u00e8cle<\/li>\n<li><strong>Date de fabrication :<\/strong> Vers 1920<\/li>\n<li><strong>\u00c9tat :<\/strong> Bon. L&#8217;usure correspond \u00e0 l&#8217;\u00e2ge et \u00e0 l&#8217;utilisation.<\/li>\n<\/ul>\n<p>Il est en excellent \u00e9tat de conservation, \u00e0 l&#8217;exception des imperfections caract\u00e9ristiques de toute antiquit\u00e9, dues au passage du temps.<\/p>\n<p>Ajoutez une touche d&#8217;originalit\u00e9 \u00e0 votre int\u00e9rieur avec cette pi\u00e8ce unique, qui se fond dans le style contemporain et donne de la personnalit\u00e9 \u00e0 votre int\u00e9rieur. Cette table pliante ancienne peut \u00eatre combin\u00e9e avec l&#8217;une de nos <a href=\"https:\/\/amaruantiques.com\/fr\/categorie-de-produit\/planches-a-decouper-anciennes\/\">planches \u00e0 d\u00e9couper<\/a> ou avec les <a href=\"https:\/\/amaruantiques.com\/fr\/categorie-de-produit\/bancs-anciens\/\">bancs anciens<\/a> disponibles.<\/p>\n<p><em>PI\u00c8CE UNIQUE<\/em><\/p>\n","protected":false},"excerpt":{"rendered":"<p>Ancienne table pliante d&#8217;ext\u00e9rieur (c.1920) Dimensions : Longueur : 111 cm Profondeur : 70 cm Hauteur : 72 cm Style : Rustique Mat\u00e9riaux et techniques : Bois de pin, fer Lieu d&#8217;origine : Europe centrale P\u00e9riode : D\u00e9but du 20e si\u00e8cle Date de fabrication : Vers 1920 \u00c9tat : Bon. L&#8217;usure correspond \u00e0 l&#8217;\u00e2ge et [&hellip;]<\/p>\n","protected":false},"featured_media":250396,"template":"","meta":[],"product_brand":[],"product_cat":[639,626,631],"product_tag":[],"class_list":{"0":"post-250375","1":"product","2":"type-product","3":"status-publish","4":"has-post-thumbnail","6":"product_cat-nouveautes-amaru","7":"product_cat-tables-de-jardin-et-de-terrasse-anciennes","8":"product_cat-ilots-de-cuisine-anciennes","9":"product_shipping_class-extra-large-250-fr","11":"first","12":"instock","13":"taxable","14":"shipping-taxable","15":"purchasable","16":"product-type-simple"},"yoast_head":"<!-- This site is optimized with the Yoast SEO plugin v26.0 - https:\/\/yoast.com\/wordpress\/plugins\/seo\/ -->\n<title>Table pliante ancienne | Table d&#039;ext\u00e9rieur | AMARU<\/title>\n<meta name=\"description\" content=\"Table pliante d&#039;ext\u00e9rieur ancienne (vers 1920). Notre passion est de rechercher sans rel\u00e2che des tr\u00e9sors cach\u00e9s et de leur donner une nouvelle vie.\" \/>\n<meta name=\"robots\" content=\"index, follow, max-snippet:-1, max-image-preview:large, max-video-preview:-1\" \/>\n<link rel=\"canonical\" href=\"https:\/\/amaruoptim.stg.uzero.cat\/fr\/meubles-anciens\/tables-de-jardin-et-de-terrasse-anciennes\/table-pliante-dexterieur-ancienne-c-1920-30-am25030\/\" \/>\n<meta property=\"og:locale\" content=\"fr_FR\" \/>\n<meta property=\"og:type\" content=\"article\" \/>\n<meta property=\"og:title\" content=\"Table pliante ancienne | Table d&#039;ext\u00e9rieur | AMARU\" \/>\n<meta property=\"og:description\" content=\"Table pliante d&#039;ext\u00e9rieur ancienne (vers 1920). Notre passion est de rechercher sans rel\u00e2che des tr\u00e9sors cach\u00e9s et de leur donner une nouvelle vie.\" \/>\n<meta property=\"og:url\" content=\"https:\/\/amaruoptim.stg.uzero.cat\/fr\/meubles-anciens\/tables-de-jardin-et-de-terrasse-anciennes\/table-pliante-dexterieur-ancienne-c-1920-30-am25030\/\" \/>\n<meta property=\"og:site_name\" content=\"AMARU\" \/>\n<meta property=\"article:modified_time\" content=\"2025-09-18T10:24:13+00:00\" \/>\n<meta property=\"og:image\" content=\"https:\/\/amaruantiques.com\/wp-content\/uploads\/2025\/09\/AM25030-D-.jpg\" \/>\n\t<meta property=\"og:image:width\" content=\"1600\" \/>\n\t<meta property=\"og:image:height\" content=\"1600\" \/>\n\t<meta property=\"og:image:type\" content=\"image\/jpeg\" \/>\n<meta name=\"twitter:card\" content=\"summary_large_image\" \/>\n<meta name=\"twitter:label1\" content=\"Dur\u00e9e de lecture estim\u00e9e\" \/>\n\t<meta name=\"twitter:data1\" content=\"1 minute\" \/>\n<!-- \/ Yoast SEO plugin. -->","yoast_head_json":{"title":"Table pliante ancienne | Table d'ext\u00e9rieur | AMARU","description":"Table pliante d'ext\u00e9rieur ancienne (vers 1920). Notre passion est de rechercher sans rel\u00e2che des tr\u00e9sors cach\u00e9s et de leur donner une nouvelle vie.","robots":{"index":"index","follow":"follow","max-snippet":"max-snippet:-1","max-image-preview":"max-image-preview:large","max-video-preview":"max-video-preview:-1"},"canonical":"https:\/\/amaruoptim.stg.uzero.cat\/fr\/meubles-anciens\/tables-de-jardin-et-de-terrasse-anciennes\/table-pliante-dexterieur-ancienne-c-1920-30-am25030\/","og_locale":"fr_FR","og_type":"article","og_title":"Table pliante ancienne | Table d'ext\u00e9rieur | AMARU","og_description":"Table pliante d'ext\u00e9rieur ancienne (vers 1920). Notre passion est de rechercher sans rel\u00e2che des tr\u00e9sors cach\u00e9s et de leur donner une nouvelle vie.","og_url":"https:\/\/amaruoptim.stg.uzero.cat\/fr\/meubles-anciens\/tables-de-jardin-et-de-terrasse-anciennes\/table-pliante-dexterieur-ancienne-c-1920-30-am25030\/","og_site_name":"AMARU","article_modified_time":"2025-09-18T10:24:13+00:00","og_image":[{"width":1600,"height":1600,"url":"https:\/\/amaruantiques.com\/wp-content\/uploads\/2025\/09\/AM25030-D-.jpg","type":"image\/jpeg"}],"twitter_card":"summary_large_image","twitter_misc":{"Dur\u00e9e de lecture estim\u00e9e":"1 minute"},"schema":{"@context":"https:\/\/schema.org","@graph":[{"@type":"WebPage","@id":"https:\/\/amaruoptim.stg.uzero.cat\/fr\/meubles-anciens\/tables-de-jardin-et-de-terrasse-anciennes\/table-pliante-dexterieur-ancienne-c-1920-30-am25030\/","url":"https:\/\/amaruoptim.stg.uzero.cat\/fr\/meubles-anciens\/tables-de-jardin-et-de-terrasse-anciennes\/table-pliante-dexterieur-ancienne-c-1920-30-am25030\/","name":"Table pliante ancienne | Table d'ext\u00e9rieur | AMARU","isPartOf":{"@id":"https:\/\/amaruantiques.com\/#website"},"primaryImageOfPage":{"@id":"https:\/\/amaruoptim.stg.uzero.cat\/fr\/meubles-anciens\/tables-de-jardin-et-de-terrasse-anciennes\/table-pliante-dexterieur-ancienne-c-1920-30-am25030\/#primaryimage"},"image":{"@id":"https:\/\/amaruoptim.stg.uzero.cat\/fr\/meubles-anciens\/tables-de-jardin-et-de-terrasse-anciennes\/table-pliante-dexterieur-ancienne-c-1920-30-am25030\/#primaryimage"},"thumbnailUrl":"https:\/\/amaruoptim.stg.uzero.cat\/wp-content\/uploads\/2025\/09\/AM25030-D-.jpg","datePublished":"2025-09-12T10:12:36+00:00","dateModified":"2025-09-18T10:24:13+00:00","description":"Table pliante d'ext\u00e9rieur ancienne (vers 1920). Notre passion est de rechercher sans rel\u00e2che des tr\u00e9sors cach\u00e9s et de leur donner une nouvelle vie.","breadcrumb":{"@id":"https:\/\/amaruoptim.stg.uzero.cat\/fr\/meubles-anciens\/tables-de-jardin-et-de-terrasse-anciennes\/table-pliante-dexterieur-ancienne-c-1920-30-am25030\/#breadcrumb"},"inLanguage":"fr-FR","potentialAction":[{"@type":"ReadAction","target":["https:\/\/amaruoptim.stg.uzero.cat\/fr\/meubles-anciens\/tables-de-jardin-et-de-terrasse-anciennes\/table-pliante-dexterieur-ancienne-c-1920-30-am25030\/"]}]},{"@type":"ImageObject","inLanguage":"fr-FR","@id":"https:\/\/amaruoptim.stg.uzero.cat\/fr\/meubles-anciens\/tables-de-jardin-et-de-terrasse-anciennes\/table-pliante-dexterieur-ancienne-c-1920-30-am25030\/#primaryimage","url":"https:\/\/amaruoptim.stg.uzero.cat\/wp-content\/uploads\/2025\/09\/AM25030-D-.jpg","contentUrl":"https:\/\/amaruoptim.stg.uzero.cat\/wp-content\/uploads\/2025\/09\/AM25030-D-.jpg","width":1600,"height":1600,"caption":"Table pliante d'ext\u00e9rieur ancienne (c.1920) #30"},{"@type":"BreadcrumbList","@id":"https:\/\/amaruoptim.stg.uzero.cat\/fr\/meubles-anciens\/tables-de-jardin-et-de-terrasse-anciennes\/table-pliante-dexterieur-ancienne-c-1920-30-am25030\/#breadcrumb","itemListElement":[{"@type":"ListItem","position":1,"name":"Accueil","item":"https:\/\/amaruantiques.com\/fr\/"},{"@type":"ListItem","position":2,"name":"Boutique","item":"https:\/\/amaruantiques.com\/fr\/boutique\/"},{"@type":"ListItem","position":3,"name":"Table pliante d&#8217;ext\u00e9rieur ancienne (c.1920) #30"}]},{"@type":"WebSite","@id":"https:\/\/amaruantiques.com\/#website","url":"https:\/\/amaruantiques.com\/","name":"AMARU - Timeless Antiques","description":"Timeless antiques","publisher":{"@id":"https:\/\/amaruantiques.com\/#organization"},"potentialAction":[{"@type":"SearchAction","target":{"@type":"EntryPoint","urlTemplate":"https:\/\/amaruantiques.com\/?s={search_term_string}"},"query-input":{"@type":"PropertyValueSpecification","valueRequired":true,"valueName":"search_term_string"}}],"inLanguage":"fr-FR"},{"@type":"Organization","@id":"https:\/\/amaruantiques.com\/#organization","name":"AMARU","url":"https:\/\/amaruantiques.com\/","logo":{"@type":"ImageObject","inLanguage":"fr-FR","@id":"https:\/\/amaruantiques.com\/#\/schema\/logo\/image\/","url":"https:\/\/amaruoptim.stg.uzero.cat\/wp-content\/uploads\/2025\/04\/logo-AMARU.svg","contentUrl":"https:\/\/amaruoptim.stg.uzero.cat\/wp-content\/uploads\/2025\/04\/logo-AMARU.svg","caption":"AMARU"},"image":{"@id":"https:\/\/amaruantiques.com\/#\/schema\/logo\/image\/"}}]}},"_links":{"self":[{"href":"https:\/\/amaruoptim.stg.uzero.cat\/fr\/wp-json\/wp\/v2\/product\/250375","targetHints":{"allow":["GET"]}}],"collection":[{"href":"https:\/\/amaruoptim.stg.uzero.cat\/fr\/wp-json\/wp\/v2\/product"}],"about":[{"href":"https:\/\/amaruoptim.stg.uzero.cat\/fr\/wp-json\/wp\/v2\/types\/product"}],"wp:featuredmedia":[{"embeddable":true,"href":"https:\/\/amaruoptim.stg.uzero.cat\/fr\/wp-json\/wp\/v2\/media\/250396"}],"wp:attachment":[{"href":"https:\/\/amaruoptim.stg.uzero.cat\/fr\/wp-json\/wp\/v2\/media?parent=250375"}],"wp:term":[{"taxonomy":"product_brand","embeddable":true,"href":"https:\/\/amaruoptim.stg.uzero.cat\/fr\/wp-json\/wp\/v2\/product_brand?post=250375"},{"taxonomy":"product_cat","embeddable":true,"href":"https:\/\/amaruoptim.stg.uzero.cat\/fr\/wp-json\/wp\/v2\/product_cat?post=250375"},{"taxonomy":"product_tag","embeddable":true,"href":"https:\/\/amaruoptim.stg.uzero.cat\/fr\/wp-json\/wp\/v2\/product_tag?post=250375"}],"curies":[{"name":"wp","href":"https:\/\/api.w.org\/{rel}","templated":true}]}}