{"id":250312,"date":"2025-09-12T11:27:04","date_gmt":"2025-09-12T09:27:04","guid":{"rendered":"https:\/\/amaruantiques.com\/?post_type=product&#038;p=250312"},"modified":"2025-09-18T12:26:30","modified_gmt":"2025-09-18T10:26:30","slug":"table-de-jardin-ronde-ancienne-c-1920-16-am25016","status":"publish","type":"product","link":"https:\/\/amaruoptim.stg.uzero.cat\/fr\/meubles-anciens\/tables-de-jardin-et-de-terrasse-anciennes\/table-de-jardin-ronde-ancienne-c-1920-16-am25016\/","title":{"rendered":"Table de jardin ronde ancienne (c.1920) #16"},"content":{"rendered":"<p><strong>Table de jardin ronde ancienne<\/strong> (c.1920)<\/p>\n<ul>\n<li><strong>Dimensions:<\/strong>\u00a0Longueur : 76 cm Profondeur : 76 cm Hauteur : 75 cm<\/li>\n<li><strong>Style :<\/strong> Fran\u00e7ais proven\u00e7al<\/li>\n<li><strong>Mat\u00e9riaux et techniques :<\/strong> Bois de pin<\/li>\n<li><strong>Lieu d&#8217;origine :<\/strong> Europe centrale<\/li>\n<li><strong>P\u00e9riode :<\/strong> D\u00e9but du 20e si\u00e8cle<\/li>\n<li><strong>Date de fabrication :<\/strong> Vers 1920<\/li>\n<li><strong>\u00c9tat :<\/strong> Bon. L&#8217;usure correspond \u00e0 l&#8217;\u00e2ge et \u00e0 l&#8217;utilisation.<\/li>\n<\/ul>\n<p>Il est en excellent \u00e9tat de conservation, \u00e0 l&#8217;exception des imperfections caract\u00e9ristiques de toute antiquit\u00e9, dues au passage du temps.<\/p>\n<p>Ajoutez une touche d&#8217;originalit\u00e9 \u00e0 votre int\u00e9rieur avec cette pi\u00e8ce unique, qui se fond dans le style contemporain et donne de la personnalit\u00e9 \u00e0 votre int\u00e9rieur. Cette table ronde antique peut \u00eatre combin\u00e9e avec l&#8217;une de nos<a href=\"https:\/\/amaruantiques.com\/fr\/categorie-de-produit\/chaises-exterieures-anciennes\/\"> chaises d&#8217;ext\u00e9rieur<\/a> ou avec nos <a href=\"https:\/\/amaruantiques.com\/fr\/categorie-de-produit\/accessoires-de-jardin-anciens\/\">accessoires de jardin anciens<\/a> disponibles.<\/p>\n<p><em>PI\u00c8CE UNIQUE<\/em><\/p>\n","protected":false},"excerpt":{"rendered":"<p>Table de jardin ronde ancienne (c.1920) Dimensions:\u00a0Longueur : 76 cm Profondeur : 76 cm Hauteur : 75 cm Style : Fran\u00e7ais proven\u00e7al Mat\u00e9riaux et techniques : Bois de pin Lieu d&#8217;origine : Europe centrale P\u00e9riode : D\u00e9but du 20e si\u00e8cle Date de fabrication : Vers 1920 \u00c9tat : Bon. L&#8217;usure correspond \u00e0 l&#8217;\u00e2ge et \u00e0 [&hellip;]<\/p>\n","protected":false},"featured_media":250330,"template":"","meta":[],"product_brand":[],"product_cat":[639,626,631],"product_tag":[],"class_list":{"0":"post-250312","1":"product","2":"type-product","3":"status-publish","4":"has-post-thumbnail","6":"product_cat-nouveautes-amaru","7":"product_cat-tables-de-jardin-et-de-terrasse-anciennes","8":"product_cat-ilots-de-cuisine-anciennes","9":"product_shipping_class-gran-cargo-625-fr","10":"pa_estilo-provencal-francais","12":"first","13":"instock","14":"taxable","15":"shipping-taxable","16":"purchasable","17":"product-type-simple"},"yoast_head":"<!-- This site is optimized with the Yoast SEO plugin v26.0 - https:\/\/yoast.com\/wordpress\/plugins\/seo\/ -->\n<title>Table ronde ancienne | Table de jardin | AMARU<\/title>\n<meta name=\"description\" content=\"Table de jardin ronde ancienne (vers 1920). Pi\u00e8ce unique en parfait \u00e9tat. Visitez notre site et d\u00e9couvrez notre belle s\u00e9lection de tables anciennes.\" \/>\n<meta name=\"robots\" content=\"index, follow, max-snippet:-1, max-image-preview:large, max-video-preview:-1\" \/>\n<link rel=\"canonical\" href=\"https:\/\/amaruoptim.stg.uzero.cat\/fr\/meubles-anciens\/tables-de-jardin-et-de-terrasse-anciennes\/table-de-jardin-ronde-ancienne-c-1920-16-am25016\/\" \/>\n<meta property=\"og:locale\" content=\"fr_FR\" \/>\n<meta property=\"og:type\" content=\"article\" \/>\n<meta property=\"og:title\" content=\"Table ronde ancienne | Table de jardin | AMARU\" \/>\n<meta property=\"og:description\" content=\"Table de jardin ronde ancienne (vers 1920). Pi\u00e8ce unique en parfait \u00e9tat. Visitez notre site et d\u00e9couvrez notre belle s\u00e9lection de tables anciennes.\" \/>\n<meta property=\"og:url\" content=\"https:\/\/amaruoptim.stg.uzero.cat\/fr\/meubles-anciens\/tables-de-jardin-et-de-terrasse-anciennes\/table-de-jardin-ronde-ancienne-c-1920-16-am25016\/\" \/>\n<meta property=\"og:site_name\" content=\"AMARU\" \/>\n<meta property=\"article:modified_time\" content=\"2025-09-18T10:26:30+00:00\" \/>\n<meta property=\"og:image\" content=\"https:\/\/amaruantiques.com\/wp-content\/uploads\/2025\/09\/AM25016-D-.jpg\" \/>\n\t<meta property=\"og:image:width\" content=\"1600\" \/>\n\t<meta property=\"og:image:height\" content=\"1600\" \/>\n\t<meta property=\"og:image:type\" content=\"image\/jpeg\" \/>\n<meta name=\"twitter:card\" content=\"summary_large_image\" \/>\n<meta name=\"twitter:label1\" content=\"Dur\u00e9e de lecture estim\u00e9e\" \/>\n\t<meta name=\"twitter:data1\" content=\"1 minute\" \/>\n<!-- \/ Yoast SEO plugin. -->","yoast_head_json":{"title":"Table ronde ancienne | Table de jardin | AMARU","description":"Table de jardin ronde ancienne (vers 1920). Pi\u00e8ce unique en parfait \u00e9tat. Visitez notre site et d\u00e9couvrez notre belle s\u00e9lection de tables anciennes.","robots":{"index":"index","follow":"follow","max-snippet":"max-snippet:-1","max-image-preview":"max-image-preview:large","max-video-preview":"max-video-preview:-1"},"canonical":"https:\/\/amaruoptim.stg.uzero.cat\/fr\/meubles-anciens\/tables-de-jardin-et-de-terrasse-anciennes\/table-de-jardin-ronde-ancienne-c-1920-16-am25016\/","og_locale":"fr_FR","og_type":"article","og_title":"Table ronde ancienne | Table de jardin | AMARU","og_description":"Table de jardin ronde ancienne (vers 1920). Pi\u00e8ce unique en parfait \u00e9tat. Visitez notre site et d\u00e9couvrez notre belle s\u00e9lection de tables anciennes.","og_url":"https:\/\/amaruoptim.stg.uzero.cat\/fr\/meubles-anciens\/tables-de-jardin-et-de-terrasse-anciennes\/table-de-jardin-ronde-ancienne-c-1920-16-am25016\/","og_site_name":"AMARU","article_modified_time":"2025-09-18T10:26:30+00:00","og_image":[{"width":1600,"height":1600,"url":"https:\/\/amaruantiques.com\/wp-content\/uploads\/2025\/09\/AM25016-D-.jpg","type":"image\/jpeg"}],"twitter_card":"summary_large_image","twitter_misc":{"Dur\u00e9e de lecture estim\u00e9e":"1 minute"},"schema":{"@context":"https:\/\/schema.org","@graph":[{"@type":"WebPage","@id":"https:\/\/amaruoptim.stg.uzero.cat\/fr\/meubles-anciens\/tables-de-jardin-et-de-terrasse-anciennes\/table-de-jardin-ronde-ancienne-c-1920-16-am25016\/","url":"https:\/\/amaruoptim.stg.uzero.cat\/fr\/meubles-anciens\/tables-de-jardin-et-de-terrasse-anciennes\/table-de-jardin-ronde-ancienne-c-1920-16-am25016\/","name":"Table ronde ancienne | Table de jardin | AMARU","isPartOf":{"@id":"https:\/\/amaruantiques.com\/#website"},"primaryImageOfPage":{"@id":"https:\/\/amaruoptim.stg.uzero.cat\/fr\/meubles-anciens\/tables-de-jardin-et-de-terrasse-anciennes\/table-de-jardin-ronde-ancienne-c-1920-16-am25016\/#primaryimage"},"image":{"@id":"https:\/\/amaruoptim.stg.uzero.cat\/fr\/meubles-anciens\/tables-de-jardin-et-de-terrasse-anciennes\/table-de-jardin-ronde-ancienne-c-1920-16-am25016\/#primaryimage"},"thumbnailUrl":"https:\/\/amaruoptim.stg.uzero.cat\/wp-content\/uploads\/2025\/09\/AM25016-D-.jpg","datePublished":"2025-09-12T09:27:04+00:00","dateModified":"2025-09-18T10:26:30+00:00","description":"Table de jardin ronde ancienne (vers 1920). Pi\u00e8ce unique en parfait \u00e9tat. Visitez notre site et d\u00e9couvrez notre belle s\u00e9lection de tables anciennes.","breadcrumb":{"@id":"https:\/\/amaruoptim.stg.uzero.cat\/fr\/meubles-anciens\/tables-de-jardin-et-de-terrasse-anciennes\/table-de-jardin-ronde-ancienne-c-1920-16-am25016\/#breadcrumb"},"inLanguage":"fr-FR","potentialAction":[{"@type":"ReadAction","target":["https:\/\/amaruoptim.stg.uzero.cat\/fr\/meubles-anciens\/tables-de-jardin-et-de-terrasse-anciennes\/table-de-jardin-ronde-ancienne-c-1920-16-am25016\/"]}]},{"@type":"ImageObject","inLanguage":"fr-FR","@id":"https:\/\/amaruoptim.stg.uzero.cat\/fr\/meubles-anciens\/tables-de-jardin-et-de-terrasse-anciennes\/table-de-jardin-ronde-ancienne-c-1920-16-am25016\/#primaryimage","url":"https:\/\/amaruoptim.stg.uzero.cat\/wp-content\/uploads\/2025\/09\/AM25016-D-.jpg","contentUrl":"https:\/\/amaruoptim.stg.uzero.cat\/wp-content\/uploads\/2025\/09\/AM25016-D-.jpg","width":1600,"height":1600,"caption":"Table de jardin ronde ancienne (c.1920) #16"},{"@type":"BreadcrumbList","@id":"https:\/\/amaruoptim.stg.uzero.cat\/fr\/meubles-anciens\/tables-de-jardin-et-de-terrasse-anciennes\/table-de-jardin-ronde-ancienne-c-1920-16-am25016\/#breadcrumb","itemListElement":[{"@type":"ListItem","position":1,"name":"Accueil","item":"https:\/\/amaruantiques.com\/fr\/"},{"@type":"ListItem","position":2,"name":"Boutique","item":"https:\/\/amaruantiques.com\/fr\/boutique\/"},{"@type":"ListItem","position":3,"name":"Table de jardin ronde ancienne (c.1920) #16"}]},{"@type":"WebSite","@id":"https:\/\/amaruantiques.com\/#website","url":"https:\/\/amaruantiques.com\/","name":"AMARU - Timeless Antiques","description":"Timeless antiques","publisher":{"@id":"https:\/\/amaruantiques.com\/#organization"},"potentialAction":[{"@type":"SearchAction","target":{"@type":"EntryPoint","urlTemplate":"https:\/\/amaruantiques.com\/?s={search_term_string}"},"query-input":{"@type":"PropertyValueSpecification","valueRequired":true,"valueName":"search_term_string"}}],"inLanguage":"fr-FR"},{"@type":"Organization","@id":"https:\/\/amaruantiques.com\/#organization","name":"AMARU","url":"https:\/\/amaruantiques.com\/","logo":{"@type":"ImageObject","inLanguage":"fr-FR","@id":"https:\/\/amaruantiques.com\/#\/schema\/logo\/image\/","url":"https:\/\/amaruoptim.stg.uzero.cat\/wp-content\/uploads\/2025\/04\/logo-AMARU.svg","contentUrl":"https:\/\/amaruoptim.stg.uzero.cat\/wp-content\/uploads\/2025\/04\/logo-AMARU.svg","caption":"AMARU"},"image":{"@id":"https:\/\/amaruantiques.com\/#\/schema\/logo\/image\/"}}]}},"_links":{"self":[{"href":"https:\/\/amaruoptim.stg.uzero.cat\/fr\/wp-json\/wp\/v2\/product\/250312","targetHints":{"allow":["GET"]}}],"collection":[{"href":"https:\/\/amaruoptim.stg.uzero.cat\/fr\/wp-json\/wp\/v2\/product"}],"about":[{"href":"https:\/\/amaruoptim.stg.uzero.cat\/fr\/wp-json\/wp\/v2\/types\/product"}],"wp:featuredmedia":[{"embeddable":true,"href":"https:\/\/amaruoptim.stg.uzero.cat\/fr\/wp-json\/wp\/v2\/media\/250330"}],"wp:attachment":[{"href":"https:\/\/amaruoptim.stg.uzero.cat\/fr\/wp-json\/wp\/v2\/media?parent=250312"}],"wp:term":[{"taxonomy":"product_brand","embeddable":true,"href":"https:\/\/amaruoptim.stg.uzero.cat\/fr\/wp-json\/wp\/v2\/product_brand?post=250312"},{"taxonomy":"product_cat","embeddable":true,"href":"https:\/\/amaruoptim.stg.uzero.cat\/fr\/wp-json\/wp\/v2\/product_cat?post=250312"},{"taxonomy":"product_tag","embeddable":true,"href":"https:\/\/amaruoptim.stg.uzero.cat\/fr\/wp-json\/wp\/v2\/product_tag?post=250312"}],"curies":[{"name":"wp","href":"https:\/\/api.w.org\/{rel}","templated":true}]}}