{"id":249118,"date":"2025-08-29T14:29:41","date_gmt":"2025-08-29T12:29:41","guid":{"rendered":"https:\/\/amaruantiques.com\/?post_type=product&#038;p=249118"},"modified":"2025-09-07T12:31:59","modified_gmt":"2025-09-07T10:31:59","slug":"ensemble-de-chaises-anciennes-bistro-c-1920-ensemble-de-2-pieces-5-am28097-s2-5","status":"publish","type":"product","link":"https:\/\/amaruoptim.stg.uzero.cat\/fr\/meubles-anciens\/nouveautes-amaru\/ensemble-de-chaises-anciennes-bistro-c-1920-ensemble-de-2-pieces-5-am28097-s2-5\/","title":{"rendered":"Ensemble de chaises anciennes Bistr\u00f3 (c.1920). Ensemble de 2 pi\u00e8ces #5"},"content":{"rendered":"<p><strong>Ensemble de chaises anciennes Bistr\u00f3<\/strong> (vers 1920).<\/p>\n<ul>\n<li><b>Dimensions : <\/b>Longueur : 47 cm Profondeur : 40 cm Hauteur : 76 cm Assise : 46 cm<\/li>\n<li><b>Style :<\/b> S\u00e9cession viennoise<\/li>\n<li><b>Mat\u00e9riaux et techniques :<\/b> H\u00eatre, bois courb\u00e9<\/li>\n<li><b>Lieu d&#8217;origine :<\/b> Europe centrale<\/li>\n<li><b>P\u00e9riode :<\/b> D\u00e9but du 20e si\u00e8cle<\/li>\n<li><b>Date de fabrication :<\/b> Vers 1900<\/li>\n<li><b>\u00c9tat :<\/b> Bon. L&#8217;usure correspond \u00e0 l&#8217;\u00e2ge et \u00e0 l&#8217;utilisation.<\/li>\n<\/ul>\n<p>Il s&#8217;agit sans aucun doute de v\u00e9ritables chaises Thonet, m\u00eame si aucun cachet ou marque n&#8217;atteste de leur authenticit\u00e9.<\/p>\n<p>Il est en excellent \u00e9tat de conservation, \u00e0 l&#8217;exception des imperfections caract\u00e9ristiques de toute antiquit\u00e9, dues au passage du temps.<\/p>\n<p>Donnez une touche d&#8217;originalit\u00e9 \u00e0 votre int\u00e9rieur avec ces pi\u00e8ces uniques, qui s&#8217;int\u00e8grent au style contemporain en apportant de la personnalit\u00e9 \u00e0 votre int\u00e9rieur. Cet ensemble de chaises anciennes peut \u00eatre combin\u00e9 avec l&#8217;un de nos <a href=\"https:\/\/amaruantiques.com\/fr\/categorie-de-produit\/buffets-anciens\/\">buffets<\/a>\u00a0ou avec nos <a href=\"https:\/\/amaruantiques.com\/fr\/categorie-de-produit\/autres-objets-et-artefacts-anciens\/\">autres objets anciens<\/a> disponibles.<\/p>\n<p><em>PI\u00c8CES UNIQUES<\/em><\/p>\n","protected":false},"excerpt":{"rendered":"<p>Ensemble de chaises anciennes Bistr\u00f3 (vers 1920). Dimensions : Longueur : 47 cm Profondeur : 40 cm Hauteur : 76 cm Assise : 46 cm Style : S\u00e9cession viennoise Mat\u00e9riaux et techniques : H\u00eatre, bois courb\u00e9 Lieu d&#8217;origine : Europe centrale P\u00e9riode : D\u00e9but du 20e si\u00e8cle Date de fabrication : Vers 1900 \u00c9tat : [&hellip;]<\/p>\n","protected":false},"featured_media":249139,"template":"","meta":[],"product_brand":[],"product_cat":[639,640],"product_tag":[],"class_list":{"0":"post-249118","1":"product","2":"type-product","3":"status-publish","4":"has-post-thumbnail","6":"product_cat-nouveautes-amaru","7":"product_cat-chaises-thonet","8":"product_shipping_class-extra-large-250-fr","10":"first","11":"instock","12":"taxable","13":"shipping-taxable","14":"purchasable","15":"product-type-simple"},"yoast_head":"<!-- This site is optimized with the Yoast SEO plugin v26.0 - https:\/\/yoast.com\/wordpress\/plugins\/seo\/ -->\n<title>Ensemble de chaises anciennes | Chaises en bois courb\u00e9 | AMARU<\/title>\n<meta name=\"description\" content=\"Ensemble de chaises anciennes Bistr\u00f3 (vers 1920). D\u00e9couvrez notre plus belle collection de tr\u00e9sors uniques, rassembl\u00e9s pour embellir chaque espace....\" \/>\n<meta name=\"robots\" content=\"index, follow, max-snippet:-1, max-image-preview:large, max-video-preview:-1\" \/>\n<link rel=\"canonical\" href=\"https:\/\/amaruoptim.stg.uzero.cat\/fr\/meubles-anciens\/nouveautes-amaru\/ensemble-de-chaises-anciennes-bistro-c-1920-ensemble-de-2-pieces-5-am28097-s2-5\/\" \/>\n<meta property=\"og:locale\" content=\"fr_FR\" \/>\n<meta property=\"og:type\" content=\"article\" \/>\n<meta property=\"og:title\" content=\"Ensemble de chaises anciennes | Chaises en bois courb\u00e9 | AMARU\" \/>\n<meta property=\"og:description\" content=\"Ensemble de chaises anciennes Bistr\u00f3 (vers 1920). D\u00e9couvrez notre plus belle collection de tr\u00e9sors uniques, rassembl\u00e9s pour embellir chaque espace....\" \/>\n<meta property=\"og:url\" content=\"https:\/\/amaruoptim.stg.uzero.cat\/fr\/meubles-anciens\/nouveautes-amaru\/ensemble-de-chaises-anciennes-bistro-c-1920-ensemble-de-2-pieces-5-am28097-s2-5\/\" \/>\n<meta property=\"og:site_name\" content=\"AMARU\" \/>\n<meta property=\"article:modified_time\" content=\"2025-09-07T10:31:59+00:00\" \/>\n<meta property=\"og:image\" content=\"https:\/\/amaruantiques.com\/wp-content\/uploads\/2025\/08\/AM28097-S2-5-D-.jpg\" \/>\n\t<meta property=\"og:image:width\" content=\"1600\" \/>\n\t<meta property=\"og:image:height\" content=\"1600\" \/>\n\t<meta property=\"og:image:type\" content=\"image\/jpeg\" \/>\n<meta name=\"twitter:card\" content=\"summary_large_image\" \/>\n<meta name=\"twitter:label1\" content=\"Dur\u00e9e de lecture estim\u00e9e\" \/>\n\t<meta name=\"twitter:data1\" content=\"1 minute\" \/>\n<!-- \/ Yoast SEO plugin. -->","yoast_head_json":{"title":"Ensemble de chaises anciennes | Chaises en bois courb\u00e9 | AMARU","description":"Ensemble de chaises anciennes Bistr\u00f3 (vers 1920). D\u00e9couvrez notre plus belle collection de tr\u00e9sors uniques, rassembl\u00e9s pour embellir chaque espace....","robots":{"index":"index","follow":"follow","max-snippet":"max-snippet:-1","max-image-preview":"max-image-preview:large","max-video-preview":"max-video-preview:-1"},"canonical":"https:\/\/amaruoptim.stg.uzero.cat\/fr\/meubles-anciens\/nouveautes-amaru\/ensemble-de-chaises-anciennes-bistro-c-1920-ensemble-de-2-pieces-5-am28097-s2-5\/","og_locale":"fr_FR","og_type":"article","og_title":"Ensemble de chaises anciennes | Chaises en bois courb\u00e9 | AMARU","og_description":"Ensemble de chaises anciennes Bistr\u00f3 (vers 1920). D\u00e9couvrez notre plus belle collection de tr\u00e9sors uniques, rassembl\u00e9s pour embellir chaque espace....","og_url":"https:\/\/amaruoptim.stg.uzero.cat\/fr\/meubles-anciens\/nouveautes-amaru\/ensemble-de-chaises-anciennes-bistro-c-1920-ensemble-de-2-pieces-5-am28097-s2-5\/","og_site_name":"AMARU","article_modified_time":"2025-09-07T10:31:59+00:00","og_image":[{"width":1600,"height":1600,"url":"https:\/\/amaruantiques.com\/wp-content\/uploads\/2025\/08\/AM28097-S2-5-D-.jpg","type":"image\/jpeg"}],"twitter_card":"summary_large_image","twitter_misc":{"Dur\u00e9e de lecture estim\u00e9e":"1 minute"},"schema":{"@context":"https:\/\/schema.org","@graph":[{"@type":"WebPage","@id":"https:\/\/amaruoptim.stg.uzero.cat\/fr\/meubles-anciens\/nouveautes-amaru\/ensemble-de-chaises-anciennes-bistro-c-1920-ensemble-de-2-pieces-5-am28097-s2-5\/","url":"https:\/\/amaruoptim.stg.uzero.cat\/fr\/meubles-anciens\/nouveautes-amaru\/ensemble-de-chaises-anciennes-bistro-c-1920-ensemble-de-2-pieces-5-am28097-s2-5\/","name":"Ensemble de chaises anciennes | Chaises en bois courb\u00e9 | AMARU","isPartOf":{"@id":"https:\/\/amaruantiques.com\/#website"},"primaryImageOfPage":{"@id":"https:\/\/amaruoptim.stg.uzero.cat\/fr\/meubles-anciens\/nouveautes-amaru\/ensemble-de-chaises-anciennes-bistro-c-1920-ensemble-de-2-pieces-5-am28097-s2-5\/#primaryimage"},"image":{"@id":"https:\/\/amaruoptim.stg.uzero.cat\/fr\/meubles-anciens\/nouveautes-amaru\/ensemble-de-chaises-anciennes-bistro-c-1920-ensemble-de-2-pieces-5-am28097-s2-5\/#primaryimage"},"thumbnailUrl":"https:\/\/amaruoptim.stg.uzero.cat\/wp-content\/uploads\/2025\/08\/AM28097-S2-5-D-.jpg","datePublished":"2025-08-29T12:29:41+00:00","dateModified":"2025-09-07T10:31:59+00:00","description":"Ensemble de chaises anciennes Bistr\u00f3 (vers 1920). D\u00e9couvrez notre plus belle collection de tr\u00e9sors uniques, rassembl\u00e9s pour embellir chaque espace....","breadcrumb":{"@id":"https:\/\/amaruoptim.stg.uzero.cat\/fr\/meubles-anciens\/nouveautes-amaru\/ensemble-de-chaises-anciennes-bistro-c-1920-ensemble-de-2-pieces-5-am28097-s2-5\/#breadcrumb"},"inLanguage":"fr-FR","potentialAction":[{"@type":"ReadAction","target":["https:\/\/amaruoptim.stg.uzero.cat\/fr\/meubles-anciens\/nouveautes-amaru\/ensemble-de-chaises-anciennes-bistro-c-1920-ensemble-de-2-pieces-5-am28097-s2-5\/"]}]},{"@type":"ImageObject","inLanguage":"fr-FR","@id":"https:\/\/amaruoptim.stg.uzero.cat\/fr\/meubles-anciens\/nouveautes-amaru\/ensemble-de-chaises-anciennes-bistro-c-1920-ensemble-de-2-pieces-5-am28097-s2-5\/#primaryimage","url":"https:\/\/amaruoptim.stg.uzero.cat\/wp-content\/uploads\/2025\/08\/AM28097-S2-5-D-.jpg","contentUrl":"https:\/\/amaruoptim.stg.uzero.cat\/wp-content\/uploads\/2025\/08\/AM28097-S2-5-D-.jpg","width":1600,"height":1600,"caption":"Ensemble de chaises anciennes Bistr\u00f3 (c.1920). Ensemble de 2 pi\u00e8ces #5"},{"@type":"BreadcrumbList","@id":"https:\/\/amaruoptim.stg.uzero.cat\/fr\/meubles-anciens\/nouveautes-amaru\/ensemble-de-chaises-anciennes-bistro-c-1920-ensemble-de-2-pieces-5-am28097-s2-5\/#breadcrumb","itemListElement":[{"@type":"ListItem","position":1,"name":"Accueil","item":"https:\/\/amaruantiques.com\/fr\/"},{"@type":"ListItem","position":2,"name":"Boutique","item":"https:\/\/amaruantiques.com\/fr\/boutique\/"},{"@type":"ListItem","position":3,"name":"Ensemble de chaises anciennes Bistr\u00f3 (c.1920). Ensemble de 2 pi\u00e8ces #5"}]},{"@type":"WebSite","@id":"https:\/\/amaruantiques.com\/#website","url":"https:\/\/amaruantiques.com\/","name":"AMARU - Timeless Antiques","description":"Timeless antiques","publisher":{"@id":"https:\/\/amaruantiques.com\/#organization"},"potentialAction":[{"@type":"SearchAction","target":{"@type":"EntryPoint","urlTemplate":"https:\/\/amaruantiques.com\/?s={search_term_string}"},"query-input":{"@type":"PropertyValueSpecification","valueRequired":true,"valueName":"search_term_string"}}],"inLanguage":"fr-FR"},{"@type":"Organization","@id":"https:\/\/amaruantiques.com\/#organization","name":"AMARU","url":"https:\/\/amaruantiques.com\/","logo":{"@type":"ImageObject","inLanguage":"fr-FR","@id":"https:\/\/amaruantiques.com\/#\/schema\/logo\/image\/","url":"https:\/\/amaruoptim.stg.uzero.cat\/wp-content\/uploads\/2025\/04\/logo-AMARU.svg","contentUrl":"https:\/\/amaruoptim.stg.uzero.cat\/wp-content\/uploads\/2025\/04\/logo-AMARU.svg","caption":"AMARU"},"image":{"@id":"https:\/\/amaruantiques.com\/#\/schema\/logo\/image\/"}}]}},"_links":{"self":[{"href":"https:\/\/amaruoptim.stg.uzero.cat\/fr\/wp-json\/wp\/v2\/product\/249118","targetHints":{"allow":["GET"]}}],"collection":[{"href":"https:\/\/amaruoptim.stg.uzero.cat\/fr\/wp-json\/wp\/v2\/product"}],"about":[{"href":"https:\/\/amaruoptim.stg.uzero.cat\/fr\/wp-json\/wp\/v2\/types\/product"}],"wp:featuredmedia":[{"embeddable":true,"href":"https:\/\/amaruoptim.stg.uzero.cat\/fr\/wp-json\/wp\/v2\/media\/249139"}],"wp:attachment":[{"href":"https:\/\/amaruoptim.stg.uzero.cat\/fr\/wp-json\/wp\/v2\/media?parent=249118"}],"wp:term":[{"taxonomy":"product_brand","embeddable":true,"href":"https:\/\/amaruoptim.stg.uzero.cat\/fr\/wp-json\/wp\/v2\/product_brand?post=249118"},{"taxonomy":"product_cat","embeddable":true,"href":"https:\/\/amaruoptim.stg.uzero.cat\/fr\/wp-json\/wp\/v2\/product_cat?post=249118"},{"taxonomy":"product_tag","embeddable":true,"href":"https:\/\/amaruoptim.stg.uzero.cat\/fr\/wp-json\/wp\/v2\/product_tag?post=249118"}],"curies":[{"name":"wp","href":"https:\/\/api.w.org\/{rel}","templated":true}]}}