{"id":248951,"date":"2025-08-29T12:32:50","date_gmt":"2025-08-29T10:32:50","guid":{"rendered":"https:\/\/amaruantiques.com\/?post_type=product&#038;p=248951"},"modified":"2025-09-07T12:35:15","modified_gmt":"2025-09-07T10:35:15","slug":"ancienne-commode-biedermeier-c-1850-63-am28063","status":"publish","type":"product","link":"https:\/\/amaruoptim.stg.uzero.cat\/fr\/meubles-anciens\/commodes-anciennes\/ancienne-commode-biedermeier-c-1850-63-am28063\/","title":{"rendered":"Ancienne commode Biedermeier (vers 1850) #63"},"content":{"rendered":"<p><strong>Ancienne commode Biedermeier<\/strong> (vers 1850)<\/p>\n<ul>\n<li><strong>Dimensions : <\/strong>Longueur : 123 cm Profondeur : 59 cm Hauteur : 96 cm<\/li>\n<li><strong>Style :<\/strong> Biedermeier<\/li>\n<li><strong>Mat\u00e9riaux et techniques :<\/strong> Contreplaqu\u00e9 de noyer<\/li>\n<li><strong>Lieu d&#8217;origine :<\/strong> Europe centrale<\/li>\n<li><strong>P\u00e9riode :<\/strong> milieu du 19e si\u00e8cle<\/li>\n<li><strong>Date de fabrication :<\/strong> Vers 1800<\/li>\n<li><strong>\u00c9tat :<\/strong> Bon. L&#8217;usure correspond \u00e0 l&#8217;\u00e2ge et \u00e0 l&#8217;utilisation.<\/li>\n<\/ul>\n<p>Il est en excellent \u00e9tat de conservation, \u00e0 l&#8217;exception des imperfections caract\u00e9ristiques de toute antiquit\u00e9, dues au passage du temps.<\/p>\n<p>Ajoutez une touche d&#8217;originalit\u00e9 \u00e0 votre int\u00e9rieur avec cette pi\u00e8ce unique, qui s&#8217;int\u00e8gre au style contemporain et donne de la personnalit\u00e9 \u00e0 votre int\u00e9rieur. Cette commode de style Biedermeier peut \u00eatre associ\u00e9e \u00e0 l&#8217;un de nos <a href=\"https:\/\/amaruantiques.com\/fr\/categorie-de-produit\/buffets-anciens\/\">buffets<\/a>\u00a0ou avec nos <a href=\"https:\/\/amaruantiques.com\/fr\/categorie-de-produit\/tables-dappoint-tables-du-salon-et-tables-basses\/\">tables basses anciennes <\/a>disponibles.<\/p>\n<p><em>PI\u00c8CE UNIQUE<\/em><\/p>\n","protected":false},"excerpt":{"rendered":"<p>Ancienne commode Biedermeier (vers 1850) Dimensions : Longueur : 123 cm Profondeur : 59 cm Hauteur : 96 cm Style : Biedermeier Mat\u00e9riaux et techniques : Contreplaqu\u00e9 de noyer Lieu d&#8217;origine : Europe centrale P\u00e9riode : milieu du 19e si\u00e8cle Date de fabrication : Vers 1800 \u00c9tat : Bon. L&#8217;usure correspond \u00e0 l&#8217;\u00e2ge et \u00e0 [&hellip;]<\/p>\n","protected":false},"featured_media":248984,"template":"","meta":[],"product_brand":[],"product_cat":[639,610,623],"product_tag":[],"class_list":{"0":"post-248951","1":"product","2":"type-product","3":"status-publish","4":"has-post-thumbnail","6":"product_cat-nouveautes-amaru","7":"product_cat-commodes-anciennes","8":"product_cat-meubles-anciens-meubles-vintage","9":"product_shipping_class-gran-cargo-1000-fr","10":"pa_estilo-biedermeier-fr","12":"first","13":"instock","14":"taxable","15":"shipping-taxable","16":"purchasable","17":"product-type-simple"},"yoast_head":"<!-- This site is optimized with the Yoast SEO plugin v26.0 - https:\/\/yoast.com\/wordpress\/plugins\/seo\/ -->\n<title>Commode de style Biedermeier | Commode en bois | AMARU<\/title>\n<meta name=\"description\" content=\"Ancienne commode de style Biedermeier (vers 1850). D\u00e9couvrez notre collection o\u00f9 chaque pi\u00e8ce rayonne de beaut\u00e9 et donne du caract\u00e8re \u00e0 des espaces uniques.\" \/>\n<meta name=\"robots\" content=\"index, follow, max-snippet:-1, max-image-preview:large, max-video-preview:-1\" \/>\n<link rel=\"canonical\" href=\"https:\/\/amaruoptim.stg.uzero.cat\/fr\/meubles-anciens\/commodes-anciennes\/ancienne-commode-biedermeier-c-1850-63-am28063\/\" \/>\n<meta property=\"og:locale\" content=\"fr_FR\" \/>\n<meta property=\"og:type\" content=\"article\" \/>\n<meta property=\"og:title\" content=\"Commode de style Biedermeier | Commode en bois | AMARU\" \/>\n<meta property=\"og:description\" content=\"Ancienne commode de style Biedermeier (vers 1850). D\u00e9couvrez notre collection o\u00f9 chaque pi\u00e8ce rayonne de beaut\u00e9 et donne du caract\u00e8re \u00e0 des espaces uniques.\" \/>\n<meta property=\"og:url\" content=\"https:\/\/amaruoptim.stg.uzero.cat\/fr\/meubles-anciens\/commodes-anciennes\/ancienne-commode-biedermeier-c-1850-63-am28063\/\" \/>\n<meta property=\"og:site_name\" content=\"AMARU\" \/>\n<meta property=\"article:modified_time\" content=\"2025-09-07T10:35:15+00:00\" \/>\n<meta property=\"og:image\" content=\"https:\/\/amaruantiques.com\/wp-content\/uploads\/2025\/08\/AM28063-D-.jpg\" \/>\n\t<meta property=\"og:image:width\" content=\"1600\" \/>\n\t<meta property=\"og:image:height\" content=\"1600\" \/>\n\t<meta property=\"og:image:type\" content=\"image\/jpeg\" \/>\n<meta name=\"twitter:card\" content=\"summary_large_image\" \/>\n<meta name=\"twitter:label1\" content=\"Dur\u00e9e de lecture estim\u00e9e\" \/>\n\t<meta name=\"twitter:data1\" content=\"1 minute\" \/>\n<!-- \/ Yoast SEO plugin. -->","yoast_head_json":{"title":"Commode de style Biedermeier | Commode en bois | AMARU","description":"Ancienne commode de style Biedermeier (vers 1850). D\u00e9couvrez notre collection o\u00f9 chaque pi\u00e8ce rayonne de beaut\u00e9 et donne du caract\u00e8re \u00e0 des espaces uniques.","robots":{"index":"index","follow":"follow","max-snippet":"max-snippet:-1","max-image-preview":"max-image-preview:large","max-video-preview":"max-video-preview:-1"},"canonical":"https:\/\/amaruoptim.stg.uzero.cat\/fr\/meubles-anciens\/commodes-anciennes\/ancienne-commode-biedermeier-c-1850-63-am28063\/","og_locale":"fr_FR","og_type":"article","og_title":"Commode de style Biedermeier | Commode en bois | AMARU","og_description":"Ancienne commode de style Biedermeier (vers 1850). D\u00e9couvrez notre collection o\u00f9 chaque pi\u00e8ce rayonne de beaut\u00e9 et donne du caract\u00e8re \u00e0 des espaces uniques.","og_url":"https:\/\/amaruoptim.stg.uzero.cat\/fr\/meubles-anciens\/commodes-anciennes\/ancienne-commode-biedermeier-c-1850-63-am28063\/","og_site_name":"AMARU","article_modified_time":"2025-09-07T10:35:15+00:00","og_image":[{"width":1600,"height":1600,"url":"https:\/\/amaruantiques.com\/wp-content\/uploads\/2025\/08\/AM28063-D-.jpg","type":"image\/jpeg"}],"twitter_card":"summary_large_image","twitter_misc":{"Dur\u00e9e de lecture estim\u00e9e":"1 minute"},"schema":{"@context":"https:\/\/schema.org","@graph":[{"@type":"WebPage","@id":"https:\/\/amaruoptim.stg.uzero.cat\/fr\/meubles-anciens\/commodes-anciennes\/ancienne-commode-biedermeier-c-1850-63-am28063\/","url":"https:\/\/amaruoptim.stg.uzero.cat\/fr\/meubles-anciens\/commodes-anciennes\/ancienne-commode-biedermeier-c-1850-63-am28063\/","name":"Commode de style Biedermeier | Commode en bois | AMARU","isPartOf":{"@id":"https:\/\/amaruantiques.com\/#website"},"primaryImageOfPage":{"@id":"https:\/\/amaruoptim.stg.uzero.cat\/fr\/meubles-anciens\/commodes-anciennes\/ancienne-commode-biedermeier-c-1850-63-am28063\/#primaryimage"},"image":{"@id":"https:\/\/amaruoptim.stg.uzero.cat\/fr\/meubles-anciens\/commodes-anciennes\/ancienne-commode-biedermeier-c-1850-63-am28063\/#primaryimage"},"thumbnailUrl":"https:\/\/amaruoptim.stg.uzero.cat\/wp-content\/uploads\/2025\/08\/AM28063-D-.jpg","datePublished":"2025-08-29T10:32:50+00:00","dateModified":"2025-09-07T10:35:15+00:00","description":"Ancienne commode de style Biedermeier (vers 1850). D\u00e9couvrez notre collection o\u00f9 chaque pi\u00e8ce rayonne de beaut\u00e9 et donne du caract\u00e8re \u00e0 des espaces uniques.","breadcrumb":{"@id":"https:\/\/amaruoptim.stg.uzero.cat\/fr\/meubles-anciens\/commodes-anciennes\/ancienne-commode-biedermeier-c-1850-63-am28063\/#breadcrumb"},"inLanguage":"fr-FR","potentialAction":[{"@type":"ReadAction","target":["https:\/\/amaruoptim.stg.uzero.cat\/fr\/meubles-anciens\/commodes-anciennes\/ancienne-commode-biedermeier-c-1850-63-am28063\/"]}]},{"@type":"ImageObject","inLanguage":"fr-FR","@id":"https:\/\/amaruoptim.stg.uzero.cat\/fr\/meubles-anciens\/commodes-anciennes\/ancienne-commode-biedermeier-c-1850-63-am28063\/#primaryimage","url":"https:\/\/amaruoptim.stg.uzero.cat\/wp-content\/uploads\/2025\/08\/AM28063-D-.jpg","contentUrl":"https:\/\/amaruoptim.stg.uzero.cat\/wp-content\/uploads\/2025\/08\/AM28063-D-.jpg","width":1600,"height":1600,"caption":"Ancienne commode Biedermeier (vers 1850) #63"},{"@type":"BreadcrumbList","@id":"https:\/\/amaruoptim.stg.uzero.cat\/fr\/meubles-anciens\/commodes-anciennes\/ancienne-commode-biedermeier-c-1850-63-am28063\/#breadcrumb","itemListElement":[{"@type":"ListItem","position":1,"name":"Accueil","item":"https:\/\/amaruantiques.com\/fr\/"},{"@type":"ListItem","position":2,"name":"Boutique","item":"https:\/\/amaruantiques.com\/fr\/boutique\/"},{"@type":"ListItem","position":3,"name":"Ancienne commode Biedermeier (vers 1850) #63"}]},{"@type":"WebSite","@id":"https:\/\/amaruantiques.com\/#website","url":"https:\/\/amaruantiques.com\/","name":"AMARU - Timeless Antiques","description":"Timeless antiques","publisher":{"@id":"https:\/\/amaruantiques.com\/#organization"},"potentialAction":[{"@type":"SearchAction","target":{"@type":"EntryPoint","urlTemplate":"https:\/\/amaruantiques.com\/?s={search_term_string}"},"query-input":{"@type":"PropertyValueSpecification","valueRequired":true,"valueName":"search_term_string"}}],"inLanguage":"fr-FR"},{"@type":"Organization","@id":"https:\/\/amaruantiques.com\/#organization","name":"AMARU","url":"https:\/\/amaruantiques.com\/","logo":{"@type":"ImageObject","inLanguage":"fr-FR","@id":"https:\/\/amaruantiques.com\/#\/schema\/logo\/image\/","url":"https:\/\/amaruoptim.stg.uzero.cat\/wp-content\/uploads\/2025\/04\/logo-AMARU.svg","contentUrl":"https:\/\/amaruoptim.stg.uzero.cat\/wp-content\/uploads\/2025\/04\/logo-AMARU.svg","caption":"AMARU"},"image":{"@id":"https:\/\/amaruantiques.com\/#\/schema\/logo\/image\/"}}]}},"_links":{"self":[{"href":"https:\/\/amaruoptim.stg.uzero.cat\/fr\/wp-json\/wp\/v2\/product\/248951","targetHints":{"allow":["GET"]}}],"collection":[{"href":"https:\/\/amaruoptim.stg.uzero.cat\/fr\/wp-json\/wp\/v2\/product"}],"about":[{"href":"https:\/\/amaruoptim.stg.uzero.cat\/fr\/wp-json\/wp\/v2\/types\/product"}],"wp:featuredmedia":[{"embeddable":true,"href":"https:\/\/amaruoptim.stg.uzero.cat\/fr\/wp-json\/wp\/v2\/media\/248984"}],"wp:attachment":[{"href":"https:\/\/amaruoptim.stg.uzero.cat\/fr\/wp-json\/wp\/v2\/media?parent=248951"}],"wp:term":[{"taxonomy":"product_brand","embeddable":true,"href":"https:\/\/amaruoptim.stg.uzero.cat\/fr\/wp-json\/wp\/v2\/product_brand?post=248951"},{"taxonomy":"product_cat","embeddable":true,"href":"https:\/\/amaruoptim.stg.uzero.cat\/fr\/wp-json\/wp\/v2\/product_cat?post=248951"},{"taxonomy":"product_tag","embeddable":true,"href":"https:\/\/amaruoptim.stg.uzero.cat\/fr\/wp-json\/wp\/v2\/product_tag?post=248951"}],"curies":[{"name":"wp","href":"https:\/\/api.w.org\/{rel}","templated":true}]}}