{"id":247577,"date":"2025-08-01T16:06:18","date_gmt":"2025-08-01T14:06:18","guid":{"rendered":"https:\/\/amaruantiques.com\/?post_type=product&#038;p=247577"},"modified":"2025-09-17T12:09:32","modified_gmt":"2025-09-17T10:09:32","slug":"armoire-de-style-industriel-a-patine-bleue-c-1950-4-am25042-4","status":"publish","type":"product","link":"https:\/\/amaruoptim.stg.uzero.cat\/fr\/meubles-anciens\/armoires-anciennes\/armoire-de-style-industriel-a-patine-bleue-c-1950-4-am25042-4\/","title":{"rendered":"Armoire de style industriel \u00e0 patine bleue (c.1950) #4"},"content":{"rendered":"<p><strong>Armoire de style industriel \u00e0 patine bleue<\/strong> (vers 1950)<\/p>\n<ul>\n<li><strong>Dimensions : <\/strong>Longueur : 60 cm Profondeur : 34 cm Hauteur : 111 cm<\/li>\n<li><strong>Style :<\/strong> Industriel<\/li>\n<li><strong>Mat\u00e9riaux et techniques :<\/strong> Fer<\/li>\n<li><strong>Lieu d&#8217;origine :<\/strong> Europe centrale<\/li>\n<li><strong>\u00c9poque :<\/strong> milieu du 20e si\u00e8cle<\/li>\n<li><strong>Date de fabrication :<\/strong> Vers 1950<\/li>\n<li><strong>\u00c9tat :<\/strong> Bon. L&#8217;usure correspond \u00e0 l&#8217;\u00e2ge et \u00e0 l&#8217;utilisation.<\/li>\n<\/ul>\n<p>Il est en excellent \u00e9tat de conservation, \u00e0 l&#8217;exception des imperfections caract\u00e9ristiques de toute antiquit\u00e9, dues au passage du temps.<\/p>\n<p>Donnez une touche d&#8217;originalit\u00e9 \u00e0 votre int\u00e9rieur avec cette pi\u00e8ce unique, qui se marie avec le style contemporain en apportant de la personnalit\u00e9 \u00e0 votre int\u00e9rieur. Ce meuble de style industriel peut \u00eatre associ\u00e9 \u00e0 l&#8217;un de nos <a href=\"https:\/\/amaruantiques.com\/fr\/categorie-de-produit\/anciens-vases\/\">vases<\/a> ou \u00e0 l&#8217;une de nos <a href=\"https:\/\/amaruantiques.com\/fr\/categorie-de-produit\/consoles-anciennes\/\">tables consoles anciens<\/a> disponibles.<\/p>\n<p><em>PI\u00c8CE UNIQUE<\/em><\/p>\n","protected":false},"excerpt":{"rendered":"<p>Armoire de style industriel \u00e0 patine bleue (vers 1950) Dimensions : Longueur : 60 cm Profondeur : 34 cm Hauteur : 111 cm Style : Industriel Mat\u00e9riaux et techniques : Fer Lieu d&#8217;origine : Europe centrale \u00c9poque : milieu du 20e si\u00e8cle Date de fabrication : Vers 1950 \u00c9tat : Bon. L&#8217;usure correspond \u00e0 l&#8217;\u00e2ge [&hellip;]<\/p>\n","protected":false},"featured_media":247607,"template":"","meta":[],"product_brand":[],"product_cat":[607,623],"product_tag":[],"class_list":{"0":"post-247577","1":"product","2":"type-product","3":"status-publish","4":"has-post-thumbnail","6":"product_cat-armoires-anciennes","7":"product_cat-meubles-anciens-meubles-vintage","8":"product_shipping_class-gran-cargo-400-fr","9":"pa_estilo-style-industriel","11":"first","12":"instock","13":"taxable","14":"shipping-taxable","15":"purchasable","16":"product-type-simple"},"yoast_head":"<!-- This site is optimized with the Yoast SEO plugin v26.0 - https:\/\/yoast.com\/wordpress\/plugins\/seo\/ -->\n<title>Armoire de style industriel | Armoire vintage | AMARU ANTIQUES<\/title>\n<meta name=\"description\" content=\"Armoire de style industriel \u00e0 patine bleue (vers 1950). Nous sommes passionn\u00e9s par la restauration de la beaut\u00e9 des pi\u00e8ces antiques uniques, en sauvant leur essence intemporelle.\" \/>\n<meta name=\"robots\" content=\"index, follow, max-snippet:-1, max-image-preview:large, max-video-preview:-1\" \/>\n<link rel=\"canonical\" href=\"https:\/\/amaruoptim.stg.uzero.cat\/fr\/meubles-anciens\/armoires-anciennes\/armoire-de-style-industriel-a-patine-bleue-c-1950-4-am25042-4\/\" \/>\n<meta property=\"og:locale\" content=\"fr_FR\" \/>\n<meta property=\"og:type\" content=\"article\" \/>\n<meta property=\"og:title\" content=\"Armoire de style industriel | Armoire vintage | AMARU ANTIQUES\" \/>\n<meta property=\"og:description\" content=\"Armoire de style industriel \u00e0 patine bleue (vers 1950). Nous sommes passionn\u00e9s par la restauration de la beaut\u00e9 des pi\u00e8ces antiques uniques, en sauvant leur essence intemporelle.\" \/>\n<meta property=\"og:url\" content=\"https:\/\/amaruoptim.stg.uzero.cat\/fr\/meubles-anciens\/armoires-anciennes\/armoire-de-style-industriel-a-patine-bleue-c-1950-4-am25042-4\/\" \/>\n<meta property=\"og:site_name\" content=\"AMARU\" \/>\n<meta property=\"article:modified_time\" content=\"2025-09-17T10:09:32+00:00\" \/>\n<meta property=\"og:image\" content=\"https:\/\/amaruantiques.com\/wp-content\/uploads\/2025\/08\/AM25042-4-D-.jpg\" \/>\n\t<meta property=\"og:image:width\" content=\"1600\" \/>\n\t<meta property=\"og:image:height\" content=\"1600\" \/>\n\t<meta property=\"og:image:type\" content=\"image\/jpeg\" \/>\n<meta name=\"twitter:card\" content=\"summary_large_image\" \/>\n<meta name=\"twitter:label1\" content=\"Dur\u00e9e de lecture estim\u00e9e\" \/>\n\t<meta name=\"twitter:data1\" content=\"1 minute\" \/>\n<!-- \/ Yoast SEO plugin. -->","yoast_head_json":{"title":"Armoire de style industriel | Armoire vintage | AMARU ANTIQUES","description":"Armoire de style industriel \u00e0 patine bleue (vers 1950). Nous sommes passionn\u00e9s par la restauration de la beaut\u00e9 des pi\u00e8ces antiques uniques, en sauvant leur essence intemporelle.","robots":{"index":"index","follow":"follow","max-snippet":"max-snippet:-1","max-image-preview":"max-image-preview:large","max-video-preview":"max-video-preview:-1"},"canonical":"https:\/\/amaruoptim.stg.uzero.cat\/fr\/meubles-anciens\/armoires-anciennes\/armoire-de-style-industriel-a-patine-bleue-c-1950-4-am25042-4\/","og_locale":"fr_FR","og_type":"article","og_title":"Armoire de style industriel | Armoire vintage | AMARU ANTIQUES","og_description":"Armoire de style industriel \u00e0 patine bleue (vers 1950). Nous sommes passionn\u00e9s par la restauration de la beaut\u00e9 des pi\u00e8ces antiques uniques, en sauvant leur essence intemporelle.","og_url":"https:\/\/amaruoptim.stg.uzero.cat\/fr\/meubles-anciens\/armoires-anciennes\/armoire-de-style-industriel-a-patine-bleue-c-1950-4-am25042-4\/","og_site_name":"AMARU","article_modified_time":"2025-09-17T10:09:32+00:00","og_image":[{"width":1600,"height":1600,"url":"https:\/\/amaruantiques.com\/wp-content\/uploads\/2025\/08\/AM25042-4-D-.jpg","type":"image\/jpeg"}],"twitter_card":"summary_large_image","twitter_misc":{"Dur\u00e9e de lecture estim\u00e9e":"1 minute"},"schema":{"@context":"https:\/\/schema.org","@graph":[{"@type":"WebPage","@id":"https:\/\/amaruoptim.stg.uzero.cat\/fr\/meubles-anciens\/armoires-anciennes\/armoire-de-style-industriel-a-patine-bleue-c-1950-4-am25042-4\/","url":"https:\/\/amaruoptim.stg.uzero.cat\/fr\/meubles-anciens\/armoires-anciennes\/armoire-de-style-industriel-a-patine-bleue-c-1950-4-am25042-4\/","name":"Armoire de style industriel | Armoire vintage | AMARU ANTIQUES","isPartOf":{"@id":"https:\/\/amaruantiques.com\/#website"},"primaryImageOfPage":{"@id":"https:\/\/amaruoptim.stg.uzero.cat\/fr\/meubles-anciens\/armoires-anciennes\/armoire-de-style-industriel-a-patine-bleue-c-1950-4-am25042-4\/#primaryimage"},"image":{"@id":"https:\/\/amaruoptim.stg.uzero.cat\/fr\/meubles-anciens\/armoires-anciennes\/armoire-de-style-industriel-a-patine-bleue-c-1950-4-am25042-4\/#primaryimage"},"thumbnailUrl":"https:\/\/amaruoptim.stg.uzero.cat\/wp-content\/uploads\/2025\/08\/AM25042-4-D-.jpg","datePublished":"2025-08-01T14:06:18+00:00","dateModified":"2025-09-17T10:09:32+00:00","description":"Armoire de style industriel \u00e0 patine bleue (vers 1950). Nous sommes passionn\u00e9s par la restauration de la beaut\u00e9 des pi\u00e8ces antiques uniques, en sauvant leur essence intemporelle.","breadcrumb":{"@id":"https:\/\/amaruoptim.stg.uzero.cat\/fr\/meubles-anciens\/armoires-anciennes\/armoire-de-style-industriel-a-patine-bleue-c-1950-4-am25042-4\/#breadcrumb"},"inLanguage":"fr-FR","potentialAction":[{"@type":"ReadAction","target":["https:\/\/amaruoptim.stg.uzero.cat\/fr\/meubles-anciens\/armoires-anciennes\/armoire-de-style-industriel-a-patine-bleue-c-1950-4-am25042-4\/"]}]},{"@type":"ImageObject","inLanguage":"fr-FR","@id":"https:\/\/amaruoptim.stg.uzero.cat\/fr\/meubles-anciens\/armoires-anciennes\/armoire-de-style-industriel-a-patine-bleue-c-1950-4-am25042-4\/#primaryimage","url":"https:\/\/amaruoptim.stg.uzero.cat\/wp-content\/uploads\/2025\/08\/AM25042-4-D-.jpg","contentUrl":"https:\/\/amaruoptim.stg.uzero.cat\/wp-content\/uploads\/2025\/08\/AM25042-4-D-.jpg","width":1600,"height":1600,"caption":"Armoire de style industriel \u00e0 patine bleue (c.1950) #4"},{"@type":"BreadcrumbList","@id":"https:\/\/amaruoptim.stg.uzero.cat\/fr\/meubles-anciens\/armoires-anciennes\/armoire-de-style-industriel-a-patine-bleue-c-1950-4-am25042-4\/#breadcrumb","itemListElement":[{"@type":"ListItem","position":1,"name":"Accueil","item":"https:\/\/amaruantiques.com\/fr\/"},{"@type":"ListItem","position":2,"name":"Boutique","item":"https:\/\/amaruantiques.com\/fr\/boutique\/"},{"@type":"ListItem","position":3,"name":"Armoire de style industriel \u00e0 patine bleue (c.1950) #4"}]},{"@type":"WebSite","@id":"https:\/\/amaruantiques.com\/#website","url":"https:\/\/amaruantiques.com\/","name":"AMARU - Timeless Antiques","description":"Timeless antiques","publisher":{"@id":"https:\/\/amaruantiques.com\/#organization"},"potentialAction":[{"@type":"SearchAction","target":{"@type":"EntryPoint","urlTemplate":"https:\/\/amaruantiques.com\/?s={search_term_string}"},"query-input":{"@type":"PropertyValueSpecification","valueRequired":true,"valueName":"search_term_string"}}],"inLanguage":"fr-FR"},{"@type":"Organization","@id":"https:\/\/amaruantiques.com\/#organization","name":"AMARU","url":"https:\/\/amaruantiques.com\/","logo":{"@type":"ImageObject","inLanguage":"fr-FR","@id":"https:\/\/amaruantiques.com\/#\/schema\/logo\/image\/","url":"https:\/\/amaruoptim.stg.uzero.cat\/wp-content\/uploads\/2025\/04\/logo-AMARU.svg","contentUrl":"https:\/\/amaruoptim.stg.uzero.cat\/wp-content\/uploads\/2025\/04\/logo-AMARU.svg","caption":"AMARU"},"image":{"@id":"https:\/\/amaruantiques.com\/#\/schema\/logo\/image\/"}}]}},"_links":{"self":[{"href":"https:\/\/amaruoptim.stg.uzero.cat\/fr\/wp-json\/wp\/v2\/product\/247577","targetHints":{"allow":["GET"]}}],"collection":[{"href":"https:\/\/amaruoptim.stg.uzero.cat\/fr\/wp-json\/wp\/v2\/product"}],"about":[{"href":"https:\/\/amaruoptim.stg.uzero.cat\/fr\/wp-json\/wp\/v2\/types\/product"}],"wp:featuredmedia":[{"embeddable":true,"href":"https:\/\/amaruoptim.stg.uzero.cat\/fr\/wp-json\/wp\/v2\/media\/247607"}],"wp:attachment":[{"href":"https:\/\/amaruoptim.stg.uzero.cat\/fr\/wp-json\/wp\/v2\/media?parent=247577"}],"wp:term":[{"taxonomy":"product_brand","embeddable":true,"href":"https:\/\/amaruoptim.stg.uzero.cat\/fr\/wp-json\/wp\/v2\/product_brand?post=247577"},{"taxonomy":"product_cat","embeddable":true,"href":"https:\/\/amaruoptim.stg.uzero.cat\/fr\/wp-json\/wp\/v2\/product_cat?post=247577"},{"taxonomy":"product_tag","embeddable":true,"href":"https:\/\/amaruoptim.stg.uzero.cat\/fr\/wp-json\/wp\/v2\/product_tag?post=247577"}],"curies":[{"name":"wp","href":"https:\/\/api.w.org\/{rel}","templated":true}]}}