{"id":247132,"date":"2025-07-31T13:34:24","date_gmt":"2025-07-31T11:34:24","guid":{"rendered":"https:\/\/amaruantiques.com\/?post_type=product&#038;p=247132"},"modified":"2025-07-31T17:37:42","modified_gmt":"2025-07-31T15:37:42","slug":"chaises-parisiennes-anciennes-de-style-cafe-vers-1920-ensemble-de-4-pieces-am23013-s4-5","status":"publish","type":"product","link":"https:\/\/amaruoptim.stg.uzero.cat\/fr\/meubles-anciens\/chaises-thonet\/chaises-parisiennes-anciennes-de-style-cafe-vers-1920-ensemble-de-4-pieces-am23013-s4-5\/","title":{"rendered":"Chaises parisiennes anciennes de style caf\u00e9 (vers 1920). Ensemble de 4 pi\u00e8ces n\u00b05"},"content":{"rendered":"<p><strong>Chaises anciennes en bois de style caf\u00e9 parisien<\/strong> (c.1920)<\/p>\n<ul>\n<li><b>Dimensions : <\/b>\n<ul>\n<li>Chaise n\u00b01 : Longueur : 45 cm Profondeur : 41 cm Hauteur : 89 cm Assise : 47 cm<\/li>\n<li>Chaise n\u00b02 : Longueur : 44 cm Profondeur : 40 cm Hauteur : 92 cm Assise : 47 cm<\/li>\n<li>Chaise n\u00b03 : Longueur : 43 cm Profondeur : 40 cm Hauteur : 92 cm Assise : 47 cm<\/li>\n<li>Chaise n\u00b04 : Longueur : 45 cm Profondeur : 42 cm Hauteur : 91 cm Si\u00e8ge : 46 cm<\/li>\n<\/ul>\n<\/li>\n<li><b>Style :<\/b> S\u00e9cession viennoise<\/li>\n<li><b>Mat\u00e9riaux et techniques :<\/b> H\u00eatre, bois courb\u00e9<\/li>\n<li><b>Lieu d&#8217;origine :<\/b> Europe centrale<\/li>\n<li><b>P\u00e9riode :<\/b> D\u00e9but du 20e si\u00e8cle<\/li>\n<li><b>Date de fabrication :<\/b> Vers 1900<\/li>\n<li><b>\u00c9tat :<\/b> Bon. L&#8217;usure correspond \u00e0 l&#8217;\u00e2ge et \u00e0 l&#8217;utilisation.<\/li>\n<\/ul>\n<p>Il s&#8217;agit sans aucun doute de chaises Thonet authentiques; bien que la plupart d&#8217;entre elles ne portent plus de marques ou de cachets d&#8217;identification, l&#8217;une d&#8217;entre elles porte encore l&#8217;\u00e9tiquette Mundus d&#8217;origine.<\/p>\n<p>Il est en excellent \u00e9tat de conservation, \u00e0 l&#8217;exception des imperfections caract\u00e9ristiques de toute antiquit\u00e9, dues au passage du temps.<\/p>\n<p>Ajoutez une touche d&#8217;originalit\u00e9 \u00e0 votre int\u00e9rieur avec ces pi\u00e8ces uniques, qui se marient avec le style contemporain et apportent de la personnalit\u00e9 \u00e0 votre int\u00e9rieur. Cet ensemble de chaises anciennes en bois courb\u00e9 peut \u00eatre combin\u00e9 avec l&#8217;une de nos<a href=\"https:\/\/amaruantiques.com\/fr\/categorie-de-produit\/commodes-anciennes\/\"> commodes<\/a> ou avec nos <a href=\"https:\/\/amaruantiques.com\/fr\/categorie-de-produit\/malles-anciennes\/\">malles anciennes<\/a> disponibles.<\/p>\n<p><em>PI\u00c8CES UNIQUES<\/em><\/p>\n","protected":false},"excerpt":{"rendered":"<p>Chaises anciennes en bois de style caf\u00e9 parisien (c.1920) Dimensions : Chaise n\u00b01 : Longueur : 45 cm Profondeur : 41 cm Hauteur : 89 cm Assise : 47 cm Chaise n\u00b02 : Longueur : 44 cm Profondeur : 40 cm Hauteur : 92 cm Assise : 47 cm Chaise n\u00b03 : Longueur : 43 [&hellip;]<\/p>\n","protected":false},"featured_media":247162,"template":"","meta":[],"product_brand":[],"product_cat":[640],"product_tag":[],"class_list":{"0":"post-247132","1":"product","2":"type-product","3":"status-publish","4":"has-post-thumbnail","6":"product_cat-chaises-thonet","7":"product_shipping_class-gran-cargo-625-fr","9":"first","10":"instock","11":"taxable","12":"shipping-taxable","13":"purchasable","14":"product-type-simple"},"yoast_head":"<!-- This site is optimized with the Yoast SEO plugin v26.0 - https:\/\/yoast.com\/wordpress\/plugins\/seo\/ -->\n<title>Chaises en bois anciennes | Chaises en bois courb\u00e9 | AMARU<\/title>\n<meta name=\"description\" content=\"Chaises anciennes en bois de style caf\u00e9 parisien (vers 1920). Cr\u00e9ez vos nouveaux espaces. Imaginez une nouvelle maison. D\u00e9couvrez notre collection de pi\u00e8ces uniques.\" \/>\n<meta name=\"robots\" content=\"index, follow, max-snippet:-1, max-image-preview:large, max-video-preview:-1\" \/>\n<link rel=\"canonical\" href=\"https:\/\/amaruoptim.stg.uzero.cat\/fr\/meubles-anciens\/chaises-thonet\/chaises-parisiennes-anciennes-de-style-cafe-vers-1920-ensemble-de-4-pieces-am23013-s4-5\/\" \/>\n<meta property=\"og:locale\" content=\"fr_FR\" \/>\n<meta property=\"og:type\" content=\"article\" \/>\n<meta property=\"og:title\" content=\"Chaises en bois anciennes | Chaises en bois courb\u00e9 | AMARU\" \/>\n<meta property=\"og:description\" content=\"Chaises anciennes en bois de style caf\u00e9 parisien (vers 1920). Cr\u00e9ez vos nouveaux espaces. Imaginez une nouvelle maison. D\u00e9couvrez notre collection de pi\u00e8ces uniques.\" \/>\n<meta property=\"og:url\" content=\"https:\/\/amaruoptim.stg.uzero.cat\/fr\/meubles-anciens\/chaises-thonet\/chaises-parisiennes-anciennes-de-style-cafe-vers-1920-ensemble-de-4-pieces-am23013-s4-5\/\" \/>\n<meta property=\"og:site_name\" content=\"AMARU\" \/>\n<meta property=\"article:modified_time\" content=\"2025-07-31T15:37:42+00:00\" \/>\n<meta property=\"og:image\" content=\"https:\/\/amaruantiques.com\/wp-content\/uploads\/2025\/07\/AM23013-S4-5-D-.jpg\" \/>\n\t<meta property=\"og:image:width\" content=\"1600\" \/>\n\t<meta property=\"og:image:height\" content=\"1600\" \/>\n\t<meta property=\"og:image:type\" content=\"image\/jpeg\" \/>\n<meta name=\"twitter:card\" content=\"summary_large_image\" \/>\n<meta name=\"twitter:label1\" content=\"Dur\u00e9e de lecture estim\u00e9e\" \/>\n\t<meta name=\"twitter:data1\" content=\"2 minutes\" \/>\n<!-- \/ Yoast SEO plugin. -->","yoast_head_json":{"title":"Chaises en bois anciennes | Chaises en bois courb\u00e9 | AMARU","description":"Chaises anciennes en bois de style caf\u00e9 parisien (vers 1920). Cr\u00e9ez vos nouveaux espaces. Imaginez une nouvelle maison. D\u00e9couvrez notre collection de pi\u00e8ces uniques.","robots":{"index":"index","follow":"follow","max-snippet":"max-snippet:-1","max-image-preview":"max-image-preview:large","max-video-preview":"max-video-preview:-1"},"canonical":"https:\/\/amaruoptim.stg.uzero.cat\/fr\/meubles-anciens\/chaises-thonet\/chaises-parisiennes-anciennes-de-style-cafe-vers-1920-ensemble-de-4-pieces-am23013-s4-5\/","og_locale":"fr_FR","og_type":"article","og_title":"Chaises en bois anciennes | Chaises en bois courb\u00e9 | AMARU","og_description":"Chaises anciennes en bois de style caf\u00e9 parisien (vers 1920). Cr\u00e9ez vos nouveaux espaces. Imaginez une nouvelle maison. D\u00e9couvrez notre collection de pi\u00e8ces uniques.","og_url":"https:\/\/amaruoptim.stg.uzero.cat\/fr\/meubles-anciens\/chaises-thonet\/chaises-parisiennes-anciennes-de-style-cafe-vers-1920-ensemble-de-4-pieces-am23013-s4-5\/","og_site_name":"AMARU","article_modified_time":"2025-07-31T15:37:42+00:00","og_image":[{"width":1600,"height":1600,"url":"https:\/\/amaruantiques.com\/wp-content\/uploads\/2025\/07\/AM23013-S4-5-D-.jpg","type":"image\/jpeg"}],"twitter_card":"summary_large_image","twitter_misc":{"Dur\u00e9e de lecture estim\u00e9e":"2 minutes"},"schema":{"@context":"https:\/\/schema.org","@graph":[{"@type":"WebPage","@id":"https:\/\/amaruoptim.stg.uzero.cat\/fr\/meubles-anciens\/chaises-thonet\/chaises-parisiennes-anciennes-de-style-cafe-vers-1920-ensemble-de-4-pieces-am23013-s4-5\/","url":"https:\/\/amaruoptim.stg.uzero.cat\/fr\/meubles-anciens\/chaises-thonet\/chaises-parisiennes-anciennes-de-style-cafe-vers-1920-ensemble-de-4-pieces-am23013-s4-5\/","name":"Chaises en bois anciennes | Chaises en bois courb\u00e9 | AMARU","isPartOf":{"@id":"https:\/\/amaruantiques.com\/#website"},"primaryImageOfPage":{"@id":"https:\/\/amaruoptim.stg.uzero.cat\/fr\/meubles-anciens\/chaises-thonet\/chaises-parisiennes-anciennes-de-style-cafe-vers-1920-ensemble-de-4-pieces-am23013-s4-5\/#primaryimage"},"image":{"@id":"https:\/\/amaruoptim.stg.uzero.cat\/fr\/meubles-anciens\/chaises-thonet\/chaises-parisiennes-anciennes-de-style-cafe-vers-1920-ensemble-de-4-pieces-am23013-s4-5\/#primaryimage"},"thumbnailUrl":"https:\/\/amaruoptim.stg.uzero.cat\/wp-content\/uploads\/2025\/07\/AM23013-S4-5-D-.jpg","datePublished":"2025-07-31T11:34:24+00:00","dateModified":"2025-07-31T15:37:42+00:00","description":"Chaises anciennes en bois de style caf\u00e9 parisien (vers 1920). Cr\u00e9ez vos nouveaux espaces. Imaginez une nouvelle maison. D\u00e9couvrez notre collection de pi\u00e8ces uniques.","breadcrumb":{"@id":"https:\/\/amaruoptim.stg.uzero.cat\/fr\/meubles-anciens\/chaises-thonet\/chaises-parisiennes-anciennes-de-style-cafe-vers-1920-ensemble-de-4-pieces-am23013-s4-5\/#breadcrumb"},"inLanguage":"fr-FR","potentialAction":[{"@type":"ReadAction","target":["https:\/\/amaruoptim.stg.uzero.cat\/fr\/meubles-anciens\/chaises-thonet\/chaises-parisiennes-anciennes-de-style-cafe-vers-1920-ensemble-de-4-pieces-am23013-s4-5\/"]}]},{"@type":"ImageObject","inLanguage":"fr-FR","@id":"https:\/\/amaruoptim.stg.uzero.cat\/fr\/meubles-anciens\/chaises-thonet\/chaises-parisiennes-anciennes-de-style-cafe-vers-1920-ensemble-de-4-pieces-am23013-s4-5\/#primaryimage","url":"https:\/\/amaruoptim.stg.uzero.cat\/wp-content\/uploads\/2025\/07\/AM23013-S4-5-D-.jpg","contentUrl":"https:\/\/amaruoptim.stg.uzero.cat\/wp-content\/uploads\/2025\/07\/AM23013-S4-5-D-.jpg","width":1600,"height":1600,"caption":"Sillas antiguas de estilo caf\u00e9 parisino (c.1920). Conjunto de 4 piezas #5"},{"@type":"BreadcrumbList","@id":"https:\/\/amaruoptim.stg.uzero.cat\/fr\/meubles-anciens\/chaises-thonet\/chaises-parisiennes-anciennes-de-style-cafe-vers-1920-ensemble-de-4-pieces-am23013-s4-5\/#breadcrumb","itemListElement":[{"@type":"ListItem","position":1,"name":"Accueil","item":"https:\/\/amaruantiques.com\/fr\/"},{"@type":"ListItem","position":2,"name":"Boutique","item":"https:\/\/amaruantiques.com\/fr\/boutique\/"},{"@type":"ListItem","position":3,"name":"Chaises parisiennes anciennes de style caf\u00e9 (vers 1920). Ensemble de 4 pi\u00e8ces n\u00b05"}]},{"@type":"WebSite","@id":"https:\/\/amaruantiques.com\/#website","url":"https:\/\/amaruantiques.com\/","name":"AMARU - Timeless Antiques","description":"Timeless antiques","publisher":{"@id":"https:\/\/amaruantiques.com\/#organization"},"potentialAction":[{"@type":"SearchAction","target":{"@type":"EntryPoint","urlTemplate":"https:\/\/amaruantiques.com\/?s={search_term_string}"},"query-input":{"@type":"PropertyValueSpecification","valueRequired":true,"valueName":"search_term_string"}}],"inLanguage":"fr-FR"},{"@type":"Organization","@id":"https:\/\/amaruantiques.com\/#organization","name":"AMARU","url":"https:\/\/amaruantiques.com\/","logo":{"@type":"ImageObject","inLanguage":"fr-FR","@id":"https:\/\/amaruantiques.com\/#\/schema\/logo\/image\/","url":"https:\/\/amaruoptim.stg.uzero.cat\/wp-content\/uploads\/2025\/04\/logo-AMARU.svg","contentUrl":"https:\/\/amaruoptim.stg.uzero.cat\/wp-content\/uploads\/2025\/04\/logo-AMARU.svg","caption":"AMARU"},"image":{"@id":"https:\/\/amaruantiques.com\/#\/schema\/logo\/image\/"}}]}},"_links":{"self":[{"href":"https:\/\/amaruoptim.stg.uzero.cat\/fr\/wp-json\/wp\/v2\/product\/247132","targetHints":{"allow":["GET"]}}],"collection":[{"href":"https:\/\/amaruoptim.stg.uzero.cat\/fr\/wp-json\/wp\/v2\/product"}],"about":[{"href":"https:\/\/amaruoptim.stg.uzero.cat\/fr\/wp-json\/wp\/v2\/types\/product"}],"wp:featuredmedia":[{"embeddable":true,"href":"https:\/\/amaruoptim.stg.uzero.cat\/fr\/wp-json\/wp\/v2\/media\/247162"}],"wp:attachment":[{"href":"https:\/\/amaruoptim.stg.uzero.cat\/fr\/wp-json\/wp\/v2\/media?parent=247132"}],"wp:term":[{"taxonomy":"product_brand","embeddable":true,"href":"https:\/\/amaruoptim.stg.uzero.cat\/fr\/wp-json\/wp\/v2\/product_brand?post=247132"},{"taxonomy":"product_cat","embeddable":true,"href":"https:\/\/amaruoptim.stg.uzero.cat\/fr\/wp-json\/wp\/v2\/product_cat?post=247132"},{"taxonomy":"product_tag","embeddable":true,"href":"https:\/\/amaruoptim.stg.uzero.cat\/fr\/wp-json\/wp\/v2\/product_tag?post=247132"}],"curies":[{"name":"wp","href":"https:\/\/api.w.org\/{rel}","templated":true}]}}