{"id":247105,"date":"2025-07-31T13:21:52","date_gmt":"2025-07-31T11:21:52","guid":{"rendered":"https:\/\/amaruantiques.com\/?post_type=product&#038;p=247105"},"modified":"2025-07-31T17:38:39","modified_gmt":"2025-07-31T15:38:39","slug":"chaises-thonet-mundus-en-bois-courbe-vers-1920-ensemble-de-4-pieces-am23013-s4-3","status":"publish","type":"product","link":"https:\/\/amaruoptim.stg.uzero.cat\/fr\/meubles-anciens\/chaises-thonet\/chaises-thonet-mundus-en-bois-courbe-vers-1920-ensemble-de-4-pieces-am23013-s4-3\/","title":{"rendered":"Chaises Thonet-Mundus en bois courb\u00e9 (vers 1920). Ensemble de 4 pi\u00e8ces n\u00b03"},"content":{"rendered":"<p><strong>Chaises Thonet-Mundus en bois courb\u00e9<\/strong> (c.1920)<\/p>\n<ul>\n<li><b>Dimensions : <\/b>\n<ul>\n<li>Chaise n\u00b01 : Longueur : 44 cm Profondeur : 41 cm Hauteur : 90 cm Assise : 47 cm<\/li>\n<li>Chaise n\u00b02 : Longueur : 42 cm Profondeur : 41 cm Hauteur : 90 cm Assise : 47 cm<\/li>\n<li>Chaise n\u00b03 : Longueur : 44 cm Profondeur : 41 cm Hauteur : 90 cm Assise : 47 cm<\/li>\n<li>Chaise n\u00b04 : Longueur : 44 cm Profondeur : 42 cm Hauteur : 90 cm Assise : 48 cm<\/li>\n<\/ul>\n<\/li>\n<li><b>Style :<\/b> S\u00e9cession viennoise<\/li>\n<li><b>Mat\u00e9riaux et techniques :<\/b> H\u00eatre, bois courb\u00e9<\/li>\n<li><b>Lieu d&#8217;origine :<\/b> Europe centrale<\/li>\n<li><b>P\u00e9riode :<\/b> D\u00e9but du 20e si\u00e8cle<\/li>\n<li><b>Date de fabrication :<\/b> Vers 1900<\/li>\n<li><b>\u00c9tat :<\/b> Bon. L&#8217;usure correspond \u00e0 l&#8217;\u00e2ge et \u00e0 l&#8217;utilisation.<\/li>\n<\/ul>\n<p>Il s&#8217;agit sans aucun doute de chaises Thonet authentiques ; bien que la plupart d&#8217;entre elles ne portent plus de marques ou de cachets d&#8217;identification, deux d&#8217;entre elles portent encore l&#8217;\u00e9tiquette Mundus d&#8217;origine.<\/p>\n<p>Il est en excellent \u00e9tat de conservation, \u00e0 l&#8217;exception des imperfections caract\u00e9ristiques de toute antiquit\u00e9, dues au passage du temps.<\/p>\n<p>Ajoutez une touche d&#8217;originalit\u00e9 \u00e0 votre int\u00e9rieur avec ces pi\u00e8ces uniques, qui se marient avec le style contemporain et apportent de la personnalit\u00e9 \u00e0 votre int\u00e9rieur. Cet ensemble de chaises anciennes en bois courb\u00e9 peut \u00eatre combin\u00e9 avec l&#8217;un de nos <a href=\"https:\/\/amaruantiques.com\/fr\/categorie-de-produit\/ilots-de-cuisine-anciennes\/\">\u00eelots de cuisine<\/a> ou avec nos <a href=\"https:\/\/amaruantiques.com\/fr\/categorie-de-produit\/coussins-en-lin\/\">coussins en lin ancien <\/a>disponibles.<\/p>\n<p><em>PI\u00c8CES UNIQUES<\/em><\/p>\n","protected":false},"excerpt":{"rendered":"<p>Chaises Thonet-Mundus en bois courb\u00e9 (c.1920) Dimensions : Chaise n\u00b01 : Longueur : 44 cm Profondeur : 41 cm Hauteur : 90 cm Assise : 47 cm Chaise n\u00b02 : Longueur : 42 cm Profondeur : 41 cm Hauteur : 90 cm Assise : 47 cm Chaise n\u00b03 : Longueur : 44 cm Profondeur : [&hellip;]<\/p>\n","protected":false},"featured_media":247129,"template":"","meta":[],"product_brand":[],"product_cat":[640],"product_tag":[],"class_list":{"0":"post-247105","1":"product","2":"type-product","3":"status-publish","4":"has-post-thumbnail","6":"product_cat-chaises-thonet","7":"product_shipping_class-gran-cargo-625-fr","9":"first","10":"instock","11":"taxable","12":"shipping-taxable","13":"purchasable","14":"product-type-simple"},"yoast_head":"<!-- This site is optimized with the Yoast SEO plugin v26.0 - https:\/\/yoast.com\/wordpress\/plugins\/seo\/ -->\n<title>Chaises anciennes | Chaises originales en bois courb\u00e9 | AMARU<\/title>\n<meta name=\"description\" content=\"Chaises anciennes Thonet-Mundus en bois courb\u00e9 (c.1920). Venez d\u00e9couvrir notre concept de mobilier ancien et vintage sur notre site internet...\" \/>\n<meta name=\"robots\" content=\"index, follow, max-snippet:-1, max-image-preview:large, max-video-preview:-1\" \/>\n<link rel=\"canonical\" href=\"https:\/\/amaruoptim.stg.uzero.cat\/fr\/meubles-anciens\/chaises-thonet\/chaises-thonet-mundus-en-bois-courbe-vers-1920-ensemble-de-4-pieces-am23013-s4-3\/\" \/>\n<meta property=\"og:locale\" content=\"fr_FR\" \/>\n<meta property=\"og:type\" content=\"article\" \/>\n<meta property=\"og:title\" content=\"Chaises anciennes | Chaises originales en bois courb\u00e9 | AMARU\" \/>\n<meta property=\"og:description\" content=\"Chaises anciennes Thonet-Mundus en bois courb\u00e9 (c.1920). Venez d\u00e9couvrir notre concept de mobilier ancien et vintage sur notre site internet...\" \/>\n<meta property=\"og:url\" content=\"https:\/\/amaruoptim.stg.uzero.cat\/fr\/meubles-anciens\/chaises-thonet\/chaises-thonet-mundus-en-bois-courbe-vers-1920-ensemble-de-4-pieces-am23013-s4-3\/\" \/>\n<meta property=\"og:site_name\" content=\"AMARU\" \/>\n<meta property=\"article:modified_time\" content=\"2025-07-31T15:38:39+00:00\" \/>\n<meta property=\"og:image\" content=\"https:\/\/amaruantiques.com\/wp-content\/uploads\/2025\/07\/AM23013-S4-3-D-.jpg\" \/>\n\t<meta property=\"og:image:width\" content=\"1600\" \/>\n\t<meta property=\"og:image:height\" content=\"1600\" \/>\n\t<meta property=\"og:image:type\" content=\"image\/jpeg\" \/>\n<meta name=\"twitter:card\" content=\"summary_large_image\" \/>\n<meta name=\"twitter:label1\" content=\"Dur\u00e9e de lecture estim\u00e9e\" \/>\n\t<meta name=\"twitter:data1\" content=\"2 minutes\" \/>\n<!-- \/ Yoast SEO plugin. -->","yoast_head_json":{"title":"Chaises anciennes | Chaises originales en bois courb\u00e9 | AMARU","description":"Chaises anciennes Thonet-Mundus en bois courb\u00e9 (c.1920). Venez d\u00e9couvrir notre concept de mobilier ancien et vintage sur notre site internet...","robots":{"index":"index","follow":"follow","max-snippet":"max-snippet:-1","max-image-preview":"max-image-preview:large","max-video-preview":"max-video-preview:-1"},"canonical":"https:\/\/amaruoptim.stg.uzero.cat\/fr\/meubles-anciens\/chaises-thonet\/chaises-thonet-mundus-en-bois-courbe-vers-1920-ensemble-de-4-pieces-am23013-s4-3\/","og_locale":"fr_FR","og_type":"article","og_title":"Chaises anciennes | Chaises originales en bois courb\u00e9 | AMARU","og_description":"Chaises anciennes Thonet-Mundus en bois courb\u00e9 (c.1920). Venez d\u00e9couvrir notre concept de mobilier ancien et vintage sur notre site internet...","og_url":"https:\/\/amaruoptim.stg.uzero.cat\/fr\/meubles-anciens\/chaises-thonet\/chaises-thonet-mundus-en-bois-courbe-vers-1920-ensemble-de-4-pieces-am23013-s4-3\/","og_site_name":"AMARU","article_modified_time":"2025-07-31T15:38:39+00:00","og_image":[{"width":1600,"height":1600,"url":"https:\/\/amaruantiques.com\/wp-content\/uploads\/2025\/07\/AM23013-S4-3-D-.jpg","type":"image\/jpeg"}],"twitter_card":"summary_large_image","twitter_misc":{"Dur\u00e9e de lecture estim\u00e9e":"2 minutes"},"schema":{"@context":"https:\/\/schema.org","@graph":[{"@type":"WebPage","@id":"https:\/\/amaruoptim.stg.uzero.cat\/fr\/meubles-anciens\/chaises-thonet\/chaises-thonet-mundus-en-bois-courbe-vers-1920-ensemble-de-4-pieces-am23013-s4-3\/","url":"https:\/\/amaruoptim.stg.uzero.cat\/fr\/meubles-anciens\/chaises-thonet\/chaises-thonet-mundus-en-bois-courbe-vers-1920-ensemble-de-4-pieces-am23013-s4-3\/","name":"Chaises anciennes | Chaises originales en bois courb\u00e9 | AMARU","isPartOf":{"@id":"https:\/\/amaruantiques.com\/#website"},"primaryImageOfPage":{"@id":"https:\/\/amaruoptim.stg.uzero.cat\/fr\/meubles-anciens\/chaises-thonet\/chaises-thonet-mundus-en-bois-courbe-vers-1920-ensemble-de-4-pieces-am23013-s4-3\/#primaryimage"},"image":{"@id":"https:\/\/amaruoptim.stg.uzero.cat\/fr\/meubles-anciens\/chaises-thonet\/chaises-thonet-mundus-en-bois-courbe-vers-1920-ensemble-de-4-pieces-am23013-s4-3\/#primaryimage"},"thumbnailUrl":"https:\/\/amaruoptim.stg.uzero.cat\/wp-content\/uploads\/2025\/07\/AM23013-S4-3-D-.jpg","datePublished":"2025-07-31T11:21:52+00:00","dateModified":"2025-07-31T15:38:39+00:00","description":"Chaises anciennes Thonet-Mundus en bois courb\u00e9 (c.1920). Venez d\u00e9couvrir notre concept de mobilier ancien et vintage sur notre site internet...","breadcrumb":{"@id":"https:\/\/amaruoptim.stg.uzero.cat\/fr\/meubles-anciens\/chaises-thonet\/chaises-thonet-mundus-en-bois-courbe-vers-1920-ensemble-de-4-pieces-am23013-s4-3\/#breadcrumb"},"inLanguage":"fr-FR","potentialAction":[{"@type":"ReadAction","target":["https:\/\/amaruoptim.stg.uzero.cat\/fr\/meubles-anciens\/chaises-thonet\/chaises-thonet-mundus-en-bois-courbe-vers-1920-ensemble-de-4-pieces-am23013-s4-3\/"]}]},{"@type":"ImageObject","inLanguage":"fr-FR","@id":"https:\/\/amaruoptim.stg.uzero.cat\/fr\/meubles-anciens\/chaises-thonet\/chaises-thonet-mundus-en-bois-courbe-vers-1920-ensemble-de-4-pieces-am23013-s4-3\/#primaryimage","url":"https:\/\/amaruoptim.stg.uzero.cat\/wp-content\/uploads\/2025\/07\/AM23013-S4-3-D-.jpg","contentUrl":"https:\/\/amaruoptim.stg.uzero.cat\/wp-content\/uploads\/2025\/07\/AM23013-S4-3-D-.jpg","width":1600,"height":1600,"caption":"Chaises Thonet-Mundus en bois courb\u00e9 (vers 1920). Ensemble de 4 pi\u00e8ces n\u00b03"},{"@type":"BreadcrumbList","@id":"https:\/\/amaruoptim.stg.uzero.cat\/fr\/meubles-anciens\/chaises-thonet\/chaises-thonet-mundus-en-bois-courbe-vers-1920-ensemble-de-4-pieces-am23013-s4-3\/#breadcrumb","itemListElement":[{"@type":"ListItem","position":1,"name":"Accueil","item":"https:\/\/amaruantiques.com\/fr\/"},{"@type":"ListItem","position":2,"name":"Boutique","item":"https:\/\/amaruantiques.com\/fr\/boutique\/"},{"@type":"ListItem","position":3,"name":"Chaises Thonet-Mundus en bois courb\u00e9 (vers 1920). Ensemble de 4 pi\u00e8ces n\u00b03"}]},{"@type":"WebSite","@id":"https:\/\/amaruantiques.com\/#website","url":"https:\/\/amaruantiques.com\/","name":"AMARU - Timeless Antiques","description":"Timeless antiques","publisher":{"@id":"https:\/\/amaruantiques.com\/#organization"},"potentialAction":[{"@type":"SearchAction","target":{"@type":"EntryPoint","urlTemplate":"https:\/\/amaruantiques.com\/?s={search_term_string}"},"query-input":{"@type":"PropertyValueSpecification","valueRequired":true,"valueName":"search_term_string"}}],"inLanguage":"fr-FR"},{"@type":"Organization","@id":"https:\/\/amaruantiques.com\/#organization","name":"AMARU","url":"https:\/\/amaruantiques.com\/","logo":{"@type":"ImageObject","inLanguage":"fr-FR","@id":"https:\/\/amaruantiques.com\/#\/schema\/logo\/image\/","url":"https:\/\/amaruoptim.stg.uzero.cat\/wp-content\/uploads\/2025\/04\/logo-AMARU.svg","contentUrl":"https:\/\/amaruoptim.stg.uzero.cat\/wp-content\/uploads\/2025\/04\/logo-AMARU.svg","caption":"AMARU"},"image":{"@id":"https:\/\/amaruantiques.com\/#\/schema\/logo\/image\/"}}]}},"_links":{"self":[{"href":"https:\/\/amaruoptim.stg.uzero.cat\/fr\/wp-json\/wp\/v2\/product\/247105","targetHints":{"allow":["GET"]}}],"collection":[{"href":"https:\/\/amaruoptim.stg.uzero.cat\/fr\/wp-json\/wp\/v2\/product"}],"about":[{"href":"https:\/\/amaruoptim.stg.uzero.cat\/fr\/wp-json\/wp\/v2\/types\/product"}],"wp:featuredmedia":[{"embeddable":true,"href":"https:\/\/amaruoptim.stg.uzero.cat\/fr\/wp-json\/wp\/v2\/media\/247129"}],"wp:attachment":[{"href":"https:\/\/amaruoptim.stg.uzero.cat\/fr\/wp-json\/wp\/v2\/media?parent=247105"}],"wp:term":[{"taxonomy":"product_brand","embeddable":true,"href":"https:\/\/amaruoptim.stg.uzero.cat\/fr\/wp-json\/wp\/v2\/product_brand?post=247105"},{"taxonomy":"product_cat","embeddable":true,"href":"https:\/\/amaruoptim.stg.uzero.cat\/fr\/wp-json\/wp\/v2\/product_cat?post=247105"},{"taxonomy":"product_tag","embeddable":true,"href":"https:\/\/amaruoptim.stg.uzero.cat\/fr\/wp-json\/wp\/v2\/product_tag?post=247105"}],"curies":[{"name":"wp","href":"https:\/\/api.w.org\/{rel}","templated":true}]}}