{"id":246469,"date":"2025-07-30T15:44:26","date_gmt":"2025-07-30T13:44:26","guid":{"rendered":"https:\/\/amaruantiques.com\/?post_type=product&#038;p=246469"},"modified":"2025-09-17T12:09:34","modified_gmt":"2025-09-17T10:09:34","slug":"comptoir-de-magasin-ancien-avec-portes-vitrees-vers-1920-am24014","status":"publish","type":"product","link":"https:\/\/amaruoptim.stg.uzero.cat\/fr\/meubles-anciens\/buffets-anciens\/comptoir-de-magasin-ancien-avec-portes-vitrees-vers-1920-am24014\/","title":{"rendered":"Comptoir de magasin ancien avec portes vitr\u00e9es (vers 1920) #14"},"content":{"rendered":"<p><strong>Comptoir de magasin ancien avec portes vitr\u00e9es et bloc-tiroirs \u00e0 l&#8217;arri\u00e8re<\/strong> (vers 1920)<\/p>\n<ul>\n<li><strong>Dimensions : <\/strong>Longueur : 153 cm Profondeur : 74 cm Hauteur : 89 cm<\/li>\n<li><strong>Style :<\/strong> Industriel<\/li>\n<li><strong>Mat\u00e9riaux et techniques :<\/strong> Bois de pin, verre<\/li>\n<li><strong>Lieu d&#8217;origine :<\/strong> Europe centrale<\/li>\n<li><strong>P\u00e9riode :<\/strong> D\u00e9but du 20e si\u00e8cle<\/li>\n<li><strong>Date de fabrication :<\/strong> Vers 1900<\/li>\n<li><strong>\u00c9tat :<\/strong> Bon. L&#8217;usure correspond \u00e0 l&#8217;\u00e2ge et \u00e0 l&#8217;utilisation.<\/li>\n<\/ul>\n<p>Il est en excellent \u00e9tat de conservation, \u00e0 l&#8217;exception des imperfections caract\u00e9ristiques de toute antiquit\u00e9, dues au passage du temps.<\/p>\n<p>Ajoutez une touche d&#8217;originalit\u00e9 \u00e0 votre int\u00e9rieur avec cette pi\u00e8ce unique, qui se fond dans le style contemporain et donne de la personnalit\u00e9 \u00e0 votre int\u00e9rieur. Ce comptoir de magasin antique peut \u00eatre combin\u00e9 avec l&#8217;une de <a href=\"https:\/\/amaruantiques.com\/fr\/categorie-de-produit\/malles-anciennes\/\">nos malles <\/a>ou avec nos <a href=\"https:\/\/amaruantiques.com\/fr\/categorie-de-produit\/chaises-thonet\/\">chaises Thonet anciennes<\/a> disponibles.<\/p>\n<p><em>PI\u00c8CE UNIQUE<\/em><\/p>\n","protected":false},"excerpt":{"rendered":"<p>Comptoir de magasin ancien avec portes vitr\u00e9es et bloc-tiroirs \u00e0 l&#8217;arri\u00e8re (vers 1920) Dimensions : Longueur : 153 cm Profondeur : 74 cm Hauteur : 89 cm Style : Industriel Mat\u00e9riaux et techniques : Bois de pin, verre Lieu d&#8217;origine : Europe centrale P\u00e9riode : D\u00e9but du 20e si\u00e8cle Date de fabrication : Vers 1900 [&hellip;]<\/p>\n","protected":false},"featured_media":246490,"template":"","meta":[],"product_brand":[],"product_cat":[606,610,607,623],"product_tag":[],"class_list":{"0":"post-246469","1":"product","2":"type-product","3":"status-publish","4":"has-post-thumbnail","6":"product_cat-buffets-anciens","7":"product_cat-commodes-anciennes","8":"product_cat-armoires-anciennes","9":"product_cat-meubles-anciens-meubles-vintage","10":"product_shipping_class-gran-cargo-1200-fr","11":"pa_estilo-style-industriel","13":"first","14":"instock","15":"taxable","16":"shipping-taxable","17":"purchasable","18":"product-type-simple"},"yoast_head":"<!-- This site is optimized with the Yoast SEO plugin v26.0 - https:\/\/yoast.com\/wordpress\/plugins\/seo\/ -->\n<title>Comptoir de magasin | Comptoir en bois | AMARU<\/title>\n<meta name=\"description\" content=\"Comptoir de magasin ancien avec portes vitr\u00e9es et bloc-tiroirs \u00e0 l&#039;arri\u00e8re (vers 1920). Ouvre la porte \u00e0 un monde de voyages et de pi\u00e8ces uniques du monde entier.\" \/>\n<meta name=\"robots\" content=\"index, follow, max-snippet:-1, max-image-preview:large, max-video-preview:-1\" \/>\n<link rel=\"canonical\" href=\"https:\/\/amaruoptim.stg.uzero.cat\/fr\/meubles-anciens\/buffets-anciens\/comptoir-de-magasin-ancien-avec-portes-vitrees-vers-1920-am24014\/\" \/>\n<meta property=\"og:locale\" content=\"fr_FR\" \/>\n<meta property=\"og:type\" content=\"article\" \/>\n<meta property=\"og:title\" content=\"Comptoir de magasin | Comptoir en bois | AMARU\" \/>\n<meta property=\"og:description\" content=\"Comptoir de magasin ancien avec portes vitr\u00e9es et bloc-tiroirs \u00e0 l&#039;arri\u00e8re (vers 1920). Ouvre la porte \u00e0 un monde de voyages et de pi\u00e8ces uniques du monde entier.\" \/>\n<meta property=\"og:url\" content=\"https:\/\/amaruoptim.stg.uzero.cat\/fr\/meubles-anciens\/buffets-anciens\/comptoir-de-magasin-ancien-avec-portes-vitrees-vers-1920-am24014\/\" \/>\n<meta property=\"og:site_name\" content=\"AMARU\" \/>\n<meta property=\"article:modified_time\" content=\"2025-09-17T10:09:34+00:00\" \/>\n<meta property=\"og:image\" content=\"https:\/\/amaruantiques.com\/wp-content\/uploads\/2025\/07\/AM24014-D-8.jpg\" \/>\n\t<meta property=\"og:image:width\" content=\"1600\" \/>\n\t<meta property=\"og:image:height\" content=\"1200\" \/>\n\t<meta property=\"og:image:type\" content=\"image\/jpeg\" \/>\n<meta name=\"twitter:card\" content=\"summary_large_image\" \/>\n<meta name=\"twitter:label1\" content=\"Dur\u00e9e de lecture estim\u00e9e\" \/>\n\t<meta name=\"twitter:data1\" content=\"1 minute\" \/>\n<!-- \/ Yoast SEO plugin. -->","yoast_head_json":{"title":"Comptoir de magasin | Comptoir en bois | AMARU","description":"Comptoir de magasin ancien avec portes vitr\u00e9es et bloc-tiroirs \u00e0 l'arri\u00e8re (vers 1920). Ouvre la porte \u00e0 un monde de voyages et de pi\u00e8ces uniques du monde entier.","robots":{"index":"index","follow":"follow","max-snippet":"max-snippet:-1","max-image-preview":"max-image-preview:large","max-video-preview":"max-video-preview:-1"},"canonical":"https:\/\/amaruoptim.stg.uzero.cat\/fr\/meubles-anciens\/buffets-anciens\/comptoir-de-magasin-ancien-avec-portes-vitrees-vers-1920-am24014\/","og_locale":"fr_FR","og_type":"article","og_title":"Comptoir de magasin | Comptoir en bois | AMARU","og_description":"Comptoir de magasin ancien avec portes vitr\u00e9es et bloc-tiroirs \u00e0 l'arri\u00e8re (vers 1920). Ouvre la porte \u00e0 un monde de voyages et de pi\u00e8ces uniques du monde entier.","og_url":"https:\/\/amaruoptim.stg.uzero.cat\/fr\/meubles-anciens\/buffets-anciens\/comptoir-de-magasin-ancien-avec-portes-vitrees-vers-1920-am24014\/","og_site_name":"AMARU","article_modified_time":"2025-09-17T10:09:34+00:00","og_image":[{"width":1600,"height":1200,"url":"https:\/\/amaruantiques.com\/wp-content\/uploads\/2025\/07\/AM24014-D-8.jpg","type":"image\/jpeg"}],"twitter_card":"summary_large_image","twitter_misc":{"Dur\u00e9e de lecture estim\u00e9e":"1 minute"},"schema":{"@context":"https:\/\/schema.org","@graph":[{"@type":"WebPage","@id":"https:\/\/amaruoptim.stg.uzero.cat\/fr\/meubles-anciens\/buffets-anciens\/comptoir-de-magasin-ancien-avec-portes-vitrees-vers-1920-am24014\/","url":"https:\/\/amaruoptim.stg.uzero.cat\/fr\/meubles-anciens\/buffets-anciens\/comptoir-de-magasin-ancien-avec-portes-vitrees-vers-1920-am24014\/","name":"Comptoir de magasin | Comptoir en bois | AMARU","isPartOf":{"@id":"https:\/\/amaruantiques.com\/#website"},"primaryImageOfPage":{"@id":"https:\/\/amaruoptim.stg.uzero.cat\/fr\/meubles-anciens\/buffets-anciens\/comptoir-de-magasin-ancien-avec-portes-vitrees-vers-1920-am24014\/#primaryimage"},"image":{"@id":"https:\/\/amaruoptim.stg.uzero.cat\/fr\/meubles-anciens\/buffets-anciens\/comptoir-de-magasin-ancien-avec-portes-vitrees-vers-1920-am24014\/#primaryimage"},"thumbnailUrl":"https:\/\/amaruoptim.stg.uzero.cat\/wp-content\/uploads\/2025\/07\/AM24014-D-8.jpg","datePublished":"2025-07-30T13:44:26+00:00","dateModified":"2025-09-17T10:09:34+00:00","description":"Comptoir de magasin ancien avec portes vitr\u00e9es et bloc-tiroirs \u00e0 l'arri\u00e8re (vers 1920). Ouvre la porte \u00e0 un monde de voyages et de pi\u00e8ces uniques du monde entier.","breadcrumb":{"@id":"https:\/\/amaruoptim.stg.uzero.cat\/fr\/meubles-anciens\/buffets-anciens\/comptoir-de-magasin-ancien-avec-portes-vitrees-vers-1920-am24014\/#breadcrumb"},"inLanguage":"fr-FR","potentialAction":[{"@type":"ReadAction","target":["https:\/\/amaruoptim.stg.uzero.cat\/fr\/meubles-anciens\/buffets-anciens\/comptoir-de-magasin-ancien-avec-portes-vitrees-vers-1920-am24014\/"]}]},{"@type":"ImageObject","inLanguage":"fr-FR","@id":"https:\/\/amaruoptim.stg.uzero.cat\/fr\/meubles-anciens\/buffets-anciens\/comptoir-de-magasin-ancien-avec-portes-vitrees-vers-1920-am24014\/#primaryimage","url":"https:\/\/amaruoptim.stg.uzero.cat\/wp-content\/uploads\/2025\/07\/AM24014-D-8.jpg","contentUrl":"https:\/\/amaruoptim.stg.uzero.cat\/wp-content\/uploads\/2025\/07\/AM24014-D-8.jpg","width":1600,"height":1200,"caption":"Comptoir de magasin ancien avec portes vitr\u00e9es et bloc-tiroirs arri\u00e8re (vers 1920) #14"},{"@type":"BreadcrumbList","@id":"https:\/\/amaruoptim.stg.uzero.cat\/fr\/meubles-anciens\/buffets-anciens\/comptoir-de-magasin-ancien-avec-portes-vitrees-vers-1920-am24014\/#breadcrumb","itemListElement":[{"@type":"ListItem","position":1,"name":"Accueil","item":"https:\/\/amaruantiques.com\/fr\/"},{"@type":"ListItem","position":2,"name":"Boutique","item":"https:\/\/amaruantiques.com\/fr\/boutique\/"},{"@type":"ListItem","position":3,"name":"Comptoir de magasin ancien avec portes vitr\u00e9es (vers 1920) #14"}]},{"@type":"WebSite","@id":"https:\/\/amaruantiques.com\/#website","url":"https:\/\/amaruantiques.com\/","name":"AMARU - Timeless Antiques","description":"Timeless antiques","publisher":{"@id":"https:\/\/amaruantiques.com\/#organization"},"potentialAction":[{"@type":"SearchAction","target":{"@type":"EntryPoint","urlTemplate":"https:\/\/amaruantiques.com\/?s={search_term_string}"},"query-input":{"@type":"PropertyValueSpecification","valueRequired":true,"valueName":"search_term_string"}}],"inLanguage":"fr-FR"},{"@type":"Organization","@id":"https:\/\/amaruantiques.com\/#organization","name":"AMARU","url":"https:\/\/amaruantiques.com\/","logo":{"@type":"ImageObject","inLanguage":"fr-FR","@id":"https:\/\/amaruantiques.com\/#\/schema\/logo\/image\/","url":"https:\/\/amaruoptim.stg.uzero.cat\/wp-content\/uploads\/2025\/04\/logo-AMARU.svg","contentUrl":"https:\/\/amaruoptim.stg.uzero.cat\/wp-content\/uploads\/2025\/04\/logo-AMARU.svg","caption":"AMARU"},"image":{"@id":"https:\/\/amaruantiques.com\/#\/schema\/logo\/image\/"}}]}},"_links":{"self":[{"href":"https:\/\/amaruoptim.stg.uzero.cat\/fr\/wp-json\/wp\/v2\/product\/246469","targetHints":{"allow":["GET"]}}],"collection":[{"href":"https:\/\/amaruoptim.stg.uzero.cat\/fr\/wp-json\/wp\/v2\/product"}],"about":[{"href":"https:\/\/amaruoptim.stg.uzero.cat\/fr\/wp-json\/wp\/v2\/types\/product"}],"wp:featuredmedia":[{"embeddable":true,"href":"https:\/\/amaruoptim.stg.uzero.cat\/fr\/wp-json\/wp\/v2\/media\/246490"}],"wp:attachment":[{"href":"https:\/\/amaruoptim.stg.uzero.cat\/fr\/wp-json\/wp\/v2\/media?parent=246469"}],"wp:term":[{"taxonomy":"product_brand","embeddable":true,"href":"https:\/\/amaruoptim.stg.uzero.cat\/fr\/wp-json\/wp\/v2\/product_brand?post=246469"},{"taxonomy":"product_cat","embeddable":true,"href":"https:\/\/amaruoptim.stg.uzero.cat\/fr\/wp-json\/wp\/v2\/product_cat?post=246469"},{"taxonomy":"product_tag","embeddable":true,"href":"https:\/\/amaruoptim.stg.uzero.cat\/fr\/wp-json\/wp\/v2\/product_tag?post=246469"}],"curies":[{"name":"wp","href":"https:\/\/api.w.org\/{rel}","templated":true}]}}