{"id":246235,"date":"2025-07-30T13:47:59","date_gmt":"2025-07-30T11:47:59","guid":{"rendered":"https:\/\/amaruantiques.com\/?post_type=product&#038;p=246235"},"modified":"2025-07-31T17:45:10","modified_gmt":"2025-07-31T15:45:10","slug":"commode-ancienne-blanche-c-1920-am23047","status":"publish","type":"product","link":"https:\/\/amaruoptim.stg.uzero.cat\/fr\/meubles-anciens\/commodes-anciennes\/commode-ancienne-blanche-c-1920-am23047\/","title":{"rendered":"Commode ancienne blanche (c.1920) #47"},"content":{"rendered":"<p><strong>Commode blanche ancienne<\/strong> (vers 1920)<\/p>\n<ul>\n<li><strong>Dimensions : <\/strong>Longueur : 126 cm Profondeur : 60 cm Hauteur : 121 cm<\/li>\n<li><strong>Style :<\/strong> Fran\u00e7ais proven\u00e7al<\/li>\n<li><strong>Mat\u00e9riaux et techniques :<\/strong> Bois de pin<\/li>\n<li><strong>Lieu d&#8217;origine :<\/strong> Europe centrale<\/li>\n<li><strong>P\u00e9riode :<\/strong> D\u00e9but du 20e si\u00e8cle<\/li>\n<li><strong>Date de fabrication :<\/strong> Vers 1900<\/li>\n<li><strong>\u00c9tat :<\/strong> Bon. L&#8217;usure correspond \u00e0 l&#8217;\u00e2ge et \u00e0 l&#8217;utilisation.<\/li>\n<\/ul>\n<p>Il est en excellent \u00e9tat de conservation, \u00e0 l&#8217;exception des imperfections caract\u00e9ristiques de toute antiquit\u00e9, dues au passage du temps.<\/p>\n<p>Ajoutez une touche d&#8217;originalit\u00e9 \u00e0 votre int\u00e9rieur avec cette pi\u00e8ce unique, qui se fond dans le style contemporain et donne de la personnalit\u00e9 \u00e0 votre int\u00e9rieur. Cette commode blanche ancienne peut \u00eatre combin\u00e9e avec l&#8217;une de nos<a href=\"\/categoria-producto\/sillas-thonet\/\"> chaises Thonet<\/a> ou avec nos<a href=\"\/categoria-producto\/jarrones-antiguos\/\"> vases anciens <\/a>disponibles.<\/p>\n<p><em>PI\u00c8CE UNIQUE<\/em><\/p>\n","protected":false},"excerpt":{"rendered":"<p>Commode blanche ancienne (vers 1920) Dimensions : Longueur : 126 cm Profondeur : 60 cm Hauteur : 121 cm Style : Fran\u00e7ais proven\u00e7al Mat\u00e9riaux et techniques : Bois de pin Lieu d&#8217;origine : Europe centrale P\u00e9riode : D\u00e9but du 20e si\u00e8cle Date de fabrication : Vers 1900 \u00c9tat : Bon. L&#8217;usure correspond \u00e0 l&#8217;\u00e2ge et [&hellip;]<\/p>\n","protected":false},"featured_media":246265,"template":"","meta":[],"product_brand":[],"product_cat":[610],"product_tag":[],"class_list":{"0":"post-246235","1":"product","2":"type-product","3":"status-publish","4":"has-post-thumbnail","6":"product_cat-commodes-anciennes","7":"product_shipping_class-gran-cargo-1200-fr","8":"pa_estilo-provencal-francais","10":"first","11":"instock","12":"taxable","13":"shipping-taxable","14":"purchasable","15":"product-type-simple"},"yoast_head":"<!-- This site is optimized with the Yoast SEO plugin v26.0 - https:\/\/yoast.com\/wordpress\/plugins\/seo\/ -->\n<title>Commode ancienne blanche | Commode ancienne | AMARU ANTIQUES<\/title>\n<meta name=\"description\" content=\"Commode blanche ancienne (c.1920) Vous souhaitez d\u00e9couvrir d&#039;autres pi\u00e8ces uniques et meubles anciens? Nous vous guidons \u00e0 travers notre oasis d&#039;antiquit\u00e9s et de pi\u00e8ces vintage.\" \/>\n<meta name=\"robots\" content=\"index, follow, max-snippet:-1, max-image-preview:large, max-video-preview:-1\" \/>\n<link rel=\"canonical\" href=\"https:\/\/amaruoptim.stg.uzero.cat\/fr\/meubles-anciens\/commodes-anciennes\/commode-ancienne-blanche-c-1920-am23047\/\" \/>\n<meta property=\"og:locale\" content=\"fr_FR\" \/>\n<meta property=\"og:type\" content=\"article\" \/>\n<meta property=\"og:title\" content=\"Commode ancienne blanche | Commode ancienne | AMARU ANTIQUES\" \/>\n<meta property=\"og:description\" content=\"Commode blanche ancienne (c.1920) Vous souhaitez d\u00e9couvrir d&#039;autres pi\u00e8ces uniques et meubles anciens? Nous vous guidons \u00e0 travers notre oasis d&#039;antiquit\u00e9s et de pi\u00e8ces vintage.\" \/>\n<meta property=\"og:url\" content=\"https:\/\/amaruoptim.stg.uzero.cat\/fr\/meubles-anciens\/commodes-anciennes\/commode-ancienne-blanche-c-1920-am23047\/\" \/>\n<meta property=\"og:site_name\" content=\"AMARU\" \/>\n<meta property=\"article:modified_time\" content=\"2025-07-31T15:45:10+00:00\" \/>\n<meta property=\"og:image\" content=\"https:\/\/amaruantiques.com\/wp-content\/uploads\/2025\/07\/AM23047-D-.jpg\" \/>\n\t<meta property=\"og:image:width\" content=\"1600\" \/>\n\t<meta property=\"og:image:height\" content=\"1600\" \/>\n\t<meta property=\"og:image:type\" content=\"image\/jpeg\" \/>\n<meta name=\"twitter:card\" content=\"summary_large_image\" \/>\n<meta name=\"twitter:label1\" content=\"Dur\u00e9e de lecture estim\u00e9e\" \/>\n\t<meta name=\"twitter:data1\" content=\"1 minute\" \/>\n<!-- \/ Yoast SEO plugin. -->","yoast_head_json":{"title":"Commode ancienne blanche | Commode ancienne | AMARU ANTIQUES","description":"Commode blanche ancienne (c.1920) Vous souhaitez d\u00e9couvrir d'autres pi\u00e8ces uniques et meubles anciens? Nous vous guidons \u00e0 travers notre oasis d'antiquit\u00e9s et de pi\u00e8ces vintage.","robots":{"index":"index","follow":"follow","max-snippet":"max-snippet:-1","max-image-preview":"max-image-preview:large","max-video-preview":"max-video-preview:-1"},"canonical":"https:\/\/amaruoptim.stg.uzero.cat\/fr\/meubles-anciens\/commodes-anciennes\/commode-ancienne-blanche-c-1920-am23047\/","og_locale":"fr_FR","og_type":"article","og_title":"Commode ancienne blanche | Commode ancienne | AMARU ANTIQUES","og_description":"Commode blanche ancienne (c.1920) Vous souhaitez d\u00e9couvrir d'autres pi\u00e8ces uniques et meubles anciens? Nous vous guidons \u00e0 travers notre oasis d'antiquit\u00e9s et de pi\u00e8ces vintage.","og_url":"https:\/\/amaruoptim.stg.uzero.cat\/fr\/meubles-anciens\/commodes-anciennes\/commode-ancienne-blanche-c-1920-am23047\/","og_site_name":"AMARU","article_modified_time":"2025-07-31T15:45:10+00:00","og_image":[{"width":1600,"height":1600,"url":"https:\/\/amaruantiques.com\/wp-content\/uploads\/2025\/07\/AM23047-D-.jpg","type":"image\/jpeg"}],"twitter_card":"summary_large_image","twitter_misc":{"Dur\u00e9e de lecture estim\u00e9e":"1 minute"},"schema":{"@context":"https:\/\/schema.org","@graph":[{"@type":"WebPage","@id":"https:\/\/amaruoptim.stg.uzero.cat\/fr\/meubles-anciens\/commodes-anciennes\/commode-ancienne-blanche-c-1920-am23047\/","url":"https:\/\/amaruoptim.stg.uzero.cat\/fr\/meubles-anciens\/commodes-anciennes\/commode-ancienne-blanche-c-1920-am23047\/","name":"Commode ancienne blanche | Commode ancienne | AMARU ANTIQUES","isPartOf":{"@id":"https:\/\/amaruantiques.com\/#website"},"primaryImageOfPage":{"@id":"https:\/\/amaruoptim.stg.uzero.cat\/fr\/meubles-anciens\/commodes-anciennes\/commode-ancienne-blanche-c-1920-am23047\/#primaryimage"},"image":{"@id":"https:\/\/amaruoptim.stg.uzero.cat\/fr\/meubles-anciens\/commodes-anciennes\/commode-ancienne-blanche-c-1920-am23047\/#primaryimage"},"thumbnailUrl":"https:\/\/amaruoptim.stg.uzero.cat\/wp-content\/uploads\/2025\/07\/AM23047-D-.jpg","datePublished":"2025-07-30T11:47:59+00:00","dateModified":"2025-07-31T15:45:10+00:00","description":"Commode blanche ancienne (c.1920) Vous souhaitez d\u00e9couvrir d'autres pi\u00e8ces uniques et meubles anciens? Nous vous guidons \u00e0 travers notre oasis d'antiquit\u00e9s et de pi\u00e8ces vintage.","breadcrumb":{"@id":"https:\/\/amaruoptim.stg.uzero.cat\/fr\/meubles-anciens\/commodes-anciennes\/commode-ancienne-blanche-c-1920-am23047\/#breadcrumb"},"inLanguage":"fr-FR","potentialAction":[{"@type":"ReadAction","target":["https:\/\/amaruoptim.stg.uzero.cat\/fr\/meubles-anciens\/commodes-anciennes\/commode-ancienne-blanche-c-1920-am23047\/"]}]},{"@type":"ImageObject","inLanguage":"fr-FR","@id":"https:\/\/amaruoptim.stg.uzero.cat\/fr\/meubles-anciens\/commodes-anciennes\/commode-ancienne-blanche-c-1920-am23047\/#primaryimage","url":"https:\/\/amaruoptim.stg.uzero.cat\/wp-content\/uploads\/2025\/07\/AM23047-D-.jpg","contentUrl":"https:\/\/amaruoptim.stg.uzero.cat\/wp-content\/uploads\/2025\/07\/AM23047-D-.jpg","width":1600,"height":1600,"caption":"Commode ancienne blanche (c.1920) #47"},{"@type":"BreadcrumbList","@id":"https:\/\/amaruoptim.stg.uzero.cat\/fr\/meubles-anciens\/commodes-anciennes\/commode-ancienne-blanche-c-1920-am23047\/#breadcrumb","itemListElement":[{"@type":"ListItem","position":1,"name":"Accueil","item":"https:\/\/amaruantiques.com\/fr\/"},{"@type":"ListItem","position":2,"name":"Boutique","item":"https:\/\/amaruantiques.com\/fr\/boutique\/"},{"@type":"ListItem","position":3,"name":"Commode ancienne blanche (c.1920) #47"}]},{"@type":"WebSite","@id":"https:\/\/amaruantiques.com\/#website","url":"https:\/\/amaruantiques.com\/","name":"AMARU - Timeless Antiques","description":"Timeless antiques","publisher":{"@id":"https:\/\/amaruantiques.com\/#organization"},"potentialAction":[{"@type":"SearchAction","target":{"@type":"EntryPoint","urlTemplate":"https:\/\/amaruantiques.com\/?s={search_term_string}"},"query-input":{"@type":"PropertyValueSpecification","valueRequired":true,"valueName":"search_term_string"}}],"inLanguage":"fr-FR"},{"@type":"Organization","@id":"https:\/\/amaruantiques.com\/#organization","name":"AMARU","url":"https:\/\/amaruantiques.com\/","logo":{"@type":"ImageObject","inLanguage":"fr-FR","@id":"https:\/\/amaruantiques.com\/#\/schema\/logo\/image\/","url":"https:\/\/amaruoptim.stg.uzero.cat\/wp-content\/uploads\/2025\/04\/logo-AMARU.svg","contentUrl":"https:\/\/amaruoptim.stg.uzero.cat\/wp-content\/uploads\/2025\/04\/logo-AMARU.svg","caption":"AMARU"},"image":{"@id":"https:\/\/amaruantiques.com\/#\/schema\/logo\/image\/"}}]}},"_links":{"self":[{"href":"https:\/\/amaruoptim.stg.uzero.cat\/fr\/wp-json\/wp\/v2\/product\/246235","targetHints":{"allow":["GET"]}}],"collection":[{"href":"https:\/\/amaruoptim.stg.uzero.cat\/fr\/wp-json\/wp\/v2\/product"}],"about":[{"href":"https:\/\/amaruoptim.stg.uzero.cat\/fr\/wp-json\/wp\/v2\/types\/product"}],"wp:featuredmedia":[{"embeddable":true,"href":"https:\/\/amaruoptim.stg.uzero.cat\/fr\/wp-json\/wp\/v2\/media\/246265"}],"wp:attachment":[{"href":"https:\/\/amaruoptim.stg.uzero.cat\/fr\/wp-json\/wp\/v2\/media?parent=246235"}],"wp:term":[{"taxonomy":"product_brand","embeddable":true,"href":"https:\/\/amaruoptim.stg.uzero.cat\/fr\/wp-json\/wp\/v2\/product_brand?post=246235"},{"taxonomy":"product_cat","embeddable":true,"href":"https:\/\/amaruoptim.stg.uzero.cat\/fr\/wp-json\/wp\/v2\/product_cat?post=246235"},{"taxonomy":"product_tag","embeddable":true,"href":"https:\/\/amaruoptim.stg.uzero.cat\/fr\/wp-json\/wp\/v2\/product_tag?post=246235"}],"curies":[{"name":"wp","href":"https:\/\/api.w.org\/{rel}","templated":true}]}}