{"id":246011,"date":"2025-07-25T16:37:37","date_gmt":"2025-07-25T14:37:37","guid":{"rendered":"https:\/\/amaruantiques.com\/?post_type=product&#038;p=246011"},"modified":"2025-07-29T18:05:12","modified_gmt":"2025-07-29T16:05:12","slug":"chaises-anciennes-en-bois-courbe-vers-1920-ensemble-de-4-pieces-am25037-s4-2","status":"publish","type":"product","link":"https:\/\/amaruoptim.stg.uzero.cat\/fr\/meubles-anciens\/chaises-thonet\/chaises-anciennes-en-bois-courbe-vers-1920-ensemble-de-4-pieces-am25037-s4-2\/","title":{"rendered":"Chaises anciennes en bois courb\u00e9 (vers 1920). Ensemble de 4 pi\u00e8ces n\u00b02"},"content":{"rendered":"<p><strong>Chaises anciennes en bois courb\u00e9<\/strong> (c.1920)<\/p>\n<ul>\n<li><b>Dimensions : <\/b>\n<ul>\n<li>Partie #1 : Longueur : 53 cm Profondeur : 41 cm Hauteur : 76 cm Assise : 48 cm<\/li>\n<li>Pi\u00e8ce n\u00b02 : Longueur : 51 cm Profondeur : 41 cm Hauteur : 78 cm Assise : 49 cm<\/li>\n<li>Pi\u00e8ce n\u00b03 : Longueur : 46 cm Profondeur : 41 cm Hauteur : 73 cm Assise : 47 cm<\/li>\n<li>Partie #4 : Longueur : 45 cm Profondeur : 41 cm Hauteur : 72 cm Si\u00e8ge : 47 cm<\/li>\n<\/ul>\n<\/li>\n<li><b>Style :<\/b> S\u00e9cession viennoise<\/li>\n<li><b>Mat\u00e9riaux et techniques :<\/b> H\u00eatre, bois courb\u00e9<\/li>\n<li><b>Lieu d&#8217;origine :<\/b> Europe centrale<\/li>\n<li><b>P\u00e9riode :<\/b> D\u00e9but du 20e si\u00e8cle<\/li>\n<li><b>Date de fabrication :<\/b> Vers 1900<\/li>\n<li><b>\u00c9tat :<\/b> Bon. L&#8217;usure correspond \u00e0 l&#8217;\u00e2ge et \u00e0 l&#8217;utilisation.<\/li>\n<\/ul>\n<p>Il s&#8217;agit sans aucun doute de v\u00e9ritables chaises Thonet, m\u00eame si aucun cachet ou marque n&#8217;atteste de leur authenticit\u00e9.<\/p>\n<p>Il est en excellent \u00e9tat de conservation, \u00e0 l&#8217;exception des imperfections caract\u00e9ristiques de toute antiquit\u00e9, dues au passage du temps.<\/p>\n<p>Ajoutez une touche d&#8217;originalit\u00e9 \u00e0 votre int\u00e9rieur avec ces pi\u00e8ces uniques, qui s&#8217;int\u00e8grent au style contemporain et donnent de la personnalit\u00e9 \u00e0 votre int\u00e9rieur. Ces chaises anciennes en bois courb\u00e9 peuvent \u00eatre associ\u00e9es \u00e0 l&#8217;une de nos <a href=\"https:\/\/amaruantiques.com\/fr\/categorie-de-produit\/commodes-anciennes\/\">commodes<\/a> ou \u00e0 l&#8217;une des <a href=\"https:\/\/amaruantiques.com\/fr\/categorie-de-produit\/tables-a-manger-et-de-cuisine\/\">tables de salle \u00e0 manger anciennes<\/a> disponibles.<\/p>\n<p><em>PI\u00c8CES UNIQUES<\/em><\/p>\n","protected":false},"excerpt":{"rendered":"<p>Chaises anciennes en bois courb\u00e9 (c.1920) Dimensions : Partie #1 : Longueur : 53 cm Profondeur : 41 cm Hauteur : 76 cm Assise : 48 cm Pi\u00e8ce n\u00b02 : Longueur : 51 cm Profondeur : 41 cm Hauteur : 78 cm Assise : 49 cm Pi\u00e8ce n\u00b03 : Longueur : 46 cm Profondeur : [&hellip;]<\/p>\n","protected":false},"featured_media":246038,"template":"","meta":[],"product_brand":[],"product_cat":[640],"product_tag":[],"class_list":{"0":"post-246011","1":"product","2":"type-product","3":"status-publish","4":"has-post-thumbnail","6":"product_cat-chaises-thonet","7":"product_shipping_class-gran-cargo-750-fr","9":"first","10":"instock","11":"taxable","12":"shipping-taxable","13":"purchasable","14":"product-type-simple"},"yoast_head":"<!-- This site is optimized with the Yoast SEO plugin v26.0 - https:\/\/yoast.com\/wordpress\/plugins\/seo\/ -->\n<title>Chaises anciennes en bois courb\u00e9 | Chaises de salle \u00e0 manger | AMARU<\/title>\n<meta name=\"description\" content=\"Chaises anciennes en bois courb\u00e9 (vers 1920). D\u00e9couvrez notre collection, o\u00f9 chaque pi\u00e8ce refl\u00e8te son propre charme et ajoute une touche sp\u00e9ciale \u00e0 chaque espace.\" \/>\n<meta name=\"robots\" content=\"index, follow, max-snippet:-1, max-image-preview:large, max-video-preview:-1\" \/>\n<link rel=\"canonical\" href=\"https:\/\/amaruoptim.stg.uzero.cat\/fr\/meubles-anciens\/chaises-thonet\/chaises-anciennes-en-bois-courbe-vers-1920-ensemble-de-4-pieces-am25037-s4-2\/\" \/>\n<meta property=\"og:locale\" content=\"fr_FR\" \/>\n<meta property=\"og:type\" content=\"article\" \/>\n<meta property=\"og:title\" content=\"Chaises anciennes en bois courb\u00e9 | Chaises de salle \u00e0 manger | AMARU\" \/>\n<meta property=\"og:description\" content=\"Chaises anciennes en bois courb\u00e9 (vers 1920). D\u00e9couvrez notre collection, o\u00f9 chaque pi\u00e8ce refl\u00e8te son propre charme et ajoute une touche sp\u00e9ciale \u00e0 chaque espace.\" \/>\n<meta property=\"og:url\" content=\"https:\/\/amaruoptim.stg.uzero.cat\/fr\/meubles-anciens\/chaises-thonet\/chaises-anciennes-en-bois-courbe-vers-1920-ensemble-de-4-pieces-am25037-s4-2\/\" \/>\n<meta property=\"og:site_name\" content=\"AMARU\" \/>\n<meta property=\"article:modified_time\" content=\"2025-07-29T16:05:12+00:00\" \/>\n<meta property=\"og:image\" content=\"https:\/\/amaruantiques.com\/wp-content\/uploads\/2025\/07\/AM25037-S4-2-D-.jpg\" \/>\n\t<meta property=\"og:image:width\" content=\"1600\" \/>\n\t<meta property=\"og:image:height\" content=\"1600\" \/>\n\t<meta property=\"og:image:type\" content=\"image\/jpeg\" \/>\n<meta name=\"twitter:card\" content=\"summary_large_image\" \/>\n<meta name=\"twitter:label1\" content=\"Dur\u00e9e de lecture estim\u00e9e\" \/>\n\t<meta name=\"twitter:data1\" content=\"2 minutes\" \/>\n<!-- \/ Yoast SEO plugin. -->","yoast_head_json":{"title":"Chaises anciennes en bois courb\u00e9 | Chaises de salle \u00e0 manger | AMARU","description":"Chaises anciennes en bois courb\u00e9 (vers 1920). D\u00e9couvrez notre collection, o\u00f9 chaque pi\u00e8ce refl\u00e8te son propre charme et ajoute une touche sp\u00e9ciale \u00e0 chaque espace.","robots":{"index":"index","follow":"follow","max-snippet":"max-snippet:-1","max-image-preview":"max-image-preview:large","max-video-preview":"max-video-preview:-1"},"canonical":"https:\/\/amaruoptim.stg.uzero.cat\/fr\/meubles-anciens\/chaises-thonet\/chaises-anciennes-en-bois-courbe-vers-1920-ensemble-de-4-pieces-am25037-s4-2\/","og_locale":"fr_FR","og_type":"article","og_title":"Chaises anciennes en bois courb\u00e9 | Chaises de salle \u00e0 manger | AMARU","og_description":"Chaises anciennes en bois courb\u00e9 (vers 1920). D\u00e9couvrez notre collection, o\u00f9 chaque pi\u00e8ce refl\u00e8te son propre charme et ajoute une touche sp\u00e9ciale \u00e0 chaque espace.","og_url":"https:\/\/amaruoptim.stg.uzero.cat\/fr\/meubles-anciens\/chaises-thonet\/chaises-anciennes-en-bois-courbe-vers-1920-ensemble-de-4-pieces-am25037-s4-2\/","og_site_name":"AMARU","article_modified_time":"2025-07-29T16:05:12+00:00","og_image":[{"width":1600,"height":1600,"url":"https:\/\/amaruantiques.com\/wp-content\/uploads\/2025\/07\/AM25037-S4-2-D-.jpg","type":"image\/jpeg"}],"twitter_card":"summary_large_image","twitter_misc":{"Dur\u00e9e de lecture estim\u00e9e":"2 minutes"},"schema":{"@context":"https:\/\/schema.org","@graph":[{"@type":"WebPage","@id":"https:\/\/amaruoptim.stg.uzero.cat\/fr\/meubles-anciens\/chaises-thonet\/chaises-anciennes-en-bois-courbe-vers-1920-ensemble-de-4-pieces-am25037-s4-2\/","url":"https:\/\/amaruoptim.stg.uzero.cat\/fr\/meubles-anciens\/chaises-thonet\/chaises-anciennes-en-bois-courbe-vers-1920-ensemble-de-4-pieces-am25037-s4-2\/","name":"Chaises anciennes en bois courb\u00e9 | Chaises de salle \u00e0 manger | AMARU","isPartOf":{"@id":"https:\/\/amaruantiques.com\/#website"},"primaryImageOfPage":{"@id":"https:\/\/amaruoptim.stg.uzero.cat\/fr\/meubles-anciens\/chaises-thonet\/chaises-anciennes-en-bois-courbe-vers-1920-ensemble-de-4-pieces-am25037-s4-2\/#primaryimage"},"image":{"@id":"https:\/\/amaruoptim.stg.uzero.cat\/fr\/meubles-anciens\/chaises-thonet\/chaises-anciennes-en-bois-courbe-vers-1920-ensemble-de-4-pieces-am25037-s4-2\/#primaryimage"},"thumbnailUrl":"https:\/\/amaruoptim.stg.uzero.cat\/wp-content\/uploads\/2025\/07\/AM25037-S4-2-D-.jpg","datePublished":"2025-07-25T14:37:37+00:00","dateModified":"2025-07-29T16:05:12+00:00","description":"Chaises anciennes en bois courb\u00e9 (vers 1920). D\u00e9couvrez notre collection, o\u00f9 chaque pi\u00e8ce refl\u00e8te son propre charme et ajoute une touche sp\u00e9ciale \u00e0 chaque espace.","breadcrumb":{"@id":"https:\/\/amaruoptim.stg.uzero.cat\/fr\/meubles-anciens\/chaises-thonet\/chaises-anciennes-en-bois-courbe-vers-1920-ensemble-de-4-pieces-am25037-s4-2\/#breadcrumb"},"inLanguage":"fr-FR","potentialAction":[{"@type":"ReadAction","target":["https:\/\/amaruoptim.stg.uzero.cat\/fr\/meubles-anciens\/chaises-thonet\/chaises-anciennes-en-bois-courbe-vers-1920-ensemble-de-4-pieces-am25037-s4-2\/"]}]},{"@type":"ImageObject","inLanguage":"fr-FR","@id":"https:\/\/amaruoptim.stg.uzero.cat\/fr\/meubles-anciens\/chaises-thonet\/chaises-anciennes-en-bois-courbe-vers-1920-ensemble-de-4-pieces-am25037-s4-2\/#primaryimage","url":"https:\/\/amaruoptim.stg.uzero.cat\/wp-content\/uploads\/2025\/07\/AM25037-S4-2-D-.jpg","contentUrl":"https:\/\/amaruoptim.stg.uzero.cat\/wp-content\/uploads\/2025\/07\/AM25037-S4-2-D-.jpg","width":1600,"height":1600,"caption":"Chaises anciennes en bois courb\u00e9 (vers 1920). Ensemble de 4 pi\u00e8ces n\u00b02"},{"@type":"BreadcrumbList","@id":"https:\/\/amaruoptim.stg.uzero.cat\/fr\/meubles-anciens\/chaises-thonet\/chaises-anciennes-en-bois-courbe-vers-1920-ensemble-de-4-pieces-am25037-s4-2\/#breadcrumb","itemListElement":[{"@type":"ListItem","position":1,"name":"Accueil","item":"https:\/\/amaruantiques.com\/fr\/"},{"@type":"ListItem","position":2,"name":"Boutique","item":"https:\/\/amaruantiques.com\/fr\/boutique\/"},{"@type":"ListItem","position":3,"name":"Chaises anciennes en bois courb\u00e9 (vers 1920). Ensemble de 4 pi\u00e8ces n\u00b02"}]},{"@type":"WebSite","@id":"https:\/\/amaruantiques.com\/#website","url":"https:\/\/amaruantiques.com\/","name":"AMARU - Timeless Antiques","description":"Timeless antiques","publisher":{"@id":"https:\/\/amaruantiques.com\/#organization"},"potentialAction":[{"@type":"SearchAction","target":{"@type":"EntryPoint","urlTemplate":"https:\/\/amaruantiques.com\/?s={search_term_string}"},"query-input":{"@type":"PropertyValueSpecification","valueRequired":true,"valueName":"search_term_string"}}],"inLanguage":"fr-FR"},{"@type":"Organization","@id":"https:\/\/amaruantiques.com\/#organization","name":"AMARU","url":"https:\/\/amaruantiques.com\/","logo":{"@type":"ImageObject","inLanguage":"fr-FR","@id":"https:\/\/amaruantiques.com\/#\/schema\/logo\/image\/","url":"https:\/\/amaruoptim.stg.uzero.cat\/wp-content\/uploads\/2025\/04\/logo-AMARU.svg","contentUrl":"https:\/\/amaruoptim.stg.uzero.cat\/wp-content\/uploads\/2025\/04\/logo-AMARU.svg","caption":"AMARU"},"image":{"@id":"https:\/\/amaruantiques.com\/#\/schema\/logo\/image\/"}}]}},"_links":{"self":[{"href":"https:\/\/amaruoptim.stg.uzero.cat\/fr\/wp-json\/wp\/v2\/product\/246011","targetHints":{"allow":["GET"]}}],"collection":[{"href":"https:\/\/amaruoptim.stg.uzero.cat\/fr\/wp-json\/wp\/v2\/product"}],"about":[{"href":"https:\/\/amaruoptim.stg.uzero.cat\/fr\/wp-json\/wp\/v2\/types\/product"}],"wp:featuredmedia":[{"embeddable":true,"href":"https:\/\/amaruoptim.stg.uzero.cat\/fr\/wp-json\/wp\/v2\/media\/246038"}],"wp:attachment":[{"href":"https:\/\/amaruoptim.stg.uzero.cat\/fr\/wp-json\/wp\/v2\/media?parent=246011"}],"wp:term":[{"taxonomy":"product_brand","embeddable":true,"href":"https:\/\/amaruoptim.stg.uzero.cat\/fr\/wp-json\/wp\/v2\/product_brand?post=246011"},{"taxonomy":"product_cat","embeddable":true,"href":"https:\/\/amaruoptim.stg.uzero.cat\/fr\/wp-json\/wp\/v2\/product_cat?post=246011"},{"taxonomy":"product_tag","embeddable":true,"href":"https:\/\/amaruoptim.stg.uzero.cat\/fr\/wp-json\/wp\/v2\/product_tag?post=246011"}],"curies":[{"name":"wp","href":"https:\/\/api.w.org\/{rel}","templated":true}]}}