{"id":245577,"date":"2025-07-23T14:48:28","date_gmt":"2025-07-23T12:48:28","guid":{"rendered":"https:\/\/amaruantiques.com\/?post_type=product&#038;p=245577"},"modified":"2025-07-29T17:05:32","modified_gmt":"2025-07-29T15:05:32","slug":"chaise-de-jardin-blanche-vintage-c-1950-am23029-6","status":"publish","type":"product","link":"https:\/\/amaruoptim.stg.uzero.cat\/fr\/meubles-anciens\/chaises-exterieures-anciennes\/chaise-de-jardin-blanche-vintage-c-1950-am23029-6\/","title":{"rendered":"Chaise de jardin blanche vintage (c.1950) #6"},"content":{"rendered":"<p><strong>Chaise de jardin blanche vintage<\/strong> (c.1950)<\/p>\n<ul>\n<li><b>Dimensions : <\/b>Longueur : 42 cm Profondeur : 43 cm Hauteur : 84 cm Assise : 41 cm<\/li>\n<li><b>Style :<\/b> Art nouveau<\/li>\n<li><b>Mat\u00e9riaux et techniques :<\/b> Aluminium<\/li>\n<li><b>Lieu d&#8217;origine :<\/b> Europe centrale<\/li>\n<li><b>\u00c9poque :<\/b> milieu du 20e si\u00e8cle<\/li>\n<li><b>Date de fabrication :<\/b> Vers 1950<\/li>\n<li><b>\u00c9tat :<\/b> bon. L&#8217;usure correspond \u00e0 l&#8217;\u00e2ge et \u00e0 l&#8217;utilisation.<\/li>\n<\/ul>\n<p>Il est en excellent \u00e9tat de conservation, \u00e0 l&#8217;exception des imperfections caract\u00e9ristiques de toute antiquit\u00e9, dues au passage du temps.<\/p>\n<p>Ajoutez une touche d&#8217;originalit\u00e9 \u00e0 votre int\u00e9rieur avec cette pi\u00e8ce unique, qui se fond dans le style contemporain et apporte de la personnalit\u00e9 \u00e0 votre maison. Cette chaise vintage blanche peut \u00eatre associ\u00e9e \u00e0 l&#8217;un de nos <a href=\"\/categoria-producto\/cojines-antiguos-de-lino\/\">coussins en lin ancien<\/a> ou \u00e0 l&#8217;une de nos <a href=\"\/categoria-producto\/mesas-de-exterior-de-jardin-y-terraza-antiguas\/\">tables de jardin anciennes<\/a> disponibles.<\/p>\n<p><em>PI\u00c8CES UNIQUES<\/em><\/p>\n","protected":false},"excerpt":{"rendered":"<p>Chaise de jardin blanche vintage (c.1950) Dimensions : Longueur : 42 cm Profondeur : 43 cm Hauteur : 84 cm Assise : 41 cm Style : Art nouveau Mat\u00e9riaux et techniques : Aluminium Lieu d&#8217;origine : Europe centrale \u00c9poque : milieu du 20e si\u00e8cle Date de fabrication : Vers 1950 \u00c9tat : bon. L&#8217;usure correspond [&hellip;]<\/p>\n","protected":false},"featured_media":245598,"template":"","meta":[],"product_brand":[],"product_cat":[625],"product_tag":[],"class_list":{"0":"post-245577","1":"product","2":"type-product","3":"status-publish","4":"has-post-thumbnail","6":"product_cat-chaises-exterieures-anciennes","7":"product_shipping_class-extra-large-250-fr","8":"pa_estilo-art-nouveau-fr","10":"first","11":"instock","12":"taxable","13":"shipping-taxable","14":"purchasable","15":"product-type-simple"},"yoast_head":"<!-- This site is optimized with the Yoast SEO plugin v26.0 - https:\/\/yoast.com\/wordpress\/plugins\/seo\/ -->\n<title>Chaise vintage blanche | Chaise de jardin blanche | AMARU<\/title>\n<meta name=\"description\" content=\"Chaise de jardin blanche vintage (c.1950). Notre passion est de rechercher sans rel\u00e2che des tr\u00e9sors cach\u00e9s et de leur donner une nouvelle vie.\" \/>\n<meta name=\"robots\" content=\"index, follow, max-snippet:-1, max-image-preview:large, max-video-preview:-1\" \/>\n<link rel=\"canonical\" href=\"https:\/\/amaruoptim.stg.uzero.cat\/fr\/meubles-anciens\/chaises-exterieures-anciennes\/chaise-de-jardin-blanche-vintage-c-1950-am23029-6\/\" \/>\n<meta property=\"og:locale\" content=\"fr_FR\" \/>\n<meta property=\"og:type\" content=\"article\" \/>\n<meta property=\"og:title\" content=\"Chaise vintage blanche | Chaise de jardin blanche | AMARU\" \/>\n<meta property=\"og:description\" content=\"Chaise de jardin blanche vintage (c.1950). Notre passion est de rechercher sans rel\u00e2che des tr\u00e9sors cach\u00e9s et de leur donner une nouvelle vie.\" \/>\n<meta property=\"og:url\" content=\"https:\/\/amaruoptim.stg.uzero.cat\/fr\/meubles-anciens\/chaises-exterieures-anciennes\/chaise-de-jardin-blanche-vintage-c-1950-am23029-6\/\" \/>\n<meta property=\"og:site_name\" content=\"AMARU\" \/>\n<meta property=\"article:modified_time\" content=\"2025-07-29T15:05:32+00:00\" \/>\n<meta property=\"og:image\" content=\"https:\/\/amaruantiques.com\/wp-content\/uploads\/2025\/07\/AM23029-6-D-.jpg\" \/>\n\t<meta property=\"og:image:width\" content=\"1600\" \/>\n\t<meta property=\"og:image:height\" content=\"1600\" \/>\n\t<meta property=\"og:image:type\" content=\"image\/jpeg\" \/>\n<meta name=\"twitter:card\" content=\"summary_large_image\" \/>\n<meta name=\"twitter:label1\" content=\"Dur\u00e9e de lecture estim\u00e9e\" \/>\n\t<meta name=\"twitter:data1\" content=\"1 minute\" \/>\n<!-- \/ Yoast SEO plugin. -->","yoast_head_json":{"title":"Chaise vintage blanche | Chaise de jardin blanche | AMARU","description":"Chaise de jardin blanche vintage (c.1950). Notre passion est de rechercher sans rel\u00e2che des tr\u00e9sors cach\u00e9s et de leur donner une nouvelle vie.","robots":{"index":"index","follow":"follow","max-snippet":"max-snippet:-1","max-image-preview":"max-image-preview:large","max-video-preview":"max-video-preview:-1"},"canonical":"https:\/\/amaruoptim.stg.uzero.cat\/fr\/meubles-anciens\/chaises-exterieures-anciennes\/chaise-de-jardin-blanche-vintage-c-1950-am23029-6\/","og_locale":"fr_FR","og_type":"article","og_title":"Chaise vintage blanche | Chaise de jardin blanche | AMARU","og_description":"Chaise de jardin blanche vintage (c.1950). Notre passion est de rechercher sans rel\u00e2che des tr\u00e9sors cach\u00e9s et de leur donner une nouvelle vie.","og_url":"https:\/\/amaruoptim.stg.uzero.cat\/fr\/meubles-anciens\/chaises-exterieures-anciennes\/chaise-de-jardin-blanche-vintage-c-1950-am23029-6\/","og_site_name":"AMARU","article_modified_time":"2025-07-29T15:05:32+00:00","og_image":[{"width":1600,"height":1600,"url":"https:\/\/amaruantiques.com\/wp-content\/uploads\/2025\/07\/AM23029-6-D-.jpg","type":"image\/jpeg"}],"twitter_card":"summary_large_image","twitter_misc":{"Dur\u00e9e de lecture estim\u00e9e":"1 minute"},"schema":{"@context":"https:\/\/schema.org","@graph":[{"@type":"WebPage","@id":"https:\/\/amaruoptim.stg.uzero.cat\/fr\/meubles-anciens\/chaises-exterieures-anciennes\/chaise-de-jardin-blanche-vintage-c-1950-am23029-6\/","url":"https:\/\/amaruoptim.stg.uzero.cat\/fr\/meubles-anciens\/chaises-exterieures-anciennes\/chaise-de-jardin-blanche-vintage-c-1950-am23029-6\/","name":"Chaise vintage blanche | Chaise de jardin blanche | AMARU","isPartOf":{"@id":"https:\/\/amaruantiques.com\/#website"},"primaryImageOfPage":{"@id":"https:\/\/amaruoptim.stg.uzero.cat\/fr\/meubles-anciens\/chaises-exterieures-anciennes\/chaise-de-jardin-blanche-vintage-c-1950-am23029-6\/#primaryimage"},"image":{"@id":"https:\/\/amaruoptim.stg.uzero.cat\/fr\/meubles-anciens\/chaises-exterieures-anciennes\/chaise-de-jardin-blanche-vintage-c-1950-am23029-6\/#primaryimage"},"thumbnailUrl":"https:\/\/amaruoptim.stg.uzero.cat\/wp-content\/uploads\/2025\/07\/AM23029-6-D-.jpg","datePublished":"2025-07-23T12:48:28+00:00","dateModified":"2025-07-29T15:05:32+00:00","description":"Chaise de jardin blanche vintage (c.1950). Notre passion est de rechercher sans rel\u00e2che des tr\u00e9sors cach\u00e9s et de leur donner une nouvelle vie.","breadcrumb":{"@id":"https:\/\/amaruoptim.stg.uzero.cat\/fr\/meubles-anciens\/chaises-exterieures-anciennes\/chaise-de-jardin-blanche-vintage-c-1950-am23029-6\/#breadcrumb"},"inLanguage":"fr-FR","potentialAction":[{"@type":"ReadAction","target":["https:\/\/amaruoptim.stg.uzero.cat\/fr\/meubles-anciens\/chaises-exterieures-anciennes\/chaise-de-jardin-blanche-vintage-c-1950-am23029-6\/"]}]},{"@type":"ImageObject","inLanguage":"fr-FR","@id":"https:\/\/amaruoptim.stg.uzero.cat\/fr\/meubles-anciens\/chaises-exterieures-anciennes\/chaise-de-jardin-blanche-vintage-c-1950-am23029-6\/#primaryimage","url":"https:\/\/amaruoptim.stg.uzero.cat\/wp-content\/uploads\/2025\/07\/AM23029-6-D-.jpg","contentUrl":"https:\/\/amaruoptim.stg.uzero.cat\/wp-content\/uploads\/2025\/07\/AM23029-6-D-.jpg","width":1600,"height":1600,"caption":"Silla blanca vintage de jard\u00edn (c.1950) #6"},{"@type":"BreadcrumbList","@id":"https:\/\/amaruoptim.stg.uzero.cat\/fr\/meubles-anciens\/chaises-exterieures-anciennes\/chaise-de-jardin-blanche-vintage-c-1950-am23029-6\/#breadcrumb","itemListElement":[{"@type":"ListItem","position":1,"name":"Accueil","item":"https:\/\/amaruantiques.com\/fr\/"},{"@type":"ListItem","position":2,"name":"Boutique","item":"https:\/\/amaruantiques.com\/fr\/boutique\/"},{"@type":"ListItem","position":3,"name":"Chaise de jardin blanche vintage (c.1950) #6"}]},{"@type":"WebSite","@id":"https:\/\/amaruantiques.com\/#website","url":"https:\/\/amaruantiques.com\/","name":"AMARU - Timeless Antiques","description":"Timeless antiques","publisher":{"@id":"https:\/\/amaruantiques.com\/#organization"},"potentialAction":[{"@type":"SearchAction","target":{"@type":"EntryPoint","urlTemplate":"https:\/\/amaruantiques.com\/?s={search_term_string}"},"query-input":{"@type":"PropertyValueSpecification","valueRequired":true,"valueName":"search_term_string"}}],"inLanguage":"fr-FR"},{"@type":"Organization","@id":"https:\/\/amaruantiques.com\/#organization","name":"AMARU","url":"https:\/\/amaruantiques.com\/","logo":{"@type":"ImageObject","inLanguage":"fr-FR","@id":"https:\/\/amaruantiques.com\/#\/schema\/logo\/image\/","url":"https:\/\/amaruoptim.stg.uzero.cat\/wp-content\/uploads\/2025\/04\/logo-AMARU.svg","contentUrl":"https:\/\/amaruoptim.stg.uzero.cat\/wp-content\/uploads\/2025\/04\/logo-AMARU.svg","caption":"AMARU"},"image":{"@id":"https:\/\/amaruantiques.com\/#\/schema\/logo\/image\/"}}]}},"_links":{"self":[{"href":"https:\/\/amaruoptim.stg.uzero.cat\/fr\/wp-json\/wp\/v2\/product\/245577","targetHints":{"allow":["GET"]}}],"collection":[{"href":"https:\/\/amaruoptim.stg.uzero.cat\/fr\/wp-json\/wp\/v2\/product"}],"about":[{"href":"https:\/\/amaruoptim.stg.uzero.cat\/fr\/wp-json\/wp\/v2\/types\/product"}],"wp:featuredmedia":[{"embeddable":true,"href":"https:\/\/amaruoptim.stg.uzero.cat\/fr\/wp-json\/wp\/v2\/media\/245598"}],"wp:attachment":[{"href":"https:\/\/amaruoptim.stg.uzero.cat\/fr\/wp-json\/wp\/v2\/media?parent=245577"}],"wp:term":[{"taxonomy":"product_brand","embeddable":true,"href":"https:\/\/amaruoptim.stg.uzero.cat\/fr\/wp-json\/wp\/v2\/product_brand?post=245577"},{"taxonomy":"product_cat","embeddable":true,"href":"https:\/\/amaruoptim.stg.uzero.cat\/fr\/wp-json\/wp\/v2\/product_cat?post=245577"},{"taxonomy":"product_tag","embeddable":true,"href":"https:\/\/amaruoptim.stg.uzero.cat\/fr\/wp-json\/wp\/v2\/product_tag?post=245577"}],"curies":[{"name":"wp","href":"https:\/\/api.w.org\/{rel}","templated":true}]}}