{"id":245565,"date":"2025-07-23T14:01:59","date_gmt":"2025-07-23T12:01:59","guid":{"rendered":"https:\/\/amaruantiques.com\/?post_type=product&#038;p=245565"},"modified":"2025-07-29T17:05:03","modified_gmt":"2025-07-29T15:05:03","slug":"chaises-de-jardin-anciennes-avec-accoudoirs-c-1920-ensemble-de-2-pieces-am16123-s2","status":"publish","type":"product","link":"https:\/\/amaruoptim.stg.uzero.cat\/fr\/meubles-anciens\/chaises-exterieures-anciennes\/chaises-de-jardin-anciennes-avec-accoudoirs-c-1920-ensemble-de-2-pieces-am16123-s2\/","title":{"rendered":"Chaises de jardin anciennes avec accoudoirs (c.1920). Ensemble de 2 pi\u00e8ces #23"},"content":{"rendered":"<p><strong>Chaises de jardin anciennes avec accoudoirs<\/strong> (c.1920)<\/p>\n<ul>\n<li><b>Dimensions : <\/b>\n<ul>\n<li>Partie #1 : Longueur : 40 cm Profondeur : 59 cm Hauteur : 83 cm Assise : 47 cm<\/li>\n<li>Partie #2 : Longueur : 52 cm Profondeur : 59 cm Hauteur : 79 cm Si\u00e8ge : 44 cm<\/li>\n<\/ul>\n<\/li>\n<li><b>Style :<\/b> Fran\u00e7ais proven\u00e7al<\/li>\n<li><b>Mat\u00e9riaux et techniques :<\/b> Fer, bois<\/li>\n<li><b>Lieu d&#8217;origine :<\/b> Europe centrale<\/li>\n<li><b>P\u00e9riode :<\/b> D\u00e9but du 20e si\u00e8cle<\/li>\n<li><b>Date de fabrication :<\/b> Vers 1920<\/li>\n<li><b>\u00c9tat :<\/b> Bon. L&#8217;usure correspond \u00e0 l&#8217;\u00e2ge et \u00e0 l&#8217;utilisation.<\/li>\n<\/ul>\n<p>Il est en excellent \u00e9tat de conservation, \u00e0 l&#8217;exception des imperfections caract\u00e9ristiques de toute antiquit\u00e9, dues au passage du temps.<\/p>\n<p>Ajoutez une touche d&#8217;originalit\u00e9 \u00e0 votre int\u00e9rieur avec ces pi\u00e8ces uniques, qui se marient avec le style contemporain, apportant de la personnalit\u00e9 \u00e0 votre maison. Cet ensemble de chaises de jardin antiques peut \u00eatre combin\u00e9 avec n&#8217;importe lequel de nos<a href=\"\/categoria-producto\/barricas-antiguas-barriles-antiguos\/\"> tonneaux et f\u00fbts<\/a> ou avec nos <a href=\"\/categoria-producto\/mesas-de-exterior-de-jardin-y-terraza-antiguas\/\">tables de jardin anciennes<\/a> disponibles.<\/p>\n<p><em>PI\u00c8CES UNIQUES<\/em><\/p>\n","protected":false},"excerpt":{"rendered":"<p>Chaises de jardin anciennes avec accoudoirs (c.1920) Dimensions : Partie #1 : Longueur : 40 cm Profondeur : 59 cm Hauteur : 83 cm Assise : 47 cm Partie #2 : Longueur : 52 cm Profondeur : 59 cm Hauteur : 79 cm Si\u00e8ge : 44 cm Style : Fran\u00e7ais proven\u00e7al Mat\u00e9riaux et techniques : [&hellip;]<\/p>\n","protected":false},"featured_media":245574,"template":"","meta":[],"product_brand":[],"product_cat":[625],"product_tag":[],"class_list":{"0":"post-245565","1":"product","2":"type-product","3":"status-publish","4":"has-post-thumbnail","6":"product_cat-chaises-exterieures-anciennes","7":"product_shipping_class-gran-cargo-625-fr","8":"pa_estilo-provencal-francais","10":"first","11":"instock","12":"taxable","13":"shipping-taxable","14":"purchasable","15":"product-type-simple"},"yoast_head":"<!-- This site is optimized with the Yoast SEO plugin v26.0 - https:\/\/yoast.com\/wordpress\/plugins\/seo\/ -->\n<title>Fauteuils de jardin anciens | Fauteuils avec accoudoirs | AMARU<\/title>\n<meta name=\"description\" content=\"Chaises de jardin anciennes avec accoudoirs (vers 1920). D\u00e9couvrez notre collection o\u00f9 chaque pi\u00e8ce rayonne de beaut\u00e9 et donne du caract\u00e8re \u00e0 des espaces uniques.\" \/>\n<meta name=\"robots\" content=\"index, follow, max-snippet:-1, max-image-preview:large, max-video-preview:-1\" \/>\n<link rel=\"canonical\" href=\"https:\/\/amaruoptim.stg.uzero.cat\/fr\/meubles-anciens\/chaises-exterieures-anciennes\/chaises-de-jardin-anciennes-avec-accoudoirs-c-1920-ensemble-de-2-pieces-am16123-s2\/\" \/>\n<meta property=\"og:locale\" content=\"fr_FR\" \/>\n<meta property=\"og:type\" content=\"article\" \/>\n<meta property=\"og:title\" content=\"Fauteuils de jardin anciens | Fauteuils avec accoudoirs | AMARU\" \/>\n<meta property=\"og:description\" content=\"Chaises de jardin anciennes avec accoudoirs (vers 1920). D\u00e9couvrez notre collection o\u00f9 chaque pi\u00e8ce rayonne de beaut\u00e9 et donne du caract\u00e8re \u00e0 des espaces uniques.\" \/>\n<meta property=\"og:url\" content=\"https:\/\/amaruoptim.stg.uzero.cat\/fr\/meubles-anciens\/chaises-exterieures-anciennes\/chaises-de-jardin-anciennes-avec-accoudoirs-c-1920-ensemble-de-2-pieces-am16123-s2\/\" \/>\n<meta property=\"og:site_name\" content=\"AMARU\" \/>\n<meta property=\"article:modified_time\" content=\"2025-07-29T15:05:03+00:00\" \/>\n<meta property=\"og:image\" content=\"https:\/\/amaruantiques.com\/wp-content\/uploads\/2025\/07\/AM16123-S2-D-.jpg\" \/>\n\t<meta property=\"og:image:width\" content=\"1600\" \/>\n\t<meta property=\"og:image:height\" content=\"1200\" \/>\n\t<meta property=\"og:image:type\" content=\"image\/jpeg\" \/>\n<meta name=\"twitter:card\" content=\"summary_large_image\" \/>\n<meta name=\"twitter:label1\" content=\"Dur\u00e9e de lecture estim\u00e9e\" \/>\n\t<meta name=\"twitter:data1\" content=\"1 minute\" \/>\n<!-- \/ Yoast SEO plugin. -->","yoast_head_json":{"title":"Fauteuils de jardin anciens | Fauteuils avec accoudoirs | AMARU","description":"Chaises de jardin anciennes avec accoudoirs (vers 1920). D\u00e9couvrez notre collection o\u00f9 chaque pi\u00e8ce rayonne de beaut\u00e9 et donne du caract\u00e8re \u00e0 des espaces uniques.","robots":{"index":"index","follow":"follow","max-snippet":"max-snippet:-1","max-image-preview":"max-image-preview:large","max-video-preview":"max-video-preview:-1"},"canonical":"https:\/\/amaruoptim.stg.uzero.cat\/fr\/meubles-anciens\/chaises-exterieures-anciennes\/chaises-de-jardin-anciennes-avec-accoudoirs-c-1920-ensemble-de-2-pieces-am16123-s2\/","og_locale":"fr_FR","og_type":"article","og_title":"Fauteuils de jardin anciens | Fauteuils avec accoudoirs | AMARU","og_description":"Chaises de jardin anciennes avec accoudoirs (vers 1920). D\u00e9couvrez notre collection o\u00f9 chaque pi\u00e8ce rayonne de beaut\u00e9 et donne du caract\u00e8re \u00e0 des espaces uniques.","og_url":"https:\/\/amaruoptim.stg.uzero.cat\/fr\/meubles-anciens\/chaises-exterieures-anciennes\/chaises-de-jardin-anciennes-avec-accoudoirs-c-1920-ensemble-de-2-pieces-am16123-s2\/","og_site_name":"AMARU","article_modified_time":"2025-07-29T15:05:03+00:00","og_image":[{"width":1600,"height":1200,"url":"https:\/\/amaruantiques.com\/wp-content\/uploads\/2025\/07\/AM16123-S2-D-.jpg","type":"image\/jpeg"}],"twitter_card":"summary_large_image","twitter_misc":{"Dur\u00e9e de lecture estim\u00e9e":"1 minute"},"schema":{"@context":"https:\/\/schema.org","@graph":[{"@type":"WebPage","@id":"https:\/\/amaruoptim.stg.uzero.cat\/fr\/meubles-anciens\/chaises-exterieures-anciennes\/chaises-de-jardin-anciennes-avec-accoudoirs-c-1920-ensemble-de-2-pieces-am16123-s2\/","url":"https:\/\/amaruoptim.stg.uzero.cat\/fr\/meubles-anciens\/chaises-exterieures-anciennes\/chaises-de-jardin-anciennes-avec-accoudoirs-c-1920-ensemble-de-2-pieces-am16123-s2\/","name":"Fauteuils de jardin anciens | Fauteuils avec accoudoirs | AMARU","isPartOf":{"@id":"https:\/\/amaruantiques.com\/#website"},"primaryImageOfPage":{"@id":"https:\/\/amaruoptim.stg.uzero.cat\/fr\/meubles-anciens\/chaises-exterieures-anciennes\/chaises-de-jardin-anciennes-avec-accoudoirs-c-1920-ensemble-de-2-pieces-am16123-s2\/#primaryimage"},"image":{"@id":"https:\/\/amaruoptim.stg.uzero.cat\/fr\/meubles-anciens\/chaises-exterieures-anciennes\/chaises-de-jardin-anciennes-avec-accoudoirs-c-1920-ensemble-de-2-pieces-am16123-s2\/#primaryimage"},"thumbnailUrl":"https:\/\/amaruoptim.stg.uzero.cat\/wp-content\/uploads\/2025\/07\/AM16123-S2-D-.jpg","datePublished":"2025-07-23T12:01:59+00:00","dateModified":"2025-07-29T15:05:03+00:00","description":"Chaises de jardin anciennes avec accoudoirs (vers 1920). D\u00e9couvrez notre collection o\u00f9 chaque pi\u00e8ce rayonne de beaut\u00e9 et donne du caract\u00e8re \u00e0 des espaces uniques.","breadcrumb":{"@id":"https:\/\/amaruoptim.stg.uzero.cat\/fr\/meubles-anciens\/chaises-exterieures-anciennes\/chaises-de-jardin-anciennes-avec-accoudoirs-c-1920-ensemble-de-2-pieces-am16123-s2\/#breadcrumb"},"inLanguage":"fr-FR","potentialAction":[{"@type":"ReadAction","target":["https:\/\/amaruoptim.stg.uzero.cat\/fr\/meubles-anciens\/chaises-exterieures-anciennes\/chaises-de-jardin-anciennes-avec-accoudoirs-c-1920-ensemble-de-2-pieces-am16123-s2\/"]}]},{"@type":"ImageObject","inLanguage":"fr-FR","@id":"https:\/\/amaruoptim.stg.uzero.cat\/fr\/meubles-anciens\/chaises-exterieures-anciennes\/chaises-de-jardin-anciennes-avec-accoudoirs-c-1920-ensemble-de-2-pieces-am16123-s2\/#primaryimage","url":"https:\/\/amaruoptim.stg.uzero.cat\/wp-content\/uploads\/2025\/07\/AM16123-S2-D-.jpg","contentUrl":"https:\/\/amaruoptim.stg.uzero.cat\/wp-content\/uploads\/2025\/07\/AM16123-S2-D-.jpg","width":1600,"height":1200,"caption":"v"},{"@type":"BreadcrumbList","@id":"https:\/\/amaruoptim.stg.uzero.cat\/fr\/meubles-anciens\/chaises-exterieures-anciennes\/chaises-de-jardin-anciennes-avec-accoudoirs-c-1920-ensemble-de-2-pieces-am16123-s2\/#breadcrumb","itemListElement":[{"@type":"ListItem","position":1,"name":"Accueil","item":"https:\/\/amaruantiques.com\/fr\/"},{"@type":"ListItem","position":2,"name":"Boutique","item":"https:\/\/amaruantiques.com\/fr\/boutique\/"},{"@type":"ListItem","position":3,"name":"Chaises de jardin anciennes avec accoudoirs (c.1920). Ensemble de 2 pi\u00e8ces #23"}]},{"@type":"WebSite","@id":"https:\/\/amaruantiques.com\/#website","url":"https:\/\/amaruantiques.com\/","name":"AMARU - Timeless Antiques","description":"Timeless antiques","publisher":{"@id":"https:\/\/amaruantiques.com\/#organization"},"potentialAction":[{"@type":"SearchAction","target":{"@type":"EntryPoint","urlTemplate":"https:\/\/amaruantiques.com\/?s={search_term_string}"},"query-input":{"@type":"PropertyValueSpecification","valueRequired":true,"valueName":"search_term_string"}}],"inLanguage":"fr-FR"},{"@type":"Organization","@id":"https:\/\/amaruantiques.com\/#organization","name":"AMARU","url":"https:\/\/amaruantiques.com\/","logo":{"@type":"ImageObject","inLanguage":"fr-FR","@id":"https:\/\/amaruantiques.com\/#\/schema\/logo\/image\/","url":"https:\/\/amaruoptim.stg.uzero.cat\/wp-content\/uploads\/2025\/04\/logo-AMARU.svg","contentUrl":"https:\/\/amaruoptim.stg.uzero.cat\/wp-content\/uploads\/2025\/04\/logo-AMARU.svg","caption":"AMARU"},"image":{"@id":"https:\/\/amaruantiques.com\/#\/schema\/logo\/image\/"}}]}},"_links":{"self":[{"href":"https:\/\/amaruoptim.stg.uzero.cat\/fr\/wp-json\/wp\/v2\/product\/245565","targetHints":{"allow":["GET"]}}],"collection":[{"href":"https:\/\/amaruoptim.stg.uzero.cat\/fr\/wp-json\/wp\/v2\/product"}],"about":[{"href":"https:\/\/amaruoptim.stg.uzero.cat\/fr\/wp-json\/wp\/v2\/types\/product"}],"wp:featuredmedia":[{"embeddable":true,"href":"https:\/\/amaruoptim.stg.uzero.cat\/fr\/wp-json\/wp\/v2\/media\/245574"}],"wp:attachment":[{"href":"https:\/\/amaruoptim.stg.uzero.cat\/fr\/wp-json\/wp\/v2\/media?parent=245565"}],"wp:term":[{"taxonomy":"product_brand","embeddable":true,"href":"https:\/\/amaruoptim.stg.uzero.cat\/fr\/wp-json\/wp\/v2\/product_brand?post=245565"},{"taxonomy":"product_cat","embeddable":true,"href":"https:\/\/amaruoptim.stg.uzero.cat\/fr\/wp-json\/wp\/v2\/product_cat?post=245565"},{"taxonomy":"product_tag","embeddable":true,"href":"https:\/\/amaruoptim.stg.uzero.cat\/fr\/wp-json\/wp\/v2\/product_tag?post=245565"}],"curies":[{"name":"wp","href":"https:\/\/api.w.org\/{rel}","templated":true}]}}