{"id":245519,"date":"2025-07-23T13:27:19","date_gmt":"2025-07-23T11:27:19","guid":{"rendered":"https:\/\/amaruantiques.com\/?post_type=product&#038;p=245519"},"modified":"2025-07-29T17:04:33","modified_gmt":"2025-07-29T15:04:33","slug":"anciennes-chaises-pliantes-de-jardin-c-1920-ensemble-de-4-pieces-am16034-s4","status":"publish","type":"product","link":"https:\/\/amaruoptim.stg.uzero.cat\/fr\/meubles-anciens\/chaises-exterieures-anciennes\/anciennes-chaises-pliantes-de-jardin-c-1920-ensemble-de-4-pieces-am16034-s4\/","title":{"rendered":"Anciennes chaises pliantes de jardin (c.1920). Ensemble de 4 pi\u00e8ces #34"},"content":{"rendered":"<p><strong>Chaises de jardin pliantes anciennes<\/strong> (c.1920)<\/p>\n<ul>\n<li><b>Dimensions :<\/b>\n<ul>\n<li>Partie #1 : Longueur : 40 cm Profondeur : 36 cm Hauteur : 82 cm Assise : 47 cm<\/li>\n<li>Pi\u00e8ce n\u00b02 : Longueur : 40 cm Profondeur : 40 cm Hauteur : 83 cm Assise : 44 cm<\/li>\n<li>Pi\u00e8ce n\u00b03 : Longueur : 40cm Profondeur : 41cm Hauteur : 73cm Assise : 473cm<\/li>\n<li>Partie #4 : Longueur : 37 cm Profondeur : 42 cm Hauteur : 80 cm Assise : 42 cm<\/li>\n<\/ul>\n<\/li>\n<li><b>Style :<\/b> Fran\u00e7ais proven\u00e7al<\/li>\n<li><b>Mat\u00e9riaux et techniques :<\/b> Fer, bois<\/li>\n<li><b>Lieu d&#8217;origine :<\/b> Europe centrale<\/li>\n<li><b>P\u00e9riode :<\/b> D\u00e9but du 20e si\u00e8cle<\/li>\n<li><b>Date de fabrication :<\/b> Vers 1920<\/li>\n<li><b>\u00c9tat :<\/b> bon. L&#8217;usure correspond \u00e0 l&#8217;\u00e2ge et \u00e0 l&#8217;utilisation.<\/li>\n<\/ul>\n<p>Il est en excellent \u00e9tat de conservation, \u00e0 l&#8217;exception des imperfections caract\u00e9ristiques de toute antiquit\u00e9, dues au passage du temps.<\/p>\n<p>Ajoutez une touche d&#8217;originalit\u00e9 \u00e0 votre int\u00e9rieur avec ces pi\u00e8ces uniques, qui s&#8217;int\u00e8grent au style contemporain et apportent de la personnalit\u00e9 \u00e0 votre maison. Cet ensemble de chaises de jardin pliantes peut \u00eatre associ\u00e9 \u00e0 l&#8217;une de nos <a href=\"\/categoria-producto\/tablas-de-cortar-antiguas\/\">planches \u00e0 d\u00e9couper<\/a> ou \u00e0 l&#8217;un de nos <a href=\"\/categoria-producto\/islas-de-cocina-antiguas-vintage\/\">\u00eelots de cuisine antiques<\/a> disponibles.<\/p>\n<p><em>PI\u00c8CES UNIQUES<\/em><\/p>\n","protected":false},"excerpt":{"rendered":"<p>Chaises de jardin pliantes anciennes (c.1920) Dimensions : Partie #1 : Longueur : 40 cm Profondeur : 36 cm Hauteur : 82 cm Assise : 47 cm Pi\u00e8ce n\u00b02 : Longueur : 40 cm Profondeur : 40 cm Hauteur : 83 cm Assise : 44 cm Pi\u00e8ce n\u00b03 : Longueur : 40cm Profondeur : 41cm [&hellip;]<\/p>\n","protected":false},"featured_media":245543,"template":"","meta":[],"product_brand":[],"product_cat":[625],"product_tag":[],"class_list":{"0":"post-245519","1":"product","2":"type-product","3":"status-publish","4":"has-post-thumbnail","6":"product_cat-chaises-exterieures-anciennes","7":"product_shipping_class-gran-cargo-400-fr","8":"pa_estilo-provencal-francais","10":"first","11":"instock","12":"taxable","13":"shipping-taxable","14":"purchasable","15":"product-type-simple"},"yoast_head":"<!-- This site is optimized with the Yoast SEO plugin v26.0 - https:\/\/yoast.com\/wordpress\/plugins\/seo\/ -->\n<title>Chaises de jardin pliantes | Chaises d&#039;ext\u00e9rieur anciennes | AMARU<\/title>\n<meta name=\"description\" content=\"Chaises de jardin pliantes anciennes (vers 1920). D\u00e9couvrez notre plus belle collection de tr\u00e9sors uniques, rassembl\u00e9s pour embellir chaque espace....\" \/>\n<meta name=\"robots\" content=\"index, follow, max-snippet:-1, max-image-preview:large, max-video-preview:-1\" \/>\n<link rel=\"canonical\" href=\"https:\/\/amaruoptim.stg.uzero.cat\/fr\/meubles-anciens\/chaises-exterieures-anciennes\/anciennes-chaises-pliantes-de-jardin-c-1920-ensemble-de-4-pieces-am16034-s4\/\" \/>\n<meta property=\"og:locale\" content=\"fr_FR\" \/>\n<meta property=\"og:type\" content=\"article\" \/>\n<meta property=\"og:title\" content=\"Chaises de jardin pliantes | Chaises d&#039;ext\u00e9rieur anciennes | AMARU\" \/>\n<meta property=\"og:description\" content=\"Chaises de jardin pliantes anciennes (vers 1920). D\u00e9couvrez notre plus belle collection de tr\u00e9sors uniques, rassembl\u00e9s pour embellir chaque espace....\" \/>\n<meta property=\"og:url\" content=\"https:\/\/amaruoptim.stg.uzero.cat\/fr\/meubles-anciens\/chaises-exterieures-anciennes\/anciennes-chaises-pliantes-de-jardin-c-1920-ensemble-de-4-pieces-am16034-s4\/\" \/>\n<meta property=\"og:site_name\" content=\"AMARU\" \/>\n<meta property=\"article:modified_time\" content=\"2025-07-29T15:04:33+00:00\" \/>\n<meta property=\"og:image\" content=\"https:\/\/amaruantiques.com\/wp-content\/uploads\/2025\/07\/AM16034-S4-D-.jpg\" \/>\n\t<meta property=\"og:image:width\" content=\"1600\" \/>\n\t<meta property=\"og:image:height\" content=\"1600\" \/>\n\t<meta property=\"og:image:type\" content=\"image\/jpeg\" \/>\n<meta name=\"twitter:card\" content=\"summary_large_image\" \/>\n<meta name=\"twitter:label1\" content=\"Dur\u00e9e de lecture estim\u00e9e\" \/>\n\t<meta name=\"twitter:data1\" content=\"1 minute\" \/>\n<!-- \/ Yoast SEO plugin. -->","yoast_head_json":{"title":"Chaises de jardin pliantes | Chaises d'ext\u00e9rieur anciennes | AMARU","description":"Chaises de jardin pliantes anciennes (vers 1920). D\u00e9couvrez notre plus belle collection de tr\u00e9sors uniques, rassembl\u00e9s pour embellir chaque espace....","robots":{"index":"index","follow":"follow","max-snippet":"max-snippet:-1","max-image-preview":"max-image-preview:large","max-video-preview":"max-video-preview:-1"},"canonical":"https:\/\/amaruoptim.stg.uzero.cat\/fr\/meubles-anciens\/chaises-exterieures-anciennes\/anciennes-chaises-pliantes-de-jardin-c-1920-ensemble-de-4-pieces-am16034-s4\/","og_locale":"fr_FR","og_type":"article","og_title":"Chaises de jardin pliantes | Chaises d'ext\u00e9rieur anciennes | AMARU","og_description":"Chaises de jardin pliantes anciennes (vers 1920). D\u00e9couvrez notre plus belle collection de tr\u00e9sors uniques, rassembl\u00e9s pour embellir chaque espace....","og_url":"https:\/\/amaruoptim.stg.uzero.cat\/fr\/meubles-anciens\/chaises-exterieures-anciennes\/anciennes-chaises-pliantes-de-jardin-c-1920-ensemble-de-4-pieces-am16034-s4\/","og_site_name":"AMARU","article_modified_time":"2025-07-29T15:04:33+00:00","og_image":[{"width":1600,"height":1600,"url":"https:\/\/amaruantiques.com\/wp-content\/uploads\/2025\/07\/AM16034-S4-D-.jpg","type":"image\/jpeg"}],"twitter_card":"summary_large_image","twitter_misc":{"Dur\u00e9e de lecture estim\u00e9e":"1 minute"},"schema":{"@context":"https:\/\/schema.org","@graph":[{"@type":"WebPage","@id":"https:\/\/amaruoptim.stg.uzero.cat\/fr\/meubles-anciens\/chaises-exterieures-anciennes\/anciennes-chaises-pliantes-de-jardin-c-1920-ensemble-de-4-pieces-am16034-s4\/","url":"https:\/\/amaruoptim.stg.uzero.cat\/fr\/meubles-anciens\/chaises-exterieures-anciennes\/anciennes-chaises-pliantes-de-jardin-c-1920-ensemble-de-4-pieces-am16034-s4\/","name":"Chaises de jardin pliantes | Chaises d'ext\u00e9rieur anciennes | AMARU","isPartOf":{"@id":"https:\/\/amaruantiques.com\/#website"},"primaryImageOfPage":{"@id":"https:\/\/amaruoptim.stg.uzero.cat\/fr\/meubles-anciens\/chaises-exterieures-anciennes\/anciennes-chaises-pliantes-de-jardin-c-1920-ensemble-de-4-pieces-am16034-s4\/#primaryimage"},"image":{"@id":"https:\/\/amaruoptim.stg.uzero.cat\/fr\/meubles-anciens\/chaises-exterieures-anciennes\/anciennes-chaises-pliantes-de-jardin-c-1920-ensemble-de-4-pieces-am16034-s4\/#primaryimage"},"thumbnailUrl":"https:\/\/amaruoptim.stg.uzero.cat\/wp-content\/uploads\/2025\/07\/AM16034-S4-D-.jpg","datePublished":"2025-07-23T11:27:19+00:00","dateModified":"2025-07-29T15:04:33+00:00","description":"Chaises de jardin pliantes anciennes (vers 1920). D\u00e9couvrez notre plus belle collection de tr\u00e9sors uniques, rassembl\u00e9s pour embellir chaque espace....","breadcrumb":{"@id":"https:\/\/amaruoptim.stg.uzero.cat\/fr\/meubles-anciens\/chaises-exterieures-anciennes\/anciennes-chaises-pliantes-de-jardin-c-1920-ensemble-de-4-pieces-am16034-s4\/#breadcrumb"},"inLanguage":"fr-FR","potentialAction":[{"@type":"ReadAction","target":["https:\/\/amaruoptim.stg.uzero.cat\/fr\/meubles-anciens\/chaises-exterieures-anciennes\/anciennes-chaises-pliantes-de-jardin-c-1920-ensemble-de-4-pieces-am16034-s4\/"]}]},{"@type":"ImageObject","inLanguage":"fr-FR","@id":"https:\/\/amaruoptim.stg.uzero.cat\/fr\/meubles-anciens\/chaises-exterieures-anciennes\/anciennes-chaises-pliantes-de-jardin-c-1920-ensemble-de-4-pieces-am16034-s4\/#primaryimage","url":"https:\/\/amaruoptim.stg.uzero.cat\/wp-content\/uploads\/2025\/07\/AM16034-S4-D-.jpg","contentUrl":"https:\/\/amaruoptim.stg.uzero.cat\/wp-content\/uploads\/2025\/07\/AM16034-S4-D-.jpg","width":1600,"height":1600,"caption":"Sillas plegables de jard\u00edn antiguas (c.1920). Conjunto de 4 piezas #34"},{"@type":"BreadcrumbList","@id":"https:\/\/amaruoptim.stg.uzero.cat\/fr\/meubles-anciens\/chaises-exterieures-anciennes\/anciennes-chaises-pliantes-de-jardin-c-1920-ensemble-de-4-pieces-am16034-s4\/#breadcrumb","itemListElement":[{"@type":"ListItem","position":1,"name":"Accueil","item":"https:\/\/amaruantiques.com\/fr\/"},{"@type":"ListItem","position":2,"name":"Boutique","item":"https:\/\/amaruantiques.com\/fr\/boutique\/"},{"@type":"ListItem","position":3,"name":"Anciennes chaises pliantes de jardin (c.1920). Ensemble de 4 pi\u00e8ces #34"}]},{"@type":"WebSite","@id":"https:\/\/amaruantiques.com\/#website","url":"https:\/\/amaruantiques.com\/","name":"AMARU - Timeless Antiques","description":"Timeless antiques","publisher":{"@id":"https:\/\/amaruantiques.com\/#organization"},"potentialAction":[{"@type":"SearchAction","target":{"@type":"EntryPoint","urlTemplate":"https:\/\/amaruantiques.com\/?s={search_term_string}"},"query-input":{"@type":"PropertyValueSpecification","valueRequired":true,"valueName":"search_term_string"}}],"inLanguage":"fr-FR"},{"@type":"Organization","@id":"https:\/\/amaruantiques.com\/#organization","name":"AMARU","url":"https:\/\/amaruantiques.com\/","logo":{"@type":"ImageObject","inLanguage":"fr-FR","@id":"https:\/\/amaruantiques.com\/#\/schema\/logo\/image\/","url":"https:\/\/amaruoptim.stg.uzero.cat\/wp-content\/uploads\/2025\/04\/logo-AMARU.svg","contentUrl":"https:\/\/amaruoptim.stg.uzero.cat\/wp-content\/uploads\/2025\/04\/logo-AMARU.svg","caption":"AMARU"},"image":{"@id":"https:\/\/amaruantiques.com\/#\/schema\/logo\/image\/"}}]}},"_links":{"self":[{"href":"https:\/\/amaruoptim.stg.uzero.cat\/fr\/wp-json\/wp\/v2\/product\/245519","targetHints":{"allow":["GET"]}}],"collection":[{"href":"https:\/\/amaruoptim.stg.uzero.cat\/fr\/wp-json\/wp\/v2\/product"}],"about":[{"href":"https:\/\/amaruoptim.stg.uzero.cat\/fr\/wp-json\/wp\/v2\/types\/product"}],"wp:featuredmedia":[{"embeddable":true,"href":"https:\/\/amaruoptim.stg.uzero.cat\/fr\/wp-json\/wp\/v2\/media\/245543"}],"wp:attachment":[{"href":"https:\/\/amaruoptim.stg.uzero.cat\/fr\/wp-json\/wp\/v2\/media?parent=245519"}],"wp:term":[{"taxonomy":"product_brand","embeddable":true,"href":"https:\/\/amaruoptim.stg.uzero.cat\/fr\/wp-json\/wp\/v2\/product_brand?post=245519"},{"taxonomy":"product_cat","embeddable":true,"href":"https:\/\/amaruoptim.stg.uzero.cat\/fr\/wp-json\/wp\/v2\/product_cat?post=245519"},{"taxonomy":"product_tag","embeddable":true,"href":"https:\/\/amaruoptim.stg.uzero.cat\/fr\/wp-json\/wp\/v2\/product_tag?post=245519"}],"curies":[{"name":"wp","href":"https:\/\/api.w.org\/{rel}","templated":true}]}}