{"id":244912,"date":"2025-07-22T15:38:13","date_gmt":"2025-07-22T13:38:13","guid":{"rendered":"https:\/\/amaruantiques.com\/?post_type=product&#038;p=244912"},"modified":"2025-07-29T17:27:53","modified_gmt":"2025-07-29T15:27:53","slug":"table-et-chaises-de-jardin-blanches-depoque-c-1950-ensemble-de-5-pieces-am23029-s5","status":"publish","type":"product","link":"https:\/\/amaruoptim.stg.uzero.cat\/fr\/meubles-anciens\/ensembles-de-jardin-et-terrasse\/table-et-chaises-de-jardin-blanches-depoque-c-1950-ensemble-de-5-pieces-am23029-s5\/","title":{"rendered":"Table et chaises de jardin blanches d&#8217;\u00e9poque (c.1950). Ensemble de 5 pi\u00e8ces"},"content":{"rendered":"<p><strong>Table et chaises de jardin blanches d&#8217;\u00e9poque<\/strong> (c.1950)<\/p>\n<ul>\n<li><b>Dimensions : <\/b>\n<ul>\n<li>Table : Longueur : 106 cm Profondeur : 106 cm Hauteur : 71 cm<\/li>\n<li>Chaises : Longueur : 42 cm Profondeur : 43 cm Hauteur : 84 cm Assise : 41 cm<\/li>\n<\/ul>\n<\/li>\n<li><b>Style :<\/b> Art nouveau<\/li>\n<li><b>Mat\u00e9riaux et techniques :<\/b> Aluminium<\/li>\n<li><b>Lieu d&#8217;origine :<\/b> Europe centrale<\/li>\n<li><b>\u00c9poque :<\/b> Milieu du 20e si\u00e8cle<\/li>\n<li><b>Date de fabrication :<\/b> Vers 1950<\/li>\n<li><b>\u00c9tat :<\/b> Bon. L&#8217;usure correspond \u00e0 l&#8217;\u00e2ge et \u00e0 l&#8217;utilisation.<\/li>\n<\/ul>\n<p>Il est en excellent \u00e9tat de conservation, \u00e0 l&#8217;exception des imperfections caract\u00e9ristiques de toute antiquit\u00e9, dues au passage du temps.<\/p>\n<p>Ajoutez une touche d&#8217;originalit\u00e9 \u00e0 votre int\u00e9rieur avec ces pi\u00e8ces uniques, qui se marient avec le style contemporain, apportant de la personnalit\u00e9 \u00e0 votre int\u00e9rieur. Cet ensemble de table et chaises de jardin vintage peut \u00eatre combin\u00e9 avec l&#8217;un de nos<a href=\"https:\/\/amaruantiques.com\/fr\/categorie-de-produit\/anciens-vases\/\"> vases<\/a> ou avec nos <a href=\"https:\/\/amaruantiques.com\/fr\/categorie-de-produit\/commodes-anciennes\/\">commodes anciennes<\/a> disponibles.<\/p>\n<p><em>PI\u00c8CES UNIQUES<\/em><\/p>\n","protected":false},"excerpt":{"rendered":"<p>Table et chaises de jardin blanches d&#8217;\u00e9poque (c.1950) Dimensions : Table : Longueur : 106 cm Profondeur : 106 cm Hauteur : 71 cm Chaises : Longueur : 42 cm Profondeur : 43 cm Hauteur : 84 cm Assise : 41 cm Style : Art nouveau Mat\u00e9riaux et techniques : Aluminium Lieu d&#8217;origine : Europe [&hellip;]<\/p>\n","protected":false},"featured_media":244954,"template":"","meta":[],"product_brand":[],"product_cat":[627],"product_tag":[],"class_list":{"0":"post-244912","1":"product","2":"type-product","3":"status-publish","4":"has-post-thumbnail","6":"product_cat-ensembles-de-jardin-et-terrasse","7":"product_shipping_class-gran-cargo-1600-fr","8":"pa_estilo-art-nouveau-fr","10":"first","11":"instock","12":"taxable","13":"shipping-taxable","14":"purchasable","15":"product-type-simple"},"yoast_head":"<!-- This site is optimized with the Yoast SEO plugin v26.0 - https:\/\/yoast.com\/wordpress\/plugins\/seo\/ -->\n<title>Table et chaises de jardin vintage | Ensemble de jardin | AMARU<\/title>\n<meta name=\"description\" content=\"Table et chaises de jardin blanches d&#039;\u00e9poque (c.1950). Cr\u00e9ez vos nouveaux espaces. Imaginez une nouvelle maison. D\u00e9couvrez notre collection de pi\u00e8ces uniques.\" \/>\n<meta name=\"robots\" content=\"index, follow, max-snippet:-1, max-image-preview:large, max-video-preview:-1\" \/>\n<link rel=\"canonical\" href=\"https:\/\/amaruoptim.stg.uzero.cat\/fr\/meubles-anciens\/ensembles-de-jardin-et-terrasse\/table-et-chaises-de-jardin-blanches-depoque-c-1950-ensemble-de-5-pieces-am23029-s5\/\" \/>\n<meta property=\"og:locale\" content=\"fr_FR\" \/>\n<meta property=\"og:type\" content=\"article\" \/>\n<meta property=\"og:title\" content=\"Table et chaises de jardin vintage | Ensemble de jardin | AMARU\" \/>\n<meta property=\"og:description\" content=\"Table et chaises de jardin blanches d&#039;\u00e9poque (c.1950). Cr\u00e9ez vos nouveaux espaces. Imaginez une nouvelle maison. D\u00e9couvrez notre collection de pi\u00e8ces uniques.\" \/>\n<meta property=\"og:url\" content=\"https:\/\/amaruoptim.stg.uzero.cat\/fr\/meubles-anciens\/ensembles-de-jardin-et-terrasse\/table-et-chaises-de-jardin-blanches-depoque-c-1950-ensemble-de-5-pieces-am23029-s5\/\" \/>\n<meta property=\"og:site_name\" content=\"AMARU\" \/>\n<meta property=\"article:modified_time\" content=\"2025-07-29T15:27:53+00:00\" \/>\n<meta property=\"og:image\" content=\"https:\/\/amaruantiques.com\/wp-content\/uploads\/2025\/07\/AM23029-S5-D-16.jpg\" \/>\n\t<meta property=\"og:image:width\" content=\"1600\" \/>\n\t<meta property=\"og:image:height\" content=\"1200\" \/>\n\t<meta property=\"og:image:type\" content=\"image\/jpeg\" \/>\n<meta name=\"twitter:card\" content=\"summary_large_image\" \/>\n<meta name=\"twitter:label1\" content=\"Dur\u00e9e de lecture estim\u00e9e\" \/>\n\t<meta name=\"twitter:data1\" content=\"1 minute\" \/>\n<!-- \/ Yoast SEO plugin. -->","yoast_head_json":{"title":"Table et chaises de jardin vintage | Ensemble de jardin | AMARU","description":"Table et chaises de jardin blanches d'\u00e9poque (c.1950). Cr\u00e9ez vos nouveaux espaces. Imaginez une nouvelle maison. D\u00e9couvrez notre collection de pi\u00e8ces uniques.","robots":{"index":"index","follow":"follow","max-snippet":"max-snippet:-1","max-image-preview":"max-image-preview:large","max-video-preview":"max-video-preview:-1"},"canonical":"https:\/\/amaruoptim.stg.uzero.cat\/fr\/meubles-anciens\/ensembles-de-jardin-et-terrasse\/table-et-chaises-de-jardin-blanches-depoque-c-1950-ensemble-de-5-pieces-am23029-s5\/","og_locale":"fr_FR","og_type":"article","og_title":"Table et chaises de jardin vintage | Ensemble de jardin | AMARU","og_description":"Table et chaises de jardin blanches d'\u00e9poque (c.1950). Cr\u00e9ez vos nouveaux espaces. Imaginez une nouvelle maison. D\u00e9couvrez notre collection de pi\u00e8ces uniques.","og_url":"https:\/\/amaruoptim.stg.uzero.cat\/fr\/meubles-anciens\/ensembles-de-jardin-et-terrasse\/table-et-chaises-de-jardin-blanches-depoque-c-1950-ensemble-de-5-pieces-am23029-s5\/","og_site_name":"AMARU","article_modified_time":"2025-07-29T15:27:53+00:00","og_image":[{"width":1600,"height":1200,"url":"https:\/\/amaruantiques.com\/wp-content\/uploads\/2025\/07\/AM23029-S5-D-16.jpg","type":"image\/jpeg"}],"twitter_card":"summary_large_image","twitter_misc":{"Dur\u00e9e de lecture estim\u00e9e":"1 minute"},"schema":{"@context":"https:\/\/schema.org","@graph":[{"@type":"WebPage","@id":"https:\/\/amaruoptim.stg.uzero.cat\/fr\/meubles-anciens\/ensembles-de-jardin-et-terrasse\/table-et-chaises-de-jardin-blanches-depoque-c-1950-ensemble-de-5-pieces-am23029-s5\/","url":"https:\/\/amaruoptim.stg.uzero.cat\/fr\/meubles-anciens\/ensembles-de-jardin-et-terrasse\/table-et-chaises-de-jardin-blanches-depoque-c-1950-ensemble-de-5-pieces-am23029-s5\/","name":"Table et chaises de jardin vintage | Ensemble de jardin | AMARU","isPartOf":{"@id":"https:\/\/amaruantiques.com\/#website"},"primaryImageOfPage":{"@id":"https:\/\/amaruoptim.stg.uzero.cat\/fr\/meubles-anciens\/ensembles-de-jardin-et-terrasse\/table-et-chaises-de-jardin-blanches-depoque-c-1950-ensemble-de-5-pieces-am23029-s5\/#primaryimage"},"image":{"@id":"https:\/\/amaruoptim.stg.uzero.cat\/fr\/meubles-anciens\/ensembles-de-jardin-et-terrasse\/table-et-chaises-de-jardin-blanches-depoque-c-1950-ensemble-de-5-pieces-am23029-s5\/#primaryimage"},"thumbnailUrl":"https:\/\/amaruoptim.stg.uzero.cat\/wp-content\/uploads\/2025\/07\/AM23029-S5-D-16.jpg","datePublished":"2025-07-22T13:38:13+00:00","dateModified":"2025-07-29T15:27:53+00:00","description":"Table et chaises de jardin blanches d'\u00e9poque (c.1950). Cr\u00e9ez vos nouveaux espaces. Imaginez une nouvelle maison. D\u00e9couvrez notre collection de pi\u00e8ces uniques.","breadcrumb":{"@id":"https:\/\/amaruoptim.stg.uzero.cat\/fr\/meubles-anciens\/ensembles-de-jardin-et-terrasse\/table-et-chaises-de-jardin-blanches-depoque-c-1950-ensemble-de-5-pieces-am23029-s5\/#breadcrumb"},"inLanguage":"fr-FR","potentialAction":[{"@type":"ReadAction","target":["https:\/\/amaruoptim.stg.uzero.cat\/fr\/meubles-anciens\/ensembles-de-jardin-et-terrasse\/table-et-chaises-de-jardin-blanches-depoque-c-1950-ensemble-de-5-pieces-am23029-s5\/"]}]},{"@type":"ImageObject","inLanguage":"fr-FR","@id":"https:\/\/amaruoptim.stg.uzero.cat\/fr\/meubles-anciens\/ensembles-de-jardin-et-terrasse\/table-et-chaises-de-jardin-blanches-depoque-c-1950-ensemble-de-5-pieces-am23029-s5\/#primaryimage","url":"https:\/\/amaruoptim.stg.uzero.cat\/wp-content\/uploads\/2025\/07\/AM23029-S5-D-16.jpg","contentUrl":"https:\/\/amaruoptim.stg.uzero.cat\/wp-content\/uploads\/2025\/07\/AM23029-S5-D-16.jpg","width":1600,"height":1200,"caption":"Table et chaises de jardin blanches d'\u00e9poque (c.1950). Ensemble de 5 pi\u00e8ces"},{"@type":"BreadcrumbList","@id":"https:\/\/amaruoptim.stg.uzero.cat\/fr\/meubles-anciens\/ensembles-de-jardin-et-terrasse\/table-et-chaises-de-jardin-blanches-depoque-c-1950-ensemble-de-5-pieces-am23029-s5\/#breadcrumb","itemListElement":[{"@type":"ListItem","position":1,"name":"Accueil","item":"https:\/\/amaruantiques.com\/fr\/"},{"@type":"ListItem","position":2,"name":"Boutique","item":"https:\/\/amaruantiques.com\/fr\/boutique\/"},{"@type":"ListItem","position":3,"name":"Table et chaises de jardin blanches d&#8217;\u00e9poque (c.1950). Ensemble de 5 pi\u00e8ces"}]},{"@type":"WebSite","@id":"https:\/\/amaruantiques.com\/#website","url":"https:\/\/amaruantiques.com\/","name":"AMARU - Timeless Antiques","description":"Timeless antiques","publisher":{"@id":"https:\/\/amaruantiques.com\/#organization"},"potentialAction":[{"@type":"SearchAction","target":{"@type":"EntryPoint","urlTemplate":"https:\/\/amaruantiques.com\/?s={search_term_string}"},"query-input":{"@type":"PropertyValueSpecification","valueRequired":true,"valueName":"search_term_string"}}],"inLanguage":"fr-FR"},{"@type":"Organization","@id":"https:\/\/amaruantiques.com\/#organization","name":"AMARU","url":"https:\/\/amaruantiques.com\/","logo":{"@type":"ImageObject","inLanguage":"fr-FR","@id":"https:\/\/amaruantiques.com\/#\/schema\/logo\/image\/","url":"https:\/\/amaruoptim.stg.uzero.cat\/wp-content\/uploads\/2025\/04\/logo-AMARU.svg","contentUrl":"https:\/\/amaruoptim.stg.uzero.cat\/wp-content\/uploads\/2025\/04\/logo-AMARU.svg","caption":"AMARU"},"image":{"@id":"https:\/\/amaruantiques.com\/#\/schema\/logo\/image\/"}}]}},"_links":{"self":[{"href":"https:\/\/amaruoptim.stg.uzero.cat\/fr\/wp-json\/wp\/v2\/product\/244912","targetHints":{"allow":["GET"]}}],"collection":[{"href":"https:\/\/amaruoptim.stg.uzero.cat\/fr\/wp-json\/wp\/v2\/product"}],"about":[{"href":"https:\/\/amaruoptim.stg.uzero.cat\/fr\/wp-json\/wp\/v2\/types\/product"}],"wp:featuredmedia":[{"embeddable":true,"href":"https:\/\/amaruoptim.stg.uzero.cat\/fr\/wp-json\/wp\/v2\/media\/244954"}],"wp:attachment":[{"href":"https:\/\/amaruoptim.stg.uzero.cat\/fr\/wp-json\/wp\/v2\/media?parent=244912"}],"wp:term":[{"taxonomy":"product_brand","embeddable":true,"href":"https:\/\/amaruoptim.stg.uzero.cat\/fr\/wp-json\/wp\/v2\/product_brand?post=244912"},{"taxonomy":"product_cat","embeddable":true,"href":"https:\/\/amaruoptim.stg.uzero.cat\/fr\/wp-json\/wp\/v2\/product_cat?post=244912"},{"taxonomy":"product_tag","embeddable":true,"href":"https:\/\/amaruoptim.stg.uzero.cat\/fr\/wp-json\/wp\/v2\/product_tag?post=244912"}],"curies":[{"name":"wp","href":"https:\/\/api.w.org\/{rel}","templated":true}]}}