{"id":244620,"date":"2025-07-07T14:42:38","date_gmt":"2025-07-07T14:42:38","guid":{"rendered":"https:\/\/amaruantiques.com\/?post_type=product&#038;p=244620"},"modified":"2025-07-16T15:47:28","modified_gmt":"2025-07-16T15:47:28","slug":"banc-ancien-de-style-ancien-c-1870-am19052-10","status":"publish","type":"product","link":"https:\/\/amaruoptim.stg.uzero.cat\/fr\/meubles-anciens\/bancs-anciens\/banc-ancien-de-style-ancien-c-1870-am19052-10\/","title":{"rendered":"Banc asiatique ancien aux teintes bleu marine (c.1870) #10"},"content":{"rendered":"<p><strong>Banc asiatique ancien avec des nuances de bleu marine<\/strong> (vers 1870)<\/p>\n<ul>\n<li><b>Dimensions : <\/b>Longueur : 132 cm Profondeur : 18 cm Hauteur : 52 cm<\/li>\n<li><b>Style :<\/b> Primitif<\/li>\n<li><b>Mat\u00e9riaux et techniques :<\/b> Bois d&#8217;orme<\/li>\n<li><b>Lieu d&#8217;origine :<\/b> Chine<\/li>\n<li><b>P\u00e9riode :<\/b> D\u00e9but du 20e si\u00e8cle<\/li>\n<li><b>Date de fabrication :<\/b> Vers 1870<\/li>\n<li><b>\u00c9tat :<\/b> Bon. L&#8217;usure correspond \u00e0 l&#8217;\u00e2ge et \u00e0 l&#8217;utilisation.<\/li>\n<\/ul>\n<p>Il est en excellent \u00e9tat de conservation, \u00e0 l&#8217;exception des imperfections caract\u00e9ristiques de toute antiquit\u00e9, dues au passage du temps.<\/p>\n<p>Donnez une touche d&#8217;originalit\u00e9 \u00e0 votre int\u00e9rieur avec une pi\u00e8ce unique qui se marie avec le style contemporain, en apportant de la personnalit\u00e9 \u00e0 votre int\u00e9rieur. Ce banc asiatique antique peut \u00eatre combin\u00e9 avec l&#8217;une de nos <a href=\"https:\/\/amaruantiques.com\/fr\/categorie-de-produit\/consoles-anciennes\/\">tables consoles<\/a> ou avec nos<a href=\"https:\/\/amaruantiques.com\/fr\/categorie-de-produit\/tabourets-anciens\/\"> tabourets anciennes<\/a> disponibles.<\/p>\n<p><em>PI\u00c8CE UNIQUE<\/em><\/p>\n","protected":false},"excerpt":{"rendered":"<p>Banc asiatique ancien avec des nuances de bleu marine (vers 1870) Dimensions : Longueur : 132 cm Profondeur : 18 cm Hauteur : 52 cm Style : Primitif Mat\u00e9riaux et techniques : Bois d&#8217;orme Lieu d&#8217;origine : Chine P\u00e9riode : D\u00e9but du 20e si\u00e8cle Date de fabrication : Vers 1870 \u00c9tat : Bon. L&#8217;usure correspond [&hellip;]<\/p>\n","protected":false},"featured_media":244694,"template":"","meta":[],"product_brand":[],"product_cat":[615],"product_tag":[],"class_list":{"0":"post-244620","1":"product","2":"type-product","3":"status-publish","4":"has-post-thumbnail","6":"product_cat-bancs-anciens","7":"product_shipping_class-gran-cargo-400-fr","8":"pa_estilo-style-primitif","10":"first","11":"instock","12":"taxable","13":"shipping-taxable","14":"purchasable","15":"product-type-simple"},"yoast_head":"<!-- This site is optimized with the Yoast SEO plugin v26.0 - https:\/\/yoast.com\/wordpress\/plugins\/seo\/ -->\n<title>Banc asiatique ancien | Banc en bois massif | AMARU<\/title>\n<meta name=\"description\" content=\"Banc asiatique ancien aux tons bleu marine (vers 1870). Venez d\u00e9couvrir notre concept de mobilier ancien et vintage sur notre site internet...\" \/>\n<meta name=\"robots\" content=\"index, follow, max-snippet:-1, max-image-preview:large, max-video-preview:-1\" \/>\n<link rel=\"canonical\" href=\"https:\/\/amaruoptim.stg.uzero.cat\/fr\/meubles-anciens\/bancs-anciens\/banc-ancien-de-style-ancien-c-1870-am19052-10\/\" \/>\n<meta property=\"og:locale\" content=\"fr_FR\" \/>\n<meta property=\"og:type\" content=\"article\" \/>\n<meta property=\"og:title\" content=\"Banc asiatique ancien | Banc en bois massif | AMARU\" \/>\n<meta property=\"og:description\" content=\"Banc asiatique ancien aux tons bleu marine (vers 1870). Venez d\u00e9couvrir notre concept de mobilier ancien et vintage sur notre site internet...\" \/>\n<meta property=\"og:url\" content=\"https:\/\/amaruoptim.stg.uzero.cat\/fr\/meubles-anciens\/bancs-anciens\/banc-ancien-de-style-ancien-c-1870-am19052-10\/\" \/>\n<meta property=\"og:site_name\" content=\"AMARU\" \/>\n<meta property=\"article:modified_time\" content=\"2025-07-16T15:47:28+00:00\" \/>\n<meta property=\"og:image\" content=\"https:\/\/amaruantiques.com\/wp-content\/uploads\/2025\/07\/AM19052-10-D-.jpg\" \/>\n\t<meta property=\"og:image:width\" content=\"1600\" \/>\n\t<meta property=\"og:image:height\" content=\"1200\" \/>\n\t<meta property=\"og:image:type\" content=\"image\/jpeg\" \/>\n<meta name=\"twitter:card\" content=\"summary_large_image\" \/>\n<meta name=\"twitter:label1\" content=\"Dur\u00e9e de lecture estim\u00e9e\" \/>\n\t<meta name=\"twitter:data1\" content=\"1 minute\" \/>\n<!-- \/ Yoast SEO plugin. -->","yoast_head_json":{"title":"Banc asiatique ancien | Banc en bois massif | AMARU","description":"Banc asiatique ancien aux tons bleu marine (vers 1870). Venez d\u00e9couvrir notre concept de mobilier ancien et vintage sur notre site internet...","robots":{"index":"index","follow":"follow","max-snippet":"max-snippet:-1","max-image-preview":"max-image-preview:large","max-video-preview":"max-video-preview:-1"},"canonical":"https:\/\/amaruoptim.stg.uzero.cat\/fr\/meubles-anciens\/bancs-anciens\/banc-ancien-de-style-ancien-c-1870-am19052-10\/","og_locale":"fr_FR","og_type":"article","og_title":"Banc asiatique ancien | Banc en bois massif | AMARU","og_description":"Banc asiatique ancien aux tons bleu marine (vers 1870). Venez d\u00e9couvrir notre concept de mobilier ancien et vintage sur notre site internet...","og_url":"https:\/\/amaruoptim.stg.uzero.cat\/fr\/meubles-anciens\/bancs-anciens\/banc-ancien-de-style-ancien-c-1870-am19052-10\/","og_site_name":"AMARU","article_modified_time":"2025-07-16T15:47:28+00:00","og_image":[{"width":1600,"height":1200,"url":"https:\/\/amaruantiques.com\/wp-content\/uploads\/2025\/07\/AM19052-10-D-.jpg","type":"image\/jpeg"}],"twitter_card":"summary_large_image","twitter_misc":{"Dur\u00e9e de lecture estim\u00e9e":"1 minute"},"schema":{"@context":"https:\/\/schema.org","@graph":[{"@type":"WebPage","@id":"https:\/\/amaruoptim.stg.uzero.cat\/fr\/meubles-anciens\/bancs-anciens\/banc-ancien-de-style-ancien-c-1870-am19052-10\/","url":"https:\/\/amaruoptim.stg.uzero.cat\/fr\/meubles-anciens\/bancs-anciens\/banc-ancien-de-style-ancien-c-1870-am19052-10\/","name":"Banc asiatique ancien | Banc en bois massif | AMARU","isPartOf":{"@id":"https:\/\/amaruantiques.com\/#website"},"primaryImageOfPage":{"@id":"https:\/\/amaruoptim.stg.uzero.cat\/fr\/meubles-anciens\/bancs-anciens\/banc-ancien-de-style-ancien-c-1870-am19052-10\/#primaryimage"},"image":{"@id":"https:\/\/amaruoptim.stg.uzero.cat\/fr\/meubles-anciens\/bancs-anciens\/banc-ancien-de-style-ancien-c-1870-am19052-10\/#primaryimage"},"thumbnailUrl":"https:\/\/amaruoptim.stg.uzero.cat\/wp-content\/uploads\/2025\/07\/AM19052-10-D-.jpg","datePublished":"2025-07-07T14:42:38+00:00","dateModified":"2025-07-16T15:47:28+00:00","description":"Banc asiatique ancien aux tons bleu marine (vers 1870). Venez d\u00e9couvrir notre concept de mobilier ancien et vintage sur notre site internet...","breadcrumb":{"@id":"https:\/\/amaruoptim.stg.uzero.cat\/fr\/meubles-anciens\/bancs-anciens\/banc-ancien-de-style-ancien-c-1870-am19052-10\/#breadcrumb"},"inLanguage":"fr-FR","potentialAction":[{"@type":"ReadAction","target":["https:\/\/amaruoptim.stg.uzero.cat\/fr\/meubles-anciens\/bancs-anciens\/banc-ancien-de-style-ancien-c-1870-am19052-10\/"]}]},{"@type":"ImageObject","inLanguage":"fr-FR","@id":"https:\/\/amaruoptim.stg.uzero.cat\/fr\/meubles-anciens\/bancs-anciens\/banc-ancien-de-style-ancien-c-1870-am19052-10\/#primaryimage","url":"https:\/\/amaruoptim.stg.uzero.cat\/wp-content\/uploads\/2025\/07\/AM19052-10-D-.jpg","contentUrl":"https:\/\/amaruoptim.stg.uzero.cat\/wp-content\/uploads\/2025\/07\/AM19052-10-D-.jpg","width":1600,"height":1200,"caption":"Banc asiatique ancien aux teintes bleu marine (c.1870) #10"},{"@type":"BreadcrumbList","@id":"https:\/\/amaruoptim.stg.uzero.cat\/fr\/meubles-anciens\/bancs-anciens\/banc-ancien-de-style-ancien-c-1870-am19052-10\/#breadcrumb","itemListElement":[{"@type":"ListItem","position":1,"name":"Accueil","item":"https:\/\/amaruantiques.com\/fr\/"},{"@type":"ListItem","position":2,"name":"Boutique","item":"https:\/\/amaruantiques.com\/fr\/boutique\/"},{"@type":"ListItem","position":3,"name":"Banc asiatique ancien aux teintes bleu marine (c.1870) #10"}]},{"@type":"WebSite","@id":"https:\/\/amaruantiques.com\/#website","url":"https:\/\/amaruantiques.com\/","name":"AMARU - Timeless Antiques","description":"Timeless antiques","publisher":{"@id":"https:\/\/amaruantiques.com\/#organization"},"potentialAction":[{"@type":"SearchAction","target":{"@type":"EntryPoint","urlTemplate":"https:\/\/amaruantiques.com\/?s={search_term_string}"},"query-input":{"@type":"PropertyValueSpecification","valueRequired":true,"valueName":"search_term_string"}}],"inLanguage":"fr-FR"},{"@type":"Organization","@id":"https:\/\/amaruantiques.com\/#organization","name":"AMARU","url":"https:\/\/amaruantiques.com\/","logo":{"@type":"ImageObject","inLanguage":"fr-FR","@id":"https:\/\/amaruantiques.com\/#\/schema\/logo\/image\/","url":"https:\/\/amaruoptim.stg.uzero.cat\/wp-content\/uploads\/2025\/04\/logo-AMARU.svg","contentUrl":"https:\/\/amaruoptim.stg.uzero.cat\/wp-content\/uploads\/2025\/04\/logo-AMARU.svg","caption":"AMARU"},"image":{"@id":"https:\/\/amaruantiques.com\/#\/schema\/logo\/image\/"}}]}},"_links":{"self":[{"href":"https:\/\/amaruoptim.stg.uzero.cat\/fr\/wp-json\/wp\/v2\/product\/244620","targetHints":{"allow":["GET"]}}],"collection":[{"href":"https:\/\/amaruoptim.stg.uzero.cat\/fr\/wp-json\/wp\/v2\/product"}],"about":[{"href":"https:\/\/amaruoptim.stg.uzero.cat\/fr\/wp-json\/wp\/v2\/types\/product"}],"wp:featuredmedia":[{"embeddable":true,"href":"https:\/\/amaruoptim.stg.uzero.cat\/fr\/wp-json\/wp\/v2\/media\/244694"}],"wp:attachment":[{"href":"https:\/\/amaruoptim.stg.uzero.cat\/fr\/wp-json\/wp\/v2\/media?parent=244620"}],"wp:term":[{"taxonomy":"product_brand","embeddable":true,"href":"https:\/\/amaruoptim.stg.uzero.cat\/fr\/wp-json\/wp\/v2\/product_brand?post=244620"},{"taxonomy":"product_cat","embeddable":true,"href":"https:\/\/amaruoptim.stg.uzero.cat\/fr\/wp-json\/wp\/v2\/product_cat?post=244620"},{"taxonomy":"product_tag","embeddable":true,"href":"https:\/\/amaruoptim.stg.uzero.cat\/fr\/wp-json\/wp\/v2\/product_tag?post=244620"}],"curies":[{"name":"wp","href":"https:\/\/api.w.org\/{rel}","templated":true}]}}