{"id":244334,"date":"2025-07-07T13:15:40","date_gmt":"2025-07-07T13:15:40","guid":{"rendered":"https:\/\/amaruantiques.com\/?post_type=product&#038;p=244334"},"modified":"2025-07-16T14:54:16","modified_gmt":"2025-07-16T14:54:16","slug":"ancien-banc-asiatique-en-bois-c-1870-am19052-1","status":"publish","type":"product","link":"https:\/\/amaruoptim.stg.uzero.cat\/fr\/meubles-anciens\/bancs-anciens\/ancien-banc-asiatique-en-bois-c-1870-am19052-1\/","title":{"rendered":"Banque asiatique ancienne (c.1870) #1"},"content":{"rendered":"<p><strong>Banque asiatique ancienne<\/strong> (vers 1870)<\/p>\n<ul>\n<li><b>Dimensions : <\/b>Longueur : 114 cm Profondeur : 19 cm Hauteur : 43 cm<\/li>\n<li><b>Style :<\/b> Primitif<\/li>\n<li><b>Mat\u00e9riaux et techniques :<\/b> Bois d&#8217;orme<\/li>\n<li><b>Lieu d&#8217;origine :<\/b> Chine<\/li>\n<li><b>P\u00e9riode :<\/b> D\u00e9but du 20e si\u00e8cle<\/li>\n<li><b>Date de fabrication :<\/b> Vers 1870<\/li>\n<li><b>\u00c9tat :<\/b> Bon. L&#8217;usure correspond \u00e0 l&#8217;\u00e2ge et \u00e0 l&#8217;utilisation.<\/li>\n<\/ul>\n<p>Il est en excellent \u00e9tat de conservation, \u00e0 l&#8217;exception des imperfections caract\u00e9ristiques de toute antiquit\u00e9, dues au passage du temps.<\/p>\n<p>Donnez une touche d&#8217;originalit\u00e9 \u00e0 votre int\u00e9rieur avec une pi\u00e8ce unique qui se marie avec le style contemporain, en apportant de la personnalit\u00e9 \u00e0 votre int\u00e9rieur. Ce banc asiatique antique peut \u00eatre combin\u00e9 avec n&#8217;importe laquelle de nos <a href=\"https:\/\/amaruantiques.com\/fr\/categorie-de-produit\/armoires-anciennes\/\">armoires<\/a> ou avec nos<a href=\"https:\/\/amaruantiques.com\/fr\/categorie-de-produit\/anciens-vases\/\"> vases antiques<\/a> disponibles.<\/p>\n<p><em>PI\u00c8CE UNIQUE<\/em><\/p>\n","protected":false},"excerpt":{"rendered":"<p>Banque asiatique ancienne (vers 1870) Dimensions : Longueur : 114 cm Profondeur : 19 cm Hauteur : 43 cm Style : Primitif Mat\u00e9riaux et techniques : Bois d&#8217;orme Lieu d&#8217;origine : Chine P\u00e9riode : D\u00e9but du 20e si\u00e8cle Date de fabrication : Vers 1870 \u00c9tat : Bon. L&#8217;usure correspond \u00e0 l&#8217;\u00e2ge et \u00e0 l&#8217;utilisation. Il [&hellip;]<\/p>\n","protected":false},"featured_media":244361,"template":"","meta":[],"product_brand":[],"product_cat":[615],"product_tag":[],"class_list":{"0":"post-244334","1":"product","2":"type-product","3":"status-publish","4":"has-post-thumbnail","6":"product_cat-bancs-anciens","7":"product_shipping_class-extra-large-250-fr","8":"pa_estilo-style-primitif","10":"first","11":"instock","12":"taxable","13":"shipping-taxable","14":"purchasable","15":"product-type-simple"},"yoast_head":"<!-- This site is optimized with the Yoast SEO plugin v26.0 - https:\/\/yoast.com\/wordpress\/plugins\/seo\/ -->\n<title>Banc asiatique ancien | Banc en bois | AMARU<\/title>\n<meta name=\"description\" content=\"Banc asiatique ancien (vers 1870). Si vous souhaitez transformer un espace d\u00e9nu\u00e9 d&#039;\u00e9motion en un espace \u00e9l\u00e9gant et contemporain, d\u00e9couvrez notre s\u00e9lection wabi sabi.\" \/>\n<meta name=\"robots\" content=\"index, follow, max-snippet:-1, max-image-preview:large, max-video-preview:-1\" \/>\n<link rel=\"canonical\" href=\"https:\/\/amaruoptim.stg.uzero.cat\/fr\/meubles-anciens\/bancs-anciens\/ancien-banc-asiatique-en-bois-c-1870-am19052-1\/\" \/>\n<meta property=\"og:locale\" content=\"fr_FR\" \/>\n<meta property=\"og:type\" content=\"article\" \/>\n<meta property=\"og:title\" content=\"Banc asiatique ancien | Banc en bois | AMARU\" \/>\n<meta property=\"og:description\" content=\"Banc asiatique ancien (vers 1870). Si vous souhaitez transformer un espace d\u00e9nu\u00e9 d&#039;\u00e9motion en un espace \u00e9l\u00e9gant et contemporain, d\u00e9couvrez notre s\u00e9lection wabi sabi.\" \/>\n<meta property=\"og:url\" content=\"https:\/\/amaruoptim.stg.uzero.cat\/fr\/meubles-anciens\/bancs-anciens\/ancien-banc-asiatique-en-bois-c-1870-am19052-1\/\" \/>\n<meta property=\"og:site_name\" content=\"AMARU\" \/>\n<meta property=\"article:modified_time\" content=\"2025-07-16T14:54:16+00:00\" \/>\n<meta property=\"og:image\" content=\"https:\/\/amaruantiques.com\/wp-content\/uploads\/2025\/07\/AM19052-1-D-.jpg\" \/>\n\t<meta property=\"og:image:width\" content=\"1600\" \/>\n\t<meta property=\"og:image:height\" content=\"1200\" \/>\n\t<meta property=\"og:image:type\" content=\"image\/jpeg\" \/>\n<meta name=\"twitter:card\" content=\"summary_large_image\" \/>\n<meta name=\"twitter:label1\" content=\"Dur\u00e9e de lecture estim\u00e9e\" \/>\n\t<meta name=\"twitter:data1\" content=\"1 minute\" \/>\n<!-- \/ Yoast SEO plugin. -->","yoast_head_json":{"title":"Banc asiatique ancien | Banc en bois | AMARU","description":"Banc asiatique ancien (vers 1870). Si vous souhaitez transformer un espace d\u00e9nu\u00e9 d'\u00e9motion en un espace \u00e9l\u00e9gant et contemporain, d\u00e9couvrez notre s\u00e9lection wabi sabi.","robots":{"index":"index","follow":"follow","max-snippet":"max-snippet:-1","max-image-preview":"max-image-preview:large","max-video-preview":"max-video-preview:-1"},"canonical":"https:\/\/amaruoptim.stg.uzero.cat\/fr\/meubles-anciens\/bancs-anciens\/ancien-banc-asiatique-en-bois-c-1870-am19052-1\/","og_locale":"fr_FR","og_type":"article","og_title":"Banc asiatique ancien | Banc en bois | AMARU","og_description":"Banc asiatique ancien (vers 1870). Si vous souhaitez transformer un espace d\u00e9nu\u00e9 d'\u00e9motion en un espace \u00e9l\u00e9gant et contemporain, d\u00e9couvrez notre s\u00e9lection wabi sabi.","og_url":"https:\/\/amaruoptim.stg.uzero.cat\/fr\/meubles-anciens\/bancs-anciens\/ancien-banc-asiatique-en-bois-c-1870-am19052-1\/","og_site_name":"AMARU","article_modified_time":"2025-07-16T14:54:16+00:00","og_image":[{"width":1600,"height":1200,"url":"https:\/\/amaruantiques.com\/wp-content\/uploads\/2025\/07\/AM19052-1-D-.jpg","type":"image\/jpeg"}],"twitter_card":"summary_large_image","twitter_misc":{"Dur\u00e9e de lecture estim\u00e9e":"1 minute"},"schema":{"@context":"https:\/\/schema.org","@graph":[{"@type":"WebPage","@id":"https:\/\/amaruoptim.stg.uzero.cat\/fr\/meubles-anciens\/bancs-anciens\/ancien-banc-asiatique-en-bois-c-1870-am19052-1\/","url":"https:\/\/amaruoptim.stg.uzero.cat\/fr\/meubles-anciens\/bancs-anciens\/ancien-banc-asiatique-en-bois-c-1870-am19052-1\/","name":"Banc asiatique ancien | Banc en bois | AMARU","isPartOf":{"@id":"https:\/\/amaruantiques.com\/#website"},"primaryImageOfPage":{"@id":"https:\/\/amaruoptim.stg.uzero.cat\/fr\/meubles-anciens\/bancs-anciens\/ancien-banc-asiatique-en-bois-c-1870-am19052-1\/#primaryimage"},"image":{"@id":"https:\/\/amaruoptim.stg.uzero.cat\/fr\/meubles-anciens\/bancs-anciens\/ancien-banc-asiatique-en-bois-c-1870-am19052-1\/#primaryimage"},"thumbnailUrl":"https:\/\/amaruoptim.stg.uzero.cat\/wp-content\/uploads\/2025\/07\/AM19052-1-D-.jpg","datePublished":"2025-07-07T13:15:40+00:00","dateModified":"2025-07-16T14:54:16+00:00","description":"Banc asiatique ancien (vers 1870). Si vous souhaitez transformer un espace d\u00e9nu\u00e9 d'\u00e9motion en un espace \u00e9l\u00e9gant et contemporain, d\u00e9couvrez notre s\u00e9lection wabi sabi.","breadcrumb":{"@id":"https:\/\/amaruoptim.stg.uzero.cat\/fr\/meubles-anciens\/bancs-anciens\/ancien-banc-asiatique-en-bois-c-1870-am19052-1\/#breadcrumb"},"inLanguage":"fr-FR","potentialAction":[{"@type":"ReadAction","target":["https:\/\/amaruoptim.stg.uzero.cat\/fr\/meubles-anciens\/bancs-anciens\/ancien-banc-asiatique-en-bois-c-1870-am19052-1\/"]}]},{"@type":"ImageObject","inLanguage":"fr-FR","@id":"https:\/\/amaruoptim.stg.uzero.cat\/fr\/meubles-anciens\/bancs-anciens\/ancien-banc-asiatique-en-bois-c-1870-am19052-1\/#primaryimage","url":"https:\/\/amaruoptim.stg.uzero.cat\/wp-content\/uploads\/2025\/07\/AM19052-1-D-.jpg","contentUrl":"https:\/\/amaruoptim.stg.uzero.cat\/wp-content\/uploads\/2025\/07\/AM19052-1-D-.jpg","width":1600,"height":1200,"caption":"Banque asiatique ancienne (c.1870) #1"},{"@type":"BreadcrumbList","@id":"https:\/\/amaruoptim.stg.uzero.cat\/fr\/meubles-anciens\/bancs-anciens\/ancien-banc-asiatique-en-bois-c-1870-am19052-1\/#breadcrumb","itemListElement":[{"@type":"ListItem","position":1,"name":"Accueil","item":"https:\/\/amaruantiques.com\/fr\/"},{"@type":"ListItem","position":2,"name":"Boutique","item":"https:\/\/amaruantiques.com\/fr\/boutique\/"},{"@type":"ListItem","position":3,"name":"Banque asiatique ancienne (c.1870) #1"}]},{"@type":"WebSite","@id":"https:\/\/amaruantiques.com\/#website","url":"https:\/\/amaruantiques.com\/","name":"AMARU - Timeless Antiques","description":"Timeless antiques","publisher":{"@id":"https:\/\/amaruantiques.com\/#organization"},"potentialAction":[{"@type":"SearchAction","target":{"@type":"EntryPoint","urlTemplate":"https:\/\/amaruantiques.com\/?s={search_term_string}"},"query-input":{"@type":"PropertyValueSpecification","valueRequired":true,"valueName":"search_term_string"}}],"inLanguage":"fr-FR"},{"@type":"Organization","@id":"https:\/\/amaruantiques.com\/#organization","name":"AMARU","url":"https:\/\/amaruantiques.com\/","logo":{"@type":"ImageObject","inLanguage":"fr-FR","@id":"https:\/\/amaruantiques.com\/#\/schema\/logo\/image\/","url":"https:\/\/amaruoptim.stg.uzero.cat\/wp-content\/uploads\/2025\/04\/logo-AMARU.svg","contentUrl":"https:\/\/amaruoptim.stg.uzero.cat\/wp-content\/uploads\/2025\/04\/logo-AMARU.svg","caption":"AMARU"},"image":{"@id":"https:\/\/amaruantiques.com\/#\/schema\/logo\/image\/"}}]}},"_links":{"self":[{"href":"https:\/\/amaruoptim.stg.uzero.cat\/fr\/wp-json\/wp\/v2\/product\/244334","targetHints":{"allow":["GET"]}}],"collection":[{"href":"https:\/\/amaruoptim.stg.uzero.cat\/fr\/wp-json\/wp\/v2\/product"}],"about":[{"href":"https:\/\/amaruoptim.stg.uzero.cat\/fr\/wp-json\/wp\/v2\/types\/product"}],"wp:featuredmedia":[{"embeddable":true,"href":"https:\/\/amaruoptim.stg.uzero.cat\/fr\/wp-json\/wp\/v2\/media\/244361"}],"wp:attachment":[{"href":"https:\/\/amaruoptim.stg.uzero.cat\/fr\/wp-json\/wp\/v2\/media?parent=244334"}],"wp:term":[{"taxonomy":"product_brand","embeddable":true,"href":"https:\/\/amaruoptim.stg.uzero.cat\/fr\/wp-json\/wp\/v2\/product_brand?post=244334"},{"taxonomy":"product_cat","embeddable":true,"href":"https:\/\/amaruoptim.stg.uzero.cat\/fr\/wp-json\/wp\/v2\/product_cat?post=244334"},{"taxonomy":"product_tag","embeddable":true,"href":"https:\/\/amaruoptim.stg.uzero.cat\/fr\/wp-json\/wp\/v2\/product_tag?post=244334"}],"curies":[{"name":"wp","href":"https:\/\/api.w.org\/{rel}","templated":true}]}}