{"id":244220,"date":"2025-07-07T11:40:11","date_gmt":"2025-07-07T11:40:11","guid":{"rendered":"https:\/\/amaruantiques.com\/?post_type=product&#038;p=244220"},"modified":"2025-07-16T14:51:06","modified_gmt":"2025-07-16T14:51:06","slug":"table-basse-ancienne-wabi-sabi-am19040","status":"publish","type":"product","link":"https:\/\/amaruoptim.stg.uzero.cat\/fr\/meubles-anciens\/tables-dappoint-tables-du-salon-et-tables-basses\/table-basse-ancienne-wabi-sabi-am19040\/","title":{"rendered":"Table basse ancienne wabi sabi (c.1900) #40"},"content":{"rendered":"<p><strong>Table basse ancienne de style wabi sabi<\/strong> (c.1900)<\/p>\n<ul>\n<li><strong>Dimensions : <\/strong>Longueur : 114 cm Profondeur : 56 cm Hauteur : 55 cm<\/li>\n<li><strong>Style :<\/strong> Dynastie Qing<\/li>\n<li><strong>Mat\u00e9riaux et techniques :<\/strong> Bois d&#8217;orme<\/li>\n<li><strong>Lieu d&#8217;origine :<\/strong> Chine imp\u00e9riale<\/li>\n<li><strong>P\u00e9riode :<\/strong> D\u00e9but du 20e si\u00e8cle<\/li>\n<li><strong>Date de fabrication :<\/strong> Vers 1900<\/li>\n<li><strong>\u00c9tat :<\/strong> Bon. L&#8217;usure correspond \u00e0 l&#8217;\u00e2ge et \u00e0 l&#8217;utilisation.<\/li>\n<\/ul>\n<p>Il est en excellent \u00e9tat de conservation, \u00e0 l&#8217;exception des imperfections caract\u00e9ristiques de toute antiquit\u00e9, dues au passage du temps.<\/p>\n<p>Donnez une touche d&#8217;originalit\u00e9 \u00e0 votre int\u00e9rieur avec une pi\u00e8ce unique qui se fond dans le style contemporain, en apportant de la personnalit\u00e9 \u00e0 votre int\u00e9rieur. Cette table basse ancienne peut \u00eatre combin\u00e9e avec n&#8217;importe laquelle de nos <a href=\"https:\/\/amaruantiques.com\/fr\/categorie-de-produit\/damme-jeannes-anciennes\/\">damme-jeannes<\/a> ou avec nos<a href=\"https:\/\/amaruantiques.com\/fr\/categorie-de-produit\/malles-anciennes\/\"> malles anciennes<\/a> disponibles.<\/p>\n<p><em>PI\u00c8CE UNIQUE<\/em><\/p>\n","protected":false},"excerpt":{"rendered":"<p>Table basse ancienne de style wabi sabi (c.1900) Dimensions : Longueur : 114 cm Profondeur : 56 cm Hauteur : 55 cm Style : Dynastie Qing Mat\u00e9riaux et techniques : Bois d&#8217;orme Lieu d&#8217;origine : Chine imp\u00e9riale P\u00e9riode : D\u00e9but du 20e si\u00e8cle Date de fabrication : Vers 1900 \u00c9tat : Bon. L&#8217;usure correspond \u00e0 [&hellip;]<\/p>\n","protected":false},"featured_media":244259,"template":"","meta":[],"product_brand":[],"product_cat":[622],"product_tag":[],"class_list":{"0":"post-244220","1":"product","2":"type-product","3":"status-publish","4":"has-post-thumbnail","6":"product_cat-tables-dappoint-tables-du-salon-et-tables-basses","7":"product_shipping_class-gran-cargo-625-fr","8":"pa_estilo-dynastie-qing","10":"first","11":"instock","12":"sold-individually","13":"taxable","14":"shipping-taxable","15":"purchasable","16":"product-type-simple"},"yoast_head":"<!-- This site is optimized with the Yoast SEO plugin v26.0 - https:\/\/yoast.com\/wordpress\/plugins\/seo\/ -->\n<title>Table basse ancienne | Table d&#039;orme | AMARU ANTIQUES<\/title>\n<meta name=\"description\" content=\"Table de salon ancienne dans le style wabi sabi (c.1900). Cr\u00e9ez vos nouveaux espaces. Imaginez une nouvelle maison. D\u00e9couvrez notre collection de pi\u00e8ces uniques.\" \/>\n<meta name=\"robots\" content=\"index, follow, max-snippet:-1, max-image-preview:large, max-video-preview:-1\" \/>\n<link rel=\"canonical\" href=\"https:\/\/amaruoptim.stg.uzero.cat\/fr\/meubles-anciens\/tables-dappoint-tables-du-salon-et-tables-basses\/table-basse-ancienne-wabi-sabi-am19040\/\" \/>\n<meta property=\"og:locale\" content=\"fr_FR\" \/>\n<meta property=\"og:type\" content=\"article\" \/>\n<meta property=\"og:title\" content=\"Table basse ancienne | Table d&#039;orme | AMARU ANTIQUES\" \/>\n<meta property=\"og:description\" content=\"Table de salon ancienne dans le style wabi sabi (c.1900). Cr\u00e9ez vos nouveaux espaces. Imaginez une nouvelle maison. D\u00e9couvrez notre collection de pi\u00e8ces uniques.\" \/>\n<meta property=\"og:url\" content=\"https:\/\/amaruoptim.stg.uzero.cat\/fr\/meubles-anciens\/tables-dappoint-tables-du-salon-et-tables-basses\/table-basse-ancienne-wabi-sabi-am19040\/\" \/>\n<meta property=\"og:site_name\" content=\"AMARU\" \/>\n<meta property=\"article:modified_time\" content=\"2025-07-16T14:51:06+00:00\" \/>\n<meta property=\"og:image\" content=\"https:\/\/amaruantiques.com\/wp-content\/uploads\/2025\/07\/AM19040-D-.jpg\" \/>\n\t<meta property=\"og:image:width\" content=\"1600\" \/>\n\t<meta property=\"og:image:height\" content=\"1600\" \/>\n\t<meta property=\"og:image:type\" content=\"image\/jpeg\" \/>\n<meta name=\"twitter:card\" content=\"summary_large_image\" \/>\n<meta name=\"twitter:label1\" content=\"Dur\u00e9e de lecture estim\u00e9e\" \/>\n\t<meta name=\"twitter:data1\" content=\"1 minute\" \/>\n<!-- \/ Yoast SEO plugin. -->","yoast_head_json":{"title":"Table basse ancienne | Table d'orme | AMARU ANTIQUES","description":"Table de salon ancienne dans le style wabi sabi (c.1900). Cr\u00e9ez vos nouveaux espaces. Imaginez une nouvelle maison. D\u00e9couvrez notre collection de pi\u00e8ces uniques.","robots":{"index":"index","follow":"follow","max-snippet":"max-snippet:-1","max-image-preview":"max-image-preview:large","max-video-preview":"max-video-preview:-1"},"canonical":"https:\/\/amaruoptim.stg.uzero.cat\/fr\/meubles-anciens\/tables-dappoint-tables-du-salon-et-tables-basses\/table-basse-ancienne-wabi-sabi-am19040\/","og_locale":"fr_FR","og_type":"article","og_title":"Table basse ancienne | Table d'orme | AMARU ANTIQUES","og_description":"Table de salon ancienne dans le style wabi sabi (c.1900). Cr\u00e9ez vos nouveaux espaces. Imaginez une nouvelle maison. D\u00e9couvrez notre collection de pi\u00e8ces uniques.","og_url":"https:\/\/amaruoptim.stg.uzero.cat\/fr\/meubles-anciens\/tables-dappoint-tables-du-salon-et-tables-basses\/table-basse-ancienne-wabi-sabi-am19040\/","og_site_name":"AMARU","article_modified_time":"2025-07-16T14:51:06+00:00","og_image":[{"width":1600,"height":1600,"url":"https:\/\/amaruantiques.com\/wp-content\/uploads\/2025\/07\/AM19040-D-.jpg","type":"image\/jpeg"}],"twitter_card":"summary_large_image","twitter_misc":{"Dur\u00e9e de lecture estim\u00e9e":"1 minute"},"schema":{"@context":"https:\/\/schema.org","@graph":[{"@type":"WebPage","@id":"https:\/\/amaruoptim.stg.uzero.cat\/fr\/meubles-anciens\/tables-dappoint-tables-du-salon-et-tables-basses\/table-basse-ancienne-wabi-sabi-am19040\/","url":"https:\/\/amaruoptim.stg.uzero.cat\/fr\/meubles-anciens\/tables-dappoint-tables-du-salon-et-tables-basses\/table-basse-ancienne-wabi-sabi-am19040\/","name":"Table basse ancienne | Table d'orme | AMARU ANTIQUES","isPartOf":{"@id":"https:\/\/amaruantiques.com\/#website"},"primaryImageOfPage":{"@id":"https:\/\/amaruoptim.stg.uzero.cat\/fr\/meubles-anciens\/tables-dappoint-tables-du-salon-et-tables-basses\/table-basse-ancienne-wabi-sabi-am19040\/#primaryimage"},"image":{"@id":"https:\/\/amaruoptim.stg.uzero.cat\/fr\/meubles-anciens\/tables-dappoint-tables-du-salon-et-tables-basses\/table-basse-ancienne-wabi-sabi-am19040\/#primaryimage"},"thumbnailUrl":"https:\/\/amaruoptim.stg.uzero.cat\/wp-content\/uploads\/2025\/07\/AM19040-D-.jpg","datePublished":"2025-07-07T11:40:11+00:00","dateModified":"2025-07-16T14:51:06+00:00","description":"Table de salon ancienne dans le style wabi sabi (c.1900). Cr\u00e9ez vos nouveaux espaces. Imaginez une nouvelle maison. D\u00e9couvrez notre collection de pi\u00e8ces uniques.","breadcrumb":{"@id":"https:\/\/amaruoptim.stg.uzero.cat\/fr\/meubles-anciens\/tables-dappoint-tables-du-salon-et-tables-basses\/table-basse-ancienne-wabi-sabi-am19040\/#breadcrumb"},"inLanguage":"fr-FR","potentialAction":[{"@type":"ReadAction","target":["https:\/\/amaruoptim.stg.uzero.cat\/fr\/meubles-anciens\/tables-dappoint-tables-du-salon-et-tables-basses\/table-basse-ancienne-wabi-sabi-am19040\/"]}]},{"@type":"ImageObject","inLanguage":"fr-FR","@id":"https:\/\/amaruoptim.stg.uzero.cat\/fr\/meubles-anciens\/tables-dappoint-tables-du-salon-et-tables-basses\/table-basse-ancienne-wabi-sabi-am19040\/#primaryimage","url":"https:\/\/amaruoptim.stg.uzero.cat\/wp-content\/uploads\/2025\/07\/AM19040-D-.jpg","contentUrl":"https:\/\/amaruoptim.stg.uzero.cat\/wp-content\/uploads\/2025\/07\/AM19040-D-.jpg","width":1600,"height":1600,"caption":"Table basse ancienne wabi sabi (c.1900) #40"},{"@type":"BreadcrumbList","@id":"https:\/\/amaruoptim.stg.uzero.cat\/fr\/meubles-anciens\/tables-dappoint-tables-du-salon-et-tables-basses\/table-basse-ancienne-wabi-sabi-am19040\/#breadcrumb","itemListElement":[{"@type":"ListItem","position":1,"name":"Accueil","item":"https:\/\/amaruantiques.com\/fr\/"},{"@type":"ListItem","position":2,"name":"Boutique","item":"https:\/\/amaruantiques.com\/fr\/boutique\/"},{"@type":"ListItem","position":3,"name":"Table basse ancienne wabi sabi (c.1900) #40"}]},{"@type":"WebSite","@id":"https:\/\/amaruantiques.com\/#website","url":"https:\/\/amaruantiques.com\/","name":"AMARU - Timeless Antiques","description":"Timeless antiques","publisher":{"@id":"https:\/\/amaruantiques.com\/#organization"},"potentialAction":[{"@type":"SearchAction","target":{"@type":"EntryPoint","urlTemplate":"https:\/\/amaruantiques.com\/?s={search_term_string}"},"query-input":{"@type":"PropertyValueSpecification","valueRequired":true,"valueName":"search_term_string"}}],"inLanguage":"fr-FR"},{"@type":"Organization","@id":"https:\/\/amaruantiques.com\/#organization","name":"AMARU","url":"https:\/\/amaruantiques.com\/","logo":{"@type":"ImageObject","inLanguage":"fr-FR","@id":"https:\/\/amaruantiques.com\/#\/schema\/logo\/image\/","url":"https:\/\/amaruoptim.stg.uzero.cat\/wp-content\/uploads\/2025\/04\/logo-AMARU.svg","contentUrl":"https:\/\/amaruoptim.stg.uzero.cat\/wp-content\/uploads\/2025\/04\/logo-AMARU.svg","caption":"AMARU"},"image":{"@id":"https:\/\/amaruantiques.com\/#\/schema\/logo\/image\/"}}]}},"_links":{"self":[{"href":"https:\/\/amaruoptim.stg.uzero.cat\/fr\/wp-json\/wp\/v2\/product\/244220","targetHints":{"allow":["GET"]}}],"collection":[{"href":"https:\/\/amaruoptim.stg.uzero.cat\/fr\/wp-json\/wp\/v2\/product"}],"about":[{"href":"https:\/\/amaruoptim.stg.uzero.cat\/fr\/wp-json\/wp\/v2\/types\/product"}],"wp:featuredmedia":[{"embeddable":true,"href":"https:\/\/amaruoptim.stg.uzero.cat\/fr\/wp-json\/wp\/v2\/media\/244259"}],"wp:attachment":[{"href":"https:\/\/amaruoptim.stg.uzero.cat\/fr\/wp-json\/wp\/v2\/media?parent=244220"}],"wp:term":[{"taxonomy":"product_brand","embeddable":true,"href":"https:\/\/amaruoptim.stg.uzero.cat\/fr\/wp-json\/wp\/v2\/product_brand?post=244220"},{"taxonomy":"product_cat","embeddable":true,"href":"https:\/\/amaruoptim.stg.uzero.cat\/fr\/wp-json\/wp\/v2\/product_cat?post=244220"},{"taxonomy":"product_tag","embeddable":true,"href":"https:\/\/amaruoptim.stg.uzero.cat\/fr\/wp-json\/wp\/v2\/product_tag?post=244220"}],"curies":[{"name":"wp","href":"https:\/\/api.w.org\/{rel}","templated":true}]}}