{"id":243245,"date":"2025-06-25T14:56:29","date_gmt":"2025-06-25T14:56:29","guid":{"rendered":"https:\/\/amaruantiques.com\/?post_type=product&#038;p=243245"},"modified":"2025-07-16T13:42:06","modified_gmt":"2025-07-16T13:42:06","slug":"petit-meuble-ancien-c-1900-am19035","status":"publish","type":"product","link":"https:\/\/amaruoptim.stg.uzero.cat\/fr\/meubles-anciens\/buffets-anciens\/petit-meuble-ancien-c-1900-am19035\/","title":{"rendered":"Petit meuble TV ancien (c.1900) #35"},"content":{"rendered":"<p><strong>Petit meuble TV ancien<\/strong> (vers 1900)<\/p>\n<ul>\n<li><strong>Dimensions : <\/strong>Longueur : 150 cm Profondeur : 22 cm Hauteur : 37 cm<\/li>\n<li><strong>Style :<\/strong> Dynastie Qing<\/li>\n<li><strong>Mat\u00e9riaux et techniques :<\/strong> Bois d&#8217;orme<\/li>\n<li><strong>Lieu d&#8217;origine :<\/strong> Chine imp\u00e9riale<\/li>\n<li><strong>P\u00e9riode :<\/strong> D\u00e9but du 20e si\u00e8cle<\/li>\n<li><strong>Date de fabrication :<\/strong> Vers 1900<\/li>\n<li><strong>\u00c9tat :<\/strong> Bon. L&#8217;usure correspond \u00e0 l&#8217;\u00e2ge et \u00e0 l&#8217;utilisation.<\/li>\n<\/ul>\n<p>Il est en excellent \u00e9tat de conservation, \u00e0 l&#8217;exception des imperfections caract\u00e9ristiques de toute antiquit\u00e9, dues au passage du temps.<\/p>\n<p>Donnez une touche d&#8217;originalit\u00e9 \u00e0 votre int\u00e9rieur avec une pi\u00e8ce unique qui se fond dans le style contemporain et apporte de la personnalit\u00e9 \u00e0 votre int\u00e9rieur. Ce petit meuble TV peut \u00eatre associ\u00e9 \u00e0 l&#8217;une de nos <a href=\"https:\/\/amaruantiques.com\/fr\/categorie-de-produit\/commodes-anciennes\/\">commodes<\/a> ou \u00e0 l&#8217;une des <a href=\"https:\/\/amaruantiques.com\/fr\/categorie-de-produit\/tables-dappoint-tables-du-salon-et-tables-basses\/\">tables basses anciennes<\/a> disponibles.<\/p>\n<p><em>PI\u00c8CE UNIQUE<\/em><\/p>\n","protected":false},"excerpt":{"rendered":"<p>Petit meuble TV ancien (vers 1900) Dimensions : Longueur : 150 cm Profondeur : 22 cm Hauteur : 37 cm Style : Dynastie Qing Mat\u00e9riaux et techniques : Bois d&#8217;orme Lieu d&#8217;origine : Chine imp\u00e9riale P\u00e9riode : D\u00e9but du 20e si\u00e8cle Date de fabrication : Vers 1900 \u00c9tat : Bon. L&#8217;usure correspond \u00e0 l&#8217;\u00e2ge et [&hellip;]<\/p>\n","protected":false},"featured_media":243302,"template":"","meta":[],"product_brand":[],"product_cat":[606,609,623],"product_tag":[],"class_list":{"0":"post-243245","1":"product","2":"type-product","3":"status-publish","4":"has-post-thumbnail","6":"product_cat-buffets-anciens","7":"product_cat-meubles-tv-anciens","8":"product_cat-meubles-anciens-meubles-vintage","9":"product_shipping_class-gran-cargo-625-fr","10":"pa_estilo-dynastie-qing","12":"first","13":"instock","14":"sold-individually","15":"taxable","16":"shipping-taxable","17":"purchasable","18":"product-type-simple"},"yoast_head":"<!-- This site is optimized with the Yoast SEO plugin v26.0 - https:\/\/yoast.com\/wordpress\/plugins\/seo\/ -->\n<title>Petit meuble TV | Meuble TV en bois massif | AMARU<\/title>\n<meta name=\"description\" content=\"Petit meuble TV ancien (vers 1900). Nous sommes passionn\u00e9s par la restauration de la beaut\u00e9 des pi\u00e8ces antiques uniques, en sauvant leur essence intemporelle.\" \/>\n<meta name=\"robots\" content=\"index, follow, max-snippet:-1, max-image-preview:large, max-video-preview:-1\" \/>\n<link rel=\"canonical\" href=\"https:\/\/amaruoptim.stg.uzero.cat\/fr\/meubles-anciens\/buffets-anciens\/petit-meuble-ancien-c-1900-am19035\/\" \/>\n<meta property=\"og:locale\" content=\"fr_FR\" \/>\n<meta property=\"og:type\" content=\"article\" \/>\n<meta property=\"og:title\" content=\"Petit meuble TV | Meuble TV en bois massif | AMARU\" \/>\n<meta property=\"og:description\" content=\"Petit meuble TV ancien (vers 1900). Nous sommes passionn\u00e9s par la restauration de la beaut\u00e9 des pi\u00e8ces antiques uniques, en sauvant leur essence intemporelle.\" \/>\n<meta property=\"og:url\" content=\"https:\/\/amaruoptim.stg.uzero.cat\/fr\/meubles-anciens\/buffets-anciens\/petit-meuble-ancien-c-1900-am19035\/\" \/>\n<meta property=\"og:site_name\" content=\"AMARU\" \/>\n<meta property=\"article:modified_time\" content=\"2025-07-16T13:42:06+00:00\" \/>\n<meta property=\"og:image\" content=\"https:\/\/amaruantiques.com\/wp-content\/uploads\/2025\/06\/AM19035-D-.jpg\" \/>\n\t<meta property=\"og:image:width\" content=\"1600\" \/>\n\t<meta property=\"og:image:height\" content=\"1200\" \/>\n\t<meta property=\"og:image:type\" content=\"image\/jpeg\" \/>\n<meta name=\"twitter:card\" content=\"summary_large_image\" \/>\n<meta name=\"twitter:label1\" content=\"Dur\u00e9e de lecture estim\u00e9e\" \/>\n\t<meta name=\"twitter:data1\" content=\"1 minute\" \/>\n<!-- \/ Yoast SEO plugin. -->","yoast_head_json":{"title":"Petit meuble TV | Meuble TV en bois massif | AMARU","description":"Petit meuble TV ancien (vers 1900). Nous sommes passionn\u00e9s par la restauration de la beaut\u00e9 des pi\u00e8ces antiques uniques, en sauvant leur essence intemporelle.","robots":{"index":"index","follow":"follow","max-snippet":"max-snippet:-1","max-image-preview":"max-image-preview:large","max-video-preview":"max-video-preview:-1"},"canonical":"https:\/\/amaruoptim.stg.uzero.cat\/fr\/meubles-anciens\/buffets-anciens\/petit-meuble-ancien-c-1900-am19035\/","og_locale":"fr_FR","og_type":"article","og_title":"Petit meuble TV | Meuble TV en bois massif | AMARU","og_description":"Petit meuble TV ancien (vers 1900). Nous sommes passionn\u00e9s par la restauration de la beaut\u00e9 des pi\u00e8ces antiques uniques, en sauvant leur essence intemporelle.","og_url":"https:\/\/amaruoptim.stg.uzero.cat\/fr\/meubles-anciens\/buffets-anciens\/petit-meuble-ancien-c-1900-am19035\/","og_site_name":"AMARU","article_modified_time":"2025-07-16T13:42:06+00:00","og_image":[{"width":1600,"height":1200,"url":"https:\/\/amaruantiques.com\/wp-content\/uploads\/2025\/06\/AM19035-D-.jpg","type":"image\/jpeg"}],"twitter_card":"summary_large_image","twitter_misc":{"Dur\u00e9e de lecture estim\u00e9e":"1 minute"},"schema":{"@context":"https:\/\/schema.org","@graph":[{"@type":"WebPage","@id":"https:\/\/amaruoptim.stg.uzero.cat\/fr\/meubles-anciens\/buffets-anciens\/petit-meuble-ancien-c-1900-am19035\/","url":"https:\/\/amaruoptim.stg.uzero.cat\/fr\/meubles-anciens\/buffets-anciens\/petit-meuble-ancien-c-1900-am19035\/","name":"Petit meuble TV | Meuble TV en bois massif | AMARU","isPartOf":{"@id":"https:\/\/amaruantiques.com\/#website"},"primaryImageOfPage":{"@id":"https:\/\/amaruoptim.stg.uzero.cat\/fr\/meubles-anciens\/buffets-anciens\/petit-meuble-ancien-c-1900-am19035\/#primaryimage"},"image":{"@id":"https:\/\/amaruoptim.stg.uzero.cat\/fr\/meubles-anciens\/buffets-anciens\/petit-meuble-ancien-c-1900-am19035\/#primaryimage"},"thumbnailUrl":"https:\/\/amaruoptim.stg.uzero.cat\/wp-content\/uploads\/2025\/06\/AM19035-D-.jpg","datePublished":"2025-06-25T14:56:29+00:00","dateModified":"2025-07-16T13:42:06+00:00","description":"Petit meuble TV ancien (vers 1900). Nous sommes passionn\u00e9s par la restauration de la beaut\u00e9 des pi\u00e8ces antiques uniques, en sauvant leur essence intemporelle.","breadcrumb":{"@id":"https:\/\/amaruoptim.stg.uzero.cat\/fr\/meubles-anciens\/buffets-anciens\/petit-meuble-ancien-c-1900-am19035\/#breadcrumb"},"inLanguage":"fr-FR","potentialAction":[{"@type":"ReadAction","target":["https:\/\/amaruoptim.stg.uzero.cat\/fr\/meubles-anciens\/buffets-anciens\/petit-meuble-ancien-c-1900-am19035\/"]}]},{"@type":"ImageObject","inLanguage":"fr-FR","@id":"https:\/\/amaruoptim.stg.uzero.cat\/fr\/meubles-anciens\/buffets-anciens\/petit-meuble-ancien-c-1900-am19035\/#primaryimage","url":"https:\/\/amaruoptim.stg.uzero.cat\/wp-content\/uploads\/2025\/06\/AM19035-D-.jpg","contentUrl":"https:\/\/amaruoptim.stg.uzero.cat\/wp-content\/uploads\/2025\/06\/AM19035-D-.jpg","width":1600,"height":1200,"caption":"Petit meuble TV ancien (c.1900) #35"},{"@type":"BreadcrumbList","@id":"https:\/\/amaruoptim.stg.uzero.cat\/fr\/meubles-anciens\/buffets-anciens\/petit-meuble-ancien-c-1900-am19035\/#breadcrumb","itemListElement":[{"@type":"ListItem","position":1,"name":"Accueil","item":"https:\/\/amaruantiques.com\/fr\/"},{"@type":"ListItem","position":2,"name":"Boutique","item":"https:\/\/amaruantiques.com\/fr\/boutique\/"},{"@type":"ListItem","position":3,"name":"Petit meuble TV ancien (c.1900) #35"}]},{"@type":"WebSite","@id":"https:\/\/amaruantiques.com\/#website","url":"https:\/\/amaruantiques.com\/","name":"AMARU - Timeless Antiques","description":"Timeless antiques","publisher":{"@id":"https:\/\/amaruantiques.com\/#organization"},"potentialAction":[{"@type":"SearchAction","target":{"@type":"EntryPoint","urlTemplate":"https:\/\/amaruantiques.com\/?s={search_term_string}"},"query-input":{"@type":"PropertyValueSpecification","valueRequired":true,"valueName":"search_term_string"}}],"inLanguage":"fr-FR"},{"@type":"Organization","@id":"https:\/\/amaruantiques.com\/#organization","name":"AMARU","url":"https:\/\/amaruantiques.com\/","logo":{"@type":"ImageObject","inLanguage":"fr-FR","@id":"https:\/\/amaruantiques.com\/#\/schema\/logo\/image\/","url":"https:\/\/amaruoptim.stg.uzero.cat\/wp-content\/uploads\/2025\/04\/logo-AMARU.svg","contentUrl":"https:\/\/amaruoptim.stg.uzero.cat\/wp-content\/uploads\/2025\/04\/logo-AMARU.svg","caption":"AMARU"},"image":{"@id":"https:\/\/amaruantiques.com\/#\/schema\/logo\/image\/"}}]}},"_links":{"self":[{"href":"https:\/\/amaruoptim.stg.uzero.cat\/fr\/wp-json\/wp\/v2\/product\/243245","targetHints":{"allow":["GET"]}}],"collection":[{"href":"https:\/\/amaruoptim.stg.uzero.cat\/fr\/wp-json\/wp\/v2\/product"}],"about":[{"href":"https:\/\/amaruoptim.stg.uzero.cat\/fr\/wp-json\/wp\/v2\/types\/product"}],"wp:featuredmedia":[{"embeddable":true,"href":"https:\/\/amaruoptim.stg.uzero.cat\/fr\/wp-json\/wp\/v2\/media\/243302"}],"wp:attachment":[{"href":"https:\/\/amaruoptim.stg.uzero.cat\/fr\/wp-json\/wp\/v2\/media?parent=243245"}],"wp:term":[{"taxonomy":"product_brand","embeddable":true,"href":"https:\/\/amaruoptim.stg.uzero.cat\/fr\/wp-json\/wp\/v2\/product_brand?post=243245"},{"taxonomy":"product_cat","embeddable":true,"href":"https:\/\/amaruoptim.stg.uzero.cat\/fr\/wp-json\/wp\/v2\/product_cat?post=243245"},{"taxonomy":"product_tag","embeddable":true,"href":"https:\/\/amaruoptim.stg.uzero.cat\/fr\/wp-json\/wp\/v2\/product_tag?post=243245"}],"curies":[{"name":"wp","href":"https:\/\/api.w.org\/{rel}","templated":true}]}}