{"id":241995,"date":"2025-06-25T10:08:04","date_gmt":"2025-06-25T10:08:04","guid":{"rendered":"https:\/\/amaruantiques.com\/?post_type=product&#038;p=241995"},"modified":"2025-07-12T17:50:15","modified_gmt":"2025-07-12T17:50:15","slug":"buffet-ancien-c-1900-am18047","status":"publish","type":"product","link":"https:\/\/amaruoptim.stg.uzero.cat\/fr\/meubles-anciens\/buffets-anciens\/buffet-ancien-c-1900-am18047\/","title":{"rendered":"Buffet d&#8217;entr\u00e9e ancien (c.1900) #47"},"content":{"rendered":"<p><strong>Buffet d&#8217;entr\u00e9e ancien<\/strong> (vers 1900)<\/p>\n<ul>\n<li><strong>Dimensions : <\/strong>Longueur : 140 cm Profondeur : 40 cm Hauteur : 83 cm<\/li>\n<li><strong>Style :<\/strong> Qing<\/li>\n<li><strong>Mat\u00e9riaux et techniques :<\/strong> Bois d&#8217;orme<\/li>\n<li><strong>Lieu d&#8217;origine :<\/strong> Chine imp\u00e9riale<\/li>\n<li><strong>P\u00e9riode :<\/strong> D\u00e9but du 20e si\u00e8cle<\/li>\n<li><strong>Date de fabrication :<\/strong> Vers 1900<\/li>\n<li><strong>\u00c9tat :<\/strong> Bon. L&#8217;usure correspond \u00e0 l&#8217;\u00e2ge et \u00e0 l&#8217;utilisation.<\/li>\n<\/ul>\n<p>Il est en excellent \u00e9tat de conservation, \u00e0 l&#8217;exception des imperfections caract\u00e9ristiques de toute antiquit\u00e9, dues au passage du temps.<\/p>\n<p>Donnez une touche d&#8217;originalit\u00e9 \u00e0 votre int\u00e9rieur avec une pi\u00e8ce unique qui s&#8217;int\u00e8gre dans le style contemporain et apporte de la personnalit\u00e9 \u00e0 votre int\u00e9rieur. Ce buffet d&#8217;entr\u00e9e antique peut \u00eatre combin\u00e9 avec l&#8217;un de nos<a href=\"https:\/\/amaruantiques.com\/fr\/categorie-de-produit\/bancs-anciens\/\"> bancs <\/a>ou avec nos <a href=\"https:\/\/amaruantiques.com\/fr\/categorie-de-produit\/malles-anciennes\/\">malles anciennes<\/a> disponibles.<\/p>\n<p><em>PI\u00c8CE UNIQUE<\/em><\/p>\n","protected":false},"excerpt":{"rendered":"<p>Buffet d&#8217;entr\u00e9e ancien (vers 1900) Dimensions : Longueur : 140 cm Profondeur : 40 cm Hauteur : 83 cm Style : Qing Mat\u00e9riaux et techniques : Bois d&#8217;orme Lieu d&#8217;origine : Chine imp\u00e9riale P\u00e9riode : D\u00e9but du 20e si\u00e8cle Date de fabrication : Vers 1900 \u00c9tat : Bon. L&#8217;usure correspond \u00e0 l&#8217;\u00e2ge et \u00e0 l&#8217;utilisation. [&hellip;]<\/p>\n","protected":false},"featured_media":241998,"template":"","meta":[],"product_brand":[],"product_cat":[606,623],"product_tag":[],"class_list":{"0":"post-241995","1":"product","2":"type-product","3":"status-publish","4":"has-post-thumbnail","6":"product_cat-buffets-anciens","7":"product_cat-meubles-anciens-meubles-vintage","8":"product_shipping_class-gran-cargo-625-fr","9":"pa_estilo-dynastie-qing","11":"first","12":"instock","13":"sold-individually","14":"taxable","15":"shipping-taxable","16":"purchasable","17":"product-type-simple"},"yoast_head":"<!-- This site is optimized with the Yoast SEO plugin v26.0 - https:\/\/yoast.com\/wordpress\/plugins\/seo\/ -->\n<title>Buffet d&#039;entr\u00e9e ancien | Buffet en bois | AMARU<\/title>\n<meta name=\"description\" content=\"Buffet d&#039;entr\u00e9e ancien (vers 1900). D\u00e9couvrez notre collection, o\u00f9 chaque pi\u00e8ce refl\u00e8te son charme et ajoute une touche sp\u00e9ciale \u00e0 chaque espace.\" \/>\n<meta name=\"robots\" content=\"index, follow, max-snippet:-1, max-image-preview:large, max-video-preview:-1\" \/>\n<link rel=\"canonical\" href=\"https:\/\/amaruoptim.stg.uzero.cat\/fr\/meubles-anciens\/buffets-anciens\/buffet-ancien-c-1900-am18047\/\" \/>\n<meta property=\"og:locale\" content=\"fr_FR\" \/>\n<meta property=\"og:type\" content=\"article\" \/>\n<meta property=\"og:title\" content=\"Buffet d&#039;entr\u00e9e ancien | Buffet en bois | AMARU\" \/>\n<meta property=\"og:description\" content=\"Buffet d&#039;entr\u00e9e ancien (vers 1900). D\u00e9couvrez notre collection, o\u00f9 chaque pi\u00e8ce refl\u00e8te son charme et ajoute une touche sp\u00e9ciale \u00e0 chaque espace.\" \/>\n<meta property=\"og:url\" content=\"https:\/\/amaruoptim.stg.uzero.cat\/fr\/meubles-anciens\/buffets-anciens\/buffet-ancien-c-1900-am18047\/\" \/>\n<meta property=\"og:site_name\" content=\"AMARU\" \/>\n<meta property=\"article:modified_time\" content=\"2025-07-12T17:50:15+00:00\" \/>\n<meta property=\"og:image\" content=\"https:\/\/amaruantiques.com\/wp-content\/uploads\/2025\/06\/AM18047-D-1.jpg\" \/>\n\t<meta property=\"og:image:width\" content=\"1600\" \/>\n\t<meta property=\"og:image:height\" content=\"1200\" \/>\n\t<meta property=\"og:image:type\" content=\"image\/jpeg\" \/>\n<meta name=\"twitter:card\" content=\"summary_large_image\" \/>\n<meta name=\"twitter:label1\" content=\"Dur\u00e9e de lecture estim\u00e9e\" \/>\n\t<meta name=\"twitter:data1\" content=\"1 minute\" \/>\n<!-- \/ Yoast SEO plugin. -->","yoast_head_json":{"title":"Buffet d'entr\u00e9e ancien | Buffet en bois | AMARU","description":"Buffet d'entr\u00e9e ancien (vers 1900). D\u00e9couvrez notre collection, o\u00f9 chaque pi\u00e8ce refl\u00e8te son charme et ajoute une touche sp\u00e9ciale \u00e0 chaque espace.","robots":{"index":"index","follow":"follow","max-snippet":"max-snippet:-1","max-image-preview":"max-image-preview:large","max-video-preview":"max-video-preview:-1"},"canonical":"https:\/\/amaruoptim.stg.uzero.cat\/fr\/meubles-anciens\/buffets-anciens\/buffet-ancien-c-1900-am18047\/","og_locale":"fr_FR","og_type":"article","og_title":"Buffet d'entr\u00e9e ancien | Buffet en bois | AMARU","og_description":"Buffet d'entr\u00e9e ancien (vers 1900). D\u00e9couvrez notre collection, o\u00f9 chaque pi\u00e8ce refl\u00e8te son charme et ajoute une touche sp\u00e9ciale \u00e0 chaque espace.","og_url":"https:\/\/amaruoptim.stg.uzero.cat\/fr\/meubles-anciens\/buffets-anciens\/buffet-ancien-c-1900-am18047\/","og_site_name":"AMARU","article_modified_time":"2025-07-12T17:50:15+00:00","og_image":[{"width":1600,"height":1200,"url":"https:\/\/amaruantiques.com\/wp-content\/uploads\/2025\/06\/AM18047-D-1.jpg","type":"image\/jpeg"}],"twitter_card":"summary_large_image","twitter_misc":{"Dur\u00e9e de lecture estim\u00e9e":"1 minute"},"schema":{"@context":"https:\/\/schema.org","@graph":[{"@type":"WebPage","@id":"https:\/\/amaruoptim.stg.uzero.cat\/fr\/meubles-anciens\/buffets-anciens\/buffet-ancien-c-1900-am18047\/","url":"https:\/\/amaruoptim.stg.uzero.cat\/fr\/meubles-anciens\/buffets-anciens\/buffet-ancien-c-1900-am18047\/","name":"Buffet d'entr\u00e9e ancien | Buffet en bois | AMARU","isPartOf":{"@id":"https:\/\/amaruantiques.com\/#website"},"primaryImageOfPage":{"@id":"https:\/\/amaruoptim.stg.uzero.cat\/fr\/meubles-anciens\/buffets-anciens\/buffet-ancien-c-1900-am18047\/#primaryimage"},"image":{"@id":"https:\/\/amaruoptim.stg.uzero.cat\/fr\/meubles-anciens\/buffets-anciens\/buffet-ancien-c-1900-am18047\/#primaryimage"},"thumbnailUrl":"https:\/\/amaruoptim.stg.uzero.cat\/wp-content\/uploads\/2025\/06\/AM18047-D-1.jpg","datePublished":"2025-06-25T10:08:04+00:00","dateModified":"2025-07-12T17:50:15+00:00","description":"Buffet d'entr\u00e9e ancien (vers 1900). D\u00e9couvrez notre collection, o\u00f9 chaque pi\u00e8ce refl\u00e8te son charme et ajoute une touche sp\u00e9ciale \u00e0 chaque espace.","breadcrumb":{"@id":"https:\/\/amaruoptim.stg.uzero.cat\/fr\/meubles-anciens\/buffets-anciens\/buffet-ancien-c-1900-am18047\/#breadcrumb"},"inLanguage":"fr-FR","potentialAction":[{"@type":"ReadAction","target":["https:\/\/amaruoptim.stg.uzero.cat\/fr\/meubles-anciens\/buffets-anciens\/buffet-ancien-c-1900-am18047\/"]}]},{"@type":"ImageObject","inLanguage":"fr-FR","@id":"https:\/\/amaruoptim.stg.uzero.cat\/fr\/meubles-anciens\/buffets-anciens\/buffet-ancien-c-1900-am18047\/#primaryimage","url":"https:\/\/amaruoptim.stg.uzero.cat\/wp-content\/uploads\/2025\/06\/AM18047-D-1.jpg","contentUrl":"https:\/\/amaruoptim.stg.uzero.cat\/wp-content\/uploads\/2025\/06\/AM18047-D-1.jpg","width":1600,"height":1200,"caption":"Buffet d'entr\u00e9e ancien (c.1900) #47"},{"@type":"BreadcrumbList","@id":"https:\/\/amaruoptim.stg.uzero.cat\/fr\/meubles-anciens\/buffets-anciens\/buffet-ancien-c-1900-am18047\/#breadcrumb","itemListElement":[{"@type":"ListItem","position":1,"name":"Accueil","item":"https:\/\/amaruantiques.com\/fr\/"},{"@type":"ListItem","position":2,"name":"Boutique","item":"https:\/\/amaruantiques.com\/fr\/boutique\/"},{"@type":"ListItem","position":3,"name":"Buffet d&#8217;entr\u00e9e ancien (c.1900) #47"}]},{"@type":"WebSite","@id":"https:\/\/amaruantiques.com\/#website","url":"https:\/\/amaruantiques.com\/","name":"AMARU - Timeless Antiques","description":"Timeless antiques","publisher":{"@id":"https:\/\/amaruantiques.com\/#organization"},"potentialAction":[{"@type":"SearchAction","target":{"@type":"EntryPoint","urlTemplate":"https:\/\/amaruantiques.com\/?s={search_term_string}"},"query-input":{"@type":"PropertyValueSpecification","valueRequired":true,"valueName":"search_term_string"}}],"inLanguage":"fr-FR"},{"@type":"Organization","@id":"https:\/\/amaruantiques.com\/#organization","name":"AMARU","url":"https:\/\/amaruantiques.com\/","logo":{"@type":"ImageObject","inLanguage":"fr-FR","@id":"https:\/\/amaruantiques.com\/#\/schema\/logo\/image\/","url":"https:\/\/amaruoptim.stg.uzero.cat\/wp-content\/uploads\/2025\/04\/logo-AMARU.svg","contentUrl":"https:\/\/amaruoptim.stg.uzero.cat\/wp-content\/uploads\/2025\/04\/logo-AMARU.svg","caption":"AMARU"},"image":{"@id":"https:\/\/amaruantiques.com\/#\/schema\/logo\/image\/"}}]}},"_links":{"self":[{"href":"https:\/\/amaruoptim.stg.uzero.cat\/fr\/wp-json\/wp\/v2\/product\/241995","targetHints":{"allow":["GET"]}}],"collection":[{"href":"https:\/\/amaruoptim.stg.uzero.cat\/fr\/wp-json\/wp\/v2\/product"}],"about":[{"href":"https:\/\/amaruoptim.stg.uzero.cat\/fr\/wp-json\/wp\/v2\/types\/product"}],"wp:featuredmedia":[{"embeddable":true,"href":"https:\/\/amaruoptim.stg.uzero.cat\/fr\/wp-json\/wp\/v2\/media\/241998"}],"wp:attachment":[{"href":"https:\/\/amaruoptim.stg.uzero.cat\/fr\/wp-json\/wp\/v2\/media?parent=241995"}],"wp:term":[{"taxonomy":"product_brand","embeddable":true,"href":"https:\/\/amaruoptim.stg.uzero.cat\/fr\/wp-json\/wp\/v2\/product_brand?post=241995"},{"taxonomy":"product_cat","embeddable":true,"href":"https:\/\/amaruoptim.stg.uzero.cat\/fr\/wp-json\/wp\/v2\/product_cat?post=241995"},{"taxonomy":"product_tag","embeddable":true,"href":"https:\/\/amaruoptim.stg.uzero.cat\/fr\/wp-json\/wp\/v2\/product_tag?post=241995"}],"curies":[{"name":"wp","href":"https:\/\/api.w.org\/{rel}","templated":true}]}}