{"id":214052,"date":"2025-05-27T15:12:54","date_gmt":"2025-05-27T15:12:54","guid":{"rendered":"https:\/\/amaruantiques.com\/?post_type=product&#038;p=214052"},"modified":"2025-06-26T16:01:08","modified_gmt":"2025-06-26T16:01:08","slug":"ancien-tabouret-en-bois-massif-c-1900-24-am13061-24","status":"publish","type":"product","link":"https:\/\/amaruoptim.stg.uzero.cat\/fr\/meubles-anciens\/tabourets-anciens\/ancien-tabouret-en-bois-massif-c-1900-24-am13061-24\/","title":{"rendered":"Ancien tabouret en bois massif (c.1900) #24"},"content":{"rendered":"<p><strong>Ancien tabouret en bois massif<\/strong> (c.1900)<\/p>\n<ul>\n<li><b>Dimensions : <\/b>Diam\u00e8tre : 30 cm Hauteur : 51 cm<\/li>\n<li><b>Style :<\/b> Primitif<\/li>\n<li><b>Mat\u00e9riaux et techniques :<\/b> Bois d&#8217;orme<\/li>\n<li><b>Lieu d&#8217;origine :<\/b> Chine imp\u00e9riale<\/li>\n<li><b>P\u00e9riode :<\/b> D\u00e9but du 20e si\u00e8cle<\/li>\n<li><b>Date de fabrication :<\/b> Vers 1900<\/li>\n<li><b>\u00c9tat :<\/b> Bon \u00e9tat. Usure correspond \u00e0 l&#8217;\u00e2ge et \u00e0 l&#8217;utilisation.<\/li>\n<\/ul>\n<p>Il est en excellent \u00e9tat de conservation, \u00e0 l&#8217;exception des imperfections caract\u00e9ristiques de toute antiquit\u00e9, dues au passage du temps.<\/p>\n<p>Donnez \u00e0 votre int\u00e9rieur une touche d&#8217;originalit\u00e9 avec une pi\u00e8ce unique qui s&#8217;int\u00e8gre dans le style contemporain et apporte de la personnalit\u00e9 \u00e0 votre int\u00e9rieur. Ce tabouret en bois ancien peut \u00eatre combin\u00e9 avec l&#8217;un de nos <a href=\"https:\/\/amaruantiques.com\/fr\/categoria-producto\/coussins-en-lin\/\">coussins en lin ancien<\/a> ou avec nos <a href=\"https:\/\/amaruantiques.com\/fr\/categoria-producto\/buffets-anciens\/\">buffets anciens<\/a> disponibles.<\/p>\n<p><em>PI\u00c8CE UNIQUE<\/em><\/p>\n","protected":false},"excerpt":{"rendered":"<p>Ancien tabouret en bois massif (c.1900) Dimensions : Diam\u00e8tre : 30 cm Hauteur : 51 cm Style : Primitif Mat\u00e9riaux et techniques : Bois d&#8217;orme Lieu d&#8217;origine : Chine imp\u00e9riale P\u00e9riode : D\u00e9but du 20e si\u00e8cle Date de fabrication : Vers 1900 \u00c9tat : Bon \u00e9tat. Usure correspond \u00e0 l&#8217;\u00e2ge et \u00e0 l&#8217;utilisation. Il est [&hellip;]<\/p>\n","protected":false},"featured_media":210626,"template":"","meta":[],"product_brand":[],"product_cat":[614],"product_tag":[],"class_list":{"0":"post-214052","1":"product","2":"type-product","3":"status-publish","4":"has-post-thumbnail","6":"product_cat-tabourets-anciens","7":"product_shipping_class-medium-100-fr","8":"pa_estilo-style-primitif","10":"first","11":"instock","12":"taxable","13":"shipping-taxable","14":"purchasable","15":"product-type-simple"},"yoast_head":"<!-- This site is optimized with the Yoast SEO plugin v26.0 - https:\/\/yoast.com\/wordpress\/plugins\/seo\/ -->\n<title>Tabouret ancien en bois | Tabouret ancien | AMARU<\/title>\n<meta name=\"description\" content=\"Ancien tabouret en bois massif (vers 1900). Nous sommes obs\u00e9d\u00e9s par la r\u00e9cup\u00e9ration de la beaut\u00e9 des pi\u00e8ces anciennes uniques. Venez visiter notre s\u00e9lection.\" \/>\n<meta name=\"robots\" content=\"index, follow, max-snippet:-1, max-image-preview:large, max-video-preview:-1\" \/>\n<link rel=\"canonical\" href=\"https:\/\/amaruoptim.stg.uzero.cat\/fr\/meubles-anciens\/tabourets-anciens\/ancien-tabouret-en-bois-massif-c-1900-24-am13061-24\/\" \/>\n<meta property=\"og:locale\" content=\"fr_FR\" \/>\n<meta property=\"og:type\" content=\"article\" \/>\n<meta property=\"og:title\" content=\"Tabouret ancien en bois | Tabouret ancien | AMARU\" \/>\n<meta property=\"og:description\" content=\"Ancien tabouret en bois massif (vers 1900). Nous sommes obs\u00e9d\u00e9s par la r\u00e9cup\u00e9ration de la beaut\u00e9 des pi\u00e8ces anciennes uniques. Venez visiter notre s\u00e9lection.\" \/>\n<meta property=\"og:url\" content=\"https:\/\/amaruoptim.stg.uzero.cat\/fr\/meubles-anciens\/tabourets-anciens\/ancien-tabouret-en-bois-massif-c-1900-24-am13061-24\/\" \/>\n<meta property=\"og:site_name\" content=\"AMARU\" \/>\n<meta property=\"article:modified_time\" content=\"2025-06-26T16:01:08+00:00\" \/>\n<meta property=\"og:image\" content=\"https:\/\/amaruantiques.com\/wp-content\/uploads\/2025\/06\/AM13061-24-D-1-1.jpg\" \/>\n\t<meta property=\"og:image:width\" content=\"1600\" \/>\n\t<meta property=\"og:image:height\" content=\"1600\" \/>\n\t<meta property=\"og:image:type\" content=\"image\/jpeg\" \/>\n<meta name=\"twitter:card\" content=\"summary_large_image\" \/>\n<meta name=\"twitter:label1\" content=\"Dur\u00e9e de lecture estim\u00e9e\" \/>\n\t<meta name=\"twitter:data1\" content=\"2 minutes\" \/>\n<!-- \/ Yoast SEO plugin. -->","yoast_head_json":{"title":"Tabouret ancien en bois | Tabouret ancien | AMARU","description":"Ancien tabouret en bois massif (vers 1900). Nous sommes obs\u00e9d\u00e9s par la r\u00e9cup\u00e9ration de la beaut\u00e9 des pi\u00e8ces anciennes uniques. Venez visiter notre s\u00e9lection.","robots":{"index":"index","follow":"follow","max-snippet":"max-snippet:-1","max-image-preview":"max-image-preview:large","max-video-preview":"max-video-preview:-1"},"canonical":"https:\/\/amaruoptim.stg.uzero.cat\/fr\/meubles-anciens\/tabourets-anciens\/ancien-tabouret-en-bois-massif-c-1900-24-am13061-24\/","og_locale":"fr_FR","og_type":"article","og_title":"Tabouret ancien en bois | Tabouret ancien | AMARU","og_description":"Ancien tabouret en bois massif (vers 1900). Nous sommes obs\u00e9d\u00e9s par la r\u00e9cup\u00e9ration de la beaut\u00e9 des pi\u00e8ces anciennes uniques. Venez visiter notre s\u00e9lection.","og_url":"https:\/\/amaruoptim.stg.uzero.cat\/fr\/meubles-anciens\/tabourets-anciens\/ancien-tabouret-en-bois-massif-c-1900-24-am13061-24\/","og_site_name":"AMARU","article_modified_time":"2025-06-26T16:01:08+00:00","og_image":[{"width":1600,"height":1600,"url":"https:\/\/amaruantiques.com\/wp-content\/uploads\/2025\/06\/AM13061-24-D-1-1.jpg","type":"image\/jpeg"}],"twitter_card":"summary_large_image","twitter_misc":{"Dur\u00e9e de lecture estim\u00e9e":"2 minutes"},"schema":{"@context":"https:\/\/schema.org","@graph":[{"@type":"WebPage","@id":"https:\/\/amaruoptim.stg.uzero.cat\/fr\/meubles-anciens\/tabourets-anciens\/ancien-tabouret-en-bois-massif-c-1900-24-am13061-24\/","url":"https:\/\/amaruoptim.stg.uzero.cat\/fr\/meubles-anciens\/tabourets-anciens\/ancien-tabouret-en-bois-massif-c-1900-24-am13061-24\/","name":"Tabouret ancien en bois | Tabouret ancien | AMARU","isPartOf":{"@id":"https:\/\/amaruantiques.com\/#website"},"primaryImageOfPage":{"@id":"https:\/\/amaruoptim.stg.uzero.cat\/fr\/meubles-anciens\/tabourets-anciens\/ancien-tabouret-en-bois-massif-c-1900-24-am13061-24\/#primaryimage"},"image":{"@id":"https:\/\/amaruoptim.stg.uzero.cat\/fr\/meubles-anciens\/tabourets-anciens\/ancien-tabouret-en-bois-massif-c-1900-24-am13061-24\/#primaryimage"},"thumbnailUrl":"https:\/\/amaruoptim.stg.uzero.cat\/wp-content\/uploads\/2025\/06\/AM13061-24-D-1-1.jpg","datePublished":"2025-05-27T15:12:54+00:00","dateModified":"2025-06-26T16:01:08+00:00","description":"Ancien tabouret en bois massif (vers 1900). Nous sommes obs\u00e9d\u00e9s par la r\u00e9cup\u00e9ration de la beaut\u00e9 des pi\u00e8ces anciennes uniques. Venez visiter notre s\u00e9lection.","breadcrumb":{"@id":"https:\/\/amaruoptim.stg.uzero.cat\/fr\/meubles-anciens\/tabourets-anciens\/ancien-tabouret-en-bois-massif-c-1900-24-am13061-24\/#breadcrumb"},"inLanguage":"fr-FR","potentialAction":[{"@type":"ReadAction","target":["https:\/\/amaruoptim.stg.uzero.cat\/fr\/meubles-anciens\/tabourets-anciens\/ancien-tabouret-en-bois-massif-c-1900-24-am13061-24\/"]}]},{"@type":"ImageObject","inLanguage":"fr-FR","@id":"https:\/\/amaruoptim.stg.uzero.cat\/fr\/meubles-anciens\/tabourets-anciens\/ancien-tabouret-en-bois-massif-c-1900-24-am13061-24\/#primaryimage","url":"https:\/\/amaruoptim.stg.uzero.cat\/wp-content\/uploads\/2025\/06\/AM13061-24-D-1-1.jpg","contentUrl":"https:\/\/amaruoptim.stg.uzero.cat\/wp-content\/uploads\/2025\/06\/AM13061-24-D-1-1.jpg","width":1600,"height":1600},{"@type":"BreadcrumbList","@id":"https:\/\/amaruoptim.stg.uzero.cat\/fr\/meubles-anciens\/tabourets-anciens\/ancien-tabouret-en-bois-massif-c-1900-24-am13061-24\/#breadcrumb","itemListElement":[{"@type":"ListItem","position":1,"name":"Accueil","item":"https:\/\/amaruantiques.com\/fr\/"},{"@type":"ListItem","position":2,"name":"Boutique","item":"https:\/\/amaruantiques.com\/fr\/boutique\/"},{"@type":"ListItem","position":3,"name":"Ancien tabouret en bois massif (c.1900) #24"}]},{"@type":"WebSite","@id":"https:\/\/amaruantiques.com\/#website","url":"https:\/\/amaruantiques.com\/","name":"AMARU - Timeless Antiques","description":"Timeless antiques","publisher":{"@id":"https:\/\/amaruantiques.com\/#organization"},"potentialAction":[{"@type":"SearchAction","target":{"@type":"EntryPoint","urlTemplate":"https:\/\/amaruantiques.com\/?s={search_term_string}"},"query-input":{"@type":"PropertyValueSpecification","valueRequired":true,"valueName":"search_term_string"}}],"inLanguage":"fr-FR"},{"@type":"Organization","@id":"https:\/\/amaruantiques.com\/#organization","name":"AMARU","url":"https:\/\/amaruantiques.com\/","logo":{"@type":"ImageObject","inLanguage":"fr-FR","@id":"https:\/\/amaruantiques.com\/#\/schema\/logo\/image\/","url":"https:\/\/amaruoptim.stg.uzero.cat\/wp-content\/uploads\/2025\/04\/logo-AMARU.svg","contentUrl":"https:\/\/amaruoptim.stg.uzero.cat\/wp-content\/uploads\/2025\/04\/logo-AMARU.svg","caption":"AMARU"},"image":{"@id":"https:\/\/amaruantiques.com\/#\/schema\/logo\/image\/"}}]}},"_links":{"self":[{"href":"https:\/\/amaruoptim.stg.uzero.cat\/fr\/wp-json\/wp\/v2\/product\/214052","targetHints":{"allow":["GET"]}}],"collection":[{"href":"https:\/\/amaruoptim.stg.uzero.cat\/fr\/wp-json\/wp\/v2\/product"}],"about":[{"href":"https:\/\/amaruoptim.stg.uzero.cat\/fr\/wp-json\/wp\/v2\/types\/product"}],"wp:featuredmedia":[{"embeddable":true,"href":"https:\/\/amaruoptim.stg.uzero.cat\/fr\/wp-json\/wp\/v2\/media\/210626"}],"wp:attachment":[{"href":"https:\/\/amaruoptim.stg.uzero.cat\/fr\/wp-json\/wp\/v2\/media?parent=214052"}],"wp:term":[{"taxonomy":"product_brand","embeddable":true,"href":"https:\/\/amaruoptim.stg.uzero.cat\/fr\/wp-json\/wp\/v2\/product_brand?post=214052"},{"taxonomy":"product_cat","embeddable":true,"href":"https:\/\/amaruoptim.stg.uzero.cat\/fr\/wp-json\/wp\/v2\/product_cat?post=214052"},{"taxonomy":"product_tag","embeddable":true,"href":"https:\/\/amaruoptim.stg.uzero.cat\/fr\/wp-json\/wp\/v2\/product_tag?post=214052"}],"curies":[{"name":"wp","href":"https:\/\/api.w.org\/{rel}","templated":true}]}}