{"id":214031,"date":"2025-05-27T11:36:23","date_gmt":"2025-05-27T11:36:23","guid":{"rendered":"https:\/\/amaruantiques.com\/?post_type=product&#038;p=214031"},"modified":"2025-06-26T16:00:55","modified_gmt":"2025-06-26T16:00:55","slug":"antiguo-mueble-tv-oriental-c-1900-36-am19036","status":"publish","type":"product","link":"https:\/\/amaruoptim.stg.uzero.cat\/fr\/meubles-anciens\/buffets-anciens\/antiguo-mueble-tv-oriental-c-1900-36-am19036\/","title":{"rendered":"Ancien meuble TV oriental (c.1900) #36"},"content":{"rendered":"<p><strong>Ancien meuble TV oriental<\/strong> (c.1900)<\/p>\n<ul>\n<li><strong>Dimensions : <\/strong>Largeur : 154 cm Profondeur : 21 cm Hauteur : 25 cm<\/li>\n<li><strong>Style :<\/strong> Qing<\/li>\n<li><strong>Mat\u00e9riaux et techniques :<\/strong> Bois d&#8217;orme<\/li>\n<li><strong>Lieu d&#8217;origine :<\/strong> Chine imp\u00e9riale<\/li>\n<li><strong>P\u00e9riode :<\/strong> D\u00e9but du 20e si\u00e8cle<\/li>\n<li><strong>Date de fabrication :<\/strong> Vers 1900<\/li>\n<li><strong>\u00c9tat :<\/strong> Bon \u00e9tat. Usure correspond \u00e0 l&#8217;\u00e2ge et \u00e0 l&#8217;utilisation.<\/li>\n<\/ul>\n<p>Il est en excellent \u00e9tat de conservation, \u00e0 l&#8217;exception des imperfections caract\u00e9ristiques de toute antiquit\u00e9, dues au passage du temps.<\/p>\n<p>Donnez une touche d&#8217;originalit\u00e9 \u00e0 votre int\u00e9rieur avec cette pi\u00e8ce unique, qui se marie avec le style contemporain en apportant de la personnalit\u00e9 \u00e0 votre int\u00e9rieur. Ce meuble TV ancien peut \u00eatre associ\u00e9 \u00e0 l&#8217;un de nos<a href=\"https:\/\/amaruantiques.com\/fr\/categoria-producto\/anciens-vases\/\"> vases<\/a> ou \u00e0 nos <a href=\"https:\/\/amaruantiques.com\/fr\/categoria-producto\/armoires-anciennes\/\">armoires anciennes<\/a> disponibles.<\/p>\n<p><em>PI\u00c8CE UNIQUE<\/em><\/p>\n","protected":false},"excerpt":{"rendered":"<p>Ancien meuble TV oriental (c.1900) Dimensions : Largeur : 154 cm Profondeur : 21 cm Hauteur : 25 cm Style : Qing Mat\u00e9riaux et techniques : Bois d&#8217;orme Lieu d&#8217;origine : Chine imp\u00e9riale P\u00e9riode : D\u00e9but du 20e si\u00e8cle Date de fabrication : Vers 1900 \u00c9tat : Bon \u00e9tat. Usure correspond \u00e0 l&#8217;\u00e2ge et \u00e0 [&hellip;]<\/p>\n","protected":false},"featured_media":209951,"template":"","meta":[],"product_brand":[],"product_cat":[606,609],"product_tag":[],"class_list":{"0":"post-214031","1":"product","2":"type-product","3":"status-publish","4":"has-post-thumbnail","6":"product_cat-buffets-anciens","7":"product_cat-meubles-tv-anciens","8":"product_shipping_class-gran-cargo-625-fr","9":"pa_estilo-dynastie-qing","11":"first","12":"instock","13":"sold-individually","14":"taxable","15":"shipping-taxable","16":"purchasable","17":"product-type-simple"},"yoast_head":"<!-- This site is optimized with the Yoast SEO plugin v26.0 - https:\/\/yoast.com\/wordpress\/plugins\/seo\/ -->\n<title>Meuble TV ancien | Buffet bas ancien | AMARU<\/title>\n<meta name=\"description\" content=\"Ancien meuble TV oriental (vers 1900). Une pi\u00e8ce inimitable qui nous renvoie \u00e0 une \u00e9poque lointaine. Venez d\u00e9couvrir notre belle s\u00e9lection de tr\u00e9sors du monde.\" \/>\n<meta name=\"robots\" content=\"index, follow, max-snippet:-1, max-image-preview:large, max-video-preview:-1\" \/>\n<link rel=\"canonical\" href=\"https:\/\/amaruoptim.stg.uzero.cat\/fr\/meubles-anciens\/buffets-anciens\/antiguo-mueble-tv-oriental-c-1900-36-am19036\/\" \/>\n<meta property=\"og:locale\" content=\"fr_FR\" \/>\n<meta property=\"og:type\" content=\"article\" \/>\n<meta property=\"og:title\" content=\"Meuble TV ancien | Buffet bas ancien | AMARU\" \/>\n<meta property=\"og:description\" content=\"Ancien meuble TV oriental (vers 1900). Une pi\u00e8ce inimitable qui nous renvoie \u00e0 une \u00e9poque lointaine. Venez d\u00e9couvrir notre belle s\u00e9lection de tr\u00e9sors du monde.\" \/>\n<meta property=\"og:url\" content=\"https:\/\/amaruoptim.stg.uzero.cat\/fr\/meubles-anciens\/buffets-anciens\/antiguo-mueble-tv-oriental-c-1900-36-am19036\/\" \/>\n<meta property=\"og:site_name\" content=\"AMARU\" \/>\n<meta property=\"article:modified_time\" content=\"2025-06-26T16:00:55+00:00\" \/>\n<meta property=\"og:image\" content=\"https:\/\/amaruantiques.com\/wp-content\/uploads\/2025\/06\/AM19036-D-1-1.jpg\" \/>\n\t<meta property=\"og:image:width\" content=\"1600\" \/>\n\t<meta property=\"og:image:height\" content=\"1200\" \/>\n\t<meta property=\"og:image:type\" content=\"image\/jpeg\" \/>\n<meta name=\"twitter:card\" content=\"summary_large_image\" \/>\n<meta name=\"twitter:label1\" content=\"Dur\u00e9e de lecture estim\u00e9e\" \/>\n\t<meta name=\"twitter:data1\" content=\"2 minutes\" \/>\n<!-- \/ Yoast SEO plugin. -->","yoast_head_json":{"title":"Meuble TV ancien | Buffet bas ancien | AMARU","description":"Ancien meuble TV oriental (vers 1900). Une pi\u00e8ce inimitable qui nous renvoie \u00e0 une \u00e9poque lointaine. Venez d\u00e9couvrir notre belle s\u00e9lection de tr\u00e9sors du monde.","robots":{"index":"index","follow":"follow","max-snippet":"max-snippet:-1","max-image-preview":"max-image-preview:large","max-video-preview":"max-video-preview:-1"},"canonical":"https:\/\/amaruoptim.stg.uzero.cat\/fr\/meubles-anciens\/buffets-anciens\/antiguo-mueble-tv-oriental-c-1900-36-am19036\/","og_locale":"fr_FR","og_type":"article","og_title":"Meuble TV ancien | Buffet bas ancien | AMARU","og_description":"Ancien meuble TV oriental (vers 1900). Une pi\u00e8ce inimitable qui nous renvoie \u00e0 une \u00e9poque lointaine. Venez d\u00e9couvrir notre belle s\u00e9lection de tr\u00e9sors du monde.","og_url":"https:\/\/amaruoptim.stg.uzero.cat\/fr\/meubles-anciens\/buffets-anciens\/antiguo-mueble-tv-oriental-c-1900-36-am19036\/","og_site_name":"AMARU","article_modified_time":"2025-06-26T16:00:55+00:00","og_image":[{"width":1600,"height":1200,"url":"https:\/\/amaruantiques.com\/wp-content\/uploads\/2025\/06\/AM19036-D-1-1.jpg","type":"image\/jpeg"}],"twitter_card":"summary_large_image","twitter_misc":{"Dur\u00e9e de lecture estim\u00e9e":"2 minutes"},"schema":{"@context":"https:\/\/schema.org","@graph":[{"@type":"WebPage","@id":"https:\/\/amaruoptim.stg.uzero.cat\/fr\/meubles-anciens\/buffets-anciens\/antiguo-mueble-tv-oriental-c-1900-36-am19036\/","url":"https:\/\/amaruoptim.stg.uzero.cat\/fr\/meubles-anciens\/buffets-anciens\/antiguo-mueble-tv-oriental-c-1900-36-am19036\/","name":"Meuble TV ancien | Buffet bas ancien | AMARU","isPartOf":{"@id":"https:\/\/amaruantiques.com\/#website"},"primaryImageOfPage":{"@id":"https:\/\/amaruoptim.stg.uzero.cat\/fr\/meubles-anciens\/buffets-anciens\/antiguo-mueble-tv-oriental-c-1900-36-am19036\/#primaryimage"},"image":{"@id":"https:\/\/amaruoptim.stg.uzero.cat\/fr\/meubles-anciens\/buffets-anciens\/antiguo-mueble-tv-oriental-c-1900-36-am19036\/#primaryimage"},"thumbnailUrl":"https:\/\/amaruoptim.stg.uzero.cat\/wp-content\/uploads\/2025\/06\/AM19036-D-1-1.jpg","datePublished":"2025-05-27T11:36:23+00:00","dateModified":"2025-06-26T16:00:55+00:00","description":"Ancien meuble TV oriental (vers 1900). Une pi\u00e8ce inimitable qui nous renvoie \u00e0 une \u00e9poque lointaine. Venez d\u00e9couvrir notre belle s\u00e9lection de tr\u00e9sors du monde.","breadcrumb":{"@id":"https:\/\/amaruoptim.stg.uzero.cat\/fr\/meubles-anciens\/buffets-anciens\/antiguo-mueble-tv-oriental-c-1900-36-am19036\/#breadcrumb"},"inLanguage":"fr-FR","potentialAction":[{"@type":"ReadAction","target":["https:\/\/amaruoptim.stg.uzero.cat\/fr\/meubles-anciens\/buffets-anciens\/antiguo-mueble-tv-oriental-c-1900-36-am19036\/"]}]},{"@type":"ImageObject","inLanguage":"fr-FR","@id":"https:\/\/amaruoptim.stg.uzero.cat\/fr\/meubles-anciens\/buffets-anciens\/antiguo-mueble-tv-oriental-c-1900-36-am19036\/#primaryimage","url":"https:\/\/amaruoptim.stg.uzero.cat\/wp-content\/uploads\/2025\/06\/AM19036-D-1-1.jpg","contentUrl":"https:\/\/amaruoptim.stg.uzero.cat\/wp-content\/uploads\/2025\/06\/AM19036-D-1-1.jpg","width":1600,"height":1200},{"@type":"BreadcrumbList","@id":"https:\/\/amaruoptim.stg.uzero.cat\/fr\/meubles-anciens\/buffets-anciens\/antiguo-mueble-tv-oriental-c-1900-36-am19036\/#breadcrumb","itemListElement":[{"@type":"ListItem","position":1,"name":"Accueil","item":"https:\/\/amaruantiques.com\/fr\/"},{"@type":"ListItem","position":2,"name":"Boutique","item":"https:\/\/amaruantiques.com\/fr\/boutique\/"},{"@type":"ListItem","position":3,"name":"Ancien meuble TV oriental (c.1900) #36"}]},{"@type":"WebSite","@id":"https:\/\/amaruantiques.com\/#website","url":"https:\/\/amaruantiques.com\/","name":"AMARU - Timeless Antiques","description":"Timeless antiques","publisher":{"@id":"https:\/\/amaruantiques.com\/#organization"},"potentialAction":[{"@type":"SearchAction","target":{"@type":"EntryPoint","urlTemplate":"https:\/\/amaruantiques.com\/?s={search_term_string}"},"query-input":{"@type":"PropertyValueSpecification","valueRequired":true,"valueName":"search_term_string"}}],"inLanguage":"fr-FR"},{"@type":"Organization","@id":"https:\/\/amaruantiques.com\/#organization","name":"AMARU","url":"https:\/\/amaruantiques.com\/","logo":{"@type":"ImageObject","inLanguage":"fr-FR","@id":"https:\/\/amaruantiques.com\/#\/schema\/logo\/image\/","url":"https:\/\/amaruoptim.stg.uzero.cat\/wp-content\/uploads\/2025\/04\/logo-AMARU.svg","contentUrl":"https:\/\/amaruoptim.stg.uzero.cat\/wp-content\/uploads\/2025\/04\/logo-AMARU.svg","caption":"AMARU"},"image":{"@id":"https:\/\/amaruantiques.com\/#\/schema\/logo\/image\/"}}]}},"_links":{"self":[{"href":"https:\/\/amaruoptim.stg.uzero.cat\/fr\/wp-json\/wp\/v2\/product\/214031","targetHints":{"allow":["GET"]}}],"collection":[{"href":"https:\/\/amaruoptim.stg.uzero.cat\/fr\/wp-json\/wp\/v2\/product"}],"about":[{"href":"https:\/\/amaruoptim.stg.uzero.cat\/fr\/wp-json\/wp\/v2\/types\/product"}],"wp:featuredmedia":[{"embeddable":true,"href":"https:\/\/amaruoptim.stg.uzero.cat\/fr\/wp-json\/wp\/v2\/media\/209951"}],"wp:attachment":[{"href":"https:\/\/amaruoptim.stg.uzero.cat\/fr\/wp-json\/wp\/v2\/media?parent=214031"}],"wp:term":[{"taxonomy":"product_brand","embeddable":true,"href":"https:\/\/amaruoptim.stg.uzero.cat\/fr\/wp-json\/wp\/v2\/product_brand?post=214031"},{"taxonomy":"product_cat","embeddable":true,"href":"https:\/\/amaruoptim.stg.uzero.cat\/fr\/wp-json\/wp\/v2\/product_cat?post=214031"},{"taxonomy":"product_tag","embeddable":true,"href":"https:\/\/amaruoptim.stg.uzero.cat\/fr\/wp-json\/wp\/v2\/product_tag?post=214031"}],"curies":[{"name":"wp","href":"https:\/\/api.w.org\/{rel}","templated":true}]}}