{"id":213984,"date":"2025-05-13T14:41:43","date_gmt":"2025-05-13T14:41:44","guid":{"rendered":"https:\/\/amaruantiques.com\/?post_type=product&#038;p=213984"},"modified":"2025-06-26T16:00:29","modified_gmt":"2025-06-26T16:00:29","slug":"ancien-panier-en-saule-avec-anse-en-bois-massif-c-1900-am08036-1","status":"publish","type":"product","link":"https:\/\/amaruoptim.stg.uzero.cat\/fr\/meubles-anciens\/paniers-en-osier-anciens\/ancien-panier-en-saule-avec-anse-en-bois-massif-c-1900-am08036-1\/","title":{"rendered":"Ancien panier en saule avec anse en bois massif (c.1870) #1"},"content":{"rendered":"<p><strong>Ancienne panier en saule avec anse en bois massif<\/strong> (c.1870)<\/p>\n<ul>\n<li><b>Dimensions: <\/b>Width: 40 cm Depth: 39 cm Height: 64 cm<\/li>\n<li><b>Style:<\/b> Primitive<\/li>\n<li><b>Materials and techniques:<\/b> Saule<\/li>\n<li><b>Place of origin:<\/b> China<\/li>\n<li><b>Epoch:<\/b> End nineteenth century<\/li>\n<li><b>Date of manufacture:<\/b> Circa 1870<\/li>\n<li><strong>Condition:<\/strong> Good. Wear consistent with age and use.<\/li>\n<\/ul>\n<p>Notre ancien panier en saule \u00e9tait autrefois utilis\u00e9 comme panier de travail pour les t\u00e2ches agricoles telles que la r\u00e9colte du riz. Son <strong>\u00e2ge<\/strong> est estim\u00e9 \u00e0 environ 120 ans. Il a \u00e9t\u00e9 r\u00e9cup\u00e9r\u00e9 dans une vieille maison en Chine.<\/p>\n<p>Ce panier ancien a une forme cylindrique et une poign\u00e9e en bois pour faciliter son d\u00e9placement et son transport. Il a \u00e9t\u00e9 r\u00e9cup\u00e9r\u00e9 dans un parfait \u00e9tat de conservation.<\/p>\n<p>Nous adorons le savoir-faire du saule&#8230; inimitable.<\/p>\n<p>Id\u00e9al pour d\u00e9corer un coin de votre maison. Et il peut \u00e9galement \u00eatre compl\u00e9t\u00e9 par l&#8217;une de nos <a href=\"https:\/\/amaruantiques.com\/fr\/categoria-producto\/malles-anciennes\/\">anciennes malles chinoises<\/a> .<\/p>\n<p><em>PI\u00c8CE UNIQUE<\/em><\/p>\n","protected":false},"excerpt":{"rendered":"<p>Ancienne panier en saule avec anse en bois massif (c.1870) Dimensions: Width: 40 cm Depth: 39 cm Height: 64 cm Style: Primitive Materials and techniques: Saule Place of origin: China Epoch: End nineteenth century Date of manufacture: Circa 1870 Condition: Good. Wear consistent with age and use. Notre ancien panier en saule \u00e9tait autrefois utilis\u00e9 [&hellip;]<\/p>\n","protected":false},"featured_media":170788,"template":"","meta":[],"product_brand":[],"product_cat":[633],"product_tag":[],"class_list":{"0":"post-213984","1":"product","2":"type-product","3":"status-publish","4":"has-post-thumbnail","6":"product_cat-paniers-en-osier-anciens","7":"product_shipping_class-large-150-fr","8":"pa_estilo-dynastie-qing","10":"first","11":"instock","12":"sold-individually","13":"taxable","14":"shipping-taxable","15":"purchasable","16":"product-type-simple"},"yoast_head":"<!-- This site is optimized with the Yoast SEO plugin v26.0 - https:\/\/yoast.com\/wordpress\/plugins\/seo\/ -->\n<title>Panier ancien en saule | Paniers anciens | AMARU ANTIQUES<\/title>\n<meta name=\"description\" content=\"Ancien panier en saule avec anse en bois (vers 1870). Envie de d\u00e9couvrir d&#039;autres pi\u00e8ces uniques et meubles anciens ? Bienvenue chez Amaru Antiques...\" \/>\n<meta name=\"robots\" content=\"index, follow, max-snippet:-1, max-image-preview:large, max-video-preview:-1\" \/>\n<link rel=\"canonical\" href=\"https:\/\/amaruoptim.stg.uzero.cat\/fr\/meubles-anciens\/paniers-en-osier-anciens\/ancien-panier-en-saule-avec-anse-en-bois-massif-c-1900-am08036-1\/\" \/>\n<meta property=\"og:locale\" content=\"fr_FR\" \/>\n<meta property=\"og:type\" content=\"article\" \/>\n<meta property=\"og:title\" content=\"Panier ancien en saule | Paniers anciens | AMARU ANTIQUES\" \/>\n<meta property=\"og:description\" content=\"Ancien panier en saule avec anse en bois (vers 1870). Envie de d\u00e9couvrir d&#039;autres pi\u00e8ces uniques et meubles anciens ? Bienvenue chez Amaru Antiques...\" \/>\n<meta property=\"og:url\" content=\"https:\/\/amaruoptim.stg.uzero.cat\/fr\/meubles-anciens\/paniers-en-osier-anciens\/ancien-panier-en-saule-avec-anse-en-bois-massif-c-1900-am08036-1\/\" \/>\n<meta property=\"og:site_name\" content=\"AMARU\" \/>\n<meta property=\"article:modified_time\" content=\"2025-06-26T16:00:29+00:00\" \/>\n<meta property=\"og:image\" content=\"https:\/\/amaruantiques.com\/wp-content\/uploads\/2025\/06\/8AM03031-1-1-1.jpg\" \/>\n\t<meta property=\"og:image:width\" content=\"924\" \/>\n\t<meta property=\"og:image:height\" content=\"924\" \/>\n\t<meta property=\"og:image:type\" content=\"image\/jpeg\" \/>\n<meta name=\"twitter:card\" content=\"summary_large_image\" \/>\n<meta name=\"twitter:label1\" content=\"Dur\u00e9e de lecture estim\u00e9e\" \/>\n\t<meta name=\"twitter:data1\" content=\"1 minute\" \/>\n<!-- \/ Yoast SEO plugin. -->","yoast_head_json":{"title":"Panier ancien en saule | Paniers anciens | AMARU ANTIQUES","description":"Ancien panier en saule avec anse en bois (vers 1870). Envie de d\u00e9couvrir d'autres pi\u00e8ces uniques et meubles anciens ? Bienvenue chez Amaru Antiques...","robots":{"index":"index","follow":"follow","max-snippet":"max-snippet:-1","max-image-preview":"max-image-preview:large","max-video-preview":"max-video-preview:-1"},"canonical":"https:\/\/amaruoptim.stg.uzero.cat\/fr\/meubles-anciens\/paniers-en-osier-anciens\/ancien-panier-en-saule-avec-anse-en-bois-massif-c-1900-am08036-1\/","og_locale":"fr_FR","og_type":"article","og_title":"Panier ancien en saule | Paniers anciens | AMARU ANTIQUES","og_description":"Ancien panier en saule avec anse en bois (vers 1870). Envie de d\u00e9couvrir d'autres pi\u00e8ces uniques et meubles anciens ? Bienvenue chez Amaru Antiques...","og_url":"https:\/\/amaruoptim.stg.uzero.cat\/fr\/meubles-anciens\/paniers-en-osier-anciens\/ancien-panier-en-saule-avec-anse-en-bois-massif-c-1900-am08036-1\/","og_site_name":"AMARU","article_modified_time":"2025-06-26T16:00:29+00:00","og_image":[{"width":924,"height":924,"url":"https:\/\/amaruantiques.com\/wp-content\/uploads\/2025\/06\/8AM03031-1-1-1.jpg","type":"image\/jpeg"}],"twitter_card":"summary_large_image","twitter_misc":{"Dur\u00e9e de lecture estim\u00e9e":"1 minute"},"schema":{"@context":"https:\/\/schema.org","@graph":[{"@type":"WebPage","@id":"https:\/\/amaruoptim.stg.uzero.cat\/fr\/meubles-anciens\/paniers-en-osier-anciens\/ancien-panier-en-saule-avec-anse-en-bois-massif-c-1900-am08036-1\/","url":"https:\/\/amaruoptim.stg.uzero.cat\/fr\/meubles-anciens\/paniers-en-osier-anciens\/ancien-panier-en-saule-avec-anse-en-bois-massif-c-1900-am08036-1\/","name":"Panier ancien en saule | Paniers anciens | AMARU ANTIQUES","isPartOf":{"@id":"https:\/\/amaruantiques.com\/#website"},"primaryImageOfPage":{"@id":"https:\/\/amaruoptim.stg.uzero.cat\/fr\/meubles-anciens\/paniers-en-osier-anciens\/ancien-panier-en-saule-avec-anse-en-bois-massif-c-1900-am08036-1\/#primaryimage"},"image":{"@id":"https:\/\/amaruoptim.stg.uzero.cat\/fr\/meubles-anciens\/paniers-en-osier-anciens\/ancien-panier-en-saule-avec-anse-en-bois-massif-c-1900-am08036-1\/#primaryimage"},"thumbnailUrl":"https:\/\/amaruoptim.stg.uzero.cat\/wp-content\/uploads\/2025\/06\/8AM03031-1-1-1.jpg","datePublished":"2025-05-13T14:41:44+00:00","dateModified":"2025-06-26T16:00:29+00:00","description":"Ancien panier en saule avec anse en bois (vers 1870). Envie de d\u00e9couvrir d'autres pi\u00e8ces uniques et meubles anciens ? Bienvenue chez Amaru Antiques...","breadcrumb":{"@id":"https:\/\/amaruoptim.stg.uzero.cat\/fr\/meubles-anciens\/paniers-en-osier-anciens\/ancien-panier-en-saule-avec-anse-en-bois-massif-c-1900-am08036-1\/#breadcrumb"},"inLanguage":"fr-FR","potentialAction":[{"@type":"ReadAction","target":["https:\/\/amaruoptim.stg.uzero.cat\/fr\/meubles-anciens\/paniers-en-osier-anciens\/ancien-panier-en-saule-avec-anse-en-bois-massif-c-1900-am08036-1\/"]}]},{"@type":"ImageObject","inLanguage":"fr-FR","@id":"https:\/\/amaruoptim.stg.uzero.cat\/fr\/meubles-anciens\/paniers-en-osier-anciens\/ancien-panier-en-saule-avec-anse-en-bois-massif-c-1900-am08036-1\/#primaryimage","url":"https:\/\/amaruoptim.stg.uzero.cat\/wp-content\/uploads\/2025\/06\/8AM03031-1-1-1.jpg","contentUrl":"https:\/\/amaruoptim.stg.uzero.cat\/wp-content\/uploads\/2025\/06\/8AM03031-1-1-1.jpg","width":924,"height":924},{"@type":"BreadcrumbList","@id":"https:\/\/amaruoptim.stg.uzero.cat\/fr\/meubles-anciens\/paniers-en-osier-anciens\/ancien-panier-en-saule-avec-anse-en-bois-massif-c-1900-am08036-1\/#breadcrumb","itemListElement":[{"@type":"ListItem","position":1,"name":"Accueil","item":"https:\/\/amaruantiques.com\/fr\/"},{"@type":"ListItem","position":2,"name":"Boutique","item":"https:\/\/amaruantiques.com\/fr\/boutique\/"},{"@type":"ListItem","position":3,"name":"Ancien panier en saule avec anse en bois massif (c.1870) #1"}]},{"@type":"WebSite","@id":"https:\/\/amaruantiques.com\/#website","url":"https:\/\/amaruantiques.com\/","name":"AMARU - Timeless Antiques","description":"Timeless antiques","publisher":{"@id":"https:\/\/amaruantiques.com\/#organization"},"potentialAction":[{"@type":"SearchAction","target":{"@type":"EntryPoint","urlTemplate":"https:\/\/amaruantiques.com\/?s={search_term_string}"},"query-input":{"@type":"PropertyValueSpecification","valueRequired":true,"valueName":"search_term_string"}}],"inLanguage":"fr-FR"},{"@type":"Organization","@id":"https:\/\/amaruantiques.com\/#organization","name":"AMARU","url":"https:\/\/amaruantiques.com\/","logo":{"@type":"ImageObject","inLanguage":"fr-FR","@id":"https:\/\/amaruantiques.com\/#\/schema\/logo\/image\/","url":"https:\/\/amaruoptim.stg.uzero.cat\/wp-content\/uploads\/2025\/04\/logo-AMARU.svg","contentUrl":"https:\/\/amaruoptim.stg.uzero.cat\/wp-content\/uploads\/2025\/04\/logo-AMARU.svg","caption":"AMARU"},"image":{"@id":"https:\/\/amaruantiques.com\/#\/schema\/logo\/image\/"}}]}},"_links":{"self":[{"href":"https:\/\/amaruoptim.stg.uzero.cat\/fr\/wp-json\/wp\/v2\/product\/213984","targetHints":{"allow":["GET"]}}],"collection":[{"href":"https:\/\/amaruoptim.stg.uzero.cat\/fr\/wp-json\/wp\/v2\/product"}],"about":[{"href":"https:\/\/amaruoptim.stg.uzero.cat\/fr\/wp-json\/wp\/v2\/types\/product"}],"wp:featuredmedia":[{"embeddable":true,"href":"https:\/\/amaruoptim.stg.uzero.cat\/fr\/wp-json\/wp\/v2\/media\/170788"}],"wp:attachment":[{"href":"https:\/\/amaruoptim.stg.uzero.cat\/fr\/wp-json\/wp\/v2\/media?parent=213984"}],"wp:term":[{"taxonomy":"product_brand","embeddable":true,"href":"https:\/\/amaruoptim.stg.uzero.cat\/fr\/wp-json\/wp\/v2\/product_brand?post=213984"},{"taxonomy":"product_cat","embeddable":true,"href":"https:\/\/amaruoptim.stg.uzero.cat\/fr\/wp-json\/wp\/v2\/product_cat?post=213984"},{"taxonomy":"product_tag","embeddable":true,"href":"https:\/\/amaruoptim.stg.uzero.cat\/fr\/wp-json\/wp\/v2\/product_tag?post=213984"}],"curies":[{"name":"wp","href":"https:\/\/api.w.org\/{rel}","templated":true}]}}