{"id":213981,"date":"2025-05-13T14:10:25","date_gmt":"2025-06-14T02:56:19","guid":{"rendered":"https:\/\/amaruantiques.com\/?post_type=product&#038;p=213981"},"modified":"2025-06-26T16:00:28","modified_gmt":"2025-06-26T16:00:28","slug":"ancien-vase-chinois-en-ceramique-vert-emeraude-c-1820-am08019-7","status":"publish","type":"product","link":"https:\/\/amaruoptim.stg.uzero.cat\/fr\/meubles-anciens\/anciens-vases\/ancien-vase-chinois-en-ceramique-vert-emeraude-c-1820-am08019-7\/","title":{"rendered":"Ancien vase chinois en c\u00e9ramique vert \u00e9meraude (c.1820) #7"},"content":{"rendered":"<p><strong>Vase chinois ancien en c\u00e9ramique vert \u00e9meraude<\/strong> (vers 1820)<\/p>\n<ul>\n<li><strong>\u00c2ge approximatif :<\/strong> 200 ans<\/li>\n<li><strong>Mat\u00e9riel:<\/strong> C\u00e9ramique<\/li>\n<\/ul>\n<p>Notre <em>ancien vase chinois<\/em><i> <\/i>est une pi\u00e8ce unique qui se distingue par :<\/p>\n<ul>\n<li>Sa forme unique t\u00e9moigne de l&#8217;habilet\u00e9 des potiers de l&#8217;\u00e9poque.<\/li>\n<li>Ses c\u00e9ramiques \u00e9maill\u00e9es avec ses tons doux et brillants.<\/li>\n<li>Son style oriental de l&#8217;\u00e9poque imp\u00e9riale chinoise, inimitable&#8230;<\/li>\n<\/ul>\n<p>Il est en excellent \u00e9tat de conservation, \u00e0 l&#8217;exception des imperfections caract\u00e9ristiques de toute antiquit\u00e9, dues au passage du temps.<\/p>\n<p>Donnez \u00e0 votre int\u00e9rieur une touche d&#8217;originalit\u00e9 avec une pi\u00e8ce unique qui s&#8217;int\u00e8gre dans le style contemporain et apporte de la personnalit\u00e9 \u00e0 votre int\u00e9rieur.<\/p>\n<p>Ce vase chinois ancien peut \u00eatre combin\u00e9 avec l&#8217;un de nos<a href=\"https:\/\/amaruantiques.com\/fr\/categoria-producto\/buffets-anciens\/\"> buffets<\/a> ou avec nos <a href=\"https:\/\/amaruantiques.com\/fr\/categoria-producto\/consoles-anciennes\/\">tables consoles<\/a> disponibles.<\/p>\n<p><em>PI\u00c8CE UNIQUE<\/em><\/p>\n","protected":false},"excerpt":{"rendered":"<p><strong>Dimensions : <\/strong>21 cm de diam\u00e8tre x 21 cm de hauteur<\/p>\n","protected":false},"featured_media":178877,"template":"","meta":[],"product_brand":[],"product_cat":[635],"product_tag":[112],"class_list":{"0":"post-213981","1":"product","2":"type-product","3":"status-publish","4":"has-post-thumbnail","6":"product_cat-anciens-vases","7":"product_tag-vase","8":"product_shipping_class-small-50-fr","9":"pa_estilo-dynastie-qing","11":"first","12":"instock","13":"sold-individually","14":"taxable","15":"shipping-taxable","16":"purchasable","17":"product-type-simple"},"yoast_head":"<!-- This site is optimized with the Yoast SEO plugin v26.0 - https:\/\/yoast.com\/wordpress\/plugins\/seo\/ -->\n<title>Vase chinois ancien | Vase en c\u00e9ramique | AMARU ANTIQUES<\/title>\n<meta name=\"description\" content=\"Ancien vase chinois en c\u00e9ramique vert \u00e9meraude (vers 1820). Venez d\u00e9couvrir notre concept de meubles anciens et vintage sur notre site internet...\" \/>\n<meta name=\"robots\" content=\"index, follow, max-snippet:-1, max-image-preview:large, max-video-preview:-1\" \/>\n<link rel=\"canonical\" href=\"https:\/\/amaruoptim.stg.uzero.cat\/fr\/meubles-anciens\/anciens-vases\/ancien-vase-chinois-en-ceramique-vert-emeraude-c-1820-am08019-7\/\" \/>\n<meta property=\"og:locale\" content=\"fr_FR\" \/>\n<meta property=\"og:type\" content=\"article\" \/>\n<meta property=\"og:title\" content=\"Vase chinois ancien | Vase en c\u00e9ramique | AMARU ANTIQUES\" \/>\n<meta property=\"og:description\" content=\"Ancien vase chinois en c\u00e9ramique vert \u00e9meraude (vers 1820). Venez d\u00e9couvrir notre concept de meubles anciens et vintage sur notre site internet...\" \/>\n<meta property=\"og:url\" content=\"https:\/\/amaruoptim.stg.uzero.cat\/fr\/meubles-anciens\/anciens-vases\/ancien-vase-chinois-en-ceramique-vert-emeraude-c-1820-am08019-7\/\" \/>\n<meta property=\"og:site_name\" content=\"AMARU\" \/>\n<meta property=\"article:modified_time\" content=\"2025-06-26T16:00:28+00:00\" \/>\n<meta property=\"og:image\" content=\"https:\/\/amaruantiques.com\/wp-content\/uploads\/2025\/06\/Jarron-chino-antiguo-de-ceramica-de-color-verde-esmeralda-c.1820-7-8AM01043-7-D-1-1.jpg\" \/>\n\t<meta property=\"og:image:width\" content=\"924\" \/>\n\t<meta property=\"og:image:height\" content=\"924\" \/>\n\t<meta property=\"og:image:type\" content=\"image\/jpeg\" \/>\n<meta name=\"twitter:card\" content=\"summary_large_image\" \/>\n<meta name=\"twitter:label1\" content=\"Dur\u00e9e de lecture estim\u00e9e\" \/>\n\t<meta name=\"twitter:data1\" content=\"2 minutes\" \/>\n<!-- \/ Yoast SEO plugin. -->","yoast_head_json":{"title":"Vase chinois ancien | Vase en c\u00e9ramique | AMARU ANTIQUES","description":"Ancien vase chinois en c\u00e9ramique vert \u00e9meraude (vers 1820). Venez d\u00e9couvrir notre concept de meubles anciens et vintage sur notre site internet...","robots":{"index":"index","follow":"follow","max-snippet":"max-snippet:-1","max-image-preview":"max-image-preview:large","max-video-preview":"max-video-preview:-1"},"canonical":"https:\/\/amaruoptim.stg.uzero.cat\/fr\/meubles-anciens\/anciens-vases\/ancien-vase-chinois-en-ceramique-vert-emeraude-c-1820-am08019-7\/","og_locale":"fr_FR","og_type":"article","og_title":"Vase chinois ancien | Vase en c\u00e9ramique | AMARU ANTIQUES","og_description":"Ancien vase chinois en c\u00e9ramique vert \u00e9meraude (vers 1820). Venez d\u00e9couvrir notre concept de meubles anciens et vintage sur notre site internet...","og_url":"https:\/\/amaruoptim.stg.uzero.cat\/fr\/meubles-anciens\/anciens-vases\/ancien-vase-chinois-en-ceramique-vert-emeraude-c-1820-am08019-7\/","og_site_name":"AMARU","article_modified_time":"2025-06-26T16:00:28+00:00","og_image":[{"width":924,"height":924,"url":"https:\/\/amaruantiques.com\/wp-content\/uploads\/2025\/06\/Jarron-chino-antiguo-de-ceramica-de-color-verde-esmeralda-c.1820-7-8AM01043-7-D-1-1.jpg","type":"image\/jpeg"}],"twitter_card":"summary_large_image","twitter_misc":{"Dur\u00e9e de lecture estim\u00e9e":"2 minutes"},"schema":{"@context":"https:\/\/schema.org","@graph":[{"@type":"WebPage","@id":"https:\/\/amaruoptim.stg.uzero.cat\/fr\/meubles-anciens\/anciens-vases\/ancien-vase-chinois-en-ceramique-vert-emeraude-c-1820-am08019-7\/","url":"https:\/\/amaruoptim.stg.uzero.cat\/fr\/meubles-anciens\/anciens-vases\/ancien-vase-chinois-en-ceramique-vert-emeraude-c-1820-am08019-7\/","name":"Vase chinois ancien | Vase en c\u00e9ramique | AMARU ANTIQUES","isPartOf":{"@id":"https:\/\/amaruantiques.com\/#website"},"primaryImageOfPage":{"@id":"https:\/\/amaruoptim.stg.uzero.cat\/fr\/meubles-anciens\/anciens-vases\/ancien-vase-chinois-en-ceramique-vert-emeraude-c-1820-am08019-7\/#primaryimage"},"image":{"@id":"https:\/\/amaruoptim.stg.uzero.cat\/fr\/meubles-anciens\/anciens-vases\/ancien-vase-chinois-en-ceramique-vert-emeraude-c-1820-am08019-7\/#primaryimage"},"thumbnailUrl":"https:\/\/amaruoptim.stg.uzero.cat\/wp-content\/uploads\/2025\/06\/Jarron-chino-antiguo-de-ceramica-de-color-verde-esmeralda-c.1820-7-8AM01043-7-D-1-1.jpg","datePublished":"2025-06-14T02:56:19+00:00","dateModified":"2025-06-26T16:00:28+00:00","description":"Ancien vase chinois en c\u00e9ramique vert \u00e9meraude (vers 1820). Venez d\u00e9couvrir notre concept de meubles anciens et vintage sur notre site internet...","breadcrumb":{"@id":"https:\/\/amaruoptim.stg.uzero.cat\/fr\/meubles-anciens\/anciens-vases\/ancien-vase-chinois-en-ceramique-vert-emeraude-c-1820-am08019-7\/#breadcrumb"},"inLanguage":"fr-FR","potentialAction":[{"@type":"ReadAction","target":["https:\/\/amaruoptim.stg.uzero.cat\/fr\/meubles-anciens\/anciens-vases\/ancien-vase-chinois-en-ceramique-vert-emeraude-c-1820-am08019-7\/"]}]},{"@type":"ImageObject","inLanguage":"fr-FR","@id":"https:\/\/amaruoptim.stg.uzero.cat\/fr\/meubles-anciens\/anciens-vases\/ancien-vase-chinois-en-ceramique-vert-emeraude-c-1820-am08019-7\/#primaryimage","url":"https:\/\/amaruoptim.stg.uzero.cat\/wp-content\/uploads\/2025\/06\/Jarron-chino-antiguo-de-ceramica-de-color-verde-esmeralda-c.1820-7-8AM01043-7-D-1-1.jpg","contentUrl":"https:\/\/amaruoptim.stg.uzero.cat\/wp-content\/uploads\/2025\/06\/Jarron-chino-antiguo-de-ceramica-de-color-verde-esmeralda-c.1820-7-8AM01043-7-D-1-1.jpg","width":924,"height":924},{"@type":"BreadcrumbList","@id":"https:\/\/amaruoptim.stg.uzero.cat\/fr\/meubles-anciens\/anciens-vases\/ancien-vase-chinois-en-ceramique-vert-emeraude-c-1820-am08019-7\/#breadcrumb","itemListElement":[{"@type":"ListItem","position":1,"name":"Accueil","item":"https:\/\/amaruantiques.com\/fr\/"},{"@type":"ListItem","position":2,"name":"Boutique","item":"https:\/\/amaruantiques.com\/fr\/boutique\/"},{"@type":"ListItem","position":3,"name":"Ancien vase chinois en c\u00e9ramique vert \u00e9meraude (c.1820) #7"}]},{"@type":"WebSite","@id":"https:\/\/amaruantiques.com\/#website","url":"https:\/\/amaruantiques.com\/","name":"AMARU - Timeless Antiques","description":"Timeless antiques","publisher":{"@id":"https:\/\/amaruantiques.com\/#organization"},"potentialAction":[{"@type":"SearchAction","target":{"@type":"EntryPoint","urlTemplate":"https:\/\/amaruantiques.com\/?s={search_term_string}"},"query-input":{"@type":"PropertyValueSpecification","valueRequired":true,"valueName":"search_term_string"}}],"inLanguage":"fr-FR"},{"@type":"Organization","@id":"https:\/\/amaruantiques.com\/#organization","name":"AMARU","url":"https:\/\/amaruantiques.com\/","logo":{"@type":"ImageObject","inLanguage":"fr-FR","@id":"https:\/\/amaruantiques.com\/#\/schema\/logo\/image\/","url":"https:\/\/amaruoptim.stg.uzero.cat\/wp-content\/uploads\/2025\/04\/logo-AMARU.svg","contentUrl":"https:\/\/amaruoptim.stg.uzero.cat\/wp-content\/uploads\/2025\/04\/logo-AMARU.svg","caption":"AMARU"},"image":{"@id":"https:\/\/amaruantiques.com\/#\/schema\/logo\/image\/"}}]}},"_links":{"self":[{"href":"https:\/\/amaruoptim.stg.uzero.cat\/fr\/wp-json\/wp\/v2\/product\/213981","targetHints":{"allow":["GET"]}}],"collection":[{"href":"https:\/\/amaruoptim.stg.uzero.cat\/fr\/wp-json\/wp\/v2\/product"}],"about":[{"href":"https:\/\/amaruoptim.stg.uzero.cat\/fr\/wp-json\/wp\/v2\/types\/product"}],"wp:featuredmedia":[{"embeddable":true,"href":"https:\/\/amaruoptim.stg.uzero.cat\/fr\/wp-json\/wp\/v2\/media\/178877"}],"wp:attachment":[{"href":"https:\/\/amaruoptim.stg.uzero.cat\/fr\/wp-json\/wp\/v2\/media?parent=213981"}],"wp:term":[{"taxonomy":"product_brand","embeddable":true,"href":"https:\/\/amaruoptim.stg.uzero.cat\/fr\/wp-json\/wp\/v2\/product_brand?post=213981"},{"taxonomy":"product_cat","embeddable":true,"href":"https:\/\/amaruoptim.stg.uzero.cat\/fr\/wp-json\/wp\/v2\/product_cat?post=213981"},{"taxonomy":"product_tag","embeddable":true,"href":"https:\/\/amaruoptim.stg.uzero.cat\/fr\/wp-json\/wp\/v2\/product_tag?post=213981"}],"curies":[{"name":"wp","href":"https:\/\/api.w.org\/{rel}","templated":true}]}}