{"id":213973,"date":"2025-05-13T13:39:31","date_gmt":"2025-06-14T02:55:53","guid":{"rendered":"https:\/\/amaruantiques.com\/?post_type=product&#038;p=213973"},"modified":"2025-06-26T16:00:23","modified_gmt":"2025-06-26T16:00:23","slug":"ancien-vase-chinois-en-ceramique-c-1820-am08018-4","status":"publish","type":"product","link":"https:\/\/amaruoptim.stg.uzero.cat\/fr\/meubles-anciens\/anciens-vases\/ancien-vase-chinois-en-ceramique-c-1820-am08018-4\/","title":{"rendered":"Ancien vase chinois en c\u00e9ramique (c.1820) #4"},"content":{"rendered":"<p><strong>Ancien vase chinois en c\u00e9ramique verte<\/strong> (vers 1820)<\/p>\n<ul>\n<li><b>Dimensions : <\/b>Largeur : 22 cm Profondeur : 22 cm Hauteur : 30 cm<\/li>\n<li><b>Style :<\/b> Primitif<\/li>\n<li><b>Mat\u00e9riaux et techniques :<\/b> C\u00e9ramique<\/li>\n<li><b>Lieu d&#8217;origine :<\/b> Chine imp\u00e9riale<\/li>\n<li><b>P\u00e9riode :<\/b> 19e si\u00e8cle<\/li>\n<li><b>Date de fabrication :<\/b> Vers 1820<\/li>\n<li><strong>\u00c9tat :<\/strong> Bon \u00e9tat. Usure correspond \u00e0 l&#8217;\u00e2ge et \u00e0 l&#8217;utilisation.<\/li>\n<\/ul>\n<p>Notre <em>ancien vase en c\u00e9ramique chinoise<\/em><i> <\/i>est une pi\u00e8ce unique qui se distingue par :<\/p>\n<ul>\n<li>Ses c\u00e9ramiques \u00e9maill\u00e9es se d\u00e9clinent dans des tons doux et brillants.<\/li>\n<li>Sa facture unique t\u00e9moigne de l&#8217;habilet\u00e9 des potiers de l&#8217;\u00e9poque.<\/li>\n<li>Son style oriental de l&#8217;\u00e9poque imp\u00e9riale chinoise, inimitable&#8230;<\/li>\n<\/ul>\n<p>Il est en excellent \u00e9tat de conservation, \u00e0 l&#8217;exception des imperfections caract\u00e9ristiques de toute antiquit\u00e9, dues au passage du temps. Donnez \u00e0 votre int\u00e9rieur une touche d&#8217;originalit\u00e9 avec une pi\u00e8ce unique qui s&#8217;int\u00e8gre dans le style contemporain et apporte de la personnalit\u00e9 \u00e0 votre int\u00e9rieur. Ce vase ancien peut \u00eatre combin\u00e9 avec l&#8217;un de nos <a href=\"https:\/\/amaruantiques.com\/fr\/categoria-producto\/bancs-anciens\/\">bancs anciens<\/a> disponibles. <em>PI\u00c8CE UNIQUE<\/em><\/p>\n","protected":false},"excerpt":{"rendered":"<p>Ancien vase chinois en c\u00e9ramique verte (vers 1820) Dimensions : Largeur : 22 cm Profondeur : 22 cm Hauteur : 30 cm Style : Primitif Mat\u00e9riaux et techniques : C\u00e9ramique Lieu d&#8217;origine : Chine imp\u00e9riale P\u00e9riode : 19e si\u00e8cle Date de fabrication : Vers 1820 \u00c9tat : Bon \u00e9tat. Usure correspond \u00e0 l&#8217;\u00e2ge et \u00e0 [&hellip;]<\/p>\n","protected":false},"featured_media":178949,"template":"","meta":[],"product_brand":[],"product_cat":[635],"product_tag":[112],"class_list":{"0":"post-213973","1":"product","2":"type-product","3":"status-publish","4":"has-post-thumbnail","6":"product_cat-anciens-vases","7":"product_tag-vase","8":"product_shipping_class-small-50-fr","9":"pa_estilo-dynastie-qing","11":"first","12":"instock","13":"sold-individually","14":"taxable","15":"shipping-taxable","16":"purchasable","17":"product-type-simple"},"yoast_head":"<!-- This site is optimized with the Yoast SEO plugin v26.0 - https:\/\/yoast.com\/wordpress\/plugins\/seo\/ -->\n<title>Vase ancien en c\u00e9ramique chinoise | Vase vert | AMARU<\/title>\n<meta name=\"description\" content=\"Ancien vase chinois en c\u00e9ramique (vers 1820). Une pi\u00e8ce inimitable qui nous renvoie \u00e0 une \u00e9poque lointaine. Venez d\u00e9couvrir notre belle s\u00e9lection de tr\u00e9sors du monde.\" \/>\n<meta name=\"robots\" content=\"index, follow, max-snippet:-1, max-image-preview:large, max-video-preview:-1\" \/>\n<link rel=\"canonical\" href=\"https:\/\/amaruoptim.stg.uzero.cat\/fr\/meubles-anciens\/anciens-vases\/ancien-vase-chinois-en-ceramique-c-1820-am08018-4\/\" \/>\n<meta property=\"og:locale\" content=\"fr_FR\" \/>\n<meta property=\"og:type\" content=\"article\" \/>\n<meta property=\"og:title\" content=\"Vase ancien en c\u00e9ramique chinoise | Vase vert | AMARU\" \/>\n<meta property=\"og:description\" content=\"Ancien vase chinois en c\u00e9ramique (vers 1820). Une pi\u00e8ce inimitable qui nous renvoie \u00e0 une \u00e9poque lointaine. Venez d\u00e9couvrir notre belle s\u00e9lection de tr\u00e9sors du monde.\" \/>\n<meta property=\"og:url\" content=\"https:\/\/amaruoptim.stg.uzero.cat\/fr\/meubles-anciens\/anciens-vases\/ancien-vase-chinois-en-ceramique-c-1820-am08018-4\/\" \/>\n<meta property=\"og:site_name\" content=\"AMARU\" \/>\n<meta property=\"article:modified_time\" content=\"2025-06-26T16:00:23+00:00\" \/>\n<meta property=\"og:image\" content=\"https:\/\/amaruantiques.com\/wp-content\/uploads\/2025\/06\/Jarron-chino-de-ceramica-antiguo-c.1820-4-8AM01044-4-D-1-1.jpg\" \/>\n\t<meta property=\"og:image:width\" content=\"924\" \/>\n\t<meta property=\"og:image:height\" content=\"924\" \/>\n\t<meta property=\"og:image:type\" content=\"image\/jpeg\" \/>\n<meta name=\"twitter:card\" content=\"summary_large_image\" \/>\n<meta name=\"twitter:label1\" content=\"Dur\u00e9e de lecture estim\u00e9e\" \/>\n\t<meta name=\"twitter:data1\" content=\"2 minutes\" \/>\n<!-- \/ Yoast SEO plugin. -->","yoast_head_json":{"title":"Vase ancien en c\u00e9ramique chinoise | Vase vert | AMARU","description":"Ancien vase chinois en c\u00e9ramique (vers 1820). Une pi\u00e8ce inimitable qui nous renvoie \u00e0 une \u00e9poque lointaine. Venez d\u00e9couvrir notre belle s\u00e9lection de tr\u00e9sors du monde.","robots":{"index":"index","follow":"follow","max-snippet":"max-snippet:-1","max-image-preview":"max-image-preview:large","max-video-preview":"max-video-preview:-1"},"canonical":"https:\/\/amaruoptim.stg.uzero.cat\/fr\/meubles-anciens\/anciens-vases\/ancien-vase-chinois-en-ceramique-c-1820-am08018-4\/","og_locale":"fr_FR","og_type":"article","og_title":"Vase ancien en c\u00e9ramique chinoise | Vase vert | AMARU","og_description":"Ancien vase chinois en c\u00e9ramique (vers 1820). Une pi\u00e8ce inimitable qui nous renvoie \u00e0 une \u00e9poque lointaine. Venez d\u00e9couvrir notre belle s\u00e9lection de tr\u00e9sors du monde.","og_url":"https:\/\/amaruoptim.stg.uzero.cat\/fr\/meubles-anciens\/anciens-vases\/ancien-vase-chinois-en-ceramique-c-1820-am08018-4\/","og_site_name":"AMARU","article_modified_time":"2025-06-26T16:00:23+00:00","og_image":[{"width":924,"height":924,"url":"https:\/\/amaruantiques.com\/wp-content\/uploads\/2025\/06\/Jarron-chino-de-ceramica-antiguo-c.1820-4-8AM01044-4-D-1-1.jpg","type":"image\/jpeg"}],"twitter_card":"summary_large_image","twitter_misc":{"Dur\u00e9e de lecture estim\u00e9e":"2 minutes"},"schema":{"@context":"https:\/\/schema.org","@graph":[{"@type":"WebPage","@id":"https:\/\/amaruoptim.stg.uzero.cat\/fr\/meubles-anciens\/anciens-vases\/ancien-vase-chinois-en-ceramique-c-1820-am08018-4\/","url":"https:\/\/amaruoptim.stg.uzero.cat\/fr\/meubles-anciens\/anciens-vases\/ancien-vase-chinois-en-ceramique-c-1820-am08018-4\/","name":"Vase ancien en c\u00e9ramique chinoise | Vase vert | AMARU","isPartOf":{"@id":"https:\/\/amaruantiques.com\/#website"},"primaryImageOfPage":{"@id":"https:\/\/amaruoptim.stg.uzero.cat\/fr\/meubles-anciens\/anciens-vases\/ancien-vase-chinois-en-ceramique-c-1820-am08018-4\/#primaryimage"},"image":{"@id":"https:\/\/amaruoptim.stg.uzero.cat\/fr\/meubles-anciens\/anciens-vases\/ancien-vase-chinois-en-ceramique-c-1820-am08018-4\/#primaryimage"},"thumbnailUrl":"https:\/\/amaruoptim.stg.uzero.cat\/wp-content\/uploads\/2025\/06\/Jarron-chino-de-ceramica-antiguo-c.1820-4-8AM01044-4-D-1-1.jpg","datePublished":"2025-06-14T02:55:53+00:00","dateModified":"2025-06-26T16:00:23+00:00","description":"Ancien vase chinois en c\u00e9ramique (vers 1820). Une pi\u00e8ce inimitable qui nous renvoie \u00e0 une \u00e9poque lointaine. Venez d\u00e9couvrir notre belle s\u00e9lection de tr\u00e9sors du monde.","breadcrumb":{"@id":"https:\/\/amaruoptim.stg.uzero.cat\/fr\/meubles-anciens\/anciens-vases\/ancien-vase-chinois-en-ceramique-c-1820-am08018-4\/#breadcrumb"},"inLanguage":"fr-FR","potentialAction":[{"@type":"ReadAction","target":["https:\/\/amaruoptim.stg.uzero.cat\/fr\/meubles-anciens\/anciens-vases\/ancien-vase-chinois-en-ceramique-c-1820-am08018-4\/"]}]},{"@type":"ImageObject","inLanguage":"fr-FR","@id":"https:\/\/amaruoptim.stg.uzero.cat\/fr\/meubles-anciens\/anciens-vases\/ancien-vase-chinois-en-ceramique-c-1820-am08018-4\/#primaryimage","url":"https:\/\/amaruoptim.stg.uzero.cat\/wp-content\/uploads\/2025\/06\/Jarron-chino-de-ceramica-antiguo-c.1820-4-8AM01044-4-D-1-1.jpg","contentUrl":"https:\/\/amaruoptim.stg.uzero.cat\/wp-content\/uploads\/2025\/06\/Jarron-chino-de-ceramica-antiguo-c.1820-4-8AM01044-4-D-1-1.jpg","width":924,"height":924},{"@type":"BreadcrumbList","@id":"https:\/\/amaruoptim.stg.uzero.cat\/fr\/meubles-anciens\/anciens-vases\/ancien-vase-chinois-en-ceramique-c-1820-am08018-4\/#breadcrumb","itemListElement":[{"@type":"ListItem","position":1,"name":"Accueil","item":"https:\/\/amaruantiques.com\/fr\/"},{"@type":"ListItem","position":2,"name":"Boutique","item":"https:\/\/amaruantiques.com\/fr\/boutique\/"},{"@type":"ListItem","position":3,"name":"Ancien vase chinois en c\u00e9ramique (c.1820) #4"}]},{"@type":"WebSite","@id":"https:\/\/amaruantiques.com\/#website","url":"https:\/\/amaruantiques.com\/","name":"AMARU - Timeless Antiques","description":"Timeless antiques","publisher":{"@id":"https:\/\/amaruantiques.com\/#organization"},"potentialAction":[{"@type":"SearchAction","target":{"@type":"EntryPoint","urlTemplate":"https:\/\/amaruantiques.com\/?s={search_term_string}"},"query-input":{"@type":"PropertyValueSpecification","valueRequired":true,"valueName":"search_term_string"}}],"inLanguage":"fr-FR"},{"@type":"Organization","@id":"https:\/\/amaruantiques.com\/#organization","name":"AMARU","url":"https:\/\/amaruantiques.com\/","logo":{"@type":"ImageObject","inLanguage":"fr-FR","@id":"https:\/\/amaruantiques.com\/#\/schema\/logo\/image\/","url":"https:\/\/amaruoptim.stg.uzero.cat\/wp-content\/uploads\/2025\/04\/logo-AMARU.svg","contentUrl":"https:\/\/amaruoptim.stg.uzero.cat\/wp-content\/uploads\/2025\/04\/logo-AMARU.svg","caption":"AMARU"},"image":{"@id":"https:\/\/amaruantiques.com\/#\/schema\/logo\/image\/"}}]}},"_links":{"self":[{"href":"https:\/\/amaruoptim.stg.uzero.cat\/fr\/wp-json\/wp\/v2\/product\/213973","targetHints":{"allow":["GET"]}}],"collection":[{"href":"https:\/\/amaruoptim.stg.uzero.cat\/fr\/wp-json\/wp\/v2\/product"}],"about":[{"href":"https:\/\/amaruoptim.stg.uzero.cat\/fr\/wp-json\/wp\/v2\/types\/product"}],"wp:featuredmedia":[{"embeddable":true,"href":"https:\/\/amaruoptim.stg.uzero.cat\/fr\/wp-json\/wp\/v2\/media\/178949"}],"wp:attachment":[{"href":"https:\/\/amaruoptim.stg.uzero.cat\/fr\/wp-json\/wp\/v2\/media?parent=213973"}],"wp:term":[{"taxonomy":"product_brand","embeddable":true,"href":"https:\/\/amaruoptim.stg.uzero.cat\/fr\/wp-json\/wp\/v2\/product_brand?post=213973"},{"taxonomy":"product_cat","embeddable":true,"href":"https:\/\/amaruoptim.stg.uzero.cat\/fr\/wp-json\/wp\/v2\/product_cat?post=213973"},{"taxonomy":"product_tag","embeddable":true,"href":"https:\/\/amaruoptim.stg.uzero.cat\/fr\/wp-json\/wp\/v2\/product_tag?post=213973"}],"curies":[{"name":"wp","href":"https:\/\/api.w.org\/{rel}","templated":true}]}}