{"id":213972,"date":"2025-05-13T13:35:09","date_gmt":"2025-06-14T02:55:53","guid":{"rendered":"https:\/\/amaruantiques.com\/?post_type=product&#038;p=213972"},"modified":"2025-06-26T16:00:22","modified_gmt":"2025-06-26T16:00:22","slug":"ancien-vase-en-ceramique-oriental-vers-1820-am08018-3","status":"publish","type":"product","link":"https:\/\/amaruoptim.stg.uzero.cat\/fr\/meubles-anciens\/anciens-vases\/ancien-vase-en-ceramique-oriental-vers-1820-am08018-3\/","title":{"rendered":"Ancien vase en c\u00e9ramique oriental (vers 1820) #3"},"content":{"rendered":"<p><strong>Ancien vase en c\u00e9ramique oriental<\/strong> (vers 1820)<\/p>\n<ul>\n<li><strong>\u00c2ge approximatif :<\/strong> 200 ans<\/li>\n<li><strong>Mat\u00e9riel:<\/strong> C\u00e9ramique<\/li>\n<\/ul>\n<p>Notre <em>vase en c\u00e9ramique ancienne<\/em><i> <\/i>est une pi\u00e8ce unique qui se distingue par :<\/p>\n<ul>\n<li>Chaque vase est diff\u00e9rent, les motifs sont le fruit de l&#8217;imagination de l&#8217;artisan. Les motifs floraux et les oiseaux s&#8217;inspirent souvent de la nature. Ils avaient \u00e9galement l&#8217;habitude de dessiner des caract\u00e8res chinois signifiant la bonne fortune et la prosp\u00e9rit\u00e9.<\/li>\n<li>Ses c\u00e9ramiques \u00e9maill\u00e9es se d\u00e9clinent dans des tons doux et brillants.<\/li>\n<li>Son style oriental de l&#8217;\u00e9poque imp\u00e9riale chinoise, inimitable&#8230;<\/li>\n<\/ul>\n<p>Il est en excellent \u00e9tat de conservation, \u00e0 l&#8217;exception des imperfections caract\u00e9ristiques de toute antiquit\u00e9, dues au passage du temps.<\/p>\n<p>Donnez \u00e0 votre int\u00e9rieur une touche d&#8217;originalit\u00e9 avec une pi\u00e8ce unique qui s&#8217;int\u00e8gre dans le style contemporain et apporte de la personnalit\u00e9 \u00e0 votre int\u00e9rieur.<\/p>\n<p>Ce vase ancien chinois peut \u00eatre associ\u00e9 \u00e0 l&#8217;un de nos <a href=\"https:\/\/amaruantiques.com\/fr\/categoria-producto\/ilots-de-cuisine-anciennes\/\">\u00eelots de cuisine anciens<\/a> disponibles.<\/p>\n<p><em>PI\u00c8CE UNIQUE<\/em><\/p>\n","protected":false},"excerpt":{"rendered":"<p><strong>Dimensions : <\/strong>19 cm de diam\u00e8tre x 25 cm de hauteur<\/p>\n","protected":false},"featured_media":178925,"template":"","meta":[],"product_brand":[],"product_cat":[635],"product_tag":[112],"class_list":{"0":"post-213972","1":"product","2":"type-product","3":"status-publish","4":"has-post-thumbnail","6":"product_cat-anciens-vases","7":"product_tag-vase","8":"product_shipping_class-small-50-fr","9":"pa_estilo-dynastie-qing","11":"first","12":"instock","13":"sold-individually","14":"taxable","15":"shipping-taxable","16":"purchasable","17":"product-type-simple"},"yoast_head":"<!-- This site is optimized with the Yoast SEO plugin v26.0 - https:\/\/yoast.com\/wordpress\/plugins\/seo\/ -->\n<title>Vase ancien en c\u00e9ramique | Vase chinois | AMARU ANTIQUES<\/title>\n<meta name=\"description\" content=\"Ancien vase en c\u00e9ramique de style oriental (vers 1820). Notre passion est de rechercher sans rel\u00e2che des tr\u00e9sors cach\u00e9s et de leur donner une nouvelle vie.\" \/>\n<meta name=\"robots\" content=\"index, follow, max-snippet:-1, max-image-preview:large, max-video-preview:-1\" \/>\n<link rel=\"canonical\" href=\"https:\/\/amaruoptim.stg.uzero.cat\/fr\/meubles-anciens\/anciens-vases\/ancien-vase-en-ceramique-oriental-vers-1820-am08018-3\/\" \/>\n<meta property=\"og:locale\" content=\"fr_FR\" \/>\n<meta property=\"og:type\" content=\"article\" \/>\n<meta property=\"og:title\" content=\"Vase ancien en c\u00e9ramique | Vase chinois | AMARU ANTIQUES\" \/>\n<meta property=\"og:description\" content=\"Ancien vase en c\u00e9ramique de style oriental (vers 1820). Notre passion est de rechercher sans rel\u00e2che des tr\u00e9sors cach\u00e9s et de leur donner une nouvelle vie.\" \/>\n<meta property=\"og:url\" content=\"https:\/\/amaruoptim.stg.uzero.cat\/fr\/meubles-anciens\/anciens-vases\/ancien-vase-en-ceramique-oriental-vers-1820-am08018-3\/\" \/>\n<meta property=\"og:site_name\" content=\"AMARU\" \/>\n<meta property=\"article:modified_time\" content=\"2025-06-26T16:00:22+00:00\" \/>\n<meta property=\"og:image\" content=\"https:\/\/amaruantiques.com\/wp-content\/uploads\/2025\/06\/Jarron-de-ceramica-antiguo-de-estilo-oriental-c.1820-3-8AM01044-3-D-1-1.jpg\" \/>\n\t<meta property=\"og:image:width\" content=\"924\" \/>\n\t<meta property=\"og:image:height\" content=\"924\" \/>\n\t<meta property=\"og:image:type\" content=\"image\/jpeg\" \/>\n<meta name=\"twitter:card\" content=\"summary_large_image\" \/>\n<meta name=\"twitter:label1\" content=\"Dur\u00e9e de lecture estim\u00e9e\" \/>\n\t<meta name=\"twitter:data1\" content=\"2 minutes\" \/>\n<!-- \/ Yoast SEO plugin. -->","yoast_head_json":{"title":"Vase ancien en c\u00e9ramique | Vase chinois | AMARU ANTIQUES","description":"Ancien vase en c\u00e9ramique de style oriental (vers 1820). Notre passion est de rechercher sans rel\u00e2che des tr\u00e9sors cach\u00e9s et de leur donner une nouvelle vie.","robots":{"index":"index","follow":"follow","max-snippet":"max-snippet:-1","max-image-preview":"max-image-preview:large","max-video-preview":"max-video-preview:-1"},"canonical":"https:\/\/amaruoptim.stg.uzero.cat\/fr\/meubles-anciens\/anciens-vases\/ancien-vase-en-ceramique-oriental-vers-1820-am08018-3\/","og_locale":"fr_FR","og_type":"article","og_title":"Vase ancien en c\u00e9ramique | Vase chinois | AMARU ANTIQUES","og_description":"Ancien vase en c\u00e9ramique de style oriental (vers 1820). Notre passion est de rechercher sans rel\u00e2che des tr\u00e9sors cach\u00e9s et de leur donner une nouvelle vie.","og_url":"https:\/\/amaruoptim.stg.uzero.cat\/fr\/meubles-anciens\/anciens-vases\/ancien-vase-en-ceramique-oriental-vers-1820-am08018-3\/","og_site_name":"AMARU","article_modified_time":"2025-06-26T16:00:22+00:00","og_image":[{"width":924,"height":924,"url":"https:\/\/amaruantiques.com\/wp-content\/uploads\/2025\/06\/Jarron-de-ceramica-antiguo-de-estilo-oriental-c.1820-3-8AM01044-3-D-1-1.jpg","type":"image\/jpeg"}],"twitter_card":"summary_large_image","twitter_misc":{"Dur\u00e9e de lecture estim\u00e9e":"2 minutes"},"schema":{"@context":"https:\/\/schema.org","@graph":[{"@type":"WebPage","@id":"https:\/\/amaruoptim.stg.uzero.cat\/fr\/meubles-anciens\/anciens-vases\/ancien-vase-en-ceramique-oriental-vers-1820-am08018-3\/","url":"https:\/\/amaruoptim.stg.uzero.cat\/fr\/meubles-anciens\/anciens-vases\/ancien-vase-en-ceramique-oriental-vers-1820-am08018-3\/","name":"Vase ancien en c\u00e9ramique | Vase chinois | AMARU ANTIQUES","isPartOf":{"@id":"https:\/\/amaruantiques.com\/#website"},"primaryImageOfPage":{"@id":"https:\/\/amaruoptim.stg.uzero.cat\/fr\/meubles-anciens\/anciens-vases\/ancien-vase-en-ceramique-oriental-vers-1820-am08018-3\/#primaryimage"},"image":{"@id":"https:\/\/amaruoptim.stg.uzero.cat\/fr\/meubles-anciens\/anciens-vases\/ancien-vase-en-ceramique-oriental-vers-1820-am08018-3\/#primaryimage"},"thumbnailUrl":"https:\/\/amaruoptim.stg.uzero.cat\/wp-content\/uploads\/2025\/06\/Jarron-de-ceramica-antiguo-de-estilo-oriental-c.1820-3-8AM01044-3-D-1-1.jpg","datePublished":"2025-06-14T02:55:53+00:00","dateModified":"2025-06-26T16:00:22+00:00","description":"Ancien vase en c\u00e9ramique de style oriental (vers 1820). Notre passion est de rechercher sans rel\u00e2che des tr\u00e9sors cach\u00e9s et de leur donner une nouvelle vie.","breadcrumb":{"@id":"https:\/\/amaruoptim.stg.uzero.cat\/fr\/meubles-anciens\/anciens-vases\/ancien-vase-en-ceramique-oriental-vers-1820-am08018-3\/#breadcrumb"},"inLanguage":"fr-FR","potentialAction":[{"@type":"ReadAction","target":["https:\/\/amaruoptim.stg.uzero.cat\/fr\/meubles-anciens\/anciens-vases\/ancien-vase-en-ceramique-oriental-vers-1820-am08018-3\/"]}]},{"@type":"ImageObject","inLanguage":"fr-FR","@id":"https:\/\/amaruoptim.stg.uzero.cat\/fr\/meubles-anciens\/anciens-vases\/ancien-vase-en-ceramique-oriental-vers-1820-am08018-3\/#primaryimage","url":"https:\/\/amaruoptim.stg.uzero.cat\/wp-content\/uploads\/2025\/06\/Jarron-de-ceramica-antiguo-de-estilo-oriental-c.1820-3-8AM01044-3-D-1-1.jpg","contentUrl":"https:\/\/amaruoptim.stg.uzero.cat\/wp-content\/uploads\/2025\/06\/Jarron-de-ceramica-antiguo-de-estilo-oriental-c.1820-3-8AM01044-3-D-1-1.jpg","width":924,"height":924},{"@type":"BreadcrumbList","@id":"https:\/\/amaruoptim.stg.uzero.cat\/fr\/meubles-anciens\/anciens-vases\/ancien-vase-en-ceramique-oriental-vers-1820-am08018-3\/#breadcrumb","itemListElement":[{"@type":"ListItem","position":1,"name":"Accueil","item":"https:\/\/amaruantiques.com\/fr\/"},{"@type":"ListItem","position":2,"name":"Boutique","item":"https:\/\/amaruantiques.com\/fr\/boutique\/"},{"@type":"ListItem","position":3,"name":"Ancien vase en c\u00e9ramique oriental (vers 1820) #3"}]},{"@type":"WebSite","@id":"https:\/\/amaruantiques.com\/#website","url":"https:\/\/amaruantiques.com\/","name":"AMARU - Timeless Antiques","description":"Timeless antiques","publisher":{"@id":"https:\/\/amaruantiques.com\/#organization"},"potentialAction":[{"@type":"SearchAction","target":{"@type":"EntryPoint","urlTemplate":"https:\/\/amaruantiques.com\/?s={search_term_string}"},"query-input":{"@type":"PropertyValueSpecification","valueRequired":true,"valueName":"search_term_string"}}],"inLanguage":"fr-FR"},{"@type":"Organization","@id":"https:\/\/amaruantiques.com\/#organization","name":"AMARU","url":"https:\/\/amaruantiques.com\/","logo":{"@type":"ImageObject","inLanguage":"fr-FR","@id":"https:\/\/amaruantiques.com\/#\/schema\/logo\/image\/","url":"https:\/\/amaruoptim.stg.uzero.cat\/wp-content\/uploads\/2025\/04\/logo-AMARU.svg","contentUrl":"https:\/\/amaruoptim.stg.uzero.cat\/wp-content\/uploads\/2025\/04\/logo-AMARU.svg","caption":"AMARU"},"image":{"@id":"https:\/\/amaruantiques.com\/#\/schema\/logo\/image\/"}}]}},"_links":{"self":[{"href":"https:\/\/amaruoptim.stg.uzero.cat\/fr\/wp-json\/wp\/v2\/product\/213972","targetHints":{"allow":["GET"]}}],"collection":[{"href":"https:\/\/amaruoptim.stg.uzero.cat\/fr\/wp-json\/wp\/v2\/product"}],"about":[{"href":"https:\/\/amaruoptim.stg.uzero.cat\/fr\/wp-json\/wp\/v2\/types\/product"}],"wp:featuredmedia":[{"embeddable":true,"href":"https:\/\/amaruoptim.stg.uzero.cat\/fr\/wp-json\/wp\/v2\/media\/178925"}],"wp:attachment":[{"href":"https:\/\/amaruoptim.stg.uzero.cat\/fr\/wp-json\/wp\/v2\/media?parent=213972"}],"wp:term":[{"taxonomy":"product_brand","embeddable":true,"href":"https:\/\/amaruoptim.stg.uzero.cat\/fr\/wp-json\/wp\/v2\/product_brand?post=213972"},{"taxonomy":"product_cat","embeddable":true,"href":"https:\/\/amaruoptim.stg.uzero.cat\/fr\/wp-json\/wp\/v2\/product_cat?post=213972"},{"taxonomy":"product_tag","embeddable":true,"href":"https:\/\/amaruoptim.stg.uzero.cat\/fr\/wp-json\/wp\/v2\/product_tag?post=213972"}],"curies":[{"name":"wp","href":"https:\/\/api.w.org\/{rel}","templated":true}]}}