{"id":213971,"date":"2025-05-13T13:25:50","date_gmt":"2025-06-14T02:55:53","guid":{"rendered":"https:\/\/amaruantiques.com\/?post_type=product&#038;p=213971"},"modified":"2025-06-26T16:00:22","modified_gmt":"2025-06-26T16:00:22","slug":"vase-decoratif-ancien-vert-turquoise-vers-1820-am08018-1","status":"publish","type":"product","link":"https:\/\/amaruoptim.stg.uzero.cat\/fr\/meubles-anciens\/anciens-vases\/vase-decoratif-ancien-vert-turquoise-vers-1820-am08018-1\/","title":{"rendered":"Vase d\u00e9coratif ancien vert turquoise (vers 1820) #1"},"content":{"rendered":"<p><strong>Vase d\u00e9coratif ancien vert turquoise<\/strong> (vers 1820).<\/p>\n<p>Il a une<strong> antiquit\u00e9<\/strong> estim\u00e9 environ 200 ans, ann\u00e9e approximative de fabrication: 1820. Les dimensions de ce vase chinois ancien sont : une hauteur de 30 cm et un diam\u00e8tre de 20 cm. Il est d\u00e9cor\u00e9 de motifs floraux. Il a \u00e9t\u00e9 r\u00e9cup\u00e9r\u00e9 dans la province du Hunan dans un \u00e9tat de conservation optimal. C&#8217;est une pi\u00e8ce unique en c\u00e9ramique, et elle a \u00e9t\u00e9 fabriqu\u00e9e \u00e0 la main selon les standards du moment. Il faut dire qu&#8217;il est actuellement difficile de trouver des pi\u00e8ces de cet \u00e2ge avec ce bon \u00e9tat de conservation.<\/p>\n<ul>\n<li><b>Dimensions : <\/b>Largeur : 20 cm Profondeur : 20 cm Hauteur : 30 cm<\/li>\n<li><b>Style :<\/b> Primitif<\/li>\n<li><b>Mat\u00e9riaux et techniques :<\/b> C\u00e9ramique<\/li>\n<li><b>Lieu d&#8217;origine :<\/b> Chine imp\u00e9riale<\/li>\n<li><b>P\u00e9riode :<\/b> 19e si\u00e8cle<\/li>\n<li><b>Date de fabrication :<\/b> Vers 1820<\/li>\n<li><strong>\u00c9tat :<\/strong> Bon \u00e9tat. Usure correspond \u00e0 l&#8217;\u00e2ge et \u00e0 l&#8217;utilisation.<\/li>\n<\/ul>\n<p>&#8211; NOTE HISTORIQUE &#8211;<\/p>\n<p>La Chine est depuis de nombreux si\u00e8cles une r\u00e9f\u00e9rence dans la fabrication de vases et d&#8217;articles en c\u00e9ramique. Les vases en porcelaine sont devenus particuli\u00e8rement c\u00e9l\u00e8bres et ils \u00e9taient appr\u00e9ci\u00e9s dans les hautes sph\u00e8res royales europ\u00e9ennes comme symbole de statut et de pouvoir.<\/p>\n<p>La porcelaine est un mat\u00e9riau c\u00e9ramique essentiellement compos\u00e9 d&#8217;une composition d&#8217;un mat\u00e9riau appel\u00e9 kaolin, quartz et feldspath. Ladite composition est expos\u00e9e \u00e0 des cuissons de plus de 1000 degr\u00e9s et acquiert une duret\u00e9, une robustesse et une transparence lumineuse exceptionnelles. Cet effet est d\u00fb \u00e0 la cristallisation et \u00e0 la formation d&#8217;un nouveau min\u00e9ral appel\u00e9 mullite. Actuellement, la porcelaine a non seulement un usage ornemental, mais en raison de ses propri\u00e9t\u00e9s physiques, elle est \u00e9galement utilis\u00e9e \u00e0 des fins industrielles.<\/p>\n<p>Nos vases anciens sont des pi\u00e8ces uniques sp\u00e9cialement s\u00e9lectionn\u00e9es pour faire partie d&#8217;espaces intemporels et se combinent parfaitement avec l&#8217;un de nos<a href=\"https:\/\/amaruantiques.com\/fr\/categoria-producto\/buffets-anciens\/\"> buffets<\/a> ou <a href=\"https:\/\/amaruantiques.com\/fr\/categoria-producto\/armoires-anciennes\/\">armoires anciens<\/a> .<\/p>\n<p><em>PI\u00c8CE UNIQUE<\/em><\/p>\n","protected":false},"excerpt":{"rendered":"<p>Vase d\u00e9coratif ancien vert turquoise (vers 1820). Il a une antiquit\u00e9 estim\u00e9 environ 200 ans, ann\u00e9e approximative de fabrication: 1820. Les dimensions de ce vase chinois ancien sont : une hauteur de 30 cm et un diam\u00e8tre de 20 cm. Il est d\u00e9cor\u00e9 de motifs floraux. Il a \u00e9t\u00e9 r\u00e9cup\u00e9r\u00e9 dans la province du Hunan [&hellip;]<\/p>\n","protected":false},"featured_media":168711,"template":"","meta":[],"product_brand":[],"product_cat":[635],"product_tag":[112],"class_list":{"0":"post-213971","1":"product","2":"type-product","3":"status-publish","4":"has-post-thumbnail","6":"product_cat-anciens-vases","7":"product_tag-vase","8":"product_shipping_class-small-50-fr","9":"pa_estilo-dynastie-qing","11":"first","12":"instock","13":"sold-individually","14":"taxable","15":"shipping-taxable","16":"purchasable","17":"product-type-simple"},"yoast_head":"<!-- This site is optimized with the Yoast SEO plugin v26.0 - https:\/\/yoast.com\/wordpress\/plugins\/seo\/ -->\n<title>Vase d\u00e9coratif ancien | Vase en c\u00e9ramique | AMARU<\/title>\n<meta name=\"description\" content=\"Un vase ancien en c\u00e9ramique de 200 ans de couleur vert turquoise. D\u00e9couvrez d&#039;autres vases anciens et pi\u00e8ces uniques sur notre site...\" \/>\n<meta name=\"robots\" content=\"index, follow, max-snippet:-1, max-image-preview:large, max-video-preview:-1\" \/>\n<link rel=\"canonical\" href=\"https:\/\/amaruoptim.stg.uzero.cat\/fr\/meubles-anciens\/anciens-vases\/vase-decoratif-ancien-vert-turquoise-vers-1820-am08018-1\/\" \/>\n<meta property=\"og:locale\" content=\"fr_FR\" \/>\n<meta property=\"og:type\" content=\"article\" \/>\n<meta property=\"og:title\" content=\"Vase d\u00e9coratif ancien | Vase en c\u00e9ramique | AMARU\" \/>\n<meta property=\"og:description\" content=\"Un vase ancien en c\u00e9ramique de 200 ans de couleur vert turquoise. D\u00e9couvrez d&#039;autres vases anciens et pi\u00e8ces uniques sur notre site...\" \/>\n<meta property=\"og:url\" content=\"https:\/\/amaruoptim.stg.uzero.cat\/fr\/meubles-anciens\/anciens-vases\/vase-decoratif-ancien-vert-turquoise-vers-1820-am08018-1\/\" \/>\n<meta property=\"og:site_name\" content=\"AMARU\" \/>\n<meta property=\"article:modified_time\" content=\"2025-06-26T16:00:22+00:00\" \/>\n<meta property=\"og:image\" content=\"https:\/\/amaruantiques.com\/wp-content\/uploads\/2025\/06\/8AM01044-1-1-1.jpg\" \/>\n\t<meta property=\"og:image:width\" content=\"924\" \/>\n\t<meta property=\"og:image:height\" content=\"924\" \/>\n\t<meta property=\"og:image:type\" content=\"image\/jpeg\" \/>\n<meta name=\"twitter:card\" content=\"summary_large_image\" \/>\n<meta name=\"twitter:label1\" content=\"Dur\u00e9e de lecture estim\u00e9e\" \/>\n\t<meta name=\"twitter:data1\" content=\"2 minutes\" \/>\n<!-- \/ Yoast SEO plugin. -->","yoast_head_json":{"title":"Vase d\u00e9coratif ancien | Vase en c\u00e9ramique | AMARU","description":"Un vase ancien en c\u00e9ramique de 200 ans de couleur vert turquoise. D\u00e9couvrez d'autres vases anciens et pi\u00e8ces uniques sur notre site...","robots":{"index":"index","follow":"follow","max-snippet":"max-snippet:-1","max-image-preview":"max-image-preview:large","max-video-preview":"max-video-preview:-1"},"canonical":"https:\/\/amaruoptim.stg.uzero.cat\/fr\/meubles-anciens\/anciens-vases\/vase-decoratif-ancien-vert-turquoise-vers-1820-am08018-1\/","og_locale":"fr_FR","og_type":"article","og_title":"Vase d\u00e9coratif ancien | Vase en c\u00e9ramique | AMARU","og_description":"Un vase ancien en c\u00e9ramique de 200 ans de couleur vert turquoise. D\u00e9couvrez d'autres vases anciens et pi\u00e8ces uniques sur notre site...","og_url":"https:\/\/amaruoptim.stg.uzero.cat\/fr\/meubles-anciens\/anciens-vases\/vase-decoratif-ancien-vert-turquoise-vers-1820-am08018-1\/","og_site_name":"AMARU","article_modified_time":"2025-06-26T16:00:22+00:00","og_image":[{"width":924,"height":924,"url":"https:\/\/amaruantiques.com\/wp-content\/uploads\/2025\/06\/8AM01044-1-1-1.jpg","type":"image\/jpeg"}],"twitter_card":"summary_large_image","twitter_misc":{"Dur\u00e9e de lecture estim\u00e9e":"2 minutes"},"schema":{"@context":"https:\/\/schema.org","@graph":[{"@type":"WebPage","@id":"https:\/\/amaruoptim.stg.uzero.cat\/fr\/meubles-anciens\/anciens-vases\/vase-decoratif-ancien-vert-turquoise-vers-1820-am08018-1\/","url":"https:\/\/amaruoptim.stg.uzero.cat\/fr\/meubles-anciens\/anciens-vases\/vase-decoratif-ancien-vert-turquoise-vers-1820-am08018-1\/","name":"Vase d\u00e9coratif ancien | Vase en c\u00e9ramique | AMARU","isPartOf":{"@id":"https:\/\/amaruantiques.com\/#website"},"primaryImageOfPage":{"@id":"https:\/\/amaruoptim.stg.uzero.cat\/fr\/meubles-anciens\/anciens-vases\/vase-decoratif-ancien-vert-turquoise-vers-1820-am08018-1\/#primaryimage"},"image":{"@id":"https:\/\/amaruoptim.stg.uzero.cat\/fr\/meubles-anciens\/anciens-vases\/vase-decoratif-ancien-vert-turquoise-vers-1820-am08018-1\/#primaryimage"},"thumbnailUrl":"https:\/\/amaruoptim.stg.uzero.cat\/wp-content\/uploads\/2025\/06\/8AM01044-1-1-1.jpg","datePublished":"2025-06-14T02:55:53+00:00","dateModified":"2025-06-26T16:00:22+00:00","description":"Un vase ancien en c\u00e9ramique de 200 ans de couleur vert turquoise. D\u00e9couvrez d'autres vases anciens et pi\u00e8ces uniques sur notre site...","breadcrumb":{"@id":"https:\/\/amaruoptim.stg.uzero.cat\/fr\/meubles-anciens\/anciens-vases\/vase-decoratif-ancien-vert-turquoise-vers-1820-am08018-1\/#breadcrumb"},"inLanguage":"fr-FR","potentialAction":[{"@type":"ReadAction","target":["https:\/\/amaruoptim.stg.uzero.cat\/fr\/meubles-anciens\/anciens-vases\/vase-decoratif-ancien-vert-turquoise-vers-1820-am08018-1\/"]}]},{"@type":"ImageObject","inLanguage":"fr-FR","@id":"https:\/\/amaruoptim.stg.uzero.cat\/fr\/meubles-anciens\/anciens-vases\/vase-decoratif-ancien-vert-turquoise-vers-1820-am08018-1\/#primaryimage","url":"https:\/\/amaruoptim.stg.uzero.cat\/wp-content\/uploads\/2025\/06\/8AM01044-1-1-1.jpg","contentUrl":"https:\/\/amaruoptim.stg.uzero.cat\/wp-content\/uploads\/2025\/06\/8AM01044-1-1-1.jpg","width":924,"height":924},{"@type":"BreadcrumbList","@id":"https:\/\/amaruoptim.stg.uzero.cat\/fr\/meubles-anciens\/anciens-vases\/vase-decoratif-ancien-vert-turquoise-vers-1820-am08018-1\/#breadcrumb","itemListElement":[{"@type":"ListItem","position":1,"name":"Accueil","item":"https:\/\/amaruantiques.com\/fr\/"},{"@type":"ListItem","position":2,"name":"Boutique","item":"https:\/\/amaruantiques.com\/fr\/boutique\/"},{"@type":"ListItem","position":3,"name":"Vase d\u00e9coratif ancien vert turquoise (vers 1820) #1"}]},{"@type":"WebSite","@id":"https:\/\/amaruantiques.com\/#website","url":"https:\/\/amaruantiques.com\/","name":"AMARU - Timeless Antiques","description":"Timeless antiques","publisher":{"@id":"https:\/\/amaruantiques.com\/#organization"},"potentialAction":[{"@type":"SearchAction","target":{"@type":"EntryPoint","urlTemplate":"https:\/\/amaruantiques.com\/?s={search_term_string}"},"query-input":{"@type":"PropertyValueSpecification","valueRequired":true,"valueName":"search_term_string"}}],"inLanguage":"fr-FR"},{"@type":"Organization","@id":"https:\/\/amaruantiques.com\/#organization","name":"AMARU","url":"https:\/\/amaruantiques.com\/","logo":{"@type":"ImageObject","inLanguage":"fr-FR","@id":"https:\/\/amaruantiques.com\/#\/schema\/logo\/image\/","url":"https:\/\/amaruoptim.stg.uzero.cat\/wp-content\/uploads\/2025\/04\/logo-AMARU.svg","contentUrl":"https:\/\/amaruoptim.stg.uzero.cat\/wp-content\/uploads\/2025\/04\/logo-AMARU.svg","caption":"AMARU"},"image":{"@id":"https:\/\/amaruantiques.com\/#\/schema\/logo\/image\/"}}]}},"_links":{"self":[{"href":"https:\/\/amaruoptim.stg.uzero.cat\/fr\/wp-json\/wp\/v2\/product\/213971","targetHints":{"allow":["GET"]}}],"collection":[{"href":"https:\/\/amaruoptim.stg.uzero.cat\/fr\/wp-json\/wp\/v2\/product"}],"about":[{"href":"https:\/\/amaruoptim.stg.uzero.cat\/fr\/wp-json\/wp\/v2\/types\/product"}],"wp:featuredmedia":[{"embeddable":true,"href":"https:\/\/amaruoptim.stg.uzero.cat\/fr\/wp-json\/wp\/v2\/media\/168711"}],"wp:attachment":[{"href":"https:\/\/amaruoptim.stg.uzero.cat\/fr\/wp-json\/wp\/v2\/media?parent=213971"}],"wp:term":[{"taxonomy":"product_brand","embeddable":true,"href":"https:\/\/amaruoptim.stg.uzero.cat\/fr\/wp-json\/wp\/v2\/product_brand?post=213971"},{"taxonomy":"product_cat","embeddable":true,"href":"https:\/\/amaruoptim.stg.uzero.cat\/fr\/wp-json\/wp\/v2\/product_cat?post=213971"},{"taxonomy":"product_tag","embeddable":true,"href":"https:\/\/amaruoptim.stg.uzero.cat\/fr\/wp-json\/wp\/v2\/product_tag?post=213971"}],"curies":[{"name":"wp","href":"https:\/\/api.w.org\/{rel}","templated":true}]}}