{"id":213965,"date":"2025-05-13T09:02:51","date_gmt":"2025-05-13T09:02:52","guid":{"rendered":"https:\/\/amaruantiques.com\/?post_type=product&#038;p=213965"},"modified":"2025-06-26T16:00:18","modified_gmt":"2025-06-26T16:00:18","slug":"tabouret-rectangulaire-oriental-ancien-c-1920-am03047-32","status":"publish","type":"product","link":"https:\/\/amaruoptim.stg.uzero.cat\/fr\/meubles-anciens\/tabourets-anciens\/tabouret-rectangulaire-oriental-ancien-c-1920-am03047-32\/","title":{"rendered":"Tabouret rectangulaire oriental ancien (c.1920) #32"},"content":{"rendered":"<p><strong>Tabouret rectangulaire oriental ancien<\/strong> (c.1920)<\/p>\n<ul>\n<li><strong>Dimensions<\/strong> : Largeur : 32 cm Profondeur : 16 cm Hauteur : 47 cm<\/li>\n<li><strong>Style<\/strong> : Primitif<\/li>\n<li><strong>Mat\u00e9riaux et techniques<\/strong> : Bois d&#8217;orme<\/li>\n<li><strong>Provenance<\/strong> : Chine<\/li>\n<li><strong>Epoque<\/strong> : D\u00e9but du 20\u00e8me si\u00e8cle<\/li>\n<li><strong>Date de fabrication<\/strong> : Vers 1910<\/li>\n<li><strong>\u00c9ta<\/strong>t : Bon. Usures et d\u00e9chirures dues \u00e0 l&#8217;\u00e2ge et \u00e0 l&#8217;utilisation.<\/li>\n<\/ul>\n<p>Notre tabouret rectangulaire ancien est une pi\u00e8ce unique qui se d\u00e9marque :<\/p>\n<ul>\n<li>Sa forme rectangulaire est polyvalente et peut servir de si\u00e8ge, de table d&#8217;appoint ou d&#8217;\u00e9l\u00e9ment d\u00e9coratif.<\/li>\n<li>Son style rustique est parfait pour ajouter une touche de chaleur \u00e0 n&#8217;importe quel espace.<\/li>\n<li>Le design minimaliste et naturel.<\/li>\n<\/ul>\n<p>L&#8217;\u00e9tat de conservation est optimal, \u00e0 l&#8217;exception des imperfections caract\u00e9ristiques de toute antiquit\u00e9 produites par le passage du temps.<\/p>\n<p>Ajoutez une touche d&#8217;originalit\u00e9 \u00e0 votre int\u00e9rieur avec une pi\u00e8ce unique qui s&#8217;int\u00e8gre dans le style contemporain, en apportant de la personnalit\u00e9 \u00e0 votre int\u00e9rieur. Ce Tabouret rectangulaire oriental ancien peut \u00eatre associ\u00e9 \u00e0 l&#8217;une de nos tables consoles ou \u00e0 l&#8217;une de nos chaises Thonet anciennes disponibles.<\/p>\n<p>PI\u00c8CE UNIQUE<\/p>\n","protected":false},"excerpt":{"rendered":"<p>Tabouret rectangulaire oriental ancien (c.1920) Dimensions : Largeur : 32 cm Profondeur : 16 cm Hauteur : 47 cm Style : Primitif Mat\u00e9riaux et techniques : Bois d&#8217;orme Provenance : Chine Epoque : D\u00e9but du 20\u00e8me si\u00e8cle Date de fabrication : Vers 1910 \u00c9tat : Bon. Usures et d\u00e9chirures dues \u00e0 l&#8217;\u00e2ge et \u00e0 l&#8217;utilisation. [&hellip;]<\/p>\n","protected":false},"featured_media":185857,"template":"","meta":[],"product_brand":[],"product_cat":[614],"product_tag":[],"class_list":{"0":"post-213965","1":"product","2":"type-product","3":"status-publish","4":"has-post-thumbnail","6":"product_cat-tabourets-anciens","7":"product_shipping_class-medium-100-fr","8":"pa_estilo-style-primitif","10":"first","11":"instock","12":"taxable","13":"shipping-taxable","14":"purchasable","15":"product-type-simple"},"yoast_head":"<!-- This site is optimized with the Yoast SEO plugin v26.0 - https:\/\/yoast.com\/wordpress\/plugins\/seo\/ -->\n<title>Tabouret rectangulaire oriental ancien | Tabouret rustique | AMARU<\/title>\n<meta name=\"description\" content=\"Tabouret rectangulaire oriental ancien (c.1920). Notre passion est de rechercher sans rel\u00e2che des tr\u00e9sors cach\u00e9s et de leur donner une nouvelle vie.\" \/>\n<meta name=\"robots\" content=\"index, follow, max-snippet:-1, max-image-preview:large, max-video-preview:-1\" \/>\n<link rel=\"canonical\" href=\"https:\/\/amaruoptim.stg.uzero.cat\/fr\/meubles-anciens\/tabourets-anciens\/tabouret-rectangulaire-oriental-ancien-c-1920-am03047-32\/\" \/>\n<meta property=\"og:locale\" content=\"fr_FR\" \/>\n<meta property=\"og:type\" content=\"article\" \/>\n<meta property=\"og:title\" content=\"Tabouret rectangulaire oriental ancien | Tabouret rustique | AMARU\" \/>\n<meta property=\"og:description\" content=\"Tabouret rectangulaire oriental ancien (c.1920). Notre passion est de rechercher sans rel\u00e2che des tr\u00e9sors cach\u00e9s et de leur donner une nouvelle vie.\" \/>\n<meta property=\"og:url\" content=\"https:\/\/amaruoptim.stg.uzero.cat\/fr\/meubles-anciens\/tabourets-anciens\/tabouret-rectangulaire-oriental-ancien-c-1920-am03047-32\/\" \/>\n<meta property=\"og:site_name\" content=\"AMARU\" \/>\n<meta property=\"article:modified_time\" content=\"2025-06-26T16:00:18+00:00\" \/>\n<meta property=\"og:image\" content=\"https:\/\/amaruantiques.com\/wp-content\/uploads\/2025\/06\/3AM02006N-32-D-1-1.jpg\" \/>\n\t<meta property=\"og:image:width\" content=\"1600\" \/>\n\t<meta property=\"og:image:height\" content=\"1600\" \/>\n\t<meta property=\"og:image:type\" content=\"image\/jpeg\" \/>\n<meta name=\"twitter:card\" content=\"summary_large_image\" \/>\n<meta name=\"twitter:label1\" content=\"Dur\u00e9e de lecture estim\u00e9e\" \/>\n\t<meta name=\"twitter:data1\" content=\"1 minute\" \/>\n<!-- \/ Yoast SEO plugin. -->","yoast_head_json":{"title":"Tabouret rectangulaire oriental ancien | Tabouret rustique | AMARU","description":"Tabouret rectangulaire oriental ancien (c.1920). Notre passion est de rechercher sans rel\u00e2che des tr\u00e9sors cach\u00e9s et de leur donner une nouvelle vie.","robots":{"index":"index","follow":"follow","max-snippet":"max-snippet:-1","max-image-preview":"max-image-preview:large","max-video-preview":"max-video-preview:-1"},"canonical":"https:\/\/amaruoptim.stg.uzero.cat\/fr\/meubles-anciens\/tabourets-anciens\/tabouret-rectangulaire-oriental-ancien-c-1920-am03047-32\/","og_locale":"fr_FR","og_type":"article","og_title":"Tabouret rectangulaire oriental ancien | Tabouret rustique | AMARU","og_description":"Tabouret rectangulaire oriental ancien (c.1920). Notre passion est de rechercher sans rel\u00e2che des tr\u00e9sors cach\u00e9s et de leur donner une nouvelle vie.","og_url":"https:\/\/amaruoptim.stg.uzero.cat\/fr\/meubles-anciens\/tabourets-anciens\/tabouret-rectangulaire-oriental-ancien-c-1920-am03047-32\/","og_site_name":"AMARU","article_modified_time":"2025-06-26T16:00:18+00:00","og_image":[{"width":1600,"height":1600,"url":"https:\/\/amaruantiques.com\/wp-content\/uploads\/2025\/06\/3AM02006N-32-D-1-1.jpg","type":"image\/jpeg"}],"twitter_card":"summary_large_image","twitter_misc":{"Dur\u00e9e de lecture estim\u00e9e":"1 minute"},"schema":{"@context":"https:\/\/schema.org","@graph":[{"@type":"WebPage","@id":"https:\/\/amaruoptim.stg.uzero.cat\/fr\/meubles-anciens\/tabourets-anciens\/tabouret-rectangulaire-oriental-ancien-c-1920-am03047-32\/","url":"https:\/\/amaruoptim.stg.uzero.cat\/fr\/meubles-anciens\/tabourets-anciens\/tabouret-rectangulaire-oriental-ancien-c-1920-am03047-32\/","name":"Tabouret rectangulaire oriental ancien | Tabouret rustique | AMARU","isPartOf":{"@id":"https:\/\/amaruantiques.com\/#website"},"primaryImageOfPage":{"@id":"https:\/\/amaruoptim.stg.uzero.cat\/fr\/meubles-anciens\/tabourets-anciens\/tabouret-rectangulaire-oriental-ancien-c-1920-am03047-32\/#primaryimage"},"image":{"@id":"https:\/\/amaruoptim.stg.uzero.cat\/fr\/meubles-anciens\/tabourets-anciens\/tabouret-rectangulaire-oriental-ancien-c-1920-am03047-32\/#primaryimage"},"thumbnailUrl":"https:\/\/amaruoptim.stg.uzero.cat\/wp-content\/uploads\/2025\/06\/3AM02006N-32-D-1-1.jpg","datePublished":"2025-05-13T09:02:52+00:00","dateModified":"2025-06-26T16:00:18+00:00","description":"Tabouret rectangulaire oriental ancien (c.1920). Notre passion est de rechercher sans rel\u00e2che des tr\u00e9sors cach\u00e9s et de leur donner une nouvelle vie.","breadcrumb":{"@id":"https:\/\/amaruoptim.stg.uzero.cat\/fr\/meubles-anciens\/tabourets-anciens\/tabouret-rectangulaire-oriental-ancien-c-1920-am03047-32\/#breadcrumb"},"inLanguage":"fr-FR","potentialAction":[{"@type":"ReadAction","target":["https:\/\/amaruoptim.stg.uzero.cat\/fr\/meubles-anciens\/tabourets-anciens\/tabouret-rectangulaire-oriental-ancien-c-1920-am03047-32\/"]}]},{"@type":"ImageObject","inLanguage":"fr-FR","@id":"https:\/\/amaruoptim.stg.uzero.cat\/fr\/meubles-anciens\/tabourets-anciens\/tabouret-rectangulaire-oriental-ancien-c-1920-am03047-32\/#primaryimage","url":"https:\/\/amaruoptim.stg.uzero.cat\/wp-content\/uploads\/2025\/06\/3AM02006N-32-D-1-1.jpg","contentUrl":"https:\/\/amaruoptim.stg.uzero.cat\/wp-content\/uploads\/2025\/06\/3AM02006N-32-D-1-1.jpg","width":1600,"height":1600},{"@type":"BreadcrumbList","@id":"https:\/\/amaruoptim.stg.uzero.cat\/fr\/meubles-anciens\/tabourets-anciens\/tabouret-rectangulaire-oriental-ancien-c-1920-am03047-32\/#breadcrumb","itemListElement":[{"@type":"ListItem","position":1,"name":"Accueil","item":"https:\/\/amaruantiques.com\/fr\/"},{"@type":"ListItem","position":2,"name":"Boutique","item":"https:\/\/amaruantiques.com\/fr\/boutique\/"},{"@type":"ListItem","position":3,"name":"Tabouret rectangulaire oriental ancien (c.1920) #32"}]},{"@type":"WebSite","@id":"https:\/\/amaruantiques.com\/#website","url":"https:\/\/amaruantiques.com\/","name":"AMARU - Timeless Antiques","description":"Timeless antiques","publisher":{"@id":"https:\/\/amaruantiques.com\/#organization"},"potentialAction":[{"@type":"SearchAction","target":{"@type":"EntryPoint","urlTemplate":"https:\/\/amaruantiques.com\/?s={search_term_string}"},"query-input":{"@type":"PropertyValueSpecification","valueRequired":true,"valueName":"search_term_string"}}],"inLanguage":"fr-FR"},{"@type":"Organization","@id":"https:\/\/amaruantiques.com\/#organization","name":"AMARU","url":"https:\/\/amaruantiques.com\/","logo":{"@type":"ImageObject","inLanguage":"fr-FR","@id":"https:\/\/amaruantiques.com\/#\/schema\/logo\/image\/","url":"https:\/\/amaruoptim.stg.uzero.cat\/wp-content\/uploads\/2025\/04\/logo-AMARU.svg","contentUrl":"https:\/\/amaruoptim.stg.uzero.cat\/wp-content\/uploads\/2025\/04\/logo-AMARU.svg","caption":"AMARU"},"image":{"@id":"https:\/\/amaruantiques.com\/#\/schema\/logo\/image\/"}}]}},"_links":{"self":[{"href":"https:\/\/amaruoptim.stg.uzero.cat\/fr\/wp-json\/wp\/v2\/product\/213965","targetHints":{"allow":["GET"]}}],"collection":[{"href":"https:\/\/amaruoptim.stg.uzero.cat\/fr\/wp-json\/wp\/v2\/product"}],"about":[{"href":"https:\/\/amaruoptim.stg.uzero.cat\/fr\/wp-json\/wp\/v2\/types\/product"}],"wp:featuredmedia":[{"embeddable":true,"href":"https:\/\/amaruoptim.stg.uzero.cat\/fr\/wp-json\/wp\/v2\/media\/185857"}],"wp:attachment":[{"href":"https:\/\/amaruoptim.stg.uzero.cat\/fr\/wp-json\/wp\/v2\/media?parent=213965"}],"wp:term":[{"taxonomy":"product_brand","embeddable":true,"href":"https:\/\/amaruoptim.stg.uzero.cat\/fr\/wp-json\/wp\/v2\/product_brand?post=213965"},{"taxonomy":"product_cat","embeddable":true,"href":"https:\/\/amaruoptim.stg.uzero.cat\/fr\/wp-json\/wp\/v2\/product_cat?post=213965"},{"taxonomy":"product_tag","embeddable":true,"href":"https:\/\/amaruoptim.stg.uzero.cat\/fr\/wp-json\/wp\/v2\/product_tag?post=213965"}],"curies":[{"name":"wp","href":"https:\/\/api.w.org\/{rel}","templated":true}]}}