{"id":213918,"date":"2025-05-05T13:30:01","date_gmt":"2025-05-05T13:30:02","guid":{"rendered":"https:\/\/amaruantiques.com\/?post_type=product&#038;p=213918"},"modified":"2025-06-26T15:59:49","modified_gmt":"2025-06-26T15:59:49","slug":"radio-a-tube-vintage-c-1960-2-am06092-2","status":"publish","type":"product","link":"https:\/\/amaruoptim.stg.uzero.cat\/fr\/meubles-anciens\/objets-anciens\/radio-a-tube-vintage-c-1960-2-am06092-2\/","title":{"rendered":"Radio \u00e0 tube vintage (c.1960) #2"},"content":{"rendered":"<p><strong>Radio \u00e0 tube vintage<\/strong> (c.1960)<\/p>\n<ul>\n<li><strong>Dimensions : <\/strong>Largeur : 38 cm Profondeur : 18 cm Hauteur : 26 cm<\/li>\n<li><strong>Style :<\/strong> Vintage<\/li>\n<li><strong>Mat\u00e9riaux et techniques :<\/strong> Bois de pin<\/li>\n<li><strong>Lieu d&#8217;origine :<\/strong> Europe centrale<\/li>\n<li><strong>\u00c9poque :<\/strong> milieu du 20e si\u00e8cle<\/li>\n<li><strong>Date de fabrication :<\/strong> Vers 1950<\/li>\n<li><strong>\u00c9tat :<\/strong> Bon \u00e9tat. Usure correspond \u00e0 l&#8217;\u00e2ge et \u00e0 l&#8217;utilisation.<\/li>\n<\/ul>\n<p>Il est en excellent \u00e9tat de conservation, \u00e0 l&#8217;exception des imperfections caract\u00e9ristiques de toute antiquit\u00e9, dues au passage du temps.<\/p>\n<p>Donnez une touche d&#8217;originalit\u00e9 \u00e0 votre int\u00e9rieur avec cette pi\u00e8ce unique, qui se marie avec le style contemporain en apportant de la personnalit\u00e9 \u00e0 votre int\u00e9rieur. Cette radio \u00e0 soupape vintage peut \u00eatre combin\u00e9e avec l&#8217;un de nos <a href=\"https:\/\/amaruantiques.com\/fr\/categoria-producto\/buffets-anciens\/\">buffets<\/a> ou avec nos <a href=\"https:\/\/amaruantiques.com\/fr\/categoria-producto\/tables-a-manger-et-de-cuisine\/\">tables de cuisine anciennes<\/a> disponibles.<\/p>\n<p>UNIQUEMENT D\u00c9CORATIF<\/p>\n<p><em>PI\u00c8CE UNIQUE<\/em><\/p>\n","protected":false},"excerpt":{"rendered":"<p>Radio \u00e0 tube vintage (c.1960) Dimensions : Largeur : 38 cm Profondeur : 18 cm Hauteur : 26 cm Style : Vintage Mat\u00e9riaux et techniques : Bois de pin Lieu d&#8217;origine : Europe centrale \u00c9poque : milieu du 20e si\u00e8cle Date de fabrication : Vers 1950 \u00c9tat : Bon \u00e9tat. Usure correspond \u00e0 l&#8217;\u00e2ge et [&hellip;]<\/p>\n","protected":false},"featured_media":206899,"template":"","meta":[],"product_brand":[],"product_cat":[638,613],"product_tag":[],"class_list":{"0":"post-213918","1":"product","2":"type-product","3":"status-publish","4":"has-post-thumbnail","6":"product_cat-autres-objets-et-artefacts-anciens","7":"product_cat-objets-anciens","8":"product_shipping_class-small-50-fr","9":"pa_estilo-style-vintage","11":"first","12":"instock","13":"sold-individually","14":"taxable","15":"shipping-taxable","16":"purchasable","17":"product-type-simple"},"yoast_head":"<!-- This site is optimized with the Yoast SEO plugin v26.0 - https:\/\/yoast.com\/wordpress\/plugins\/seo\/ -->\n<title>Radio \u00e0 tube vintage | Radio vintage | AMARU ANTIQUES<\/title>\n<meta name=\"description\" content=\"Radio \u00e0 tubes d&#039;\u00e9poque (c.1960). Plongez dans notre plus belle s\u00e9lection de pi\u00e8ces uniques et de tr\u00e9sors venus d&#039;horizons lointains...\" \/>\n<meta name=\"robots\" content=\"index, follow, max-snippet:-1, max-image-preview:large, max-video-preview:-1\" \/>\n<link rel=\"canonical\" href=\"https:\/\/amaruoptim.stg.uzero.cat\/fr\/meubles-anciens\/objets-anciens\/radio-a-tube-vintage-c-1960-2-am06092-2\/\" \/>\n<meta property=\"og:locale\" content=\"fr_FR\" \/>\n<meta property=\"og:type\" content=\"article\" \/>\n<meta property=\"og:title\" content=\"Radio \u00e0 tube vintage | Radio vintage | AMARU ANTIQUES\" \/>\n<meta property=\"og:description\" content=\"Radio \u00e0 tubes d&#039;\u00e9poque (c.1960). Plongez dans notre plus belle s\u00e9lection de pi\u00e8ces uniques et de tr\u00e9sors venus d&#039;horizons lointains...\" \/>\n<meta property=\"og:url\" content=\"https:\/\/amaruoptim.stg.uzero.cat\/fr\/meubles-anciens\/objets-anciens\/radio-a-tube-vintage-c-1960-2-am06092-2\/\" \/>\n<meta property=\"og:site_name\" content=\"AMARU\" \/>\n<meta property=\"article:modified_time\" content=\"2025-06-26T15:59:49+00:00\" \/>\n<meta property=\"og:image\" content=\"https:\/\/amaruantiques.com\/wp-content\/uploads\/2025\/06\/AM06092-2-D-1-1.jpg\" \/>\n\t<meta property=\"og:image:width\" content=\"1600\" \/>\n\t<meta property=\"og:image:height\" content=\"1600\" \/>\n\t<meta property=\"og:image:type\" content=\"image\/jpeg\" \/>\n<meta name=\"twitter:card\" content=\"summary_large_image\" \/>\n<meta name=\"twitter:label1\" content=\"Dur\u00e9e de lecture estim\u00e9e\" \/>\n\t<meta name=\"twitter:data1\" content=\"1 minute\" \/>\n<!-- \/ Yoast SEO plugin. -->","yoast_head_json":{"title":"Radio \u00e0 tube vintage | Radio vintage | AMARU ANTIQUES","description":"Radio \u00e0 tubes d'\u00e9poque (c.1960). Plongez dans notre plus belle s\u00e9lection de pi\u00e8ces uniques et de tr\u00e9sors venus d'horizons lointains...","robots":{"index":"index","follow":"follow","max-snippet":"max-snippet:-1","max-image-preview":"max-image-preview:large","max-video-preview":"max-video-preview:-1"},"canonical":"https:\/\/amaruoptim.stg.uzero.cat\/fr\/meubles-anciens\/objets-anciens\/radio-a-tube-vintage-c-1960-2-am06092-2\/","og_locale":"fr_FR","og_type":"article","og_title":"Radio \u00e0 tube vintage | Radio vintage | AMARU ANTIQUES","og_description":"Radio \u00e0 tubes d'\u00e9poque (c.1960). Plongez dans notre plus belle s\u00e9lection de pi\u00e8ces uniques et de tr\u00e9sors venus d'horizons lointains...","og_url":"https:\/\/amaruoptim.stg.uzero.cat\/fr\/meubles-anciens\/objets-anciens\/radio-a-tube-vintage-c-1960-2-am06092-2\/","og_site_name":"AMARU","article_modified_time":"2025-06-26T15:59:49+00:00","og_image":[{"width":1600,"height":1600,"url":"https:\/\/amaruantiques.com\/wp-content\/uploads\/2025\/06\/AM06092-2-D-1-1.jpg","type":"image\/jpeg"}],"twitter_card":"summary_large_image","twitter_misc":{"Dur\u00e9e de lecture estim\u00e9e":"1 minute"},"schema":{"@context":"https:\/\/schema.org","@graph":[{"@type":"WebPage","@id":"https:\/\/amaruoptim.stg.uzero.cat\/fr\/meubles-anciens\/objets-anciens\/radio-a-tube-vintage-c-1960-2-am06092-2\/","url":"https:\/\/amaruoptim.stg.uzero.cat\/fr\/meubles-anciens\/objets-anciens\/radio-a-tube-vintage-c-1960-2-am06092-2\/","name":"Radio \u00e0 tube vintage | Radio vintage | AMARU ANTIQUES","isPartOf":{"@id":"https:\/\/amaruantiques.com\/#website"},"primaryImageOfPage":{"@id":"https:\/\/amaruoptim.stg.uzero.cat\/fr\/meubles-anciens\/objets-anciens\/radio-a-tube-vintage-c-1960-2-am06092-2\/#primaryimage"},"image":{"@id":"https:\/\/amaruoptim.stg.uzero.cat\/fr\/meubles-anciens\/objets-anciens\/radio-a-tube-vintage-c-1960-2-am06092-2\/#primaryimage"},"thumbnailUrl":"https:\/\/amaruoptim.stg.uzero.cat\/wp-content\/uploads\/2025\/06\/AM06092-2-D-1-1.jpg","datePublished":"2025-05-05T13:30:02+00:00","dateModified":"2025-06-26T15:59:49+00:00","description":"Radio \u00e0 tubes d'\u00e9poque (c.1960). Plongez dans notre plus belle s\u00e9lection de pi\u00e8ces uniques et de tr\u00e9sors venus d'horizons lointains...","breadcrumb":{"@id":"https:\/\/amaruoptim.stg.uzero.cat\/fr\/meubles-anciens\/objets-anciens\/radio-a-tube-vintage-c-1960-2-am06092-2\/#breadcrumb"},"inLanguage":"fr-FR","potentialAction":[{"@type":"ReadAction","target":["https:\/\/amaruoptim.stg.uzero.cat\/fr\/meubles-anciens\/objets-anciens\/radio-a-tube-vintage-c-1960-2-am06092-2\/"]}]},{"@type":"ImageObject","inLanguage":"fr-FR","@id":"https:\/\/amaruoptim.stg.uzero.cat\/fr\/meubles-anciens\/objets-anciens\/radio-a-tube-vintage-c-1960-2-am06092-2\/#primaryimage","url":"https:\/\/amaruoptim.stg.uzero.cat\/wp-content\/uploads\/2025\/06\/AM06092-2-D-1-1.jpg","contentUrl":"https:\/\/amaruoptim.stg.uzero.cat\/wp-content\/uploads\/2025\/06\/AM06092-2-D-1-1.jpg","width":1600,"height":1600},{"@type":"BreadcrumbList","@id":"https:\/\/amaruoptim.stg.uzero.cat\/fr\/meubles-anciens\/objets-anciens\/radio-a-tube-vintage-c-1960-2-am06092-2\/#breadcrumb","itemListElement":[{"@type":"ListItem","position":1,"name":"Accueil","item":"https:\/\/amaruantiques.com\/fr\/"},{"@type":"ListItem","position":2,"name":"Boutique","item":"https:\/\/amaruantiques.com\/fr\/boutique\/"},{"@type":"ListItem","position":3,"name":"Radio \u00e0 tube vintage (c.1960) #2"}]},{"@type":"WebSite","@id":"https:\/\/amaruantiques.com\/#website","url":"https:\/\/amaruantiques.com\/","name":"AMARU - Timeless Antiques","description":"Timeless antiques","publisher":{"@id":"https:\/\/amaruantiques.com\/#organization"},"potentialAction":[{"@type":"SearchAction","target":{"@type":"EntryPoint","urlTemplate":"https:\/\/amaruantiques.com\/?s={search_term_string}"},"query-input":{"@type":"PropertyValueSpecification","valueRequired":true,"valueName":"search_term_string"}}],"inLanguage":"fr-FR"},{"@type":"Organization","@id":"https:\/\/amaruantiques.com\/#organization","name":"AMARU","url":"https:\/\/amaruantiques.com\/","logo":{"@type":"ImageObject","inLanguage":"fr-FR","@id":"https:\/\/amaruantiques.com\/#\/schema\/logo\/image\/","url":"https:\/\/amaruoptim.stg.uzero.cat\/wp-content\/uploads\/2025\/04\/logo-AMARU.svg","contentUrl":"https:\/\/amaruoptim.stg.uzero.cat\/wp-content\/uploads\/2025\/04\/logo-AMARU.svg","caption":"AMARU"},"image":{"@id":"https:\/\/amaruantiques.com\/#\/schema\/logo\/image\/"}}]}},"_links":{"self":[{"href":"https:\/\/amaruoptim.stg.uzero.cat\/fr\/wp-json\/wp\/v2\/product\/213918","targetHints":{"allow":["GET"]}}],"collection":[{"href":"https:\/\/amaruoptim.stg.uzero.cat\/fr\/wp-json\/wp\/v2\/product"}],"about":[{"href":"https:\/\/amaruoptim.stg.uzero.cat\/fr\/wp-json\/wp\/v2\/types\/product"}],"wp:featuredmedia":[{"embeddable":true,"href":"https:\/\/amaruoptim.stg.uzero.cat\/fr\/wp-json\/wp\/v2\/media\/206899"}],"wp:attachment":[{"href":"https:\/\/amaruoptim.stg.uzero.cat\/fr\/wp-json\/wp\/v2\/media?parent=213918"}],"wp:term":[{"taxonomy":"product_brand","embeddable":true,"href":"https:\/\/amaruoptim.stg.uzero.cat\/fr\/wp-json\/wp\/v2\/product_brand?post=213918"},{"taxonomy":"product_cat","embeddable":true,"href":"https:\/\/amaruoptim.stg.uzero.cat\/fr\/wp-json\/wp\/v2\/product_cat?post=213918"},{"taxonomy":"product_tag","embeddable":true,"href":"https:\/\/amaruoptim.stg.uzero.cat\/fr\/wp-json\/wp\/v2\/product_tag?post=213918"}],"curies":[{"name":"wp","href":"https:\/\/api.w.org\/{rel}","templated":true}]}}