{"id":213912,"date":"2025-04-16T14:20:21","date_gmt":"2025-04-16T14:20:21","guid":{"rendered":"https:\/\/amaruantiques.com\/?post_type=product&#038;p=213912"},"modified":"2025-06-26T15:59:47","modified_gmt":"2025-06-26T15:59:47","slug":"anciennes-tables-dappoint-c-1920-set-de-2-pieces-6-am20080-s2-6","status":"publish","type":"product","link":"https:\/\/amaruoptim.stg.uzero.cat\/fr\/meubles-anciens\/tables-de-chevet-anciennes\/anciennes-tables-dappoint-c-1920-set-de-2-pieces-6-am20080-s2-6\/","title":{"rendered":"Anciennes tables d&#8217;appoint (vers 1920). Ensemble 2 pi\u00e8ces #6"},"content":{"rendered":"<p><strong>Anciennes tables d&#8217;appoint<\/strong> (c.1920)<\/p>\n<ul>\n<li><strong>Dimensions :<\/strong>\n<ul>\n<li>Pi\u00e8ce #1 : Largeur : 40 cm Profondeur : 39 cm Hauteur : 50 cm<\/li>\n<li>Pi\u00e8ce #2 : Largeur : 44 cm Profondeur : 43 cm Hauteur : 49 cm<\/li>\n<\/ul>\n<\/li>\n<li><strong>Style :<\/strong> Rustique<\/li>\n<li><strong>Mat\u00e9riaux et techniques :<\/strong> Bois de pin<\/li>\n<li><strong>Lieu d&#8217;origine :<\/strong> France<\/li>\n<li><strong>P\u00e9riode :<\/strong> D\u00e9but du 20e si\u00e8cle<\/li>\n<li><strong>Date de fabrication :<\/strong> Vers 1920<\/li>\n<li><strong>\u00c9tat :<\/strong> Bon \u00e9tat. Usure correspond \u00e0 l&#8217;\u00e2ge et \u00e0 l&#8217;utilisation.<\/li>\n<\/ul>\n<p>Il est en excellent \u00e9tat de conservation, \u00e0 l&#8217;exception des imperfections caract\u00e9ristiques de toute antiquit\u00e9, dues au passage du temps.<\/p>\n<p>Donnez une touche d&#8217;originalit\u00e9 \u00e0 votre int\u00e9rieur avec ces pi\u00e8ces uniques, qui se fondent dans le style contemporain en apportant de la personnalit\u00e9 \u00e0 votre int\u00e9rieur. Cet ensemble de tables d&#8217;appoint anciennes peut \u00eatre combin\u00e9 avec n&#8217;importe lequel de nos <a href=\"https:\/\/amaruantiques.com\/fr\/categoria-producto\/bancs-anciens\/\">bancs<\/a> ou avec nos <a href=\"https:\/\/amaruantiques.com\/fr\/categoria-producto\/tables-a-manger-et-de-cuisine\/\">tables \u00e0 manger anciennes<\/a> disponibles.<\/p>\n<p><em>PI\u00c8CES UNIQUES<\/em><\/p>\n","protected":false},"excerpt":{"rendered":"<p>Anciennes tables d&#8217;appoint (c.1920) Dimensions : Pi\u00e8ce #1 : Largeur : 40 cm Profondeur : 39 cm Hauteur : 50 cm Pi\u00e8ce #2 : Largeur : 44 cm Profondeur : 43 cm Hauteur : 49 cm Style : Rustique Mat\u00e9riaux et techniques : Bois de pin Lieu d&#8217;origine : France P\u00e9riode : D\u00e9but du 20e [&hellip;]<\/p>\n","protected":false},"featured_media":206730,"template":"","meta":[],"product_brand":[],"product_cat":[622,611],"product_tag":[84],"class_list":{"0":"post-213912","1":"product","2":"type-product","3":"status-publish","4":"has-post-thumbnail","6":"product_cat-tables-dappoint-tables-du-salon-et-tables-basses","7":"product_cat-tables-de-chevet-anciennes","8":"product_tag-tables-de-nuit-anciennes","9":"product_shipping_class-large-150-fr","10":"pa_estilo-style-rustique","12":"first","13":"instock","14":"sold-individually","15":"taxable","16":"shipping-taxable","17":"purchasable","18":"product-type-simple"},"yoast_head":"<!-- This site is optimized with the Yoast SEO plugin v26.0 - https:\/\/yoast.com\/wordpress\/plugins\/seo\/ -->\n<title>Ensemble de tables basses | Tables en bois anciennes | AMARU<\/title>\n<meta name=\"description\" content=\"Ensemble de tables basses anciennes (c.1920). Cr\u00e9ez vos nouveaux espaces. Imaginez une nouvelle maison. D\u00e9couvrez notre collection de pi\u00e8ces uniques.\" \/>\n<meta name=\"robots\" content=\"index, follow, max-snippet:-1, max-image-preview:large, max-video-preview:-1\" \/>\n<link rel=\"canonical\" href=\"https:\/\/amaruoptim.stg.uzero.cat\/fr\/meubles-anciens\/tables-de-chevet-anciennes\/anciennes-tables-dappoint-c-1920-set-de-2-pieces-6-am20080-s2-6\/\" \/>\n<meta property=\"og:locale\" content=\"fr_FR\" \/>\n<meta property=\"og:type\" content=\"article\" \/>\n<meta property=\"og:title\" content=\"Ensemble de tables basses | Tables en bois anciennes | AMARU\" \/>\n<meta property=\"og:description\" content=\"Ensemble de tables basses anciennes (c.1920). Cr\u00e9ez vos nouveaux espaces. Imaginez une nouvelle maison. D\u00e9couvrez notre collection de pi\u00e8ces uniques.\" \/>\n<meta property=\"og:url\" content=\"https:\/\/amaruoptim.stg.uzero.cat\/fr\/meubles-anciens\/tables-de-chevet-anciennes\/anciennes-tables-dappoint-c-1920-set-de-2-pieces-6-am20080-s2-6\/\" \/>\n<meta property=\"og:site_name\" content=\"AMARU\" \/>\n<meta property=\"article:modified_time\" content=\"2025-06-26T15:59:47+00:00\" \/>\n<meta property=\"og:image\" content=\"https:\/\/amaruantiques.com\/wp-content\/uploads\/2025\/06\/AM20080-S2-6-D-5-1.jpg\" \/>\n\t<meta property=\"og:image:width\" content=\"1600\" \/>\n\t<meta property=\"og:image:height\" content=\"1600\" \/>\n\t<meta property=\"og:image:type\" content=\"image\/jpeg\" \/>\n<meta name=\"twitter:card\" content=\"summary_large_image\" \/>\n<meta name=\"twitter:label1\" content=\"Dur\u00e9e de lecture estim\u00e9e\" \/>\n\t<meta name=\"twitter:data1\" content=\"2 minutes\" \/>\n<!-- \/ Yoast SEO plugin. -->","yoast_head_json":{"title":"Ensemble de tables basses | Tables en bois anciennes | AMARU","description":"Ensemble de tables basses anciennes (c.1920). Cr\u00e9ez vos nouveaux espaces. Imaginez une nouvelle maison. D\u00e9couvrez notre collection de pi\u00e8ces uniques.","robots":{"index":"index","follow":"follow","max-snippet":"max-snippet:-1","max-image-preview":"max-image-preview:large","max-video-preview":"max-video-preview:-1"},"canonical":"https:\/\/amaruoptim.stg.uzero.cat\/fr\/meubles-anciens\/tables-de-chevet-anciennes\/anciennes-tables-dappoint-c-1920-set-de-2-pieces-6-am20080-s2-6\/","og_locale":"fr_FR","og_type":"article","og_title":"Ensemble de tables basses | Tables en bois anciennes | AMARU","og_description":"Ensemble de tables basses anciennes (c.1920). Cr\u00e9ez vos nouveaux espaces. Imaginez une nouvelle maison. D\u00e9couvrez notre collection de pi\u00e8ces uniques.","og_url":"https:\/\/amaruoptim.stg.uzero.cat\/fr\/meubles-anciens\/tables-de-chevet-anciennes\/anciennes-tables-dappoint-c-1920-set-de-2-pieces-6-am20080-s2-6\/","og_site_name":"AMARU","article_modified_time":"2025-06-26T15:59:47+00:00","og_image":[{"width":1600,"height":1600,"url":"https:\/\/amaruantiques.com\/wp-content\/uploads\/2025\/06\/AM20080-S2-6-D-5-1.jpg","type":"image\/jpeg"}],"twitter_card":"summary_large_image","twitter_misc":{"Dur\u00e9e de lecture estim\u00e9e":"2 minutes"},"schema":{"@context":"https:\/\/schema.org","@graph":[{"@type":"WebPage","@id":"https:\/\/amaruoptim.stg.uzero.cat\/fr\/meubles-anciens\/tables-de-chevet-anciennes\/anciennes-tables-dappoint-c-1920-set-de-2-pieces-6-am20080-s2-6\/","url":"https:\/\/amaruoptim.stg.uzero.cat\/fr\/meubles-anciens\/tables-de-chevet-anciennes\/anciennes-tables-dappoint-c-1920-set-de-2-pieces-6-am20080-s2-6\/","name":"Ensemble de tables basses | Tables en bois anciennes | AMARU","isPartOf":{"@id":"https:\/\/amaruantiques.com\/#website"},"primaryImageOfPage":{"@id":"https:\/\/amaruoptim.stg.uzero.cat\/fr\/meubles-anciens\/tables-de-chevet-anciennes\/anciennes-tables-dappoint-c-1920-set-de-2-pieces-6-am20080-s2-6\/#primaryimage"},"image":{"@id":"https:\/\/amaruoptim.stg.uzero.cat\/fr\/meubles-anciens\/tables-de-chevet-anciennes\/anciennes-tables-dappoint-c-1920-set-de-2-pieces-6-am20080-s2-6\/#primaryimage"},"thumbnailUrl":"https:\/\/amaruoptim.stg.uzero.cat\/wp-content\/uploads\/2025\/06\/AM20080-S2-6-D-5-1.jpg","datePublished":"2025-04-16T14:20:21+00:00","dateModified":"2025-06-26T15:59:47+00:00","description":"Ensemble de tables basses anciennes (c.1920). Cr\u00e9ez vos nouveaux espaces. Imaginez une nouvelle maison. D\u00e9couvrez notre collection de pi\u00e8ces uniques.","breadcrumb":{"@id":"https:\/\/amaruoptim.stg.uzero.cat\/fr\/meubles-anciens\/tables-de-chevet-anciennes\/anciennes-tables-dappoint-c-1920-set-de-2-pieces-6-am20080-s2-6\/#breadcrumb"},"inLanguage":"fr-FR","potentialAction":[{"@type":"ReadAction","target":["https:\/\/amaruoptim.stg.uzero.cat\/fr\/meubles-anciens\/tables-de-chevet-anciennes\/anciennes-tables-dappoint-c-1920-set-de-2-pieces-6-am20080-s2-6\/"]}]},{"@type":"ImageObject","inLanguage":"fr-FR","@id":"https:\/\/amaruoptim.stg.uzero.cat\/fr\/meubles-anciens\/tables-de-chevet-anciennes\/anciennes-tables-dappoint-c-1920-set-de-2-pieces-6-am20080-s2-6\/#primaryimage","url":"https:\/\/amaruoptim.stg.uzero.cat\/wp-content\/uploads\/2025\/06\/AM20080-S2-6-D-5-1.jpg","contentUrl":"https:\/\/amaruoptim.stg.uzero.cat\/wp-content\/uploads\/2025\/06\/AM20080-S2-6-D-5-1.jpg","width":1600,"height":1600},{"@type":"BreadcrumbList","@id":"https:\/\/amaruoptim.stg.uzero.cat\/fr\/meubles-anciens\/tables-de-chevet-anciennes\/anciennes-tables-dappoint-c-1920-set-de-2-pieces-6-am20080-s2-6\/#breadcrumb","itemListElement":[{"@type":"ListItem","position":1,"name":"Accueil","item":"https:\/\/amaruantiques.com\/fr\/"},{"@type":"ListItem","position":2,"name":"Boutique","item":"https:\/\/amaruantiques.com\/fr\/boutique\/"},{"@type":"ListItem","position":3,"name":"Anciennes tables d&#8217;appoint (vers 1920). Ensemble 2 pi\u00e8ces #6"}]},{"@type":"WebSite","@id":"https:\/\/amaruantiques.com\/#website","url":"https:\/\/amaruantiques.com\/","name":"AMARU - Timeless Antiques","description":"Timeless antiques","publisher":{"@id":"https:\/\/amaruantiques.com\/#organization"},"potentialAction":[{"@type":"SearchAction","target":{"@type":"EntryPoint","urlTemplate":"https:\/\/amaruantiques.com\/?s={search_term_string}"},"query-input":{"@type":"PropertyValueSpecification","valueRequired":true,"valueName":"search_term_string"}}],"inLanguage":"fr-FR"},{"@type":"Organization","@id":"https:\/\/amaruantiques.com\/#organization","name":"AMARU","url":"https:\/\/amaruantiques.com\/","logo":{"@type":"ImageObject","inLanguage":"fr-FR","@id":"https:\/\/amaruantiques.com\/#\/schema\/logo\/image\/","url":"https:\/\/amaruoptim.stg.uzero.cat\/wp-content\/uploads\/2025\/04\/logo-AMARU.svg","contentUrl":"https:\/\/amaruoptim.stg.uzero.cat\/wp-content\/uploads\/2025\/04\/logo-AMARU.svg","caption":"AMARU"},"image":{"@id":"https:\/\/amaruantiques.com\/#\/schema\/logo\/image\/"}}]}},"_links":{"self":[{"href":"https:\/\/amaruoptim.stg.uzero.cat\/fr\/wp-json\/wp\/v2\/product\/213912","targetHints":{"allow":["GET"]}}],"collection":[{"href":"https:\/\/amaruoptim.stg.uzero.cat\/fr\/wp-json\/wp\/v2\/product"}],"about":[{"href":"https:\/\/amaruoptim.stg.uzero.cat\/fr\/wp-json\/wp\/v2\/types\/product"}],"wp:featuredmedia":[{"embeddable":true,"href":"https:\/\/amaruoptim.stg.uzero.cat\/fr\/wp-json\/wp\/v2\/media\/206730"}],"wp:attachment":[{"href":"https:\/\/amaruoptim.stg.uzero.cat\/fr\/wp-json\/wp\/v2\/media?parent=213912"}],"wp:term":[{"taxonomy":"product_brand","embeddable":true,"href":"https:\/\/amaruoptim.stg.uzero.cat\/fr\/wp-json\/wp\/v2\/product_brand?post=213912"},{"taxonomy":"product_cat","embeddable":true,"href":"https:\/\/amaruoptim.stg.uzero.cat\/fr\/wp-json\/wp\/v2\/product_cat?post=213912"},{"taxonomy":"product_tag","embeddable":true,"href":"https:\/\/amaruoptim.stg.uzero.cat\/fr\/wp-json\/wp\/v2\/product_tag?post=213912"}],"curies":[{"name":"wp","href":"https:\/\/api.w.org\/{rel}","templated":true}]}}