{"id":213900,"date":"2025-04-14T12:50:42","date_gmt":"2025-04-14T12:50:43","guid":{"rendered":"https:\/\/amaruantiques.com\/?post_type=product&#038;p=213900"},"modified":"2025-06-26T15:59:38","modified_gmt":"2025-06-26T15:59:38","slug":"ancien-long-plateau-a-fromage-c-1920-am20087-7","status":"publish","type":"product","link":"https:\/\/amaruoptim.stg.uzero.cat\/fr\/meubles-anciens\/planches-a-decouper-anciennes\/ancien-long-plateau-a-fromage-c-1920-am20087-7\/","title":{"rendered":"Ancien long plateau \u00e0 fromage (c.1920) #7"},"content":{"rendered":"<p><b>Long plateau \u00e0 fromage de style primitif <\/b>(vers 1920)<\/p>\n<ul>\n<li><strong>Dimensions : <\/strong>Largeur : 100 cm Profondeur : 37 cm Hauteur : 10 cm<\/li>\n<li><strong>Style :<\/strong> Rustique<\/li>\n<li><strong>Mat\u00e9riaux et techniques :<\/strong> Bois de pin<\/li>\n<li><strong>Lieu d&#8217;origine :<\/strong> Europe centrale<\/li>\n<li><strong>P\u00e9riode :<\/strong> d\u00e9but du 20e si\u00e8cle<\/li>\n<li><strong>Date de fabrication :<\/strong> Vers 1900<\/li>\n<li><strong>\u00c9tat :<\/strong> Bon \u00e9tat. Usure correspond \u00e0 l&#8217;\u00e2ge et \u00e0 l&#8217;utilisation.<\/li>\n<\/ul>\n<p>Il est en excellent \u00e9tat de conservation, \u00e0 l&#8217;exception des imperfections caract\u00e9ristiques de toute antiquit\u00e9, dues au passage du temps.<\/p>\n<p>Donnez \u00e0 votre int\u00e9rieur une touche d&#8217;originalit\u00e9 avec une pi\u00e8ce unique qui s&#8217;int\u00e8gre dans le style contemporain et apporte de la personnalit\u00e9 \u00e0 votre int\u00e9rieur. Ce long plateau \u00e0 fromage ancien peut \u00eatre combin\u00e9 avec l&#8217;un de nos <a href=\"https:\/\/amaruantiques.com\/fr\/categoria-producto\/buffets-anciens\/\">buffets<\/a> ou avec nos <a href=\"https:\/\/amaruantiques.com\/fr\/categoria-producto\/damme-jeannes-anciennes\/\">demijohns anciens<\/a> disponibles.<\/p>\n<p><em>PI\u00c8CE UNIQUE<\/em><\/p>\n","protected":false},"excerpt":{"rendered":"<p>Long plateau \u00e0 fromage de style primitif (vers 1920) Dimensions : Largeur : 100 cm Profondeur : 37 cm Hauteur : 10 cm Style : Rustique Mat\u00e9riaux et techniques : Bois de pin Lieu d&#8217;origine : Europe centrale P\u00e9riode : d\u00e9but du 20e si\u00e8cle Date de fabrication : Vers 1900 \u00c9tat : Bon \u00e9tat. Usure [&hellip;]<\/p>\n","protected":false},"featured_media":206303,"template":"","meta":[],"product_brand":[],"product_cat":[632],"product_tag":[],"class_list":{"0":"post-213900","1":"product","2":"type-product","3":"status-publish","4":"has-post-thumbnail","6":"product_cat-planches-a-decouper-anciennes","7":"product_shipping_class-medium-100-fr","8":"pa_estilo-style-rustique","10":"first","11":"instock","12":"taxable","13":"shipping-taxable","14":"purchasable","15":"product-type-simple"},"yoast_head":"<!-- This site is optimized with the Yoast SEO plugin v26.0 - https:\/\/yoast.com\/wordpress\/plugins\/seo\/ -->\n<title>Plateau \u00e0 fromage long | Table basse primitive | AMARU<\/title>\n<meta name=\"description\" content=\"Long plateau \u00e0 fromage de style primitif (vers 1920). Nous sommes passionn\u00e9s par la restauration de la beaut\u00e9 des pi\u00e8ces anciennes uniques, en sauvant leur essence intemporelle.\" \/>\n<meta name=\"robots\" content=\"index, follow, max-snippet:-1, max-image-preview:large, max-video-preview:-1\" \/>\n<link rel=\"canonical\" href=\"https:\/\/amaruoptim.stg.uzero.cat\/fr\/meubles-anciens\/planches-a-decouper-anciennes\/ancien-long-plateau-a-fromage-c-1920-am20087-7\/\" \/>\n<meta property=\"og:locale\" content=\"fr_FR\" \/>\n<meta property=\"og:type\" content=\"article\" \/>\n<meta property=\"og:title\" content=\"Plateau \u00e0 fromage long | Table basse primitive | AMARU\" \/>\n<meta property=\"og:description\" content=\"Long plateau \u00e0 fromage de style primitif (vers 1920). Nous sommes passionn\u00e9s par la restauration de la beaut\u00e9 des pi\u00e8ces anciennes uniques, en sauvant leur essence intemporelle.\" \/>\n<meta property=\"og:url\" content=\"https:\/\/amaruoptim.stg.uzero.cat\/fr\/meubles-anciens\/planches-a-decouper-anciennes\/ancien-long-plateau-a-fromage-c-1920-am20087-7\/\" \/>\n<meta property=\"og:site_name\" content=\"AMARU\" \/>\n<meta property=\"article:modified_time\" content=\"2025-06-26T15:59:38+00:00\" \/>\n<meta property=\"og:image\" content=\"https:\/\/amaruantiques.com\/wp-content\/uploads\/2025\/06\/AM20087-7-D-1-1-1.jpg\" \/>\n\t<meta property=\"og:image:width\" content=\"1600\" \/>\n\t<meta property=\"og:image:height\" content=\"1600\" \/>\n\t<meta property=\"og:image:type\" content=\"image\/jpeg\" \/>\n<meta name=\"twitter:card\" content=\"summary_large_image\" \/>\n<meta name=\"twitter:label1\" content=\"Dur\u00e9e de lecture estim\u00e9e\" \/>\n\t<meta name=\"twitter:data1\" content=\"2 minutes\" \/>\n<!-- \/ Yoast SEO plugin. -->","yoast_head_json":{"title":"Plateau \u00e0 fromage long | Table basse primitive | AMARU","description":"Long plateau \u00e0 fromage de style primitif (vers 1920). Nous sommes passionn\u00e9s par la restauration de la beaut\u00e9 des pi\u00e8ces anciennes uniques, en sauvant leur essence intemporelle.","robots":{"index":"index","follow":"follow","max-snippet":"max-snippet:-1","max-image-preview":"max-image-preview:large","max-video-preview":"max-video-preview:-1"},"canonical":"https:\/\/amaruoptim.stg.uzero.cat\/fr\/meubles-anciens\/planches-a-decouper-anciennes\/ancien-long-plateau-a-fromage-c-1920-am20087-7\/","og_locale":"fr_FR","og_type":"article","og_title":"Plateau \u00e0 fromage long | Table basse primitive | AMARU","og_description":"Long plateau \u00e0 fromage de style primitif (vers 1920). Nous sommes passionn\u00e9s par la restauration de la beaut\u00e9 des pi\u00e8ces anciennes uniques, en sauvant leur essence intemporelle.","og_url":"https:\/\/amaruoptim.stg.uzero.cat\/fr\/meubles-anciens\/planches-a-decouper-anciennes\/ancien-long-plateau-a-fromage-c-1920-am20087-7\/","og_site_name":"AMARU","article_modified_time":"2025-06-26T15:59:38+00:00","og_image":[{"width":1600,"height":1600,"url":"https:\/\/amaruantiques.com\/wp-content\/uploads\/2025\/06\/AM20087-7-D-1-1-1.jpg","type":"image\/jpeg"}],"twitter_card":"summary_large_image","twitter_misc":{"Dur\u00e9e de lecture estim\u00e9e":"2 minutes"},"schema":{"@context":"https:\/\/schema.org","@graph":[{"@type":"WebPage","@id":"https:\/\/amaruoptim.stg.uzero.cat\/fr\/meubles-anciens\/planches-a-decouper-anciennes\/ancien-long-plateau-a-fromage-c-1920-am20087-7\/","url":"https:\/\/amaruoptim.stg.uzero.cat\/fr\/meubles-anciens\/planches-a-decouper-anciennes\/ancien-long-plateau-a-fromage-c-1920-am20087-7\/","name":"Plateau \u00e0 fromage long | Table basse primitive | AMARU","isPartOf":{"@id":"https:\/\/amaruantiques.com\/#website"},"primaryImageOfPage":{"@id":"https:\/\/amaruoptim.stg.uzero.cat\/fr\/meubles-anciens\/planches-a-decouper-anciennes\/ancien-long-plateau-a-fromage-c-1920-am20087-7\/#primaryimage"},"image":{"@id":"https:\/\/amaruoptim.stg.uzero.cat\/fr\/meubles-anciens\/planches-a-decouper-anciennes\/ancien-long-plateau-a-fromage-c-1920-am20087-7\/#primaryimage"},"thumbnailUrl":"https:\/\/amaruoptim.stg.uzero.cat\/wp-content\/uploads\/2025\/06\/AM20087-7-D-1-1-1.jpg","datePublished":"2025-04-14T12:50:43+00:00","dateModified":"2025-06-26T15:59:38+00:00","description":"Long plateau \u00e0 fromage de style primitif (vers 1920). Nous sommes passionn\u00e9s par la restauration de la beaut\u00e9 des pi\u00e8ces anciennes uniques, en sauvant leur essence intemporelle.","breadcrumb":{"@id":"https:\/\/amaruoptim.stg.uzero.cat\/fr\/meubles-anciens\/planches-a-decouper-anciennes\/ancien-long-plateau-a-fromage-c-1920-am20087-7\/#breadcrumb"},"inLanguage":"fr-FR","potentialAction":[{"@type":"ReadAction","target":["https:\/\/amaruoptim.stg.uzero.cat\/fr\/meubles-anciens\/planches-a-decouper-anciennes\/ancien-long-plateau-a-fromage-c-1920-am20087-7\/"]}]},{"@type":"ImageObject","inLanguage":"fr-FR","@id":"https:\/\/amaruoptim.stg.uzero.cat\/fr\/meubles-anciens\/planches-a-decouper-anciennes\/ancien-long-plateau-a-fromage-c-1920-am20087-7\/#primaryimage","url":"https:\/\/amaruoptim.stg.uzero.cat\/wp-content\/uploads\/2025\/06\/AM20087-7-D-1-1-1.jpg","contentUrl":"https:\/\/amaruoptim.stg.uzero.cat\/wp-content\/uploads\/2025\/06\/AM20087-7-D-1-1-1.jpg","width":1600,"height":1600},{"@type":"BreadcrumbList","@id":"https:\/\/amaruoptim.stg.uzero.cat\/fr\/meubles-anciens\/planches-a-decouper-anciennes\/ancien-long-plateau-a-fromage-c-1920-am20087-7\/#breadcrumb","itemListElement":[{"@type":"ListItem","position":1,"name":"Accueil","item":"https:\/\/amaruantiques.com\/fr\/"},{"@type":"ListItem","position":2,"name":"Boutique","item":"https:\/\/amaruantiques.com\/fr\/boutique\/"},{"@type":"ListItem","position":3,"name":"Ancien long plateau \u00e0 fromage (c.1920) #7"}]},{"@type":"WebSite","@id":"https:\/\/amaruantiques.com\/#website","url":"https:\/\/amaruantiques.com\/","name":"AMARU - Timeless Antiques","description":"Timeless antiques","publisher":{"@id":"https:\/\/amaruantiques.com\/#organization"},"potentialAction":[{"@type":"SearchAction","target":{"@type":"EntryPoint","urlTemplate":"https:\/\/amaruantiques.com\/?s={search_term_string}"},"query-input":{"@type":"PropertyValueSpecification","valueRequired":true,"valueName":"search_term_string"}}],"inLanguage":"fr-FR"},{"@type":"Organization","@id":"https:\/\/amaruantiques.com\/#organization","name":"AMARU","url":"https:\/\/amaruantiques.com\/","logo":{"@type":"ImageObject","inLanguage":"fr-FR","@id":"https:\/\/amaruantiques.com\/#\/schema\/logo\/image\/","url":"https:\/\/amaruoptim.stg.uzero.cat\/wp-content\/uploads\/2025\/04\/logo-AMARU.svg","contentUrl":"https:\/\/amaruoptim.stg.uzero.cat\/wp-content\/uploads\/2025\/04\/logo-AMARU.svg","caption":"AMARU"},"image":{"@id":"https:\/\/amaruantiques.com\/#\/schema\/logo\/image\/"}}]}},"_links":{"self":[{"href":"https:\/\/amaruoptim.stg.uzero.cat\/fr\/wp-json\/wp\/v2\/product\/213900","targetHints":{"allow":["GET"]}}],"collection":[{"href":"https:\/\/amaruoptim.stg.uzero.cat\/fr\/wp-json\/wp\/v2\/product"}],"about":[{"href":"https:\/\/amaruoptim.stg.uzero.cat\/fr\/wp-json\/wp\/v2\/types\/product"}],"wp:featuredmedia":[{"embeddable":true,"href":"https:\/\/amaruoptim.stg.uzero.cat\/fr\/wp-json\/wp\/v2\/media\/206303"}],"wp:attachment":[{"href":"https:\/\/amaruoptim.stg.uzero.cat\/fr\/wp-json\/wp\/v2\/media?parent=213900"}],"wp:term":[{"taxonomy":"product_brand","embeddable":true,"href":"https:\/\/amaruoptim.stg.uzero.cat\/fr\/wp-json\/wp\/v2\/product_brand?post=213900"},{"taxonomy":"product_cat","embeddable":true,"href":"https:\/\/amaruoptim.stg.uzero.cat\/fr\/wp-json\/wp\/v2\/product_cat?post=213900"},{"taxonomy":"product_tag","embeddable":true,"href":"https:\/\/amaruoptim.stg.uzero.cat\/fr\/wp-json\/wp\/v2\/product_tag?post=213900"}],"curies":[{"name":"wp","href":"https:\/\/api.w.org\/{rel}","templated":true}]}}