{"id":213853,"date":"2025-04-09T13:23:51","date_gmt":"2025-04-09T13:23:52","guid":{"rendered":"https:\/\/amaruantiques.com\/?post_type=product&#038;p=213853"},"modified":"2025-06-26T15:59:12","modified_gmt":"2025-06-26T15:59:12","slug":"chaises-de-bureau-vintage-c-1950-conjunto-de-6-piezas-am20005-s6","status":"publish","type":"product","link":"https:\/\/amaruoptim.stg.uzero.cat\/fr\/meubles-anciens\/chaises-anciennes\/chaises-vintage-chaises-retro\/chaises-de-bureau-vintage-c-1950-conjunto-de-6-piezas-am20005-s6\/","title":{"rendered":"Chaises de bureau vintage (c.1950). Ensemble de 6 pi\u00e8ces"},"content":{"rendered":"<p><strong>Chaises de bureau vintage<\/strong> (c.1950)<\/p>\n<ul>\n<li><strong>Dimensions : <\/strong>Largeur : 41 cm Profondeur : 45 cm Hauteur : 89 cm Assise : 47 cm<\/li>\n<li><strong>Style :<\/strong> Industriel<\/li>\n<li><strong>Mat\u00e9riaux et techniques :<\/strong> m\u00e9tal, bois<\/li>\n<li><strong>Lieu d&#8217;origine :<\/strong> Europe centrale<\/li>\n<li><strong>\u00c9poque :<\/strong> fin du 20e si\u00e8cle<\/li>\n<li><strong>Date de fabrication :<\/strong> Vers 1950<\/li>\n<li><strong>\u00c9tat :<\/strong> Bon \u00e9tat. Usure correspond \u00e0 l&#8217;\u00e2ge et \u00e0 l&#8217;utilisation.<\/li>\n<\/ul>\n<p>Il est en excellent \u00e9tat de conservation, \u00e0 l&#8217;exception des imperfections caract\u00e9ristiques de toute antiquit\u00e9, dues au passage du temps.<\/p>\n<p>Ajoutez une touche d&#8217;originalit\u00e9 \u00e0 votre int\u00e9rieur avec ces pi\u00e8ces uniques, qui se marient avec le style contemporain et apportent de la personnalit\u00e9 \u00e0 votre int\u00e9rieur. Ces chaises de bureau vintage peuvent \u00eatre combin\u00e9es avec n&#8217;importe laquelle de nos <a href=\"https:\/\/amaruantiques.com\/fr\/categoria-producto\/consoles-anciennes\/\">tables consoles<\/a>\u00a0ou avec nos <a href=\"https:\/\/amaruantiques.com\/fr\/categoria-producto\/meubles-tv-anciens\/\">anciens meubles TV<\/a> disponible.<\/p>\n<p><em>PI\u00c8CES UNIQUES<\/em><\/p>\n","protected":false},"excerpt":{"rendered":"<p>Chaises de bureau vintage (c.1950) Dimensions : Largeur : 41 cm Profondeur : 45 cm Hauteur : 89 cm Assise : 47 cm Style : Industriel Mat\u00e9riaux et techniques : m\u00e9tal, bois Lieu d&#8217;origine : Europe centrale \u00c9poque : fin du 20e si\u00e8cle Date de fabrication : Vers 1950 \u00c9tat : Bon \u00e9tat. Usure correspond [&hellip;]<\/p>\n","protected":false},"featured_media":204693,"template":"","meta":[],"product_brand":[],"product_cat":[641],"product_tag":[],"class_list":{"0":"post-213853","1":"product","2":"type-product","3":"status-publish","4":"has-post-thumbnail","6":"product_cat-chaises-vintage-chaises-retro","7":"product_shipping_class-gran-cargo-750-fr","8":"pa_estilo-style-industriel","10":"first","11":"instock","12":"taxable","13":"shipping-taxable","14":"purchasable","15":"product-type-simple"},"yoast_head":"<!-- This site is optimized with the Yoast SEO plugin v26.0 - https:\/\/yoast.com\/wordpress\/plugins\/seo\/ -->\n<title>Chaises de bureau vintage | Chaises industrielles | AMARU<\/title>\n<meta name=\"description\" content=\"Chaises de bureau vintage (vers 1950). Des pi\u00e8ces inimitables qui nous relient \u00e0 des \u00e9poques lointaines. Venez d\u00e9couvrir notre belle s\u00e9lection de tr\u00e9sors du monde.\" \/>\n<meta name=\"robots\" content=\"index, follow, max-snippet:-1, max-image-preview:large, max-video-preview:-1\" \/>\n<link rel=\"canonical\" href=\"https:\/\/amaruoptim.stg.uzero.cat\/fr\/meubles-anciens\/chaises-anciennes\/chaises-vintage-chaises-retro\/chaises-de-bureau-vintage-c-1950-conjunto-de-6-piezas-am20005-s6\/\" \/>\n<meta property=\"og:locale\" content=\"fr_FR\" \/>\n<meta property=\"og:type\" content=\"article\" \/>\n<meta property=\"og:title\" content=\"Chaises de bureau vintage | Chaises industrielles | AMARU\" \/>\n<meta property=\"og:description\" content=\"Chaises de bureau vintage (vers 1950). Des pi\u00e8ces inimitables qui nous relient \u00e0 des \u00e9poques lointaines. Venez d\u00e9couvrir notre belle s\u00e9lection de tr\u00e9sors du monde.\" \/>\n<meta property=\"og:url\" content=\"https:\/\/amaruoptim.stg.uzero.cat\/fr\/meubles-anciens\/chaises-anciennes\/chaises-vintage-chaises-retro\/chaises-de-bureau-vintage-c-1950-conjunto-de-6-piezas-am20005-s6\/\" \/>\n<meta property=\"og:site_name\" content=\"AMARU\" \/>\n<meta property=\"article:modified_time\" content=\"2025-06-26T15:59:12+00:00\" \/>\n<meta property=\"og:image\" content=\"https:\/\/amaruantiques.com\/wp-content\/uploads\/2025\/06\/AM20005-D-1-1.jpg\" \/>\n\t<meta property=\"og:image:width\" content=\"1600\" \/>\n\t<meta property=\"og:image:height\" content=\"1600\" \/>\n\t<meta property=\"og:image:type\" content=\"image\/jpeg\" \/>\n<meta name=\"twitter:card\" content=\"summary_large_image\" \/>\n<meta name=\"twitter:label1\" content=\"Dur\u00e9e de lecture estim\u00e9e\" \/>\n\t<meta name=\"twitter:data1\" content=\"1 minute\" \/>\n<!-- \/ Yoast SEO plugin. -->","yoast_head_json":{"title":"Chaises de bureau vintage | Chaises industrielles | AMARU","description":"Chaises de bureau vintage (vers 1950). Des pi\u00e8ces inimitables qui nous relient \u00e0 des \u00e9poques lointaines. Venez d\u00e9couvrir notre belle s\u00e9lection de tr\u00e9sors du monde.","robots":{"index":"index","follow":"follow","max-snippet":"max-snippet:-1","max-image-preview":"max-image-preview:large","max-video-preview":"max-video-preview:-1"},"canonical":"https:\/\/amaruoptim.stg.uzero.cat\/fr\/meubles-anciens\/chaises-anciennes\/chaises-vintage-chaises-retro\/chaises-de-bureau-vintage-c-1950-conjunto-de-6-piezas-am20005-s6\/","og_locale":"fr_FR","og_type":"article","og_title":"Chaises de bureau vintage | Chaises industrielles | AMARU","og_description":"Chaises de bureau vintage (vers 1950). Des pi\u00e8ces inimitables qui nous relient \u00e0 des \u00e9poques lointaines. Venez d\u00e9couvrir notre belle s\u00e9lection de tr\u00e9sors du monde.","og_url":"https:\/\/amaruoptim.stg.uzero.cat\/fr\/meubles-anciens\/chaises-anciennes\/chaises-vintage-chaises-retro\/chaises-de-bureau-vintage-c-1950-conjunto-de-6-piezas-am20005-s6\/","og_site_name":"AMARU","article_modified_time":"2025-06-26T15:59:12+00:00","og_image":[{"width":1600,"height":1600,"url":"https:\/\/amaruantiques.com\/wp-content\/uploads\/2025\/06\/AM20005-D-1-1.jpg","type":"image\/jpeg"}],"twitter_card":"summary_large_image","twitter_misc":{"Dur\u00e9e de lecture estim\u00e9e":"1 minute"},"schema":{"@context":"https:\/\/schema.org","@graph":[{"@type":"WebPage","@id":"https:\/\/amaruoptim.stg.uzero.cat\/fr\/meubles-anciens\/chaises-anciennes\/chaises-vintage-chaises-retro\/chaises-de-bureau-vintage-c-1950-conjunto-de-6-piezas-am20005-s6\/","url":"https:\/\/amaruoptim.stg.uzero.cat\/fr\/meubles-anciens\/chaises-anciennes\/chaises-vintage-chaises-retro\/chaises-de-bureau-vintage-c-1950-conjunto-de-6-piezas-am20005-s6\/","name":"Chaises de bureau vintage | Chaises industrielles | AMARU","isPartOf":{"@id":"https:\/\/amaruantiques.com\/#website"},"primaryImageOfPage":{"@id":"https:\/\/amaruoptim.stg.uzero.cat\/fr\/meubles-anciens\/chaises-anciennes\/chaises-vintage-chaises-retro\/chaises-de-bureau-vintage-c-1950-conjunto-de-6-piezas-am20005-s6\/#primaryimage"},"image":{"@id":"https:\/\/amaruoptim.stg.uzero.cat\/fr\/meubles-anciens\/chaises-anciennes\/chaises-vintage-chaises-retro\/chaises-de-bureau-vintage-c-1950-conjunto-de-6-piezas-am20005-s6\/#primaryimage"},"thumbnailUrl":"https:\/\/amaruoptim.stg.uzero.cat\/wp-content\/uploads\/2025\/06\/AM20005-D-1-1.jpg","datePublished":"2025-04-09T13:23:52+00:00","dateModified":"2025-06-26T15:59:12+00:00","description":"Chaises de bureau vintage (vers 1950). Des pi\u00e8ces inimitables qui nous relient \u00e0 des \u00e9poques lointaines. Venez d\u00e9couvrir notre belle s\u00e9lection de tr\u00e9sors du monde.","breadcrumb":{"@id":"https:\/\/amaruoptim.stg.uzero.cat\/fr\/meubles-anciens\/chaises-anciennes\/chaises-vintage-chaises-retro\/chaises-de-bureau-vintage-c-1950-conjunto-de-6-piezas-am20005-s6\/#breadcrumb"},"inLanguage":"fr-FR","potentialAction":[{"@type":"ReadAction","target":["https:\/\/amaruoptim.stg.uzero.cat\/fr\/meubles-anciens\/chaises-anciennes\/chaises-vintage-chaises-retro\/chaises-de-bureau-vintage-c-1950-conjunto-de-6-piezas-am20005-s6\/"]}]},{"@type":"ImageObject","inLanguage":"fr-FR","@id":"https:\/\/amaruoptim.stg.uzero.cat\/fr\/meubles-anciens\/chaises-anciennes\/chaises-vintage-chaises-retro\/chaises-de-bureau-vintage-c-1950-conjunto-de-6-piezas-am20005-s6\/#primaryimage","url":"https:\/\/amaruoptim.stg.uzero.cat\/wp-content\/uploads\/2025\/06\/AM20005-D-1-1.jpg","contentUrl":"https:\/\/amaruoptim.stg.uzero.cat\/wp-content\/uploads\/2025\/06\/AM20005-D-1-1.jpg","width":1600,"height":1600},{"@type":"BreadcrumbList","@id":"https:\/\/amaruoptim.stg.uzero.cat\/fr\/meubles-anciens\/chaises-anciennes\/chaises-vintage-chaises-retro\/chaises-de-bureau-vintage-c-1950-conjunto-de-6-piezas-am20005-s6\/#breadcrumb","itemListElement":[{"@type":"ListItem","position":1,"name":"Accueil","item":"https:\/\/amaruantiques.com\/fr\/"},{"@type":"ListItem","position":2,"name":"Boutique","item":"https:\/\/amaruantiques.com\/fr\/boutique\/"},{"@type":"ListItem","position":3,"name":"Chaises de bureau vintage (c.1950). Ensemble de 6 pi\u00e8ces"}]},{"@type":"WebSite","@id":"https:\/\/amaruantiques.com\/#website","url":"https:\/\/amaruantiques.com\/","name":"AMARU - Timeless Antiques","description":"Timeless antiques","publisher":{"@id":"https:\/\/amaruantiques.com\/#organization"},"potentialAction":[{"@type":"SearchAction","target":{"@type":"EntryPoint","urlTemplate":"https:\/\/amaruantiques.com\/?s={search_term_string}"},"query-input":{"@type":"PropertyValueSpecification","valueRequired":true,"valueName":"search_term_string"}}],"inLanguage":"fr-FR"},{"@type":"Organization","@id":"https:\/\/amaruantiques.com\/#organization","name":"AMARU","url":"https:\/\/amaruantiques.com\/","logo":{"@type":"ImageObject","inLanguage":"fr-FR","@id":"https:\/\/amaruantiques.com\/#\/schema\/logo\/image\/","url":"https:\/\/amaruoptim.stg.uzero.cat\/wp-content\/uploads\/2025\/04\/logo-AMARU.svg","contentUrl":"https:\/\/amaruoptim.stg.uzero.cat\/wp-content\/uploads\/2025\/04\/logo-AMARU.svg","caption":"AMARU"},"image":{"@id":"https:\/\/amaruantiques.com\/#\/schema\/logo\/image\/"}}]}},"_links":{"self":[{"href":"https:\/\/amaruoptim.stg.uzero.cat\/fr\/wp-json\/wp\/v2\/product\/213853","targetHints":{"allow":["GET"]}}],"collection":[{"href":"https:\/\/amaruoptim.stg.uzero.cat\/fr\/wp-json\/wp\/v2\/product"}],"about":[{"href":"https:\/\/amaruoptim.stg.uzero.cat\/fr\/wp-json\/wp\/v2\/types\/product"}],"wp:featuredmedia":[{"embeddable":true,"href":"https:\/\/amaruoptim.stg.uzero.cat\/fr\/wp-json\/wp\/v2\/media\/204693"}],"wp:attachment":[{"href":"https:\/\/amaruoptim.stg.uzero.cat\/fr\/wp-json\/wp\/v2\/media?parent=213853"}],"wp:term":[{"taxonomy":"product_brand","embeddable":true,"href":"https:\/\/amaruoptim.stg.uzero.cat\/fr\/wp-json\/wp\/v2\/product_brand?post=213853"},{"taxonomy":"product_cat","embeddable":true,"href":"https:\/\/amaruoptim.stg.uzero.cat\/fr\/wp-json\/wp\/v2\/product_cat?post=213853"},{"taxonomy":"product_tag","embeddable":true,"href":"https:\/\/amaruoptim.stg.uzero.cat\/fr\/wp-json\/wp\/v2\/product_tag?post=213853"}],"curies":[{"name":"wp","href":"https:\/\/api.w.org\/{rel}","templated":true}]}}