{"id":213850,"date":"2025-04-09T12:32:58","date_gmt":"2025-04-09T12:32:59","guid":{"rendered":"https:\/\/amaruantiques.com\/?post_type=product&#038;p=213850"},"modified":"2025-06-26T15:59:08","modified_gmt":"2025-06-26T15:59:08","slug":"ensemble-de-tables-et-de-bancs-anciens-c-1920-conjunto-de-3-piezas-am22006-s3","status":"publish","type":"product","link":"https:\/\/amaruoptim.stg.uzero.cat\/fr\/meubles-anciens\/ensembles-de-jardin-et-terrasse\/ensemble-de-tables-et-de-bancs-anciens-c-1920-conjunto-de-3-piezas-am22006-s3\/","title":{"rendered":"Ensemble de tables et de bancs anciens (c.1920). Ensemble de 3 pi\u00e8ces"},"content":{"rendered":"<p><strong>Ancien ensemble table et banc<\/strong> (c.1920)<\/p>\n<ul>\n<li><strong>Dimensions :<\/strong>\n<ul>\n<li>Pi\u00e8ce n\u00b0 1 : Largeur : 248 cm Profondeur : 62 cm Hauteur : 77 cm<\/li>\n<li>Pi\u00e8ce n\u00b02 : Largeur : 350 cm Profondeur : 30 cm Hauteur : 43 cm<\/li>\n<li>Pi\u00e8ce n\u00b0 3 : Largeur : 295 cm Profondeur : 28 cm Hauteur : 46 cm<\/li>\n<\/ul>\n<\/li>\n<li><strong>Style :<\/strong> Rustique<\/li>\n<li><strong>Mat\u00e9riaux et techniques :<\/strong> Bois de pin<\/li>\n<li><strong>Lieu d&#8217;origine :<\/strong> Europe centrale<\/li>\n<li><strong>P\u00e9riode :<\/strong> D\u00e9but du 20e si\u00e8cle<\/li>\n<li><strong>Date de fabrication :<\/strong> Vers 1920<\/li>\n<li><strong>\u00c9tat :<\/strong> Bon \u00e9tat. Usure correspond \u00e0 l&#8217;\u00e2ge et \u00e0 l&#8217;utilisation.<\/li>\n<\/ul>\n<p>Il est en excellent \u00e9tat de conservation, \u00e0 l&#8217;exception des imperfections caract\u00e9ristiques de toute antiquit\u00e9, dues au passage du temps.<\/p>\n<p>Ajoutez une touche d&#8217;originalit\u00e9 \u00e0 votre int\u00e9rieur avec cette pi\u00e8ce unique, qui se fond dans le style contemporain et donne de la personnalit\u00e9 \u00e0 votre int\u00e9rieur. Cet ensemble table et bancs anciens peut \u00eatre combin\u00e9 avec l&#8217;un de nos<a href=\"https:\/\/amaruantiques.com\/fr\/categoria-producto\/anciens-vases\/\"> vases<\/a> ou avec nos <a href=\"https:\/\/amaruantiques.com\/fr\/categoria-producto\/coussins-en-lin\/\">coussins en lin anciens<\/a> disponibles.<\/p>\n<p><em>PI\u00c8CE UNIQUE<\/em><\/p>\n","protected":false},"excerpt":{"rendered":"<p>Ancien ensemble table et banc (c.1920) Dimensions : Pi\u00e8ce n\u00b0 1 : Largeur : 248 cm Profondeur : 62 cm Hauteur : 77 cm Pi\u00e8ce n\u00b02 : Largeur : 350 cm Profondeur : 30 cm Hauteur : 43 cm Pi\u00e8ce n\u00b0 3 : Largeur : 295 cm Profondeur : 28 cm Hauteur : 46 cm [&hellip;]<\/p>\n","protected":false},"featured_media":204622,"template":"","meta":[],"product_brand":[],"product_cat":[627],"product_tag":[],"class_list":{"0":"post-213850","1":"product","2":"type-product","3":"status-publish","4":"has-post-thumbnail","6":"product_cat-ensembles-de-jardin-et-terrasse","7":"product_shipping_class-gran-cargo-1200-fr","8":"pa_estilo-style-rustique","10":"first","11":"instock","12":"taxable","13":"shipping-taxable","14":"purchasable","15":"product-type-simple"},"yoast_head":"<!-- This site is optimized with the Yoast SEO plugin v26.0 - https:\/\/yoast.com\/wordpress\/plugins\/seo\/ -->\n<title>Ensemble table et bancs anciens | Table \u00e0 manger | AMARU<\/title>\n<meta name=\"description\" content=\"Ensemble de tables et de bancs anciens (c.1920). D\u00e9couvrez notre plus belle collection de tr\u00e9sors uniques, rassembl\u00e9s pour embellir chaque espace....\" \/>\n<meta name=\"robots\" content=\"index, follow, max-snippet:-1, max-image-preview:large, max-video-preview:-1\" \/>\n<link rel=\"canonical\" href=\"https:\/\/amaruoptim.stg.uzero.cat\/fr\/meubles-anciens\/ensembles-de-jardin-et-terrasse\/ensemble-de-tables-et-de-bancs-anciens-c-1920-conjunto-de-3-piezas-am22006-s3\/\" \/>\n<meta property=\"og:locale\" content=\"fr_FR\" \/>\n<meta property=\"og:type\" content=\"article\" \/>\n<meta property=\"og:title\" content=\"Ensemble table et bancs anciens | Table \u00e0 manger | AMARU\" \/>\n<meta property=\"og:description\" content=\"Ensemble de tables et de bancs anciens (c.1920). D\u00e9couvrez notre plus belle collection de tr\u00e9sors uniques, rassembl\u00e9s pour embellir chaque espace....\" \/>\n<meta property=\"og:url\" content=\"https:\/\/amaruoptim.stg.uzero.cat\/fr\/meubles-anciens\/ensembles-de-jardin-et-terrasse\/ensemble-de-tables-et-de-bancs-anciens-c-1920-conjunto-de-3-piezas-am22006-s3\/\" \/>\n<meta property=\"og:site_name\" content=\"AMARU\" \/>\n<meta property=\"article:modified_time\" content=\"2025-06-26T15:59:08+00:00\" \/>\n<meta property=\"og:image\" content=\"https:\/\/amaruantiques.com\/wp-content\/uploads\/2025\/06\/AM22006-S3-D-1-1.jpg\" \/>\n\t<meta property=\"og:image:width\" content=\"1600\" \/>\n\t<meta property=\"og:image:height\" content=\"1200\" \/>\n\t<meta property=\"og:image:type\" content=\"image\/jpeg\" \/>\n<meta name=\"twitter:card\" content=\"summary_large_image\" \/>\n<meta name=\"twitter:label1\" content=\"Dur\u00e9e de lecture estim\u00e9e\" \/>\n\t<meta name=\"twitter:data1\" content=\"1 minute\" \/>\n<!-- \/ Yoast SEO plugin. -->","yoast_head_json":{"title":"Ensemble table et bancs anciens | Table \u00e0 manger | AMARU","description":"Ensemble de tables et de bancs anciens (c.1920). D\u00e9couvrez notre plus belle collection de tr\u00e9sors uniques, rassembl\u00e9s pour embellir chaque espace....","robots":{"index":"index","follow":"follow","max-snippet":"max-snippet:-1","max-image-preview":"max-image-preview:large","max-video-preview":"max-video-preview:-1"},"canonical":"https:\/\/amaruoptim.stg.uzero.cat\/fr\/meubles-anciens\/ensembles-de-jardin-et-terrasse\/ensemble-de-tables-et-de-bancs-anciens-c-1920-conjunto-de-3-piezas-am22006-s3\/","og_locale":"fr_FR","og_type":"article","og_title":"Ensemble table et bancs anciens | Table \u00e0 manger | AMARU","og_description":"Ensemble de tables et de bancs anciens (c.1920). D\u00e9couvrez notre plus belle collection de tr\u00e9sors uniques, rassembl\u00e9s pour embellir chaque espace....","og_url":"https:\/\/amaruoptim.stg.uzero.cat\/fr\/meubles-anciens\/ensembles-de-jardin-et-terrasse\/ensemble-de-tables-et-de-bancs-anciens-c-1920-conjunto-de-3-piezas-am22006-s3\/","og_site_name":"AMARU","article_modified_time":"2025-06-26T15:59:08+00:00","og_image":[{"width":1600,"height":1200,"url":"https:\/\/amaruantiques.com\/wp-content\/uploads\/2025\/06\/AM22006-S3-D-1-1.jpg","type":"image\/jpeg"}],"twitter_card":"summary_large_image","twitter_misc":{"Dur\u00e9e de lecture estim\u00e9e":"1 minute"},"schema":{"@context":"https:\/\/schema.org","@graph":[{"@type":"WebPage","@id":"https:\/\/amaruoptim.stg.uzero.cat\/fr\/meubles-anciens\/ensembles-de-jardin-et-terrasse\/ensemble-de-tables-et-de-bancs-anciens-c-1920-conjunto-de-3-piezas-am22006-s3\/","url":"https:\/\/amaruoptim.stg.uzero.cat\/fr\/meubles-anciens\/ensembles-de-jardin-et-terrasse\/ensemble-de-tables-et-de-bancs-anciens-c-1920-conjunto-de-3-piezas-am22006-s3\/","name":"Ensemble table et bancs anciens | Table \u00e0 manger | AMARU","isPartOf":{"@id":"https:\/\/amaruantiques.com\/#website"},"primaryImageOfPage":{"@id":"https:\/\/amaruoptim.stg.uzero.cat\/fr\/meubles-anciens\/ensembles-de-jardin-et-terrasse\/ensemble-de-tables-et-de-bancs-anciens-c-1920-conjunto-de-3-piezas-am22006-s3\/#primaryimage"},"image":{"@id":"https:\/\/amaruoptim.stg.uzero.cat\/fr\/meubles-anciens\/ensembles-de-jardin-et-terrasse\/ensemble-de-tables-et-de-bancs-anciens-c-1920-conjunto-de-3-piezas-am22006-s3\/#primaryimage"},"thumbnailUrl":"https:\/\/amaruoptim.stg.uzero.cat\/wp-content\/uploads\/2025\/06\/AM22006-S3-D-1-1.jpg","datePublished":"2025-04-09T12:32:59+00:00","dateModified":"2025-06-26T15:59:08+00:00","description":"Ensemble de tables et de bancs anciens (c.1920). D\u00e9couvrez notre plus belle collection de tr\u00e9sors uniques, rassembl\u00e9s pour embellir chaque espace....","breadcrumb":{"@id":"https:\/\/amaruoptim.stg.uzero.cat\/fr\/meubles-anciens\/ensembles-de-jardin-et-terrasse\/ensemble-de-tables-et-de-bancs-anciens-c-1920-conjunto-de-3-piezas-am22006-s3\/#breadcrumb"},"inLanguage":"fr-FR","potentialAction":[{"@type":"ReadAction","target":["https:\/\/amaruoptim.stg.uzero.cat\/fr\/meubles-anciens\/ensembles-de-jardin-et-terrasse\/ensemble-de-tables-et-de-bancs-anciens-c-1920-conjunto-de-3-piezas-am22006-s3\/"]}]},{"@type":"ImageObject","inLanguage":"fr-FR","@id":"https:\/\/amaruoptim.stg.uzero.cat\/fr\/meubles-anciens\/ensembles-de-jardin-et-terrasse\/ensemble-de-tables-et-de-bancs-anciens-c-1920-conjunto-de-3-piezas-am22006-s3\/#primaryimage","url":"https:\/\/amaruoptim.stg.uzero.cat\/wp-content\/uploads\/2025\/06\/AM22006-S3-D-1-1.jpg","contentUrl":"https:\/\/amaruoptim.stg.uzero.cat\/wp-content\/uploads\/2025\/06\/AM22006-S3-D-1-1.jpg","width":1600,"height":1200},{"@type":"BreadcrumbList","@id":"https:\/\/amaruoptim.stg.uzero.cat\/fr\/meubles-anciens\/ensembles-de-jardin-et-terrasse\/ensemble-de-tables-et-de-bancs-anciens-c-1920-conjunto-de-3-piezas-am22006-s3\/#breadcrumb","itemListElement":[{"@type":"ListItem","position":1,"name":"Accueil","item":"https:\/\/amaruantiques.com\/fr\/"},{"@type":"ListItem","position":2,"name":"Boutique","item":"https:\/\/amaruantiques.com\/fr\/boutique\/"},{"@type":"ListItem","position":3,"name":"Ensemble de tables et de bancs anciens (c.1920). Ensemble de 3 pi\u00e8ces"}]},{"@type":"WebSite","@id":"https:\/\/amaruantiques.com\/#website","url":"https:\/\/amaruantiques.com\/","name":"AMARU - Timeless Antiques","description":"Timeless antiques","publisher":{"@id":"https:\/\/amaruantiques.com\/#organization"},"potentialAction":[{"@type":"SearchAction","target":{"@type":"EntryPoint","urlTemplate":"https:\/\/amaruantiques.com\/?s={search_term_string}"},"query-input":{"@type":"PropertyValueSpecification","valueRequired":true,"valueName":"search_term_string"}}],"inLanguage":"fr-FR"},{"@type":"Organization","@id":"https:\/\/amaruantiques.com\/#organization","name":"AMARU","url":"https:\/\/amaruantiques.com\/","logo":{"@type":"ImageObject","inLanguage":"fr-FR","@id":"https:\/\/amaruantiques.com\/#\/schema\/logo\/image\/","url":"https:\/\/amaruoptim.stg.uzero.cat\/wp-content\/uploads\/2025\/04\/logo-AMARU.svg","contentUrl":"https:\/\/amaruoptim.stg.uzero.cat\/wp-content\/uploads\/2025\/04\/logo-AMARU.svg","caption":"AMARU"},"image":{"@id":"https:\/\/amaruantiques.com\/#\/schema\/logo\/image\/"}}]}},"_links":{"self":[{"href":"https:\/\/amaruoptim.stg.uzero.cat\/fr\/wp-json\/wp\/v2\/product\/213850","targetHints":{"allow":["GET"]}}],"collection":[{"href":"https:\/\/amaruoptim.stg.uzero.cat\/fr\/wp-json\/wp\/v2\/product"}],"about":[{"href":"https:\/\/amaruoptim.stg.uzero.cat\/fr\/wp-json\/wp\/v2\/types\/product"}],"wp:featuredmedia":[{"embeddable":true,"href":"https:\/\/amaruoptim.stg.uzero.cat\/fr\/wp-json\/wp\/v2\/media\/204622"}],"wp:attachment":[{"href":"https:\/\/amaruoptim.stg.uzero.cat\/fr\/wp-json\/wp\/v2\/media?parent=213850"}],"wp:term":[{"taxonomy":"product_brand","embeddable":true,"href":"https:\/\/amaruoptim.stg.uzero.cat\/fr\/wp-json\/wp\/v2\/product_brand?post=213850"},{"taxonomy":"product_cat","embeddable":true,"href":"https:\/\/amaruoptim.stg.uzero.cat\/fr\/wp-json\/wp\/v2\/product_cat?post=213850"},{"taxonomy":"product_tag","embeddable":true,"href":"https:\/\/amaruoptim.stg.uzero.cat\/fr\/wp-json\/wp\/v2\/product_tag?post=213850"}],"curies":[{"name":"wp","href":"https:\/\/api.w.org\/{rel}","templated":true}]}}