{"id":213844,"date":"2025-04-02T15:03:06","date_gmt":"2025-04-02T15:03:08","guid":{"rendered":"https:\/\/amaruantiques.com\/?post_type=product&#038;p=213844"},"modified":"2025-06-26T15:59:06","modified_gmt":"2025-06-26T15:59:06","slug":"coffre-ancien-a-patine-grise-c-1920-72-am20072","status":"publish","type":"product","link":"https:\/\/amaruoptim.stg.uzero.cat\/fr\/meubles-anciens\/malles-anciennes\/coffre-ancien-a-patine-grise-c-1920-72-am20072\/","title":{"rendered":"Coffre ancien \u00e0 patine grise (c.1920) #72"},"content":{"rendered":"<p><strong>Ancien coffre en bois massif gris<\/strong> (vers 1920)<\/p>\n<ul>\n<li><strong>Dimensions : <\/strong>Largeur : 56 cm Profondeur : 29 cm Hauteur : 24 cm<\/li>\n<li><strong>Style :<\/strong> Rustique<\/li>\n<li><strong>Mat\u00e9riaux et techniques :<\/strong> Bois de pin<\/li>\n<li><strong>Lieu d&#8217;origine :<\/strong> Europe centrale<\/li>\n<li><strong>P\u00e9riode :<\/strong> D\u00e9but du 20e si\u00e8cle<\/li>\n<li><strong>Date de fabrication :<\/strong> Vers 1900<\/li>\n<li><strong>\u00c9tat :<\/strong> Bon \u00e9tat. Usure correspond \u00e0 l&#8217;\u00e2ge et \u00e0 l&#8217;utilisation.<\/li>\n<\/ul>\n<p>Il est en excellent \u00e9tat de conservation, \u00e0 l&#8217;exception des imperfections caract\u00e9ristiques de toute antiquit\u00e9, dues au passage du temps.<\/p>\n<p>Donnez une touche d&#8217;originalit\u00e9 \u00e0 votre int\u00e9rieur avec cette pi\u00e8ce unique, qui se marie avec le style contemporain en apportant de la personnalit\u00e9 \u00e0 votre int\u00e9rieur. Ce coffre gris ancien peut \u00eatre associ\u00e9 \u00e0 l&#8217;un de nos <a href=\"https:\/\/amaruantiques.com\/fr\/categoria-producto\/coussins-en-lin\/\">coussins en lin ancien<\/a> ou \u00e0 nos <a href=\"https:\/\/amaruantiques.com\/fr\/categoria-producto\/tabourets-anciens\/\">tabourets<\/a> disponibles.<\/p>\n<p><em>PI\u00c8CE UNIQUE<\/em><\/p>\n","protected":false},"excerpt":{"rendered":"<p>Ancien coffre en bois massif gris (vers 1920) Dimensions : Largeur : 56 cm Profondeur : 29 cm Hauteur : 24 cm Style : Rustique Mat\u00e9riaux et techniques : Bois de pin Lieu d&#8217;origine : Europe centrale P\u00e9riode : D\u00e9but du 20e si\u00e8cle Date de fabrication : Vers 1900 \u00c9tat : Bon \u00e9tat. Usure correspond [&hellip;]<\/p>\n","protected":false},"featured_media":204424,"template":"","meta":[],"product_brand":[],"product_cat":[608],"product_tag":[],"class_list":{"0":"post-213844","1":"product","2":"type-product","3":"status-publish","4":"has-post-thumbnail","6":"product_cat-malles-anciennes","7":"product_shipping_class-medium-100-fr","8":"pa_estilo-style-rustique","10":"first","11":"instock","12":"sold-individually","13":"taxable","14":"shipping-taxable","15":"purchasable","16":"product-type-simple"},"yoast_head":"<!-- This site is optimized with the Yoast SEO plugin v26.0 - https:\/\/yoast.com\/wordpress\/plugins\/seo\/ -->\n<title>Coffre gris ancien | Coffre en bois | AMARU ANTIQUES<\/title>\n<meta name=\"description\" content=\"Ancienne commode en bois massif gris (vers 1920). Une pi\u00e8ce unique pour des espaces uniques. Venez d\u00e9couvrir ici notre concept de meubles anciens et vintage.\" \/>\n<meta name=\"robots\" content=\"index, follow, max-snippet:-1, max-image-preview:large, max-video-preview:-1\" \/>\n<link rel=\"canonical\" href=\"https:\/\/amaruoptim.stg.uzero.cat\/fr\/meubles-anciens\/malles-anciennes\/coffre-ancien-a-patine-grise-c-1920-72-am20072\/\" \/>\n<meta property=\"og:locale\" content=\"fr_FR\" \/>\n<meta property=\"og:type\" content=\"article\" \/>\n<meta property=\"og:title\" content=\"Coffre gris ancien | Coffre en bois | AMARU ANTIQUES\" \/>\n<meta property=\"og:description\" content=\"Ancienne commode en bois massif gris (vers 1920). Une pi\u00e8ce unique pour des espaces uniques. Venez d\u00e9couvrir ici notre concept de meubles anciens et vintage.\" \/>\n<meta property=\"og:url\" content=\"https:\/\/amaruoptim.stg.uzero.cat\/fr\/meubles-anciens\/malles-anciennes\/coffre-ancien-a-patine-grise-c-1920-72-am20072\/\" \/>\n<meta property=\"og:site_name\" content=\"AMARU\" \/>\n<meta property=\"article:modified_time\" content=\"2025-06-26T15:59:06+00:00\" \/>\n<meta property=\"og:image\" content=\"https:\/\/amaruantiques.com\/wp-content\/uploads\/2025\/06\/AM20072-D-1-1.jpg\" \/>\n\t<meta property=\"og:image:width\" content=\"1600\" \/>\n\t<meta property=\"og:image:height\" content=\"1600\" \/>\n\t<meta property=\"og:image:type\" content=\"image\/jpeg\" \/>\n<meta name=\"twitter:card\" content=\"summary_large_image\" \/>\n<meta name=\"twitter:label1\" content=\"Dur\u00e9e de lecture estim\u00e9e\" \/>\n\t<meta name=\"twitter:data1\" content=\"1 minute\" \/>\n<!-- \/ Yoast SEO plugin. -->","yoast_head_json":{"title":"Coffre gris ancien | Coffre en bois | AMARU ANTIQUES","description":"Ancienne commode en bois massif gris (vers 1920). Une pi\u00e8ce unique pour des espaces uniques. Venez d\u00e9couvrir ici notre concept de meubles anciens et vintage.","robots":{"index":"index","follow":"follow","max-snippet":"max-snippet:-1","max-image-preview":"max-image-preview:large","max-video-preview":"max-video-preview:-1"},"canonical":"https:\/\/amaruoptim.stg.uzero.cat\/fr\/meubles-anciens\/malles-anciennes\/coffre-ancien-a-patine-grise-c-1920-72-am20072\/","og_locale":"fr_FR","og_type":"article","og_title":"Coffre gris ancien | Coffre en bois | AMARU ANTIQUES","og_description":"Ancienne commode en bois massif gris (vers 1920). Une pi\u00e8ce unique pour des espaces uniques. Venez d\u00e9couvrir ici notre concept de meubles anciens et vintage.","og_url":"https:\/\/amaruoptim.stg.uzero.cat\/fr\/meubles-anciens\/malles-anciennes\/coffre-ancien-a-patine-grise-c-1920-72-am20072\/","og_site_name":"AMARU","article_modified_time":"2025-06-26T15:59:06+00:00","og_image":[{"width":1600,"height":1600,"url":"https:\/\/amaruantiques.com\/wp-content\/uploads\/2025\/06\/AM20072-D-1-1.jpg","type":"image\/jpeg"}],"twitter_card":"summary_large_image","twitter_misc":{"Dur\u00e9e de lecture estim\u00e9e":"1 minute"},"schema":{"@context":"https:\/\/schema.org","@graph":[{"@type":"WebPage","@id":"https:\/\/amaruoptim.stg.uzero.cat\/fr\/meubles-anciens\/malles-anciennes\/coffre-ancien-a-patine-grise-c-1920-72-am20072\/","url":"https:\/\/amaruoptim.stg.uzero.cat\/fr\/meubles-anciens\/malles-anciennes\/coffre-ancien-a-patine-grise-c-1920-72-am20072\/","name":"Coffre gris ancien | Coffre en bois | AMARU ANTIQUES","isPartOf":{"@id":"https:\/\/amaruantiques.com\/#website"},"primaryImageOfPage":{"@id":"https:\/\/amaruoptim.stg.uzero.cat\/fr\/meubles-anciens\/malles-anciennes\/coffre-ancien-a-patine-grise-c-1920-72-am20072\/#primaryimage"},"image":{"@id":"https:\/\/amaruoptim.stg.uzero.cat\/fr\/meubles-anciens\/malles-anciennes\/coffre-ancien-a-patine-grise-c-1920-72-am20072\/#primaryimage"},"thumbnailUrl":"https:\/\/amaruoptim.stg.uzero.cat\/wp-content\/uploads\/2025\/06\/AM20072-D-1-1.jpg","datePublished":"2025-04-02T15:03:08+00:00","dateModified":"2025-06-26T15:59:06+00:00","description":"Ancienne commode en bois massif gris (vers 1920). Une pi\u00e8ce unique pour des espaces uniques. Venez d\u00e9couvrir ici notre concept de meubles anciens et vintage.","breadcrumb":{"@id":"https:\/\/amaruoptim.stg.uzero.cat\/fr\/meubles-anciens\/malles-anciennes\/coffre-ancien-a-patine-grise-c-1920-72-am20072\/#breadcrumb"},"inLanguage":"fr-FR","potentialAction":[{"@type":"ReadAction","target":["https:\/\/amaruoptim.stg.uzero.cat\/fr\/meubles-anciens\/malles-anciennes\/coffre-ancien-a-patine-grise-c-1920-72-am20072\/"]}]},{"@type":"ImageObject","inLanguage":"fr-FR","@id":"https:\/\/amaruoptim.stg.uzero.cat\/fr\/meubles-anciens\/malles-anciennes\/coffre-ancien-a-patine-grise-c-1920-72-am20072\/#primaryimage","url":"https:\/\/amaruoptim.stg.uzero.cat\/wp-content\/uploads\/2025\/06\/AM20072-D-1-1.jpg","contentUrl":"https:\/\/amaruoptim.stg.uzero.cat\/wp-content\/uploads\/2025\/06\/AM20072-D-1-1.jpg","width":1600,"height":1600},{"@type":"BreadcrumbList","@id":"https:\/\/amaruoptim.stg.uzero.cat\/fr\/meubles-anciens\/malles-anciennes\/coffre-ancien-a-patine-grise-c-1920-72-am20072\/#breadcrumb","itemListElement":[{"@type":"ListItem","position":1,"name":"Accueil","item":"https:\/\/amaruantiques.com\/fr\/"},{"@type":"ListItem","position":2,"name":"Boutique","item":"https:\/\/amaruantiques.com\/fr\/boutique\/"},{"@type":"ListItem","position":3,"name":"Coffre ancien \u00e0 patine grise (c.1920) #72"}]},{"@type":"WebSite","@id":"https:\/\/amaruantiques.com\/#website","url":"https:\/\/amaruantiques.com\/","name":"AMARU - Timeless Antiques","description":"Timeless antiques","publisher":{"@id":"https:\/\/amaruantiques.com\/#organization"},"potentialAction":[{"@type":"SearchAction","target":{"@type":"EntryPoint","urlTemplate":"https:\/\/amaruantiques.com\/?s={search_term_string}"},"query-input":{"@type":"PropertyValueSpecification","valueRequired":true,"valueName":"search_term_string"}}],"inLanguage":"fr-FR"},{"@type":"Organization","@id":"https:\/\/amaruantiques.com\/#organization","name":"AMARU","url":"https:\/\/amaruantiques.com\/","logo":{"@type":"ImageObject","inLanguage":"fr-FR","@id":"https:\/\/amaruantiques.com\/#\/schema\/logo\/image\/","url":"https:\/\/amaruoptim.stg.uzero.cat\/wp-content\/uploads\/2025\/04\/logo-AMARU.svg","contentUrl":"https:\/\/amaruoptim.stg.uzero.cat\/wp-content\/uploads\/2025\/04\/logo-AMARU.svg","caption":"AMARU"},"image":{"@id":"https:\/\/amaruantiques.com\/#\/schema\/logo\/image\/"}}]}},"_links":{"self":[{"href":"https:\/\/amaruoptim.stg.uzero.cat\/fr\/wp-json\/wp\/v2\/product\/213844","targetHints":{"allow":["GET"]}}],"collection":[{"href":"https:\/\/amaruoptim.stg.uzero.cat\/fr\/wp-json\/wp\/v2\/product"}],"about":[{"href":"https:\/\/amaruoptim.stg.uzero.cat\/fr\/wp-json\/wp\/v2\/types\/product"}],"wp:featuredmedia":[{"embeddable":true,"href":"https:\/\/amaruoptim.stg.uzero.cat\/fr\/wp-json\/wp\/v2\/media\/204424"}],"wp:attachment":[{"href":"https:\/\/amaruoptim.stg.uzero.cat\/fr\/wp-json\/wp\/v2\/media?parent=213844"}],"wp:term":[{"taxonomy":"product_brand","embeddable":true,"href":"https:\/\/amaruoptim.stg.uzero.cat\/fr\/wp-json\/wp\/v2\/product_brand?post=213844"},{"taxonomy":"product_cat","embeddable":true,"href":"https:\/\/amaruoptim.stg.uzero.cat\/fr\/wp-json\/wp\/v2\/product_cat?post=213844"},{"taxonomy":"product_tag","embeddable":true,"href":"https:\/\/amaruoptim.stg.uzero.cat\/fr\/wp-json\/wp\/v2\/product_tag?post=213844"}],"curies":[{"name":"wp","href":"https:\/\/api.w.org\/{rel}","templated":true}]}}