{"id":213806,"date":"2025-03-26T11:22:58","date_gmt":"2025-03-26T11:22:59","guid":{"rendered":"https:\/\/amaruantiques.com\/?post_type=product&#038;p=213806"},"modified":"2025-06-26T15:58:43","modified_gmt":"2025-06-26T15:58:43","slug":"malle-ethnique-ancienne-peinte-a-la-main-c-1890-30-am20030","status":"publish","type":"product","link":"https:\/\/amaruoptim.stg.uzero.cat\/fr\/meubles-anciens\/malles-anciennes\/malle-ethnique-ancienne-peinte-a-la-main-c-1890-30-am20030\/","title":{"rendered":"Malle ethnique ancienne peinte \u00e0 la main (vers 1890) #30"},"content":{"rendered":"<p><strong>Malle ethnique ancienne peinte \u00e0 la main<\/strong> (vers 1890)<\/p>\n<ul>\n<li><strong>Dimensions : <\/strong>Largeur : 100 cm Profondeur : 49 cm Hauteur : 49 cm<\/li>\n<li><strong>Style :<\/strong> Art populaire<\/li>\n<li><strong>Mat\u00e9riaux et techniques :<\/strong> Bois de pin, structure m\u00e9tallique.<\/li>\n<li><strong>Lieu d&#8217;origine :<\/strong> Europe de l&#8217;Est<\/li>\n<li><strong>P\u00e9riode :<\/strong> fin du 19e si\u00e8cle<\/li>\n<li><strong>Date de fabrication :<\/strong> Vers 1890<\/li>\n<li><strong>\u00c9tat :<\/strong> Bon \u00e9tat. Usure correspond \u00e0 l&#8217;\u00e2ge et \u00e0 l&#8217;utilisation.<\/li>\n<\/ul>\n<p>Il est en excellent \u00e9tat de conservation, \u00e0 l&#8217;exception des imperfections caract\u00e9ristiques de toute antiquit\u00e9, dues au passage du temps.<\/p>\n<p>Ajoutez une touche d&#8217;originalit\u00e9 \u00e0 votre int\u00e9rieur avec cette pi\u00e8ce unique, qui se fond dans le style contemporain et donne de la personnalit\u00e9 \u00e0 votre int\u00e9rieur. Cette botte ethnique ancienne peut \u00eatre associ\u00e9e \u00e0 l&#8217;un de nos <a href=\"https:\/\/amaruantiques.com\/fr\/categoria-producto\/bols-en-bois-anciens\/\">bols en bois <\/a>ou \u00e0 nos <a href=\"https:\/\/amaruantiques.com\/fr\/categoria-producto\/consoles-anciennes\/\">tables consoles anciennes<\/a> disponibles.<\/p>\n<p><em>PI\u00c8CE UNIQUE<\/em><\/p>\n","protected":false},"excerpt":{"rendered":"<p>Malle ethnique ancienne peinte \u00e0 la main (vers 1890) Dimensions : Largeur : 100 cm Profondeur : 49 cm Hauteur : 49 cm Style : Art populaire Mat\u00e9riaux et techniques : Bois de pin, structure m\u00e9tallique. Lieu d&#8217;origine : Europe de l&#8217;Est P\u00e9riode : fin du 19e si\u00e8cle Date de fabrication : Vers 1890 \u00c9tat [&hellip;]<\/p>\n","protected":false},"featured_media":202540,"template":"","meta":[],"product_brand":[],"product_cat":[608],"product_tag":[],"class_list":{"0":"post-213806","1":"product","2":"type-product","3":"status-publish","4":"has-post-thumbnail","6":"product_cat-malles-anciennes","7":"product_shipping_class-gran-cargo-400-fr","8":"pa_estilo-art-populaire","10":"first","11":"instock","12":"sold-individually","13":"taxable","14":"shipping-taxable","15":"purchasable","16":"product-type-simple"},"yoast_head":"<!-- This site is optimized with the Yoast SEO plugin v26.0 - https:\/\/yoast.com\/wordpress\/plugins\/seo\/ -->\n<title>Malle ethnique ancienne | Malle en bois massif | AMARU ANTIQUES<\/title>\n<meta name=\"description\" content=\"Ancienne malle ethnique peinte \u00e0 la main (vers 1890). D\u00e9couvrez notre collection, o\u00f9 chaque pi\u00e8ce refl\u00e8te son propre charme et ajoute une touche sp\u00e9ciale \u00e0 chaque espace.\" \/>\n<meta name=\"robots\" content=\"index, follow, max-snippet:-1, max-image-preview:large, max-video-preview:-1\" \/>\n<link rel=\"canonical\" href=\"https:\/\/amaruoptim.stg.uzero.cat\/fr\/meubles-anciens\/malles-anciennes\/malle-ethnique-ancienne-peinte-a-la-main-c-1890-30-am20030\/\" \/>\n<meta property=\"og:locale\" content=\"fr_FR\" \/>\n<meta property=\"og:type\" content=\"article\" \/>\n<meta property=\"og:title\" content=\"Malle ethnique ancienne | Malle en bois massif | AMARU ANTIQUES\" \/>\n<meta property=\"og:description\" content=\"Ancienne malle ethnique peinte \u00e0 la main (vers 1890). D\u00e9couvrez notre collection, o\u00f9 chaque pi\u00e8ce refl\u00e8te son propre charme et ajoute une touche sp\u00e9ciale \u00e0 chaque espace.\" \/>\n<meta property=\"og:url\" content=\"https:\/\/amaruoptim.stg.uzero.cat\/fr\/meubles-anciens\/malles-anciennes\/malle-ethnique-ancienne-peinte-a-la-main-c-1890-30-am20030\/\" \/>\n<meta property=\"og:site_name\" content=\"AMARU\" \/>\n<meta property=\"article:modified_time\" content=\"2025-06-26T15:58:43+00:00\" \/>\n<meta property=\"og:image\" content=\"https:\/\/amaruantiques.com\/wp-content\/uploads\/2025\/06\/AM20030-D-1-1.jpg\" \/>\n\t<meta property=\"og:image:width\" content=\"1600\" \/>\n\t<meta property=\"og:image:height\" content=\"1600\" \/>\n\t<meta property=\"og:image:type\" content=\"image\/jpeg\" \/>\n<meta name=\"twitter:card\" content=\"summary_large_image\" \/>\n<meta name=\"twitter:label1\" content=\"Dur\u00e9e de lecture estim\u00e9e\" \/>\n\t<meta name=\"twitter:data1\" content=\"1 minute\" \/>\n<!-- \/ Yoast SEO plugin. -->","yoast_head_json":{"title":"Malle ethnique ancienne | Malle en bois massif | AMARU ANTIQUES","description":"Ancienne malle ethnique peinte \u00e0 la main (vers 1890). D\u00e9couvrez notre collection, o\u00f9 chaque pi\u00e8ce refl\u00e8te son propre charme et ajoute une touche sp\u00e9ciale \u00e0 chaque espace.","robots":{"index":"index","follow":"follow","max-snippet":"max-snippet:-1","max-image-preview":"max-image-preview:large","max-video-preview":"max-video-preview:-1"},"canonical":"https:\/\/amaruoptim.stg.uzero.cat\/fr\/meubles-anciens\/malles-anciennes\/malle-ethnique-ancienne-peinte-a-la-main-c-1890-30-am20030\/","og_locale":"fr_FR","og_type":"article","og_title":"Malle ethnique ancienne | Malle en bois massif | AMARU ANTIQUES","og_description":"Ancienne malle ethnique peinte \u00e0 la main (vers 1890). D\u00e9couvrez notre collection, o\u00f9 chaque pi\u00e8ce refl\u00e8te son propre charme et ajoute une touche sp\u00e9ciale \u00e0 chaque espace.","og_url":"https:\/\/amaruoptim.stg.uzero.cat\/fr\/meubles-anciens\/malles-anciennes\/malle-ethnique-ancienne-peinte-a-la-main-c-1890-30-am20030\/","og_site_name":"AMARU","article_modified_time":"2025-06-26T15:58:43+00:00","og_image":[{"width":1600,"height":1600,"url":"https:\/\/amaruantiques.com\/wp-content\/uploads\/2025\/06\/AM20030-D-1-1.jpg","type":"image\/jpeg"}],"twitter_card":"summary_large_image","twitter_misc":{"Dur\u00e9e de lecture estim\u00e9e":"1 minute"},"schema":{"@context":"https:\/\/schema.org","@graph":[{"@type":"WebPage","@id":"https:\/\/amaruoptim.stg.uzero.cat\/fr\/meubles-anciens\/malles-anciennes\/malle-ethnique-ancienne-peinte-a-la-main-c-1890-30-am20030\/","url":"https:\/\/amaruoptim.stg.uzero.cat\/fr\/meubles-anciens\/malles-anciennes\/malle-ethnique-ancienne-peinte-a-la-main-c-1890-30-am20030\/","name":"Malle ethnique ancienne | Malle en bois massif | AMARU ANTIQUES","isPartOf":{"@id":"https:\/\/amaruantiques.com\/#website"},"primaryImageOfPage":{"@id":"https:\/\/amaruoptim.stg.uzero.cat\/fr\/meubles-anciens\/malles-anciennes\/malle-ethnique-ancienne-peinte-a-la-main-c-1890-30-am20030\/#primaryimage"},"image":{"@id":"https:\/\/amaruoptim.stg.uzero.cat\/fr\/meubles-anciens\/malles-anciennes\/malle-ethnique-ancienne-peinte-a-la-main-c-1890-30-am20030\/#primaryimage"},"thumbnailUrl":"https:\/\/amaruoptim.stg.uzero.cat\/wp-content\/uploads\/2025\/06\/AM20030-D-1-1.jpg","datePublished":"2025-03-26T11:22:59+00:00","dateModified":"2025-06-26T15:58:43+00:00","description":"Ancienne malle ethnique peinte \u00e0 la main (vers 1890). D\u00e9couvrez notre collection, o\u00f9 chaque pi\u00e8ce refl\u00e8te son propre charme et ajoute une touche sp\u00e9ciale \u00e0 chaque espace.","breadcrumb":{"@id":"https:\/\/amaruoptim.stg.uzero.cat\/fr\/meubles-anciens\/malles-anciennes\/malle-ethnique-ancienne-peinte-a-la-main-c-1890-30-am20030\/#breadcrumb"},"inLanguage":"fr-FR","potentialAction":[{"@type":"ReadAction","target":["https:\/\/amaruoptim.stg.uzero.cat\/fr\/meubles-anciens\/malles-anciennes\/malle-ethnique-ancienne-peinte-a-la-main-c-1890-30-am20030\/"]}]},{"@type":"ImageObject","inLanguage":"fr-FR","@id":"https:\/\/amaruoptim.stg.uzero.cat\/fr\/meubles-anciens\/malles-anciennes\/malle-ethnique-ancienne-peinte-a-la-main-c-1890-30-am20030\/#primaryimage","url":"https:\/\/amaruoptim.stg.uzero.cat\/wp-content\/uploads\/2025\/06\/AM20030-D-1-1.jpg","contentUrl":"https:\/\/amaruoptim.stg.uzero.cat\/wp-content\/uploads\/2025\/06\/AM20030-D-1-1.jpg","width":1600,"height":1600},{"@type":"BreadcrumbList","@id":"https:\/\/amaruoptim.stg.uzero.cat\/fr\/meubles-anciens\/malles-anciennes\/malle-ethnique-ancienne-peinte-a-la-main-c-1890-30-am20030\/#breadcrumb","itemListElement":[{"@type":"ListItem","position":1,"name":"Accueil","item":"https:\/\/amaruantiques.com\/fr\/"},{"@type":"ListItem","position":2,"name":"Boutique","item":"https:\/\/amaruantiques.com\/fr\/boutique\/"},{"@type":"ListItem","position":3,"name":"Malle ethnique ancienne peinte \u00e0 la main (vers 1890) #30"}]},{"@type":"WebSite","@id":"https:\/\/amaruantiques.com\/#website","url":"https:\/\/amaruantiques.com\/","name":"AMARU - Timeless Antiques","description":"Timeless antiques","publisher":{"@id":"https:\/\/amaruantiques.com\/#organization"},"potentialAction":[{"@type":"SearchAction","target":{"@type":"EntryPoint","urlTemplate":"https:\/\/amaruantiques.com\/?s={search_term_string}"},"query-input":{"@type":"PropertyValueSpecification","valueRequired":true,"valueName":"search_term_string"}}],"inLanguage":"fr-FR"},{"@type":"Organization","@id":"https:\/\/amaruantiques.com\/#organization","name":"AMARU","url":"https:\/\/amaruantiques.com\/","logo":{"@type":"ImageObject","inLanguage":"fr-FR","@id":"https:\/\/amaruantiques.com\/#\/schema\/logo\/image\/","url":"https:\/\/amaruoptim.stg.uzero.cat\/wp-content\/uploads\/2025\/04\/logo-AMARU.svg","contentUrl":"https:\/\/amaruoptim.stg.uzero.cat\/wp-content\/uploads\/2025\/04\/logo-AMARU.svg","caption":"AMARU"},"image":{"@id":"https:\/\/amaruantiques.com\/#\/schema\/logo\/image\/"}}]}},"_links":{"self":[{"href":"https:\/\/amaruoptim.stg.uzero.cat\/fr\/wp-json\/wp\/v2\/product\/213806","targetHints":{"allow":["GET"]}}],"collection":[{"href":"https:\/\/amaruoptim.stg.uzero.cat\/fr\/wp-json\/wp\/v2\/product"}],"about":[{"href":"https:\/\/amaruoptim.stg.uzero.cat\/fr\/wp-json\/wp\/v2\/types\/product"}],"wp:featuredmedia":[{"embeddable":true,"href":"https:\/\/amaruoptim.stg.uzero.cat\/fr\/wp-json\/wp\/v2\/media\/202540"}],"wp:attachment":[{"href":"https:\/\/amaruoptim.stg.uzero.cat\/fr\/wp-json\/wp\/v2\/media?parent=213806"}],"wp:term":[{"taxonomy":"product_brand","embeddable":true,"href":"https:\/\/amaruoptim.stg.uzero.cat\/fr\/wp-json\/wp\/v2\/product_brand?post=213806"},{"taxonomy":"product_cat","embeddable":true,"href":"https:\/\/amaruoptim.stg.uzero.cat\/fr\/wp-json\/wp\/v2\/product_cat?post=213806"},{"taxonomy":"product_tag","embeddable":true,"href":"https:\/\/amaruoptim.stg.uzero.cat\/fr\/wp-json\/wp\/v2\/product_tag?post=213806"}],"curies":[{"name":"wp","href":"https:\/\/api.w.org\/{rel}","templated":true}]}}