{"id":213765,"date":"2025-03-18T10:02:41","date_gmt":"2025-03-18T10:02:41","guid":{"rendered":"https:\/\/amaruantiques.com\/?post_type=product&#038;p=213765"},"modified":"2025-09-17T12:09:42","modified_gmt":"2025-09-17T10:09:42","slug":"petite-armoire-ancienne-de-style-provencal-vers-1930-97-am16097","status":"publish","type":"product","link":"https:\/\/amaruoptim.stg.uzero.cat\/fr\/meubles-anciens\/armoires-anciennes\/petite-armoire-ancienne-de-style-provencal-vers-1930-97-am16097\/","title":{"rendered":"Petite armoire ancienne de style proven\u00e7al (vers 1930) #97"},"content":{"rendered":"<p><strong>Petite armoire ancienne de style proven\u00e7al<\/strong> (vers 1930)<\/p>\n<ul>\n<li><strong>Dimensions: <\/strong>Largeur : 94 cm Profondeur : 50 cm Hauteur : 99 cm<\/li>\n<li><strong>Style :<\/strong> Fran\u00e7ais Proven\u00e7al<\/li>\n<li><strong>Mat\u00e9riaux et techniques :<\/strong> Bois de pin<\/li>\n<li><strong>Lieu d&#8217;origine :<\/strong> France<\/li>\n<li><strong>P\u00e9riode :<\/strong> D\u00e9but du 20e si\u00e8cle<\/li>\n<li><strong>Date de fabrication :<\/strong> Vers 1930<\/li>\n<li><strong>\u00c9tat :<\/strong> Bon \u00e9tat. Usure correspond \u00e0 l&#8217;\u00e2ge et \u00e0 l&#8217;utilisation.<\/li>\n<\/ul>\n<p>Il est en excellent \u00e9tat de conservation, \u00e0 l&#8217;exception des imperfections caract\u00e9ristiques de toute antiquit\u00e9, dues au passage du temps.<\/p>\n<p>Donnez une touche d&#8217;originalit\u00e9 \u00e0 votre int\u00e9rieur avec cette pi\u00e8ce unique, qui se marie avec le style contemporain en apportant de la personnalit\u00e9 \u00e0 votre int\u00e9rieur. Cette petite armoire ancienne peut \u00eatre combin\u00e9e avec l&#8217;une de nos <a href=\"https:\/\/amaruantiques.com\/fr\/categoria-producto\/tables-dappoint-tables-du-salon-et-tables-basses\/\">tables basses<\/a> ou avec nos<a href=\"https:\/\/amaruantiques.com\/fr\/categoria-producto\/bancs-anciens\/\"> bancs anciens<\/a> disponibles.<\/p>\n<p><em>PI\u00c8CE UNIQUE<\/em><\/p>\n","protected":false},"excerpt":{"rendered":"<p>Petite armoire ancienne de style proven\u00e7al (vers 1930) Dimensions: Largeur : 94 cm Profondeur : 50 cm Hauteur : 99 cm Style : Fran\u00e7ais Proven\u00e7al Mat\u00e9riaux et techniques : Bois de pin Lieu d&#8217;origine : France P\u00e9riode : D\u00e9but du 20e si\u00e8cle Date de fabrication : Vers 1930 \u00c9tat : Bon \u00e9tat. Usure correspond \u00e0 [&hellip;]<\/p>\n","protected":false},"featured_media":201017,"template":"","meta":[],"product_brand":[],"product_cat":[610,607,623],"product_tag":[90],"class_list":{"0":"post-213765","1":"product","2":"type-product","3":"status-publish","4":"has-post-thumbnail","6":"product_cat-commodes-anciennes","7":"product_cat-armoires-anciennes","8":"product_cat-meubles-anciens-meubles-vintage","9":"product_tag-commodes-anciennes","10":"product_shipping_class-gran-cargo-625-fr","11":"pa_estilo-provencal-francais","13":"first","14":"instock","15":"sold-individually","16":"taxable","17":"shipping-taxable","18":"purchasable","19":"product-type-simple"},"yoast_head":"<!-- This site is optimized with the Yoast SEO plugin v26.0 - https:\/\/yoast.com\/wordpress\/plugins\/seo\/ -->\n<title>Ancienne petite armoire | Commode en bois | AMARU<\/title>\n<meta name=\"description\" content=\"Petite armoire ancienne de style proven\u00e7al (vers 1930). Nous sommes passionn\u00e9s par la restauration de la beaut\u00e9 des pi\u00e8ces anciennes uniques, en sauvant leur essence intemporelle.\" \/>\n<meta name=\"robots\" content=\"index, follow, max-snippet:-1, max-image-preview:large, max-video-preview:-1\" \/>\n<link rel=\"canonical\" href=\"https:\/\/amaruoptim.stg.uzero.cat\/fr\/meubles-anciens\/armoires-anciennes\/petite-armoire-ancienne-de-style-provencal-vers-1930-97-am16097\/\" \/>\n<meta property=\"og:locale\" content=\"fr_FR\" \/>\n<meta property=\"og:type\" content=\"article\" \/>\n<meta property=\"og:title\" content=\"Ancienne petite armoire | Commode en bois | AMARU\" \/>\n<meta property=\"og:description\" content=\"Petite armoire ancienne de style proven\u00e7al (vers 1930). Nous sommes passionn\u00e9s par la restauration de la beaut\u00e9 des pi\u00e8ces anciennes uniques, en sauvant leur essence intemporelle.\" \/>\n<meta property=\"og:url\" content=\"https:\/\/amaruoptim.stg.uzero.cat\/fr\/meubles-anciens\/armoires-anciennes\/petite-armoire-ancienne-de-style-provencal-vers-1930-97-am16097\/\" \/>\n<meta property=\"og:site_name\" content=\"AMARU\" \/>\n<meta property=\"article:modified_time\" content=\"2025-09-17T10:09:42+00:00\" \/>\n<meta property=\"og:image\" content=\"https:\/\/amaruantiques.com\/wp-content\/uploads\/2025\/06\/AM16097-D-1-1.jpg\" \/>\n\t<meta property=\"og:image:width\" content=\"1600\" \/>\n\t<meta property=\"og:image:height\" content=\"1600\" \/>\n\t<meta property=\"og:image:type\" content=\"image\/jpeg\" \/>\n<meta name=\"twitter:card\" content=\"summary_large_image\" \/>\n<meta name=\"twitter:label1\" content=\"Dur\u00e9e de lecture estim\u00e9e\" \/>\n\t<meta name=\"twitter:data1\" content=\"1 minute\" \/>\n<!-- \/ Yoast SEO plugin. -->","yoast_head_json":{"title":"Ancienne petite armoire | Commode en bois | AMARU","description":"Petite armoire ancienne de style proven\u00e7al (vers 1930). Nous sommes passionn\u00e9s par la restauration de la beaut\u00e9 des pi\u00e8ces anciennes uniques, en sauvant leur essence intemporelle.","robots":{"index":"index","follow":"follow","max-snippet":"max-snippet:-1","max-image-preview":"max-image-preview:large","max-video-preview":"max-video-preview:-1"},"canonical":"https:\/\/amaruoptim.stg.uzero.cat\/fr\/meubles-anciens\/armoires-anciennes\/petite-armoire-ancienne-de-style-provencal-vers-1930-97-am16097\/","og_locale":"fr_FR","og_type":"article","og_title":"Ancienne petite armoire | Commode en bois | AMARU","og_description":"Petite armoire ancienne de style proven\u00e7al (vers 1930). Nous sommes passionn\u00e9s par la restauration de la beaut\u00e9 des pi\u00e8ces anciennes uniques, en sauvant leur essence intemporelle.","og_url":"https:\/\/amaruoptim.stg.uzero.cat\/fr\/meubles-anciens\/armoires-anciennes\/petite-armoire-ancienne-de-style-provencal-vers-1930-97-am16097\/","og_site_name":"AMARU","article_modified_time":"2025-09-17T10:09:42+00:00","og_image":[{"width":1600,"height":1600,"url":"https:\/\/amaruantiques.com\/wp-content\/uploads\/2025\/06\/AM16097-D-1-1.jpg","type":"image\/jpeg"}],"twitter_card":"summary_large_image","twitter_misc":{"Dur\u00e9e de lecture estim\u00e9e":"1 minute"},"schema":{"@context":"https:\/\/schema.org","@graph":[{"@type":"WebPage","@id":"https:\/\/amaruoptim.stg.uzero.cat\/fr\/meubles-anciens\/armoires-anciennes\/petite-armoire-ancienne-de-style-provencal-vers-1930-97-am16097\/","url":"https:\/\/amaruoptim.stg.uzero.cat\/fr\/meubles-anciens\/armoires-anciennes\/petite-armoire-ancienne-de-style-provencal-vers-1930-97-am16097\/","name":"Ancienne petite armoire | Commode en bois | AMARU","isPartOf":{"@id":"https:\/\/amaruantiques.com\/#website"},"primaryImageOfPage":{"@id":"https:\/\/amaruoptim.stg.uzero.cat\/fr\/meubles-anciens\/armoires-anciennes\/petite-armoire-ancienne-de-style-provencal-vers-1930-97-am16097\/#primaryimage"},"image":{"@id":"https:\/\/amaruoptim.stg.uzero.cat\/fr\/meubles-anciens\/armoires-anciennes\/petite-armoire-ancienne-de-style-provencal-vers-1930-97-am16097\/#primaryimage"},"thumbnailUrl":"https:\/\/amaruoptim.stg.uzero.cat\/wp-content\/uploads\/2025\/06\/AM16097-D-1-1.jpg","datePublished":"2025-03-18T10:02:41+00:00","dateModified":"2025-09-17T10:09:42+00:00","description":"Petite armoire ancienne de style proven\u00e7al (vers 1930). Nous sommes passionn\u00e9s par la restauration de la beaut\u00e9 des pi\u00e8ces anciennes uniques, en sauvant leur essence intemporelle.","breadcrumb":{"@id":"https:\/\/amaruoptim.stg.uzero.cat\/fr\/meubles-anciens\/armoires-anciennes\/petite-armoire-ancienne-de-style-provencal-vers-1930-97-am16097\/#breadcrumb"},"inLanguage":"fr-FR","potentialAction":[{"@type":"ReadAction","target":["https:\/\/amaruoptim.stg.uzero.cat\/fr\/meubles-anciens\/armoires-anciennes\/petite-armoire-ancienne-de-style-provencal-vers-1930-97-am16097\/"]}]},{"@type":"ImageObject","inLanguage":"fr-FR","@id":"https:\/\/amaruoptim.stg.uzero.cat\/fr\/meubles-anciens\/armoires-anciennes\/petite-armoire-ancienne-de-style-provencal-vers-1930-97-am16097\/#primaryimage","url":"https:\/\/amaruoptim.stg.uzero.cat\/wp-content\/uploads\/2025\/06\/AM16097-D-1-1.jpg","contentUrl":"https:\/\/amaruoptim.stg.uzero.cat\/wp-content\/uploads\/2025\/06\/AM16097-D-1-1.jpg","width":1600,"height":1600},{"@type":"BreadcrumbList","@id":"https:\/\/amaruoptim.stg.uzero.cat\/fr\/meubles-anciens\/armoires-anciennes\/petite-armoire-ancienne-de-style-provencal-vers-1930-97-am16097\/#breadcrumb","itemListElement":[{"@type":"ListItem","position":1,"name":"Accueil","item":"https:\/\/amaruantiques.com\/fr\/"},{"@type":"ListItem","position":2,"name":"Boutique","item":"https:\/\/amaruantiques.com\/fr\/boutique\/"},{"@type":"ListItem","position":3,"name":"Petite armoire ancienne de style proven\u00e7al (vers 1930) #97"}]},{"@type":"WebSite","@id":"https:\/\/amaruantiques.com\/#website","url":"https:\/\/amaruantiques.com\/","name":"AMARU - Timeless Antiques","description":"Timeless antiques","publisher":{"@id":"https:\/\/amaruantiques.com\/#organization"},"potentialAction":[{"@type":"SearchAction","target":{"@type":"EntryPoint","urlTemplate":"https:\/\/amaruantiques.com\/?s={search_term_string}"},"query-input":{"@type":"PropertyValueSpecification","valueRequired":true,"valueName":"search_term_string"}}],"inLanguage":"fr-FR"},{"@type":"Organization","@id":"https:\/\/amaruantiques.com\/#organization","name":"AMARU","url":"https:\/\/amaruantiques.com\/","logo":{"@type":"ImageObject","inLanguage":"fr-FR","@id":"https:\/\/amaruantiques.com\/#\/schema\/logo\/image\/","url":"https:\/\/amaruoptim.stg.uzero.cat\/wp-content\/uploads\/2025\/04\/logo-AMARU.svg","contentUrl":"https:\/\/amaruoptim.stg.uzero.cat\/wp-content\/uploads\/2025\/04\/logo-AMARU.svg","caption":"AMARU"},"image":{"@id":"https:\/\/amaruantiques.com\/#\/schema\/logo\/image\/"}}]}},"_links":{"self":[{"href":"https:\/\/amaruoptim.stg.uzero.cat\/fr\/wp-json\/wp\/v2\/product\/213765","targetHints":{"allow":["GET"]}}],"collection":[{"href":"https:\/\/amaruoptim.stg.uzero.cat\/fr\/wp-json\/wp\/v2\/product"}],"about":[{"href":"https:\/\/amaruoptim.stg.uzero.cat\/fr\/wp-json\/wp\/v2\/types\/product"}],"wp:featuredmedia":[{"embeddable":true,"href":"https:\/\/amaruoptim.stg.uzero.cat\/fr\/wp-json\/wp\/v2\/media\/201017"}],"wp:attachment":[{"href":"https:\/\/amaruoptim.stg.uzero.cat\/fr\/wp-json\/wp\/v2\/media?parent=213765"}],"wp:term":[{"taxonomy":"product_brand","embeddable":true,"href":"https:\/\/amaruoptim.stg.uzero.cat\/fr\/wp-json\/wp\/v2\/product_brand?post=213765"},{"taxonomy":"product_cat","embeddable":true,"href":"https:\/\/amaruoptim.stg.uzero.cat\/fr\/wp-json\/wp\/v2\/product_cat?post=213765"},{"taxonomy":"product_tag","embeddable":true,"href":"https:\/\/amaruoptim.stg.uzero.cat\/fr\/wp-json\/wp\/v2\/product_tag?post=213765"}],"curies":[{"name":"wp","href":"https:\/\/api.w.org\/{rel}","templated":true}]}}