{"id":213699,"date":"2025-02-28T12:29:36","date_gmt":"2025-02-28T12:29:37","guid":{"rendered":"https:\/\/amaruantiques.com\/?post_type=product&#038;p=213699"},"modified":"2025-06-26T15:57:36","modified_gmt":"2025-06-26T15:57:36","slug":"sillas-blancas-modernas-de-marcello-ziliani-c-2008-conjunto-de-6-piezas-1-am20067-s6-1","status":"publish","type":"product","link":"https:\/\/amaruoptim.stg.uzero.cat\/fr\/meubles-anciens\/chaises-anciennes\/chaises-vintage-chaises-retro\/sillas-blancas-modernas-de-marcello-ziliani-c-2008-conjunto-de-6-piezas-1-am20067-s6-1\/","title":{"rendered":"Chaises modernes Caprice de Marcello Ziliani (c.2008). Ensemble de 6 pi\u00e8ces"},"content":{"rendered":"<p><strong>Chaises modernes Caprice de Marcello Ziliani<\/strong> (c.2008)<\/p>\n<ul>\n<li><strong>Dimensions : Largeur : 55 cm Profondeur : 56 cm Hauteur : 80 cm Assise : 43 cm <\/strong>Largeur : 55 cm Profondeur : 56 cm Hauteur : 80 cm Assise : 43 cm<\/li>\n<li><strong>Style :<\/strong> moderne<\/li>\n<li><strong>Mat\u00e9riaux et techniques :<\/strong> Polycarbonate<\/li>\n<li><strong>Lieu d&#8217;origine :<\/strong> Europe centrale<\/li>\n<li><strong>\u00c9poque :<\/strong> d\u00e9but du 21e si\u00e8cle<\/li>\n<li><strong>Date de fabrication :<\/strong> Vers 2008<\/li>\n<li><strong>\u00c9tat :<\/strong> Bon \u00e9tat. Usure correspond \u00e0 l&#8217;\u00e2ge et \u00e0 l&#8217;utilisation. <\/li>\n<\/ul>\n<p>Nos<em> chaises blanches<\/em> sont des pi\u00e8ces uniques qui se distinguent par leur qualit\u00e9 :<\/p>\n<ul>\n<li style=\"list-style-type: none;\">\n<ul>\n<li>La chaise de Marcello Ziliani pour Driade pr\u00e9sente un design moderne et \u00e9l\u00e9gant, rappelant les structures naturelles telles que les feuilles ou les cellules.<\/li>\n<li>Leur style polyvalent et intemporel les rend parfaits pour les bureaux, les salles de r\u00e9union et m\u00eame les salles \u00e0 manger ou les espaces modernes.<\/li>\n<\/ul>\n<\/li>\n<\/ul>\n<p>Il est en excellent \u00e9tat de conservation, \u00e0 l&#8217;exception des imperfections caract\u00e9ristiques de toute antiquit\u00e9, dues au passage du temps.<\/p>\n<p>Ajoutez une touche d&#8217;originalit\u00e9 \u00e0 votre int\u00e9rieur avec ces pi\u00e8ces uniques, qui s&#8217;int\u00e8grent dans le style contemporain et apportent de la personnalit\u00e9 \u00e0 votre int\u00e9rieur. Cet ensemble de chaises de bureau peut \u00eatre associ\u00e9 \u00e0 l&#8217;un de nos <a href=\"https:\/\/amaruantiques.com\/fr\/categoria-producto\/buffets-anciens\/\">buffets<\/a> ou \u00e0 nos <a href=\"https:\/\/amaruantiques.com\/fr\/categoria-producto\/consoles-anciennes\/\">tables consoles anciennes<\/a> disponibles. <\/p>\n<p><em>PI\u00c8CES UNIQUES<\/em><\/p>\n","protected":false},"excerpt":{"rendered":"<p>Chaises modernes Caprice de Marcello Ziliani (c.2008) Dimensions : Largeur : 55 cm Profondeur : 56 cm Hauteur : 80 cm Assise : 43 cm Largeur : 55 cm Profondeur : 56 cm Hauteur : 80 cm Assise : 43 cm Style : moderne Mat\u00e9riaux et techniques : Polycarbonate Lieu d&#8217;origine : Europe centrale \u00c9poque [&hellip;]<\/p>\n","protected":false},"featured_media":198784,"template":"","meta":[],"product_brand":[],"product_cat":[641],"product_tag":[],"class_list":{"0":"post-213699","1":"product","2":"type-product","3":"status-publish","4":"has-post-thumbnail","6":"product_cat-chaises-vintage-chaises-retro","7":"product_shipping_class-gran-cargo-1200-fr","8":"pa_estilo-moderne-du-milieu-du-xxe-siecle","10":"first","11":"instock","12":"taxable","13":"shipping-taxable","14":"purchasable","15":"product-type-simple"},"yoast_head":"<!-- This site is optimized with the Yoast SEO plugin v26.0 - https:\/\/yoast.com\/wordpress\/plugins\/seo\/ -->\n<title>Chaises modernes : Chaises de Marcello Ziliani : AMARU<\/title>\n<meta name=\"description\" content=\"Chaises modernes Caprice de Marcello Ziliani (c.2000). Cr\u00e9ez vos nouveaux espaces. Imaginez une nouvelle maison. D\u00e9couvrez notre collection de pi\u00e8ces uniques.\" \/>\n<meta name=\"robots\" content=\"index, follow, max-snippet:-1, max-image-preview:large, max-video-preview:-1\" \/>\n<link rel=\"canonical\" href=\"https:\/\/amaruoptim.stg.uzero.cat\/fr\/meubles-anciens\/chaises-anciennes\/chaises-vintage-chaises-retro\/sillas-blancas-modernas-de-marcello-ziliani-c-2008-conjunto-de-6-piezas-1-am20067-s6-1\/\" \/>\n<meta property=\"og:locale\" content=\"fr_FR\" \/>\n<meta property=\"og:type\" content=\"article\" \/>\n<meta property=\"og:title\" content=\"Chaises modernes : Chaises de Marcello Ziliani : AMARU\" \/>\n<meta property=\"og:description\" content=\"Chaises modernes Caprice de Marcello Ziliani (c.2000). Cr\u00e9ez vos nouveaux espaces. Imaginez une nouvelle maison. D\u00e9couvrez notre collection de pi\u00e8ces uniques.\" \/>\n<meta property=\"og:url\" content=\"https:\/\/amaruoptim.stg.uzero.cat\/fr\/meubles-anciens\/chaises-anciennes\/chaises-vintage-chaises-retro\/sillas-blancas-modernas-de-marcello-ziliani-c-2008-conjunto-de-6-piezas-1-am20067-s6-1\/\" \/>\n<meta property=\"og:site_name\" content=\"AMARU\" \/>\n<meta property=\"article:modified_time\" content=\"2025-06-26T15:57:36+00:00\" \/>\n<meta property=\"og:image\" content=\"https:\/\/amaruantiques.com\/wp-content\/uploads\/2025\/06\/AM20067-D-5-1.jpg\" \/>\n\t<meta property=\"og:image:width\" content=\"1600\" \/>\n\t<meta property=\"og:image:height\" content=\"1600\" \/>\n\t<meta property=\"og:image:type\" content=\"image\/jpeg\" \/>\n<meta name=\"twitter:card\" content=\"summary_large_image\" \/>\n<meta name=\"twitter:label1\" content=\"Dur\u00e9e de lecture estim\u00e9e\" \/>\n\t<meta name=\"twitter:data1\" content=\"1 minute\" \/>\n<!-- \/ Yoast SEO plugin. -->","yoast_head_json":{"title":"Chaises modernes : Chaises de Marcello Ziliani : AMARU","description":"Chaises modernes Caprice de Marcello Ziliani (c.2000). Cr\u00e9ez vos nouveaux espaces. Imaginez une nouvelle maison. D\u00e9couvrez notre collection de pi\u00e8ces uniques.","robots":{"index":"index","follow":"follow","max-snippet":"max-snippet:-1","max-image-preview":"max-image-preview:large","max-video-preview":"max-video-preview:-1"},"canonical":"https:\/\/amaruoptim.stg.uzero.cat\/fr\/meubles-anciens\/chaises-anciennes\/chaises-vintage-chaises-retro\/sillas-blancas-modernas-de-marcello-ziliani-c-2008-conjunto-de-6-piezas-1-am20067-s6-1\/","og_locale":"fr_FR","og_type":"article","og_title":"Chaises modernes : Chaises de Marcello Ziliani : AMARU","og_description":"Chaises modernes Caprice de Marcello Ziliani (c.2000). Cr\u00e9ez vos nouveaux espaces. Imaginez une nouvelle maison. D\u00e9couvrez notre collection de pi\u00e8ces uniques.","og_url":"https:\/\/amaruoptim.stg.uzero.cat\/fr\/meubles-anciens\/chaises-anciennes\/chaises-vintage-chaises-retro\/sillas-blancas-modernas-de-marcello-ziliani-c-2008-conjunto-de-6-piezas-1-am20067-s6-1\/","og_site_name":"AMARU","article_modified_time":"2025-06-26T15:57:36+00:00","og_image":[{"width":1600,"height":1600,"url":"https:\/\/amaruantiques.com\/wp-content\/uploads\/2025\/06\/AM20067-D-5-1.jpg","type":"image\/jpeg"}],"twitter_card":"summary_large_image","twitter_misc":{"Dur\u00e9e de lecture estim\u00e9e":"1 minute"},"schema":{"@context":"https:\/\/schema.org","@graph":[{"@type":"WebPage","@id":"https:\/\/amaruoptim.stg.uzero.cat\/fr\/meubles-anciens\/chaises-anciennes\/chaises-vintage-chaises-retro\/sillas-blancas-modernas-de-marcello-ziliani-c-2008-conjunto-de-6-piezas-1-am20067-s6-1\/","url":"https:\/\/amaruoptim.stg.uzero.cat\/fr\/meubles-anciens\/chaises-anciennes\/chaises-vintage-chaises-retro\/sillas-blancas-modernas-de-marcello-ziliani-c-2008-conjunto-de-6-piezas-1-am20067-s6-1\/","name":"Chaises modernes : Chaises de Marcello Ziliani : AMARU","isPartOf":{"@id":"https:\/\/amaruantiques.com\/#website"},"primaryImageOfPage":{"@id":"https:\/\/amaruoptim.stg.uzero.cat\/fr\/meubles-anciens\/chaises-anciennes\/chaises-vintage-chaises-retro\/sillas-blancas-modernas-de-marcello-ziliani-c-2008-conjunto-de-6-piezas-1-am20067-s6-1\/#primaryimage"},"image":{"@id":"https:\/\/amaruoptim.stg.uzero.cat\/fr\/meubles-anciens\/chaises-anciennes\/chaises-vintage-chaises-retro\/sillas-blancas-modernas-de-marcello-ziliani-c-2008-conjunto-de-6-piezas-1-am20067-s6-1\/#primaryimage"},"thumbnailUrl":"https:\/\/amaruoptim.stg.uzero.cat\/wp-content\/uploads\/2025\/06\/AM20067-D-5-1.jpg","datePublished":"2025-02-28T12:29:37+00:00","dateModified":"2025-06-26T15:57:36+00:00","description":"Chaises modernes Caprice de Marcello Ziliani (c.2000). Cr\u00e9ez vos nouveaux espaces. Imaginez une nouvelle maison. D\u00e9couvrez notre collection de pi\u00e8ces uniques.","breadcrumb":{"@id":"https:\/\/amaruoptim.stg.uzero.cat\/fr\/meubles-anciens\/chaises-anciennes\/chaises-vintage-chaises-retro\/sillas-blancas-modernas-de-marcello-ziliani-c-2008-conjunto-de-6-piezas-1-am20067-s6-1\/#breadcrumb"},"inLanguage":"fr-FR","potentialAction":[{"@type":"ReadAction","target":["https:\/\/amaruoptim.stg.uzero.cat\/fr\/meubles-anciens\/chaises-anciennes\/chaises-vintage-chaises-retro\/sillas-blancas-modernas-de-marcello-ziliani-c-2008-conjunto-de-6-piezas-1-am20067-s6-1\/"]}]},{"@type":"ImageObject","inLanguage":"fr-FR","@id":"https:\/\/amaruoptim.stg.uzero.cat\/fr\/meubles-anciens\/chaises-anciennes\/chaises-vintage-chaises-retro\/sillas-blancas-modernas-de-marcello-ziliani-c-2008-conjunto-de-6-piezas-1-am20067-s6-1\/#primaryimage","url":"https:\/\/amaruoptim.stg.uzero.cat\/wp-content\/uploads\/2025\/06\/AM20067-D-5-1.jpg","contentUrl":"https:\/\/amaruoptim.stg.uzero.cat\/wp-content\/uploads\/2025\/06\/AM20067-D-5-1.jpg","width":1600,"height":1600},{"@type":"BreadcrumbList","@id":"https:\/\/amaruoptim.stg.uzero.cat\/fr\/meubles-anciens\/chaises-anciennes\/chaises-vintage-chaises-retro\/sillas-blancas-modernas-de-marcello-ziliani-c-2008-conjunto-de-6-piezas-1-am20067-s6-1\/#breadcrumb","itemListElement":[{"@type":"ListItem","position":1,"name":"Accueil","item":"https:\/\/amaruantiques.com\/fr\/"},{"@type":"ListItem","position":2,"name":"Boutique","item":"https:\/\/amaruantiques.com\/fr\/boutique\/"},{"@type":"ListItem","position":3,"name":"Chaises modernes Caprice de Marcello Ziliani (c.2008). Ensemble de 6 pi\u00e8ces"}]},{"@type":"WebSite","@id":"https:\/\/amaruantiques.com\/#website","url":"https:\/\/amaruantiques.com\/","name":"AMARU - Timeless Antiques","description":"Timeless antiques","publisher":{"@id":"https:\/\/amaruantiques.com\/#organization"},"potentialAction":[{"@type":"SearchAction","target":{"@type":"EntryPoint","urlTemplate":"https:\/\/amaruantiques.com\/?s={search_term_string}"},"query-input":{"@type":"PropertyValueSpecification","valueRequired":true,"valueName":"search_term_string"}}],"inLanguage":"fr-FR"},{"@type":"Organization","@id":"https:\/\/amaruantiques.com\/#organization","name":"AMARU","url":"https:\/\/amaruantiques.com\/","logo":{"@type":"ImageObject","inLanguage":"fr-FR","@id":"https:\/\/amaruantiques.com\/#\/schema\/logo\/image\/","url":"https:\/\/amaruoptim.stg.uzero.cat\/wp-content\/uploads\/2025\/04\/logo-AMARU.svg","contentUrl":"https:\/\/amaruoptim.stg.uzero.cat\/wp-content\/uploads\/2025\/04\/logo-AMARU.svg","caption":"AMARU"},"image":{"@id":"https:\/\/amaruantiques.com\/#\/schema\/logo\/image\/"}}]}},"_links":{"self":[{"href":"https:\/\/amaruoptim.stg.uzero.cat\/fr\/wp-json\/wp\/v2\/product\/213699","targetHints":{"allow":["GET"]}}],"collection":[{"href":"https:\/\/amaruoptim.stg.uzero.cat\/fr\/wp-json\/wp\/v2\/product"}],"about":[{"href":"https:\/\/amaruoptim.stg.uzero.cat\/fr\/wp-json\/wp\/v2\/types\/product"}],"wp:featuredmedia":[{"embeddable":true,"href":"https:\/\/amaruoptim.stg.uzero.cat\/fr\/wp-json\/wp\/v2\/media\/198784"}],"wp:attachment":[{"href":"https:\/\/amaruoptim.stg.uzero.cat\/fr\/wp-json\/wp\/v2\/media?parent=213699"}],"wp:term":[{"taxonomy":"product_brand","embeddable":true,"href":"https:\/\/amaruoptim.stg.uzero.cat\/fr\/wp-json\/wp\/v2\/product_brand?post=213699"},{"taxonomy":"product_cat","embeddable":true,"href":"https:\/\/amaruoptim.stg.uzero.cat\/fr\/wp-json\/wp\/v2\/product_cat?post=213699"},{"taxonomy":"product_tag","embeddable":true,"href":"https:\/\/amaruoptim.stg.uzero.cat\/fr\/wp-json\/wp\/v2\/product_tag?post=213699"}],"curies":[{"name":"wp","href":"https:\/\/api.w.org\/{rel}","templated":true}]}}