{"id":213686,"date":"2025-02-25T12:54:54","date_gmt":"2025-02-25T12:54:55","guid":{"rendered":"https:\/\/amaruantiques.com\/?post_type=product&#038;p=213686"},"modified":"2025-06-26T15:57:31","modified_gmt":"2025-06-26T15:57:31","slug":"ancienne-table-de-salle-a-manger-en-x-c-1920-16-am21016","status":"publish","type":"product","link":"https:\/\/amaruoptim.stg.uzero.cat\/fr\/meubles-anciens\/tables-a-manger-et-de-cuisine\/ancienne-table-de-salle-a-manger-en-x-c-1920-16-am21016\/","title":{"rendered":"Ancienne table de salle \u00e0 manger en X (c.1920) #16"},"content":{"rendered":"<p><strong>Ancienne table de salle \u00e0 manger avec base en forme de X<\/strong> (c.1920)<\/p>\n<ul>\n<li><strong>Dimensions :<\/strong> Largeur : 142 cm Profondeur : 86 cm Hauteur : 83 cm<\/li>\n<li><strong>Style :<\/strong> Rustique<\/li>\n<li><strong>Mat\u00e9riaux et techniques :<\/strong> Bois de ch\u00eane<\/li>\n<li><strong>Lieu d&#8217;origine :<\/strong> Europe centrale<\/li>\n<li><strong>P\u00e9riode :<\/strong> D\u00e9but du 20e si\u00e8cle<\/li>\n<li><strong>Date de fabrication :<\/strong> Vers 1920<\/li>\n<li><strong>\u00c9tat :<\/strong> Bon \u00e9tat. Usure correspond \u00e0 l&#8217;\u00e2ge et \u00e0 l&#8217;utilisation.<\/li>\n<\/ul>\n<p>Il est en excellent \u00e9tat de conservation, \u00e0 l&#8217;exception des imperfections caract\u00e9ristiques de toute antiquit\u00e9, dues au passage du temps.<\/p>\n<p>Donnez une touche d&#8217;originalit\u00e9 \u00e0 votre int\u00e9rieur avec cette pi\u00e8ce unique, qui se marie avec le style contemporain en apportant de la personnalit\u00e9 \u00e0 votre int\u00e9rieur. Cette table de salle \u00e0 manger ancienne peut \u00eatre combin\u00e9e avec l&#8217;une de nos <a href=\"https:\/\/amaruantiques.com\/fr\/categoria-producto\/chaises-anciennes\/\">chaises anciennes<\/a> ou avec nos <a href=\"https:\/\/amaruantiques.com\/fr\/categoria-producto\/buffets-anciens\/\">buffets anciens<\/a> disponibles.<\/p>\n<p><em>PI\u00c8CE UNIQUE<\/em><\/p>\n","protected":false},"excerpt":{"rendered":"<p>Ancienne table de salle \u00e0 manger avec base en forme de X (c.1920) Dimensions : Largeur : 142 cm Profondeur : 86 cm Hauteur : 83 cm Style : Rustique Mat\u00e9riaux et techniques : Bois de ch\u00eane Lieu d&#8217;origine : Europe centrale P\u00e9riode : D\u00e9but du 20e si\u00e8cle Date de fabrication : Vers 1920 \u00c9tat [&hellip;]<\/p>\n","protected":false},"featured_media":198295,"template":"","meta":[],"product_brand":[],"product_cat":[629],"product_tag":[],"class_list":{"0":"post-213686","1":"product","2":"type-product","3":"status-publish","4":"has-post-thumbnail","6":"product_cat-tables-a-manger-et-de-cuisine","7":"product_shipping_class-gran-cargo-1200-fr","8":"pa_estilo-style-rustique","10":"first","11":"instock","12":"taxable","13":"shipping-taxable","14":"purchasable","15":"product-type-simple"},"yoast_head":"<!-- This site is optimized with the Yoast SEO plugin v26.0 - https:\/\/yoast.com\/wordpress\/plugins\/seo\/ -->\n<title>Table de salle \u00e0 manger ancienne | Table en bois | AMARU ANTIQUES<\/title>\n<meta name=\"description\" content=\"Ancienne table de salle \u00e0 manger avec base en X (vers 1920). Donnez vie \u00e0 vos espaces gr\u00e2ce \u00e0 la beaut\u00e9 intemporelle de nos pi\u00e8ces historiques uniques.\" \/>\n<meta name=\"robots\" content=\"index, follow, max-snippet:-1, max-image-preview:large, max-video-preview:-1\" \/>\n<link rel=\"canonical\" href=\"https:\/\/amaruoptim.stg.uzero.cat\/fr\/meubles-anciens\/tables-a-manger-et-de-cuisine\/ancienne-table-de-salle-a-manger-en-x-c-1920-16-am21016\/\" \/>\n<meta property=\"og:locale\" content=\"fr_FR\" \/>\n<meta property=\"og:type\" content=\"article\" \/>\n<meta property=\"og:title\" content=\"Table de salle \u00e0 manger ancienne | Table en bois | AMARU ANTIQUES\" \/>\n<meta property=\"og:description\" content=\"Ancienne table de salle \u00e0 manger avec base en X (vers 1920). Donnez vie \u00e0 vos espaces gr\u00e2ce \u00e0 la beaut\u00e9 intemporelle de nos pi\u00e8ces historiques uniques.\" \/>\n<meta property=\"og:url\" content=\"https:\/\/amaruoptim.stg.uzero.cat\/fr\/meubles-anciens\/tables-a-manger-et-de-cuisine\/ancienne-table-de-salle-a-manger-en-x-c-1920-16-am21016\/\" \/>\n<meta property=\"og:site_name\" content=\"AMARU\" \/>\n<meta property=\"article:modified_time\" content=\"2025-06-26T15:57:31+00:00\" \/>\n<meta property=\"og:image\" content=\"https:\/\/amaruantiques.com\/wp-content\/uploads\/2025\/06\/AM21016-D-13.jpg\" \/>\n\t<meta property=\"og:image:width\" content=\"1600\" \/>\n\t<meta property=\"og:image:height\" content=\"1600\" \/>\n\t<meta property=\"og:image:type\" content=\"image\/jpeg\" \/>\n<meta name=\"twitter:card\" content=\"summary_large_image\" \/>\n<meta name=\"twitter:label1\" content=\"Dur\u00e9e de lecture estim\u00e9e\" \/>\n\t<meta name=\"twitter:data1\" content=\"1 minute\" \/>\n<!-- \/ Yoast SEO plugin. -->","yoast_head_json":{"title":"Table de salle \u00e0 manger ancienne | Table en bois | AMARU ANTIQUES","description":"Ancienne table de salle \u00e0 manger avec base en X (vers 1920). Donnez vie \u00e0 vos espaces gr\u00e2ce \u00e0 la beaut\u00e9 intemporelle de nos pi\u00e8ces historiques uniques.","robots":{"index":"index","follow":"follow","max-snippet":"max-snippet:-1","max-image-preview":"max-image-preview:large","max-video-preview":"max-video-preview:-1"},"canonical":"https:\/\/amaruoptim.stg.uzero.cat\/fr\/meubles-anciens\/tables-a-manger-et-de-cuisine\/ancienne-table-de-salle-a-manger-en-x-c-1920-16-am21016\/","og_locale":"fr_FR","og_type":"article","og_title":"Table de salle \u00e0 manger ancienne | Table en bois | AMARU ANTIQUES","og_description":"Ancienne table de salle \u00e0 manger avec base en X (vers 1920). Donnez vie \u00e0 vos espaces gr\u00e2ce \u00e0 la beaut\u00e9 intemporelle de nos pi\u00e8ces historiques uniques.","og_url":"https:\/\/amaruoptim.stg.uzero.cat\/fr\/meubles-anciens\/tables-a-manger-et-de-cuisine\/ancienne-table-de-salle-a-manger-en-x-c-1920-16-am21016\/","og_site_name":"AMARU","article_modified_time":"2025-06-26T15:57:31+00:00","og_image":[{"width":1600,"height":1600,"url":"https:\/\/amaruantiques.com\/wp-content\/uploads\/2025\/06\/AM21016-D-13.jpg","type":"image\/jpeg"}],"twitter_card":"summary_large_image","twitter_misc":{"Dur\u00e9e de lecture estim\u00e9e":"1 minute"},"schema":{"@context":"https:\/\/schema.org","@graph":[{"@type":"WebPage","@id":"https:\/\/amaruoptim.stg.uzero.cat\/fr\/meubles-anciens\/tables-a-manger-et-de-cuisine\/ancienne-table-de-salle-a-manger-en-x-c-1920-16-am21016\/","url":"https:\/\/amaruoptim.stg.uzero.cat\/fr\/meubles-anciens\/tables-a-manger-et-de-cuisine\/ancienne-table-de-salle-a-manger-en-x-c-1920-16-am21016\/","name":"Table de salle \u00e0 manger ancienne | Table en bois | AMARU ANTIQUES","isPartOf":{"@id":"https:\/\/amaruantiques.com\/#website"},"primaryImageOfPage":{"@id":"https:\/\/amaruoptim.stg.uzero.cat\/fr\/meubles-anciens\/tables-a-manger-et-de-cuisine\/ancienne-table-de-salle-a-manger-en-x-c-1920-16-am21016\/#primaryimage"},"image":{"@id":"https:\/\/amaruoptim.stg.uzero.cat\/fr\/meubles-anciens\/tables-a-manger-et-de-cuisine\/ancienne-table-de-salle-a-manger-en-x-c-1920-16-am21016\/#primaryimage"},"thumbnailUrl":"https:\/\/amaruoptim.stg.uzero.cat\/wp-content\/uploads\/2025\/06\/AM21016-D-13.jpg","datePublished":"2025-02-25T12:54:55+00:00","dateModified":"2025-06-26T15:57:31+00:00","description":"Ancienne table de salle \u00e0 manger avec base en X (vers 1920). Donnez vie \u00e0 vos espaces gr\u00e2ce \u00e0 la beaut\u00e9 intemporelle de nos pi\u00e8ces historiques uniques.","breadcrumb":{"@id":"https:\/\/amaruoptim.stg.uzero.cat\/fr\/meubles-anciens\/tables-a-manger-et-de-cuisine\/ancienne-table-de-salle-a-manger-en-x-c-1920-16-am21016\/#breadcrumb"},"inLanguage":"fr-FR","potentialAction":[{"@type":"ReadAction","target":["https:\/\/amaruoptim.stg.uzero.cat\/fr\/meubles-anciens\/tables-a-manger-et-de-cuisine\/ancienne-table-de-salle-a-manger-en-x-c-1920-16-am21016\/"]}]},{"@type":"ImageObject","inLanguage":"fr-FR","@id":"https:\/\/amaruoptim.stg.uzero.cat\/fr\/meubles-anciens\/tables-a-manger-et-de-cuisine\/ancienne-table-de-salle-a-manger-en-x-c-1920-16-am21016\/#primaryimage","url":"https:\/\/amaruoptim.stg.uzero.cat\/wp-content\/uploads\/2025\/06\/AM21016-D-13.jpg","contentUrl":"https:\/\/amaruoptim.stg.uzero.cat\/wp-content\/uploads\/2025\/06\/AM21016-D-13.jpg","width":1600,"height":1600},{"@type":"BreadcrumbList","@id":"https:\/\/amaruoptim.stg.uzero.cat\/fr\/meubles-anciens\/tables-a-manger-et-de-cuisine\/ancienne-table-de-salle-a-manger-en-x-c-1920-16-am21016\/#breadcrumb","itemListElement":[{"@type":"ListItem","position":1,"name":"Accueil","item":"https:\/\/amaruantiques.com\/fr\/"},{"@type":"ListItem","position":2,"name":"Boutique","item":"https:\/\/amaruantiques.com\/fr\/boutique\/"},{"@type":"ListItem","position":3,"name":"Ancienne table de salle \u00e0 manger en X (c.1920) #16"}]},{"@type":"WebSite","@id":"https:\/\/amaruantiques.com\/#website","url":"https:\/\/amaruantiques.com\/","name":"AMARU - Timeless Antiques","description":"Timeless antiques","publisher":{"@id":"https:\/\/amaruantiques.com\/#organization"},"potentialAction":[{"@type":"SearchAction","target":{"@type":"EntryPoint","urlTemplate":"https:\/\/amaruantiques.com\/?s={search_term_string}"},"query-input":{"@type":"PropertyValueSpecification","valueRequired":true,"valueName":"search_term_string"}}],"inLanguage":"fr-FR"},{"@type":"Organization","@id":"https:\/\/amaruantiques.com\/#organization","name":"AMARU","url":"https:\/\/amaruantiques.com\/","logo":{"@type":"ImageObject","inLanguage":"fr-FR","@id":"https:\/\/amaruantiques.com\/#\/schema\/logo\/image\/","url":"https:\/\/amaruoptim.stg.uzero.cat\/wp-content\/uploads\/2025\/04\/logo-AMARU.svg","contentUrl":"https:\/\/amaruoptim.stg.uzero.cat\/wp-content\/uploads\/2025\/04\/logo-AMARU.svg","caption":"AMARU"},"image":{"@id":"https:\/\/amaruantiques.com\/#\/schema\/logo\/image\/"}}]}},"_links":{"self":[{"href":"https:\/\/amaruoptim.stg.uzero.cat\/fr\/wp-json\/wp\/v2\/product\/213686","targetHints":{"allow":["GET"]}}],"collection":[{"href":"https:\/\/amaruoptim.stg.uzero.cat\/fr\/wp-json\/wp\/v2\/product"}],"about":[{"href":"https:\/\/amaruoptim.stg.uzero.cat\/fr\/wp-json\/wp\/v2\/types\/product"}],"wp:featuredmedia":[{"embeddable":true,"href":"https:\/\/amaruoptim.stg.uzero.cat\/fr\/wp-json\/wp\/v2\/media\/198295"}],"wp:attachment":[{"href":"https:\/\/amaruoptim.stg.uzero.cat\/fr\/wp-json\/wp\/v2\/media?parent=213686"}],"wp:term":[{"taxonomy":"product_brand","embeddable":true,"href":"https:\/\/amaruoptim.stg.uzero.cat\/fr\/wp-json\/wp\/v2\/product_brand?post=213686"},{"taxonomy":"product_cat","embeddable":true,"href":"https:\/\/amaruoptim.stg.uzero.cat\/fr\/wp-json\/wp\/v2\/product_cat?post=213686"},{"taxonomy":"product_tag","embeddable":true,"href":"https:\/\/amaruoptim.stg.uzero.cat\/fr\/wp-json\/wp\/v2\/product_tag?post=213686"}],"curies":[{"name":"wp","href":"https:\/\/api.w.org\/{rel}","templated":true}]}}