{"id":213684,"date":"2025-02-25T12:18:13","date_gmt":"2025-02-25T12:18:14","guid":{"rendered":"https:\/\/amaruantiques.com\/?post_type=product&#038;p=213684"},"modified":"2025-06-26T15:57:30","modified_gmt":"2025-06-26T15:57:30","slug":"mesa-de-escritorio-antigua-c-1920-57-am20057","status":"publish","type":"product","link":"https:\/\/amaruoptim.stg.uzero.cat\/fr\/meubles-anciens\/tables-anciennes\/mesa-de-escritorio-antigua-c-1920-57-am20057\/","title":{"rendered":"Ancienne table \u00e0 \u00e9crire (c.1920) #57"},"content":{"rendered":"<p><strong>Ancienne table \u00e0 \u00e9crire<\/strong> (c.1920)<\/p>\n<ul>\n<li><strong>Dimensions :<\/strong> Largeur : 102 cm Profondeur : 70 cm Hauteur : 83 cm<\/li>\n<li><strong>Style :<\/strong> fran\u00e7ais proven\u00e7al<\/li>\n<li><strong>Mat\u00e9riaux et techniques :<\/strong> Bois de ch\u00eane<\/li>\n<li><strong>Lieu d&#8217;origine :<\/strong> France<\/li>\n<li><strong>P\u00e9riode :<\/strong> D\u00e9but du 20e si\u00e8cle<\/li>\n<li><strong>Date de fabrication :<\/strong> Vers 1920<\/li>\n<li><strong>\u00c9tat :<\/strong> Bon \u00e9tat. Usure correspond \u00e0 l&#8217;\u00e2ge et \u00e0 l&#8217;utilisation. <\/li>\n<\/ul>\n<p>Il est en excellent \u00e9tat de conservation, \u00e0 l&#8217;exception des imperfections caract\u00e9ristiques de toute antiquit\u00e9, dues au passage du temps.<\/p>\n<p>Ajoutez une touche d&#8217;originalit\u00e9 \u00e0 votre int\u00e9rieur avec cette pi\u00e8ce unique, qui se fond dans le style contemporain en apportant de la personnalit\u00e9 \u00e0 votre int\u00e9rieur. Cette table de bureau ancienne peut \u00eatre associ\u00e9e \u00e0 l&#8217;une de nos <a href=\"https:\/\/amaruantiques.com\/fr\/categoria-producto\/chaises-anciennes\/\">chaises anciennes<\/a> ou \u00e0 nos <a href=\"https:\/\/amaruantiques.com\/fr\/categoria-producto\/coussins-en-lin\/\">coussins en lin anciens<\/a> disponibles. <\/p>\n<p><em>PI\u00c8CE UNIQUE<\/em><\/p>\n","protected":false},"excerpt":{"rendered":"<p>Ancienne table \u00e0 \u00e9crire (c.1920) Dimensions : Largeur : 102 cm Profondeur : 70 cm Hauteur : 83 cm Style : fran\u00e7ais proven\u00e7al Mat\u00e9riaux et techniques : Bois de ch\u00eane Lieu d&#8217;origine : France P\u00e9riode : D\u00e9but du 20e si\u00e8cle Date de fabrication : Vers 1920 \u00c9tat : Bon \u00e9tat. Usure correspond \u00e0 l&#8217;\u00e2ge et [&hellip;]<\/p>\n","protected":false},"featured_media":198196,"template":"","meta":[],"product_brand":[],"product_cat":[616,612],"product_tag":[],"class_list":{"0":"post-213684","1":"product","2":"type-product","3":"status-publish","4":"has-post-thumbnail","6":"product_cat-consoles-anciennes","7":"product_cat-tables-anciennes","8":"product_shipping_class-gran-cargo-750-fr","9":"pa_estilo-provencal-francais","11":"first","12":"instock","13":"taxable","14":"shipping-taxable","15":"purchasable","16":"product-type-simple"},"yoast_head":"<!-- This site is optimized with the Yoast SEO plugin v26.0 - https:\/\/yoast.com\/wordpress\/plugins\/seo\/ -->\n<title>\u00c9critoire ancienne : Table en bois AMARU ANTIQUES<\/title>\n<meta name=\"description\" content=\"Ancienne table \u00e0 \u00e9crire (c.1920). Cr\u00e9ez vos nouveaux espaces. Imaginez une nouvelle maison. D\u00e9couvrez notre collection de pi\u00e8ces uniques.\" \/>\n<meta name=\"robots\" content=\"index, follow, max-snippet:-1, max-image-preview:large, max-video-preview:-1\" \/>\n<link rel=\"canonical\" href=\"https:\/\/amaruoptim.stg.uzero.cat\/fr\/meubles-anciens\/tables-anciennes\/mesa-de-escritorio-antigua-c-1920-57-am20057\/\" \/>\n<meta property=\"og:locale\" content=\"fr_FR\" \/>\n<meta property=\"og:type\" content=\"article\" \/>\n<meta property=\"og:title\" content=\"\u00c9critoire ancienne : Table en bois AMARU ANTIQUES\" \/>\n<meta property=\"og:description\" content=\"Ancienne table \u00e0 \u00e9crire (c.1920). Cr\u00e9ez vos nouveaux espaces. Imaginez une nouvelle maison. D\u00e9couvrez notre collection de pi\u00e8ces uniques.\" \/>\n<meta property=\"og:url\" content=\"https:\/\/amaruoptim.stg.uzero.cat\/fr\/meubles-anciens\/tables-anciennes\/mesa-de-escritorio-antigua-c-1920-57-am20057\/\" \/>\n<meta property=\"og:site_name\" content=\"AMARU\" \/>\n<meta property=\"article:modified_time\" content=\"2025-06-26T15:57:30+00:00\" \/>\n<meta property=\"og:image\" content=\"https:\/\/amaruantiques.com\/wp-content\/uploads\/2025\/06\/AM20057-D-13.jpg\" \/>\n\t<meta property=\"og:image:width\" content=\"1600\" \/>\n\t<meta property=\"og:image:height\" content=\"1600\" \/>\n\t<meta property=\"og:image:type\" content=\"image\/jpeg\" \/>\n<meta name=\"twitter:card\" content=\"summary_large_image\" \/>\n<meta name=\"twitter:label1\" content=\"Dur\u00e9e de lecture estim\u00e9e\" \/>\n\t<meta name=\"twitter:data1\" content=\"1 minute\" \/>\n<!-- \/ Yoast SEO plugin. -->","yoast_head_json":{"title":"\u00c9critoire ancienne : Table en bois AMARU ANTIQUES","description":"Ancienne table \u00e0 \u00e9crire (c.1920). Cr\u00e9ez vos nouveaux espaces. Imaginez une nouvelle maison. D\u00e9couvrez notre collection de pi\u00e8ces uniques.","robots":{"index":"index","follow":"follow","max-snippet":"max-snippet:-1","max-image-preview":"max-image-preview:large","max-video-preview":"max-video-preview:-1"},"canonical":"https:\/\/amaruoptim.stg.uzero.cat\/fr\/meubles-anciens\/tables-anciennes\/mesa-de-escritorio-antigua-c-1920-57-am20057\/","og_locale":"fr_FR","og_type":"article","og_title":"\u00c9critoire ancienne : Table en bois AMARU ANTIQUES","og_description":"Ancienne table \u00e0 \u00e9crire (c.1920). Cr\u00e9ez vos nouveaux espaces. Imaginez une nouvelle maison. D\u00e9couvrez notre collection de pi\u00e8ces uniques.","og_url":"https:\/\/amaruoptim.stg.uzero.cat\/fr\/meubles-anciens\/tables-anciennes\/mesa-de-escritorio-antigua-c-1920-57-am20057\/","og_site_name":"AMARU","article_modified_time":"2025-06-26T15:57:30+00:00","og_image":[{"width":1600,"height":1600,"url":"https:\/\/amaruantiques.com\/wp-content\/uploads\/2025\/06\/AM20057-D-13.jpg","type":"image\/jpeg"}],"twitter_card":"summary_large_image","twitter_misc":{"Dur\u00e9e de lecture estim\u00e9e":"1 minute"},"schema":{"@context":"https:\/\/schema.org","@graph":[{"@type":"WebPage","@id":"https:\/\/amaruoptim.stg.uzero.cat\/fr\/meubles-anciens\/tables-anciennes\/mesa-de-escritorio-antigua-c-1920-57-am20057\/","url":"https:\/\/amaruoptim.stg.uzero.cat\/fr\/meubles-anciens\/tables-anciennes\/mesa-de-escritorio-antigua-c-1920-57-am20057\/","name":"\u00c9critoire ancienne : Table en bois AMARU ANTIQUES","isPartOf":{"@id":"https:\/\/amaruantiques.com\/#website"},"primaryImageOfPage":{"@id":"https:\/\/amaruoptim.stg.uzero.cat\/fr\/meubles-anciens\/tables-anciennes\/mesa-de-escritorio-antigua-c-1920-57-am20057\/#primaryimage"},"image":{"@id":"https:\/\/amaruoptim.stg.uzero.cat\/fr\/meubles-anciens\/tables-anciennes\/mesa-de-escritorio-antigua-c-1920-57-am20057\/#primaryimage"},"thumbnailUrl":"https:\/\/amaruoptim.stg.uzero.cat\/wp-content\/uploads\/2025\/06\/AM20057-D-13.jpg","datePublished":"2025-02-25T12:18:14+00:00","dateModified":"2025-06-26T15:57:30+00:00","description":"Ancienne table \u00e0 \u00e9crire (c.1920). Cr\u00e9ez vos nouveaux espaces. Imaginez une nouvelle maison. D\u00e9couvrez notre collection de pi\u00e8ces uniques.","breadcrumb":{"@id":"https:\/\/amaruoptim.stg.uzero.cat\/fr\/meubles-anciens\/tables-anciennes\/mesa-de-escritorio-antigua-c-1920-57-am20057\/#breadcrumb"},"inLanguage":"fr-FR","potentialAction":[{"@type":"ReadAction","target":["https:\/\/amaruoptim.stg.uzero.cat\/fr\/meubles-anciens\/tables-anciennes\/mesa-de-escritorio-antigua-c-1920-57-am20057\/"]}]},{"@type":"ImageObject","inLanguage":"fr-FR","@id":"https:\/\/amaruoptim.stg.uzero.cat\/fr\/meubles-anciens\/tables-anciennes\/mesa-de-escritorio-antigua-c-1920-57-am20057\/#primaryimage","url":"https:\/\/amaruoptim.stg.uzero.cat\/wp-content\/uploads\/2025\/06\/AM20057-D-13.jpg","contentUrl":"https:\/\/amaruoptim.stg.uzero.cat\/wp-content\/uploads\/2025\/06\/AM20057-D-13.jpg","width":1600,"height":1600},{"@type":"BreadcrumbList","@id":"https:\/\/amaruoptim.stg.uzero.cat\/fr\/meubles-anciens\/tables-anciennes\/mesa-de-escritorio-antigua-c-1920-57-am20057\/#breadcrumb","itemListElement":[{"@type":"ListItem","position":1,"name":"Accueil","item":"https:\/\/amaruantiques.com\/fr\/"},{"@type":"ListItem","position":2,"name":"Boutique","item":"https:\/\/amaruantiques.com\/fr\/boutique\/"},{"@type":"ListItem","position":3,"name":"Ancienne table \u00e0 \u00e9crire (c.1920) #57"}]},{"@type":"WebSite","@id":"https:\/\/amaruantiques.com\/#website","url":"https:\/\/amaruantiques.com\/","name":"AMARU - Timeless Antiques","description":"Timeless antiques","publisher":{"@id":"https:\/\/amaruantiques.com\/#organization"},"potentialAction":[{"@type":"SearchAction","target":{"@type":"EntryPoint","urlTemplate":"https:\/\/amaruantiques.com\/?s={search_term_string}"},"query-input":{"@type":"PropertyValueSpecification","valueRequired":true,"valueName":"search_term_string"}}],"inLanguage":"fr-FR"},{"@type":"Organization","@id":"https:\/\/amaruantiques.com\/#organization","name":"AMARU","url":"https:\/\/amaruantiques.com\/","logo":{"@type":"ImageObject","inLanguage":"fr-FR","@id":"https:\/\/amaruantiques.com\/#\/schema\/logo\/image\/","url":"https:\/\/amaruoptim.stg.uzero.cat\/wp-content\/uploads\/2025\/04\/logo-AMARU.svg","contentUrl":"https:\/\/amaruoptim.stg.uzero.cat\/wp-content\/uploads\/2025\/04\/logo-AMARU.svg","caption":"AMARU"},"image":{"@id":"https:\/\/amaruantiques.com\/#\/schema\/logo\/image\/"}}]}},"_links":{"self":[{"href":"https:\/\/amaruoptim.stg.uzero.cat\/fr\/wp-json\/wp\/v2\/product\/213684","targetHints":{"allow":["GET"]}}],"collection":[{"href":"https:\/\/amaruoptim.stg.uzero.cat\/fr\/wp-json\/wp\/v2\/product"}],"about":[{"href":"https:\/\/amaruoptim.stg.uzero.cat\/fr\/wp-json\/wp\/v2\/types\/product"}],"wp:featuredmedia":[{"embeddable":true,"href":"https:\/\/amaruoptim.stg.uzero.cat\/fr\/wp-json\/wp\/v2\/media\/198196"}],"wp:attachment":[{"href":"https:\/\/amaruoptim.stg.uzero.cat\/fr\/wp-json\/wp\/v2\/media?parent=213684"}],"wp:term":[{"taxonomy":"product_brand","embeddable":true,"href":"https:\/\/amaruoptim.stg.uzero.cat\/fr\/wp-json\/wp\/v2\/product_brand?post=213684"},{"taxonomy":"product_cat","embeddable":true,"href":"https:\/\/amaruoptim.stg.uzero.cat\/fr\/wp-json\/wp\/v2\/product_cat?post=213684"},{"taxonomy":"product_tag","embeddable":true,"href":"https:\/\/amaruoptim.stg.uzero.cat\/fr\/wp-json\/wp\/v2\/product_tag?post=213684"}],"curies":[{"name":"wp","href":"https:\/\/api.w.org\/{rel}","templated":true}]}}