{"id":213674,"date":"2025-02-25T09:04:18","date_gmt":"2025-02-25T09:04:19","guid":{"rendered":"https:\/\/amaruantiques.com\/?post_type=product&#038;p=213674"},"modified":"2025-06-26T15:57:23","modified_gmt":"2025-06-26T15:57:23","slug":"anciennes-chaises-en-bois-courbe-c-1940-ensemble-de-4-pieces-5-am21011-s4-5","status":"publish","type":"product","link":"https:\/\/amaruoptim.stg.uzero.cat\/fr\/meubles-anciens\/chaises-anciennes\/anciennes-chaises-en-bois-courbe-c-1940-ensemble-de-4-pieces-5-am21011-s4-5\/","title":{"rendered":"Anciennes chaises Thonet en bois courb\u00e9 (c.1940). Ensemble de 4 pi\u00e8ces #5"},"content":{"rendered":"<p><strong>Anciennes chaises Thonet en bois courb\u00e9<\/strong> (c.1920)<\/p>\n<ul>\n<li><strong>Dimensions :<\/strong>\n<ul>\n<li>Pi\u00e8ce #1 : Largeur : 44 cm Profondeur : 45 cm Hauteur : 90 cm Assise : 48 cm<\/li>\n<li>Pi\u00e8ce n\u00b02 : Largeur : 44 cm Profondeur : 45 cm Hauteur : 90 cm Assise : 48 cm<\/li>\n<li>Pi\u00e8ce n\u00b03 : Largeur : 40 cm Profondeur : 51 cm Hauteur : 91 cm Assise : 47 cm<\/li>\n<li>Partie #4 : Largeur : 43 cm Profondeur : 46 cm Hauteur : 91 cm Assise : 47 cm<\/li>\n<\/ul>\n<\/li>\n<li><strong>Style : <\/strong>S\u00e9cession de Vienne<\/li>\n<li><strong>Mat\u00e9riaux et techniques :<\/strong> H\u00eatre, bois courb\u00e9<\/li>\n<li><strong>Lieu d&#8217;origine :<\/strong> Europe centrale<\/li>\n<li><strong>P\u00e9riode :<\/strong> D\u00e9but du 20e si\u00e8cle<\/li>\n<li><strong>Date de fabrication :<\/strong> Vers 1940<\/li>\n<li><strong>\u00c9tat :<\/strong> Bon \u00e9tat. Usure correspond \u00e0 l&#8217;\u00e2ge et \u00e0 l&#8217;utilisation.<\/li>\n<\/ul>\n<p>Nos\u00a0<em>chaises de salle \u00e0 manger anciennes <\/em>sont des pi\u00e8ces uniques qui se distinguent par :<\/p>\n<ul>\n<li style=\"list-style-type: none\">\n<ul>\n<li>Son bois de h\u00eatre a \u00e9t\u00e9 s\u00e9lectionn\u00e9 sans n\u0153uds ni d\u00e9fauts de qualit\u00e9 afin qu\u2019il puisse \u00eatre trait\u00e9 \u00e0 la vapeur pour obtenir la meilleure courbure.<\/li>\n<li>Ce sont bel et bien des chaises Thonet, m\u00eame si aucune estampille ni marque ne vient en attester l\u2019authenticit\u00e9.<\/li>\n<\/ul>\n<\/li>\n<\/ul>\n<p>Il est en excellent \u00e9tat de conservation, \u00e0 l&#8217;exception des imperfections caract\u00e9ristiques de toute antiquit\u00e9, dues au passage du temps.<\/p>\n<p>Ajoutez une touche d&#8217;originalit\u00e9 \u00e0 votre int\u00e9rieur avec ces pi\u00e8ces uniques, qui se fondent dans le style contemporain et apportent de la personnalit\u00e9 \u00e0 votre int\u00e9rieur. Cet ensemble de chaises en bois courb\u00e9 peut \u00eatre combin\u00e9 avec n&#8217;importe laquelle de nos <a href=\"https:\/\/amaruantiques.com\/fr\/categoria-producto\/armoires-anciennes\/\">armoires<\/a>. ou avec nos <a href=\"https:\/\/amaruantiques.com\/fr\/categoria-producto\/malles-anciennes\/\">malles anciennes<\/a> disponibles.<\/p>\n<p><em>PI\u00c8CES UNIQUES<\/em><\/p>\n","protected":false},"excerpt":{"rendered":"<p>Anciennes chaises Thonet en bois courb\u00e9 (c.1920) Dimensions : Pi\u00e8ce #1 : Largeur : 44 cm Profondeur : 45 cm Hauteur : 90 cm Assise : 48 cm Pi\u00e8ce n\u00b02 : Largeur : 44 cm Profondeur : 45 cm Hauteur : 90 cm Assise : 48 cm Pi\u00e8ce n\u00b03 : Largeur : 40 cm Profondeur [&hellip;]<\/p>\n","protected":false},"featured_media":197803,"template":"","meta":[],"product_brand":[],"product_cat":[640,618],"product_tag":[],"class_list":{"0":"post-213674","1":"product","2":"type-product","3":"status-publish","4":"has-post-thumbnail","6":"product_cat-chaises-thonet","7":"product_cat-chaises-anciennes","8":"product_shipping_class-gran-cargo-625-fr","9":"pa_estilo-secession-de-vienne","11":"first","12":"instock","13":"taxable","14":"shipping-taxable","15":"purchasable","16":"product-type-simple"},"yoast_head":"<!-- This site is optimized with the Yoast SEO plugin v26.0 - https:\/\/yoast.com\/wordpress\/plugins\/seo\/ -->\n<title>Chaises en bois courb\u00e9 | Chaises Thonet | AMARU ANTIQUES<\/title>\n<meta name=\"description\" content=\"Anciennes chaises Thonet en bois courb\u00e9 (vers 1940). Venez d\u00e9couvrir notre plus belle collection de pi\u00e8ces uniques et de tr\u00e9sors du monde entier...\" \/>\n<meta name=\"robots\" content=\"index, follow, max-snippet:-1, max-image-preview:large, max-video-preview:-1\" \/>\n<link rel=\"canonical\" href=\"https:\/\/amaruoptim.stg.uzero.cat\/fr\/meubles-anciens\/chaises-anciennes\/anciennes-chaises-en-bois-courbe-c-1940-ensemble-de-4-pieces-5-am21011-s4-5\/\" \/>\n<meta property=\"og:locale\" content=\"fr_FR\" \/>\n<meta property=\"og:type\" content=\"article\" \/>\n<meta property=\"og:title\" content=\"Chaises en bois courb\u00e9 | Chaises Thonet | AMARU ANTIQUES\" \/>\n<meta property=\"og:description\" content=\"Anciennes chaises Thonet en bois courb\u00e9 (vers 1940). Venez d\u00e9couvrir notre plus belle collection de pi\u00e8ces uniques et de tr\u00e9sors du monde entier...\" \/>\n<meta property=\"og:url\" content=\"https:\/\/amaruoptim.stg.uzero.cat\/fr\/meubles-anciens\/chaises-anciennes\/anciennes-chaises-en-bois-courbe-c-1940-ensemble-de-4-pieces-5-am21011-s4-5\/\" \/>\n<meta property=\"og:site_name\" content=\"AMARU\" \/>\n<meta property=\"article:modified_time\" content=\"2025-06-26T15:57:23+00:00\" \/>\n<meta property=\"og:image\" content=\"https:\/\/amaruantiques.com\/wp-content\/uploads\/2025\/06\/AM21011-S4-5-D-11.jpg\" \/>\n\t<meta property=\"og:image:width\" content=\"1600\" \/>\n\t<meta property=\"og:image:height\" content=\"1600\" \/>\n\t<meta property=\"og:image:type\" content=\"image\/jpeg\" \/>\n<meta name=\"twitter:card\" content=\"summary_large_image\" \/>\n<meta name=\"twitter:label1\" content=\"Dur\u00e9e de lecture estim\u00e9e\" \/>\n\t<meta name=\"twitter:data1\" content=\"1 minute\" \/>\n<!-- \/ Yoast SEO plugin. -->","yoast_head_json":{"title":"Chaises en bois courb\u00e9 | Chaises Thonet | AMARU ANTIQUES","description":"Anciennes chaises Thonet en bois courb\u00e9 (vers 1940). Venez d\u00e9couvrir notre plus belle collection de pi\u00e8ces uniques et de tr\u00e9sors du monde entier...","robots":{"index":"index","follow":"follow","max-snippet":"max-snippet:-1","max-image-preview":"max-image-preview:large","max-video-preview":"max-video-preview:-1"},"canonical":"https:\/\/amaruoptim.stg.uzero.cat\/fr\/meubles-anciens\/chaises-anciennes\/anciennes-chaises-en-bois-courbe-c-1940-ensemble-de-4-pieces-5-am21011-s4-5\/","og_locale":"fr_FR","og_type":"article","og_title":"Chaises en bois courb\u00e9 | Chaises Thonet | AMARU ANTIQUES","og_description":"Anciennes chaises Thonet en bois courb\u00e9 (vers 1940). Venez d\u00e9couvrir notre plus belle collection de pi\u00e8ces uniques et de tr\u00e9sors du monde entier...","og_url":"https:\/\/amaruoptim.stg.uzero.cat\/fr\/meubles-anciens\/chaises-anciennes\/anciennes-chaises-en-bois-courbe-c-1940-ensemble-de-4-pieces-5-am21011-s4-5\/","og_site_name":"AMARU","article_modified_time":"2025-06-26T15:57:23+00:00","og_image":[{"width":1600,"height":1600,"url":"https:\/\/amaruantiques.com\/wp-content\/uploads\/2025\/06\/AM21011-S4-5-D-11.jpg","type":"image\/jpeg"}],"twitter_card":"summary_large_image","twitter_misc":{"Dur\u00e9e de lecture estim\u00e9e":"1 minute"},"schema":{"@context":"https:\/\/schema.org","@graph":[{"@type":"WebPage","@id":"https:\/\/amaruoptim.stg.uzero.cat\/fr\/meubles-anciens\/chaises-anciennes\/anciennes-chaises-en-bois-courbe-c-1940-ensemble-de-4-pieces-5-am21011-s4-5\/","url":"https:\/\/amaruoptim.stg.uzero.cat\/fr\/meubles-anciens\/chaises-anciennes\/anciennes-chaises-en-bois-courbe-c-1940-ensemble-de-4-pieces-5-am21011-s4-5\/","name":"Chaises en bois courb\u00e9 | Chaises Thonet | AMARU ANTIQUES","isPartOf":{"@id":"https:\/\/amaruantiques.com\/#website"},"primaryImageOfPage":{"@id":"https:\/\/amaruoptim.stg.uzero.cat\/fr\/meubles-anciens\/chaises-anciennes\/anciennes-chaises-en-bois-courbe-c-1940-ensemble-de-4-pieces-5-am21011-s4-5\/#primaryimage"},"image":{"@id":"https:\/\/amaruoptim.stg.uzero.cat\/fr\/meubles-anciens\/chaises-anciennes\/anciennes-chaises-en-bois-courbe-c-1940-ensemble-de-4-pieces-5-am21011-s4-5\/#primaryimage"},"thumbnailUrl":"https:\/\/amaruoptim.stg.uzero.cat\/wp-content\/uploads\/2025\/06\/AM21011-S4-5-D-11.jpg","datePublished":"2025-02-25T09:04:19+00:00","dateModified":"2025-06-26T15:57:23+00:00","description":"Anciennes chaises Thonet en bois courb\u00e9 (vers 1940). Venez d\u00e9couvrir notre plus belle collection de pi\u00e8ces uniques et de tr\u00e9sors du monde entier...","breadcrumb":{"@id":"https:\/\/amaruoptim.stg.uzero.cat\/fr\/meubles-anciens\/chaises-anciennes\/anciennes-chaises-en-bois-courbe-c-1940-ensemble-de-4-pieces-5-am21011-s4-5\/#breadcrumb"},"inLanguage":"fr-FR","potentialAction":[{"@type":"ReadAction","target":["https:\/\/amaruoptim.stg.uzero.cat\/fr\/meubles-anciens\/chaises-anciennes\/anciennes-chaises-en-bois-courbe-c-1940-ensemble-de-4-pieces-5-am21011-s4-5\/"]}]},{"@type":"ImageObject","inLanguage":"fr-FR","@id":"https:\/\/amaruoptim.stg.uzero.cat\/fr\/meubles-anciens\/chaises-anciennes\/anciennes-chaises-en-bois-courbe-c-1940-ensemble-de-4-pieces-5-am21011-s4-5\/#primaryimage","url":"https:\/\/amaruoptim.stg.uzero.cat\/wp-content\/uploads\/2025\/06\/AM21011-S4-5-D-11.jpg","contentUrl":"https:\/\/amaruoptim.stg.uzero.cat\/wp-content\/uploads\/2025\/06\/AM21011-S4-5-D-11.jpg","width":1600,"height":1600},{"@type":"BreadcrumbList","@id":"https:\/\/amaruoptim.stg.uzero.cat\/fr\/meubles-anciens\/chaises-anciennes\/anciennes-chaises-en-bois-courbe-c-1940-ensemble-de-4-pieces-5-am21011-s4-5\/#breadcrumb","itemListElement":[{"@type":"ListItem","position":1,"name":"Accueil","item":"https:\/\/amaruantiques.com\/fr\/"},{"@type":"ListItem","position":2,"name":"Boutique","item":"https:\/\/amaruantiques.com\/fr\/boutique\/"},{"@type":"ListItem","position":3,"name":"Anciennes chaises Thonet en bois courb\u00e9 (c.1940). Ensemble de 4 pi\u00e8ces #5"}]},{"@type":"WebSite","@id":"https:\/\/amaruantiques.com\/#website","url":"https:\/\/amaruantiques.com\/","name":"AMARU - Timeless Antiques","description":"Timeless antiques","publisher":{"@id":"https:\/\/amaruantiques.com\/#organization"},"potentialAction":[{"@type":"SearchAction","target":{"@type":"EntryPoint","urlTemplate":"https:\/\/amaruantiques.com\/?s={search_term_string}"},"query-input":{"@type":"PropertyValueSpecification","valueRequired":true,"valueName":"search_term_string"}}],"inLanguage":"fr-FR"},{"@type":"Organization","@id":"https:\/\/amaruantiques.com\/#organization","name":"AMARU","url":"https:\/\/amaruantiques.com\/","logo":{"@type":"ImageObject","inLanguage":"fr-FR","@id":"https:\/\/amaruantiques.com\/#\/schema\/logo\/image\/","url":"https:\/\/amaruoptim.stg.uzero.cat\/wp-content\/uploads\/2025\/04\/logo-AMARU.svg","contentUrl":"https:\/\/amaruoptim.stg.uzero.cat\/wp-content\/uploads\/2025\/04\/logo-AMARU.svg","caption":"AMARU"},"image":{"@id":"https:\/\/amaruantiques.com\/#\/schema\/logo\/image\/"}}]}},"_links":{"self":[{"href":"https:\/\/amaruoptim.stg.uzero.cat\/fr\/wp-json\/wp\/v2\/product\/213674","targetHints":{"allow":["GET"]}}],"collection":[{"href":"https:\/\/amaruoptim.stg.uzero.cat\/fr\/wp-json\/wp\/v2\/product"}],"about":[{"href":"https:\/\/amaruoptim.stg.uzero.cat\/fr\/wp-json\/wp\/v2\/types\/product"}],"wp:featuredmedia":[{"embeddable":true,"href":"https:\/\/amaruoptim.stg.uzero.cat\/fr\/wp-json\/wp\/v2\/media\/197803"}],"wp:attachment":[{"href":"https:\/\/amaruoptim.stg.uzero.cat\/fr\/wp-json\/wp\/v2\/media?parent=213674"}],"wp:term":[{"taxonomy":"product_brand","embeddable":true,"href":"https:\/\/amaruoptim.stg.uzero.cat\/fr\/wp-json\/wp\/v2\/product_brand?post=213674"},{"taxonomy":"product_cat","embeddable":true,"href":"https:\/\/amaruoptim.stg.uzero.cat\/fr\/wp-json\/wp\/v2\/product_cat?post=213674"},{"taxonomy":"product_tag","embeddable":true,"href":"https:\/\/amaruoptim.stg.uzero.cat\/fr\/wp-json\/wp\/v2\/product_tag?post=213674"}],"curies":[{"name":"wp","href":"https:\/\/api.w.org\/{rel}","templated":true}]}}