{"id":213661,"date":"2025-02-21T10:33:02","date_gmt":"2025-02-21T10:33:03","guid":{"rendered":"https:\/\/amaruantiques.com\/?post_type=product&#038;p=213661"},"modified":"2025-06-26T15:57:18","modified_gmt":"2025-06-26T15:57:18","slug":"chaises-thonet-vintage-c-1950-ensemble-de-2-pieces-5-am20079-s2-5","status":"publish","type":"product","link":"https:\/\/amaruoptim.stg.uzero.cat\/fr\/meubles-anciens\/chaises-anciennes\/chaises-thonet-vintage-c-1950-ensemble-de-2-pieces-5-am20079-s2-5\/","title":{"rendered":"Chaises Thonet vintage (c.1950). Ensemble de 2 pi\u00e8ces #5"},"content":{"rendered":"<p><strong>Chaises Thonet vintage. Ensemble de 2 pi\u00e8ces<\/strong>\u00a0(c.1950)<\/p>\n<ul>\n<li><strong>Dimensions :<\/strong>\n<ul>\n<li>Pi\u00e8ce n\u00ba1 : Largeur : 41 cm Profondeur : 48 cm Hauteur : 83 cm Assise : 44 cm<\/li>\n<li>Pi\u00e8ce n\u00b02 : Largeur : 41 cm Profondeur : 45 cm Hauteur : 82 cm Assise : 42 cm<\/li>\n<\/ul>\n<\/li>\n<li><strong>Style : <\/strong>S\u00e9cession de Vienne<\/li>\n<li><strong>Mat\u00e9riaux et techniques :<\/strong> H\u00eatre, bois courb\u00e9<\/li>\n<li><strong>Lieu d&#8217;origine :<\/strong> Europe centrale<\/li>\n<li><strong>P\u00e9riode :<\/strong> D\u00e9but du 20e si\u00e8cle<\/li>\n<li><strong>Date de fabrication :<\/strong> Vers 1950<\/li>\n<li><strong>\u00c9tat :<\/strong> Bon \u00e9tat. Usure correspond \u00e0 l&#8217;\u00e2ge et \u00e0 l&#8217;utilisation.<\/li>\n<\/ul>\n<p>Nos<em> chaises<\/em> Thonet<em> vintage<\/em> sont des pi\u00e8ces uniques qui se distinguent par leur qualit\u00e9 :<\/p>\n<ul>\n<li style=\"list-style-type: none\">\n<ul>\n<li>L&#8217;une des chaises porte l&#8217;estampille originale de TON, la c\u00e9l\u00e8bre soci\u00e9t\u00e9 tch\u00e8que qui a h\u00e9rit\u00e9 de la tradition des fr\u00e8res Thonet, pionniers de la fabrication de meubles en bois courb\u00e9.<\/li>\n<li>Son style polyvalent et intemporel peut \u00eatre le compl\u00e9ment parfait d&#8217;une table \u00e0 manger, d&#8217;un salon ou de tout autre espace contemporain.<\/li>\n<\/ul>\n<\/li>\n<\/ul>\n<p>Il est en excellent \u00e9tat de conservation, \u00e0 l&#8217;exception des imperfections caract\u00e9ristiques de toute antiquit\u00e9, dues au passage du temps.<\/p>\n<p>Ajoutez une touche d&#8217;originalit\u00e9 \u00e0 votre int\u00e9rieur avec ces pi\u00e8ces uniques, qui se marient avec le style contemporain et apportent de la personnalit\u00e9 \u00e0 votre int\u00e9rieur. Cet ensemble de chaises Thonet anciennes peut \u00eatre associ\u00e9 \u00e0 l&#8217;un de nos <a href=\"https:\/\/amaruantiques.com\/fr\/categoria-producto\/buffets-anciens\/\">buffets<\/a> ou \u00e0 nos <a href=\"https:\/\/amaruantiques.com\/fr\/categoria-producto\/coussins-en-lin\/\">coussins en lin anciens<\/a> disponibles.<\/p>\n<p><em>PI\u00c8CES UNIQUES<\/em><\/p>\n","protected":false},"excerpt":{"rendered":"<p>Chaises Thonet vintage. Ensemble de 2 pi\u00e8ces\u00a0(c.1950) Dimensions : Pi\u00e8ce n\u00ba1 : Largeur : 41 cm Profondeur : 48 cm Hauteur : 83 cm Assise : 44 cm Pi\u00e8ce n\u00b02 : Largeur : 41 cm Profondeur : 45 cm Hauteur : 82 cm Assise : 42 cm Style : S\u00e9cession de Vienne Mat\u00e9riaux et techniques [&hellip;]<\/p>\n","protected":false},"featured_media":197316,"template":"","meta":[],"product_brand":[],"product_cat":[640,618],"product_tag":[],"class_list":{"0":"post-213661","1":"product","2":"type-product","3":"status-publish","4":"has-post-thumbnail","6":"product_cat-chaises-thonet","7":"product_cat-chaises-anciennes","8":"product_shipping_class-extra-large-250-fr","9":"pa_estilo-secession-de-vienne","11":"first","12":"instock","13":"taxable","14":"shipping-taxable","15":"purchasable","16":"product-type-simple"},"yoast_head":"<!-- This site is optimized with the Yoast SEO plugin v26.0 - https:\/\/yoast.com\/wordpress\/plugins\/seo\/ -->\n<title>Chaises Thonet vintage | Chaises en bois courb\u00e9 | AMARU<\/title>\n<meta name=\"description\" content=\"Chaises vintage Thonet (c.1950). Transformez vos espaces avec notre s\u00e9lection de chaises anciennes et vintage, sp\u00e9cialement s\u00e9lectionn\u00e9es pour votre int\u00e9rieur.\" \/>\n<meta name=\"robots\" content=\"index, follow, max-snippet:-1, max-image-preview:large, max-video-preview:-1\" \/>\n<link rel=\"canonical\" href=\"https:\/\/amaruoptim.stg.uzero.cat\/fr\/meubles-anciens\/chaises-anciennes\/chaises-thonet-vintage-c-1950-ensemble-de-2-pieces-5-am20079-s2-5\/\" \/>\n<meta property=\"og:locale\" content=\"fr_FR\" \/>\n<meta property=\"og:type\" content=\"article\" \/>\n<meta property=\"og:title\" content=\"Chaises Thonet vintage | Chaises en bois courb\u00e9 | AMARU\" \/>\n<meta property=\"og:description\" content=\"Chaises vintage Thonet (c.1950). Transformez vos espaces avec notre s\u00e9lection de chaises anciennes et vintage, sp\u00e9cialement s\u00e9lectionn\u00e9es pour votre int\u00e9rieur.\" \/>\n<meta property=\"og:url\" content=\"https:\/\/amaruoptim.stg.uzero.cat\/fr\/meubles-anciens\/chaises-anciennes\/chaises-thonet-vintage-c-1950-ensemble-de-2-pieces-5-am20079-s2-5\/\" \/>\n<meta property=\"og:site_name\" content=\"AMARU\" \/>\n<meta property=\"article:modified_time\" content=\"2025-06-26T15:57:18+00:00\" \/>\n<meta property=\"og:image\" content=\"https:\/\/amaruantiques.com\/wp-content\/uploads\/2025\/06\/AM20079-S2-5-D-14.jpg\" \/>\n\t<meta property=\"og:image:width\" content=\"1600\" \/>\n\t<meta property=\"og:image:height\" content=\"1600\" \/>\n\t<meta property=\"og:image:type\" content=\"image\/jpeg\" \/>\n<meta name=\"twitter:card\" content=\"summary_large_image\" \/>\n<meta name=\"twitter:label1\" content=\"Dur\u00e9e de lecture estim\u00e9e\" \/>\n\t<meta name=\"twitter:data1\" content=\"1 minute\" \/>\n<!-- \/ Yoast SEO plugin. -->","yoast_head_json":{"title":"Chaises Thonet vintage | Chaises en bois courb\u00e9 | AMARU","description":"Chaises vintage Thonet (c.1950). Transformez vos espaces avec notre s\u00e9lection de chaises anciennes et vintage, sp\u00e9cialement s\u00e9lectionn\u00e9es pour votre int\u00e9rieur.","robots":{"index":"index","follow":"follow","max-snippet":"max-snippet:-1","max-image-preview":"max-image-preview:large","max-video-preview":"max-video-preview:-1"},"canonical":"https:\/\/amaruoptim.stg.uzero.cat\/fr\/meubles-anciens\/chaises-anciennes\/chaises-thonet-vintage-c-1950-ensemble-de-2-pieces-5-am20079-s2-5\/","og_locale":"fr_FR","og_type":"article","og_title":"Chaises Thonet vintage | Chaises en bois courb\u00e9 | AMARU","og_description":"Chaises vintage Thonet (c.1950). Transformez vos espaces avec notre s\u00e9lection de chaises anciennes et vintage, sp\u00e9cialement s\u00e9lectionn\u00e9es pour votre int\u00e9rieur.","og_url":"https:\/\/amaruoptim.stg.uzero.cat\/fr\/meubles-anciens\/chaises-anciennes\/chaises-thonet-vintage-c-1950-ensemble-de-2-pieces-5-am20079-s2-5\/","og_site_name":"AMARU","article_modified_time":"2025-06-26T15:57:18+00:00","og_image":[{"width":1600,"height":1600,"url":"https:\/\/amaruantiques.com\/wp-content\/uploads\/2025\/06\/AM20079-S2-5-D-14.jpg","type":"image\/jpeg"}],"twitter_card":"summary_large_image","twitter_misc":{"Dur\u00e9e de lecture estim\u00e9e":"1 minute"},"schema":{"@context":"https:\/\/schema.org","@graph":[{"@type":"WebPage","@id":"https:\/\/amaruoptim.stg.uzero.cat\/fr\/meubles-anciens\/chaises-anciennes\/chaises-thonet-vintage-c-1950-ensemble-de-2-pieces-5-am20079-s2-5\/","url":"https:\/\/amaruoptim.stg.uzero.cat\/fr\/meubles-anciens\/chaises-anciennes\/chaises-thonet-vintage-c-1950-ensemble-de-2-pieces-5-am20079-s2-5\/","name":"Chaises Thonet vintage | Chaises en bois courb\u00e9 | AMARU","isPartOf":{"@id":"https:\/\/amaruantiques.com\/#website"},"primaryImageOfPage":{"@id":"https:\/\/amaruoptim.stg.uzero.cat\/fr\/meubles-anciens\/chaises-anciennes\/chaises-thonet-vintage-c-1950-ensemble-de-2-pieces-5-am20079-s2-5\/#primaryimage"},"image":{"@id":"https:\/\/amaruoptim.stg.uzero.cat\/fr\/meubles-anciens\/chaises-anciennes\/chaises-thonet-vintage-c-1950-ensemble-de-2-pieces-5-am20079-s2-5\/#primaryimage"},"thumbnailUrl":"https:\/\/amaruoptim.stg.uzero.cat\/wp-content\/uploads\/2025\/06\/AM20079-S2-5-D-14.jpg","datePublished":"2025-02-21T10:33:03+00:00","dateModified":"2025-06-26T15:57:18+00:00","description":"Chaises vintage Thonet (c.1950). Transformez vos espaces avec notre s\u00e9lection de chaises anciennes et vintage, sp\u00e9cialement s\u00e9lectionn\u00e9es pour votre int\u00e9rieur.","breadcrumb":{"@id":"https:\/\/amaruoptim.stg.uzero.cat\/fr\/meubles-anciens\/chaises-anciennes\/chaises-thonet-vintage-c-1950-ensemble-de-2-pieces-5-am20079-s2-5\/#breadcrumb"},"inLanguage":"fr-FR","potentialAction":[{"@type":"ReadAction","target":["https:\/\/amaruoptim.stg.uzero.cat\/fr\/meubles-anciens\/chaises-anciennes\/chaises-thonet-vintage-c-1950-ensemble-de-2-pieces-5-am20079-s2-5\/"]}]},{"@type":"ImageObject","inLanguage":"fr-FR","@id":"https:\/\/amaruoptim.stg.uzero.cat\/fr\/meubles-anciens\/chaises-anciennes\/chaises-thonet-vintage-c-1950-ensemble-de-2-pieces-5-am20079-s2-5\/#primaryimage","url":"https:\/\/amaruoptim.stg.uzero.cat\/wp-content\/uploads\/2025\/06\/AM20079-S2-5-D-14.jpg","contentUrl":"https:\/\/amaruoptim.stg.uzero.cat\/wp-content\/uploads\/2025\/06\/AM20079-S2-5-D-14.jpg","width":1600,"height":1600},{"@type":"BreadcrumbList","@id":"https:\/\/amaruoptim.stg.uzero.cat\/fr\/meubles-anciens\/chaises-anciennes\/chaises-thonet-vintage-c-1950-ensemble-de-2-pieces-5-am20079-s2-5\/#breadcrumb","itemListElement":[{"@type":"ListItem","position":1,"name":"Accueil","item":"https:\/\/amaruantiques.com\/fr\/"},{"@type":"ListItem","position":2,"name":"Boutique","item":"https:\/\/amaruantiques.com\/fr\/boutique\/"},{"@type":"ListItem","position":3,"name":"Chaises Thonet vintage (c.1950). Ensemble de 2 pi\u00e8ces #5"}]},{"@type":"WebSite","@id":"https:\/\/amaruantiques.com\/#website","url":"https:\/\/amaruantiques.com\/","name":"AMARU - Timeless Antiques","description":"Timeless antiques","publisher":{"@id":"https:\/\/amaruantiques.com\/#organization"},"potentialAction":[{"@type":"SearchAction","target":{"@type":"EntryPoint","urlTemplate":"https:\/\/amaruantiques.com\/?s={search_term_string}"},"query-input":{"@type":"PropertyValueSpecification","valueRequired":true,"valueName":"search_term_string"}}],"inLanguage":"fr-FR"},{"@type":"Organization","@id":"https:\/\/amaruantiques.com\/#organization","name":"AMARU","url":"https:\/\/amaruantiques.com\/","logo":{"@type":"ImageObject","inLanguage":"fr-FR","@id":"https:\/\/amaruantiques.com\/#\/schema\/logo\/image\/","url":"https:\/\/amaruoptim.stg.uzero.cat\/wp-content\/uploads\/2025\/04\/logo-AMARU.svg","contentUrl":"https:\/\/amaruoptim.stg.uzero.cat\/wp-content\/uploads\/2025\/04\/logo-AMARU.svg","caption":"AMARU"},"image":{"@id":"https:\/\/amaruantiques.com\/#\/schema\/logo\/image\/"}}]}},"_links":{"self":[{"href":"https:\/\/amaruoptim.stg.uzero.cat\/fr\/wp-json\/wp\/v2\/product\/213661","targetHints":{"allow":["GET"]}}],"collection":[{"href":"https:\/\/amaruoptim.stg.uzero.cat\/fr\/wp-json\/wp\/v2\/product"}],"about":[{"href":"https:\/\/amaruoptim.stg.uzero.cat\/fr\/wp-json\/wp\/v2\/types\/product"}],"wp:featuredmedia":[{"embeddable":true,"href":"https:\/\/amaruoptim.stg.uzero.cat\/fr\/wp-json\/wp\/v2\/media\/197316"}],"wp:attachment":[{"href":"https:\/\/amaruoptim.stg.uzero.cat\/fr\/wp-json\/wp\/v2\/media?parent=213661"}],"wp:term":[{"taxonomy":"product_brand","embeddable":true,"href":"https:\/\/amaruoptim.stg.uzero.cat\/fr\/wp-json\/wp\/v2\/product_brand?post=213661"},{"taxonomy":"product_cat","embeddable":true,"href":"https:\/\/amaruoptim.stg.uzero.cat\/fr\/wp-json\/wp\/v2\/product_cat?post=213661"},{"taxonomy":"product_tag","embeddable":true,"href":"https:\/\/amaruoptim.stg.uzero.cat\/fr\/wp-json\/wp\/v2\/product_tag?post=213661"}],"curies":[{"name":"wp","href":"https:\/\/api.w.org\/{rel}","templated":true}]}}