{"id":213655,"date":"2025-02-14T14:53:15","date_gmt":"2025-02-14T14:53:16","guid":{"rendered":"https:\/\/amaruantiques.com\/?post_type=product&#038;p=213655"},"modified":"2025-06-26T15:57:13","modified_gmt":"2025-06-26T15:57:13","slug":"ancien-ensemble-de-chaises-thonet-c-1920-ensemble-de-4-pieces-1-am21011-s4-1","status":"publish","type":"product","link":"https:\/\/amaruoptim.stg.uzero.cat\/fr\/meubles-anciens\/chaises-anciennes\/ancien-ensemble-de-chaises-thonet-c-1920-ensemble-de-4-pieces-1-am21011-s4-1\/","title":{"rendered":"Ancien ensemble de chaises Thonet (c.1920). Ensemble de 4 pi\u00e8ces #1"},"content":{"rendered":"<p><strong>Ancien ensemble de chaises Thonet<\/strong> (c.1920)<\/p>\n<ul>\n<li><strong>Dimensions: <\/strong>Largeur : 45 cm Profondeur : 44 cm Hauteur : 90 cm Assise : 48 cm<\/li>\n<li><strong>Style:<\/strong> S\u00e9cession de Vienne<\/li>\n<li><strong>Mat\u00e9riaux et techniques :<\/strong> H\u00eatre, bois courb\u00e9<\/li>\n<li><strong>Lieu d&#8217;origine :<\/strong> Europe centrale<\/li>\n<li><strong>P\u00e9riode :<\/strong> D\u00e9but du 20e si\u00e8cle<\/li>\n<li><strong>Date de fabrication :<\/strong> Vers 1900<\/li>\n<li><strong>\u00c9tat :<\/strong> Bon \u00e9tat. Usure correspond \u00e0 l&#8217;\u00e2ge et \u00e0 l&#8217;utilisation.<\/li>\n<\/ul>\n<p>Nos\u00a0<em>chaises de salle \u00e0 manger anciennes <\/em>sont des pi\u00e8ces uniques qui se distinguent par :<\/p>\n<ul>\n<li style=\"list-style-type: none\">\n<ul>\n<li>Son bois de h\u00eatre a \u00e9t\u00e9 s\u00e9lectionn\u00e9 sans n\u0153uds ni d\u00e9fauts de qualit\u00e9 afin qu\u2019il puisse \u00eatre trait\u00e9 \u00e0 la vapeur pour obtenir la meilleure courbure.<\/li>\n<li>Ce sont bel et bien des chaises Thonet, m\u00eame si aucune estampille ni marque ne vient en attester l\u2019authenticit\u00e9.<\/li>\n<li>Son style polyvalent et intemporel peut \u00eatre le compl\u00e9ment parfait d\u2019une table \u00e0 manger, d\u2019un salon ou de tout autre espace contemporain.<\/li>\n<\/ul>\n<\/li>\n<\/ul>\n<p>Il est en excellent \u00e9tat de conservation, \u00e0 l&#8217;exception des imperfections caract\u00e9ristiques de toute antiquit\u00e9, dues au passage du temps.<\/p>\n<p>Ajoutez une touche d&#8217;originalit\u00e9 \u00e0 votre int\u00e9rieur avec ces pi\u00e8ces uniques, qui s&#8217;int\u00e8grent au style contemporain et donnent de la personnalit\u00e9 \u00e0 votre int\u00e9rieur. Cet ancien ensemble de chaises Thonet peut \u00eatre associ\u00e9 \u00e0 l&#8217;une de nos <a href=\"https:\/\/amaruantiques.com\/fr\/categoria-producto\/consoles-anciennes\/\">tables consoles<\/a>. ou avec nos <a href=\"https:\/\/amaruantiques.com\/fr\/categoria-producto\/damme-jeannes-anciennes\/\">d\u00e9mijohns anciens<\/a> disponibles.<\/p>\n<p><em>PI\u00c8CES UNIQUES<\/em><\/p>\n","protected":false},"excerpt":{"rendered":"<p>Ancien ensemble de chaises Thonet (c.1920) Dimensions: Largeur : 45 cm Profondeur : 44 cm Hauteur : 90 cm Assise : 48 cm Style: S\u00e9cession de Vienne Mat\u00e9riaux et techniques : H\u00eatre, bois courb\u00e9 Lieu d&#8217;origine : Europe centrale P\u00e9riode : D\u00e9but du 20e si\u00e8cle Date de fabrication : Vers 1900 \u00c9tat : Bon \u00e9tat. [&hellip;]<\/p>\n","protected":false},"featured_media":197119,"template":"","meta":[],"product_brand":[],"product_cat":[640,618],"product_tag":[],"class_list":{"0":"post-213655","1":"product","2":"type-product","3":"status-publish","4":"has-post-thumbnail","6":"product_cat-chaises-thonet","7":"product_cat-chaises-anciennes","8":"product_shipping_class-gran-cargo-625-fr","9":"pa_estilo-secession-de-vienne","11":"first","12":"instock","13":"taxable","14":"shipping-taxable","15":"purchasable","16":"product-type-simple"},"yoast_head":"<!-- This site is optimized with the Yoast SEO plugin v26.0 - https:\/\/yoast.com\/wordpress\/plugins\/seo\/ -->\n<title>Ensemble ancien de chaises Thonet | Chaises en bois | AMARU<\/title>\n<meta name=\"description\" content=\"Ancien ensemble de chaises Thonet (c.1920). Venez d\u00e9couvrir notre plus belle collection de pi\u00e8ces uniques et de tr\u00e9sors du monde entier...\" \/>\n<meta name=\"robots\" content=\"index, follow, max-snippet:-1, max-image-preview:large, max-video-preview:-1\" \/>\n<link rel=\"canonical\" href=\"https:\/\/amaruoptim.stg.uzero.cat\/fr\/meubles-anciens\/chaises-anciennes\/ancien-ensemble-de-chaises-thonet-c-1920-ensemble-de-4-pieces-1-am21011-s4-1\/\" \/>\n<meta property=\"og:locale\" content=\"fr_FR\" \/>\n<meta property=\"og:type\" content=\"article\" \/>\n<meta property=\"og:title\" content=\"Ensemble ancien de chaises Thonet | Chaises en bois | AMARU\" \/>\n<meta property=\"og:description\" content=\"Ancien ensemble de chaises Thonet (c.1920). Venez d\u00e9couvrir notre plus belle collection de pi\u00e8ces uniques et de tr\u00e9sors du monde entier...\" \/>\n<meta property=\"og:url\" content=\"https:\/\/amaruoptim.stg.uzero.cat\/fr\/meubles-anciens\/chaises-anciennes\/ancien-ensemble-de-chaises-thonet-c-1920-ensemble-de-4-pieces-1-am21011-s4-1\/\" \/>\n<meta property=\"og:site_name\" content=\"AMARU\" \/>\n<meta property=\"article:modified_time\" content=\"2025-06-26T15:57:13+00:00\" \/>\n<meta property=\"og:image\" content=\"https:\/\/amaruantiques.com\/wp-content\/uploads\/2025\/06\/AM21011-S4-1-D-15.jpg\" \/>\n\t<meta property=\"og:image:width\" content=\"1600\" \/>\n\t<meta property=\"og:image:height\" content=\"1600\" \/>\n\t<meta property=\"og:image:type\" content=\"image\/jpeg\" \/>\n<meta name=\"twitter:card\" content=\"summary_large_image\" \/>\n<meta name=\"twitter:label1\" content=\"Dur\u00e9e de lecture estim\u00e9e\" \/>\n\t<meta name=\"twitter:data1\" content=\"1 minute\" \/>\n<!-- \/ Yoast SEO plugin. -->","yoast_head_json":{"title":"Ensemble ancien de chaises Thonet | Chaises en bois | AMARU","description":"Ancien ensemble de chaises Thonet (c.1920). Venez d\u00e9couvrir notre plus belle collection de pi\u00e8ces uniques et de tr\u00e9sors du monde entier...","robots":{"index":"index","follow":"follow","max-snippet":"max-snippet:-1","max-image-preview":"max-image-preview:large","max-video-preview":"max-video-preview:-1"},"canonical":"https:\/\/amaruoptim.stg.uzero.cat\/fr\/meubles-anciens\/chaises-anciennes\/ancien-ensemble-de-chaises-thonet-c-1920-ensemble-de-4-pieces-1-am21011-s4-1\/","og_locale":"fr_FR","og_type":"article","og_title":"Ensemble ancien de chaises Thonet | Chaises en bois | AMARU","og_description":"Ancien ensemble de chaises Thonet (c.1920). Venez d\u00e9couvrir notre plus belle collection de pi\u00e8ces uniques et de tr\u00e9sors du monde entier...","og_url":"https:\/\/amaruoptim.stg.uzero.cat\/fr\/meubles-anciens\/chaises-anciennes\/ancien-ensemble-de-chaises-thonet-c-1920-ensemble-de-4-pieces-1-am21011-s4-1\/","og_site_name":"AMARU","article_modified_time":"2025-06-26T15:57:13+00:00","og_image":[{"width":1600,"height":1600,"url":"https:\/\/amaruantiques.com\/wp-content\/uploads\/2025\/06\/AM21011-S4-1-D-15.jpg","type":"image\/jpeg"}],"twitter_card":"summary_large_image","twitter_misc":{"Dur\u00e9e de lecture estim\u00e9e":"1 minute"},"schema":{"@context":"https:\/\/schema.org","@graph":[{"@type":"WebPage","@id":"https:\/\/amaruoptim.stg.uzero.cat\/fr\/meubles-anciens\/chaises-anciennes\/ancien-ensemble-de-chaises-thonet-c-1920-ensemble-de-4-pieces-1-am21011-s4-1\/","url":"https:\/\/amaruoptim.stg.uzero.cat\/fr\/meubles-anciens\/chaises-anciennes\/ancien-ensemble-de-chaises-thonet-c-1920-ensemble-de-4-pieces-1-am21011-s4-1\/","name":"Ensemble ancien de chaises Thonet | Chaises en bois | AMARU","isPartOf":{"@id":"https:\/\/amaruantiques.com\/#website"},"primaryImageOfPage":{"@id":"https:\/\/amaruoptim.stg.uzero.cat\/fr\/meubles-anciens\/chaises-anciennes\/ancien-ensemble-de-chaises-thonet-c-1920-ensemble-de-4-pieces-1-am21011-s4-1\/#primaryimage"},"image":{"@id":"https:\/\/amaruoptim.stg.uzero.cat\/fr\/meubles-anciens\/chaises-anciennes\/ancien-ensemble-de-chaises-thonet-c-1920-ensemble-de-4-pieces-1-am21011-s4-1\/#primaryimage"},"thumbnailUrl":"https:\/\/amaruoptim.stg.uzero.cat\/wp-content\/uploads\/2025\/06\/AM21011-S4-1-D-15.jpg","datePublished":"2025-02-14T14:53:16+00:00","dateModified":"2025-06-26T15:57:13+00:00","description":"Ancien ensemble de chaises Thonet (c.1920). Venez d\u00e9couvrir notre plus belle collection de pi\u00e8ces uniques et de tr\u00e9sors du monde entier...","breadcrumb":{"@id":"https:\/\/amaruoptim.stg.uzero.cat\/fr\/meubles-anciens\/chaises-anciennes\/ancien-ensemble-de-chaises-thonet-c-1920-ensemble-de-4-pieces-1-am21011-s4-1\/#breadcrumb"},"inLanguage":"fr-FR","potentialAction":[{"@type":"ReadAction","target":["https:\/\/amaruoptim.stg.uzero.cat\/fr\/meubles-anciens\/chaises-anciennes\/ancien-ensemble-de-chaises-thonet-c-1920-ensemble-de-4-pieces-1-am21011-s4-1\/"]}]},{"@type":"ImageObject","inLanguage":"fr-FR","@id":"https:\/\/amaruoptim.stg.uzero.cat\/fr\/meubles-anciens\/chaises-anciennes\/ancien-ensemble-de-chaises-thonet-c-1920-ensemble-de-4-pieces-1-am21011-s4-1\/#primaryimage","url":"https:\/\/amaruoptim.stg.uzero.cat\/wp-content\/uploads\/2025\/06\/AM21011-S4-1-D-15.jpg","contentUrl":"https:\/\/amaruoptim.stg.uzero.cat\/wp-content\/uploads\/2025\/06\/AM21011-S4-1-D-15.jpg","width":1600,"height":1600},{"@type":"BreadcrumbList","@id":"https:\/\/amaruoptim.stg.uzero.cat\/fr\/meubles-anciens\/chaises-anciennes\/ancien-ensemble-de-chaises-thonet-c-1920-ensemble-de-4-pieces-1-am21011-s4-1\/#breadcrumb","itemListElement":[{"@type":"ListItem","position":1,"name":"Accueil","item":"https:\/\/amaruantiques.com\/fr\/"},{"@type":"ListItem","position":2,"name":"Boutique","item":"https:\/\/amaruantiques.com\/fr\/boutique\/"},{"@type":"ListItem","position":3,"name":"Ancien ensemble de chaises Thonet (c.1920). Ensemble de 4 pi\u00e8ces #1"}]},{"@type":"WebSite","@id":"https:\/\/amaruantiques.com\/#website","url":"https:\/\/amaruantiques.com\/","name":"AMARU - Timeless Antiques","description":"Timeless antiques","publisher":{"@id":"https:\/\/amaruantiques.com\/#organization"},"potentialAction":[{"@type":"SearchAction","target":{"@type":"EntryPoint","urlTemplate":"https:\/\/amaruantiques.com\/?s={search_term_string}"},"query-input":{"@type":"PropertyValueSpecification","valueRequired":true,"valueName":"search_term_string"}}],"inLanguage":"fr-FR"},{"@type":"Organization","@id":"https:\/\/amaruantiques.com\/#organization","name":"AMARU","url":"https:\/\/amaruantiques.com\/","logo":{"@type":"ImageObject","inLanguage":"fr-FR","@id":"https:\/\/amaruantiques.com\/#\/schema\/logo\/image\/","url":"https:\/\/amaruoptim.stg.uzero.cat\/wp-content\/uploads\/2025\/04\/logo-AMARU.svg","contentUrl":"https:\/\/amaruoptim.stg.uzero.cat\/wp-content\/uploads\/2025\/04\/logo-AMARU.svg","caption":"AMARU"},"image":{"@id":"https:\/\/amaruantiques.com\/#\/schema\/logo\/image\/"}}]}},"_links":{"self":[{"href":"https:\/\/amaruoptim.stg.uzero.cat\/fr\/wp-json\/wp\/v2\/product\/213655","targetHints":{"allow":["GET"]}}],"collection":[{"href":"https:\/\/amaruoptim.stg.uzero.cat\/fr\/wp-json\/wp\/v2\/product"}],"about":[{"href":"https:\/\/amaruoptim.stg.uzero.cat\/fr\/wp-json\/wp\/v2\/types\/product"}],"wp:featuredmedia":[{"embeddable":true,"href":"https:\/\/amaruoptim.stg.uzero.cat\/fr\/wp-json\/wp\/v2\/media\/197119"}],"wp:attachment":[{"href":"https:\/\/amaruoptim.stg.uzero.cat\/fr\/wp-json\/wp\/v2\/media?parent=213655"}],"wp:term":[{"taxonomy":"product_brand","embeddable":true,"href":"https:\/\/amaruoptim.stg.uzero.cat\/fr\/wp-json\/wp\/v2\/product_brand?post=213655"},{"taxonomy":"product_cat","embeddable":true,"href":"https:\/\/amaruoptim.stg.uzero.cat\/fr\/wp-json\/wp\/v2\/product_cat?post=213655"},{"taxonomy":"product_tag","embeddable":true,"href":"https:\/\/amaruoptim.stg.uzero.cat\/fr\/wp-json\/wp\/v2\/product_tag?post=213655"}],"curies":[{"name":"wp","href":"https:\/\/api.w.org\/{rel}","templated":true}]}}