{"id":213575,"date":"2024-12-18T15:28:16","date_gmt":"2024-12-25T22:14:38","guid":{"rendered":"https:\/\/amaruantiques.com\/?post_type=product&#038;p=213575"},"modified":"2025-06-26T15:56:32","modified_gmt":"2025-06-26T15:56:32","slug":"botellas-transparentes-antiguas-c-1920-conjunto-de-2-piezas-58","status":"publish","type":"product","link":"https:\/\/amaruoptim.stg.uzero.cat\/fr\/meubles-anciens\/damme-jeannes-anciennes\/botellas-transparentes-antiguas-c-1920-conjunto-de-2-piezas-58\/","title":{"rendered":"Anciennes bouteilles transparentes (c.1920). Ensemble de 2 pi\u00e8ces #58"},"content":{"rendered":"<p><strong>Anciennes bouteilles transparentes<\/strong> (c.1920)<\/p>\n<ul>\n<li><strong>Style :<\/strong> Provincial fran\u00e7ais<\/li>\n<li><strong>Mat\u00e9riaux et techniques :<\/strong> Verre<\/li>\n<li><strong>Lieu d&#8217;origine :<\/strong> France<\/li>\n<li><strong>P\u00e9riode :<\/strong> D\u00e9but du 20e si\u00e8cle<\/li>\n<li><strong>Date de fabrication :<\/strong> Vers 1900<\/li>\n<li><strong>\u00c9tat :<\/strong> Bon \u00e9tat. Usure correspond \u00e0 l&#8217;\u00e2ge et \u00e0 l&#8217;utilisation. <\/li>\n<\/ul>\n<p>Il est en excellent \u00e9tat de conservation, \u00e0 l&#8217;exception des imperfections caract\u00e9ristiques de toute antiquit\u00e9, dues au passage du temps.<\/p>\n<p>Donnez une touche d&#8217;originalit\u00e9 \u00e0 votre int\u00e9rieur avec ces pi\u00e8ces uniques, qui fusionnent avec le style contemporain en apportant de la personnalit\u00e9 \u00e0 votre int\u00e9rieur. Cet ensemble de bouteilles transparentes anciennes peut \u00eatre combin\u00e9 avec l&#8217;une de nos <a href=\"https:\/\/amaruantiques.com\/fr\/categoria-producto\/commodes-anciennes\/\">commodes<\/a> ou avec nos <a href=\"https:\/\/amaruantiques.com\/fr\/categoria-producto\/chaises-anciennes\/\">chaises anciennes<\/a> disponibles. <\/p>\n<p><em>PI\u00c8CES UNIQUES<\/em><\/p>\n","protected":false},"excerpt":{"rendered":"<ul>\n<li><strong>Dimensions :<\/strong><\/li>\n<li style=\"list-style-type: none;\">\n<ul>\n<li>Pi\u00e8ce n\u00b0 1 : Diam\u00e8tre : 14 cm Hauteur : 26 cm<\/li>\n<li>Pi\u00e8ce n\u00b0 2 : Diam\u00e8tre : 14 cm Hauteur : 27 cm<\/li>\n<\/ul>\n<\/li>\n<\/ul>\n","protected":false},"featured_media":192809,"template":"","meta":[],"product_brand":[],"product_cat":[624],"product_tag":[112],"class_list":{"0":"post-213575","1":"product","2":"type-product","3":"status-publish","4":"has-post-thumbnail","6":"product_cat-damme-jeannes-anciennes","7":"product_tag-vase","8":"product_shipping_class-medium-100-fr","9":"pa_estilo-provencal-francais","11":"first","12":"instock","13":"taxable","14":"shipping-taxable","15":"purchasable","16":"product-type-simple"},"yoast_head":"<!-- This site is optimized with the Yoast SEO plugin v26.0 - https:\/\/yoast.com\/wordpress\/plugins\/seo\/ -->\n<title>Bouteilles transparentes : Bouteilles en verre anciennes : AMARU<\/title>\n<meta name=\"description\" content=\"Anciennes bouteilles transparentes (c.1920). Laissez-vous inspirer par notre collection de vases anciens et transformez votre espace en un environnement \u00e0 l&#039;\u00e9l\u00e9gance intemporelle.\" \/>\n<meta name=\"robots\" content=\"index, follow, max-snippet:-1, max-image-preview:large, max-video-preview:-1\" \/>\n<link rel=\"canonical\" href=\"https:\/\/amaruoptim.stg.uzero.cat\/fr\/meubles-anciens\/damme-jeannes-anciennes\/botellas-transparentes-antiguas-c-1920-conjunto-de-2-piezas-58\/\" \/>\n<meta property=\"og:locale\" content=\"fr_FR\" \/>\n<meta property=\"og:type\" content=\"article\" \/>\n<meta property=\"og:title\" content=\"Bouteilles transparentes : Bouteilles en verre anciennes : AMARU\" \/>\n<meta property=\"og:description\" content=\"Anciennes bouteilles transparentes (c.1920). Laissez-vous inspirer par notre collection de vases anciens et transformez votre espace en un environnement \u00e0 l&#039;\u00e9l\u00e9gance intemporelle.\" \/>\n<meta property=\"og:url\" content=\"https:\/\/amaruoptim.stg.uzero.cat\/fr\/meubles-anciens\/damme-jeannes-anciennes\/botellas-transparentes-antiguas-c-1920-conjunto-de-2-piezas-58\/\" \/>\n<meta property=\"og:site_name\" content=\"AMARU\" \/>\n<meta property=\"article:modified_time\" content=\"2025-06-26T15:56:32+00:00\" \/>\n<meta property=\"og:image\" content=\"https:\/\/amaruantiques.com\/wp-content\/uploads\/2025\/06\/AM0D058-D-1-1.jpg\" \/>\n\t<meta property=\"og:image:width\" content=\"1600\" \/>\n\t<meta property=\"og:image:height\" content=\"1600\" \/>\n\t<meta property=\"og:image:type\" content=\"image\/jpeg\" \/>\n<meta name=\"twitter:card\" content=\"summary_large_image\" \/>\n<meta name=\"twitter:label1\" content=\"Dur\u00e9e de lecture estim\u00e9e\" \/>\n\t<meta name=\"twitter:data1\" content=\"1 minute\" \/>\n<!-- \/ Yoast SEO plugin. -->","yoast_head_json":{"title":"Bouteilles transparentes : Bouteilles en verre anciennes : AMARU","description":"Anciennes bouteilles transparentes (c.1920). Laissez-vous inspirer par notre collection de vases anciens et transformez votre espace en un environnement \u00e0 l'\u00e9l\u00e9gance intemporelle.","robots":{"index":"index","follow":"follow","max-snippet":"max-snippet:-1","max-image-preview":"max-image-preview:large","max-video-preview":"max-video-preview:-1"},"canonical":"https:\/\/amaruoptim.stg.uzero.cat\/fr\/meubles-anciens\/damme-jeannes-anciennes\/botellas-transparentes-antiguas-c-1920-conjunto-de-2-piezas-58\/","og_locale":"fr_FR","og_type":"article","og_title":"Bouteilles transparentes : Bouteilles en verre anciennes : AMARU","og_description":"Anciennes bouteilles transparentes (c.1920). Laissez-vous inspirer par notre collection de vases anciens et transformez votre espace en un environnement \u00e0 l'\u00e9l\u00e9gance intemporelle.","og_url":"https:\/\/amaruoptim.stg.uzero.cat\/fr\/meubles-anciens\/damme-jeannes-anciennes\/botellas-transparentes-antiguas-c-1920-conjunto-de-2-piezas-58\/","og_site_name":"AMARU","article_modified_time":"2025-06-26T15:56:32+00:00","og_image":[{"width":1600,"height":1600,"url":"https:\/\/amaruantiques.com\/wp-content\/uploads\/2025\/06\/AM0D058-D-1-1.jpg","type":"image\/jpeg"}],"twitter_card":"summary_large_image","twitter_misc":{"Dur\u00e9e de lecture estim\u00e9e":"1 minute"},"schema":{"@context":"https:\/\/schema.org","@graph":[{"@type":"WebPage","@id":"https:\/\/amaruoptim.stg.uzero.cat\/fr\/meubles-anciens\/damme-jeannes-anciennes\/botellas-transparentes-antiguas-c-1920-conjunto-de-2-piezas-58\/","url":"https:\/\/amaruoptim.stg.uzero.cat\/fr\/meubles-anciens\/damme-jeannes-anciennes\/botellas-transparentes-antiguas-c-1920-conjunto-de-2-piezas-58\/","name":"Bouteilles transparentes : Bouteilles en verre anciennes : AMARU","isPartOf":{"@id":"https:\/\/amaruantiques.com\/#website"},"primaryImageOfPage":{"@id":"https:\/\/amaruoptim.stg.uzero.cat\/fr\/meubles-anciens\/damme-jeannes-anciennes\/botellas-transparentes-antiguas-c-1920-conjunto-de-2-piezas-58\/#primaryimage"},"image":{"@id":"https:\/\/amaruoptim.stg.uzero.cat\/fr\/meubles-anciens\/damme-jeannes-anciennes\/botellas-transparentes-antiguas-c-1920-conjunto-de-2-piezas-58\/#primaryimage"},"thumbnailUrl":"https:\/\/amaruoptim.stg.uzero.cat\/wp-content\/uploads\/2025\/06\/AM0D058-D-1-1.jpg","datePublished":"2024-12-25T22:14:38+00:00","dateModified":"2025-06-26T15:56:32+00:00","description":"Anciennes bouteilles transparentes (c.1920). Laissez-vous inspirer par notre collection de vases anciens et transformez votre espace en un environnement \u00e0 l'\u00e9l\u00e9gance intemporelle.","breadcrumb":{"@id":"https:\/\/amaruoptim.stg.uzero.cat\/fr\/meubles-anciens\/damme-jeannes-anciennes\/botellas-transparentes-antiguas-c-1920-conjunto-de-2-piezas-58\/#breadcrumb"},"inLanguage":"fr-FR","potentialAction":[{"@type":"ReadAction","target":["https:\/\/amaruoptim.stg.uzero.cat\/fr\/meubles-anciens\/damme-jeannes-anciennes\/botellas-transparentes-antiguas-c-1920-conjunto-de-2-piezas-58\/"]}]},{"@type":"ImageObject","inLanguage":"fr-FR","@id":"https:\/\/amaruoptim.stg.uzero.cat\/fr\/meubles-anciens\/damme-jeannes-anciennes\/botellas-transparentes-antiguas-c-1920-conjunto-de-2-piezas-58\/#primaryimage","url":"https:\/\/amaruoptim.stg.uzero.cat\/wp-content\/uploads\/2025\/06\/AM0D058-D-1-1.jpg","contentUrl":"https:\/\/amaruoptim.stg.uzero.cat\/wp-content\/uploads\/2025\/06\/AM0D058-D-1-1.jpg","width":1600,"height":1600},{"@type":"BreadcrumbList","@id":"https:\/\/amaruoptim.stg.uzero.cat\/fr\/meubles-anciens\/damme-jeannes-anciennes\/botellas-transparentes-antiguas-c-1920-conjunto-de-2-piezas-58\/#breadcrumb","itemListElement":[{"@type":"ListItem","position":1,"name":"Accueil","item":"https:\/\/amaruantiques.com\/fr\/"},{"@type":"ListItem","position":2,"name":"Boutique","item":"https:\/\/amaruantiques.com\/fr\/boutique\/"},{"@type":"ListItem","position":3,"name":"Anciennes bouteilles transparentes (c.1920). Ensemble de 2 pi\u00e8ces #58"}]},{"@type":"WebSite","@id":"https:\/\/amaruantiques.com\/#website","url":"https:\/\/amaruantiques.com\/","name":"AMARU - Timeless Antiques","description":"Timeless antiques","publisher":{"@id":"https:\/\/amaruantiques.com\/#organization"},"potentialAction":[{"@type":"SearchAction","target":{"@type":"EntryPoint","urlTemplate":"https:\/\/amaruantiques.com\/?s={search_term_string}"},"query-input":{"@type":"PropertyValueSpecification","valueRequired":true,"valueName":"search_term_string"}}],"inLanguage":"fr-FR"},{"@type":"Organization","@id":"https:\/\/amaruantiques.com\/#organization","name":"AMARU","url":"https:\/\/amaruantiques.com\/","logo":{"@type":"ImageObject","inLanguage":"fr-FR","@id":"https:\/\/amaruantiques.com\/#\/schema\/logo\/image\/","url":"https:\/\/amaruoptim.stg.uzero.cat\/wp-content\/uploads\/2025\/04\/logo-AMARU.svg","contentUrl":"https:\/\/amaruoptim.stg.uzero.cat\/wp-content\/uploads\/2025\/04\/logo-AMARU.svg","caption":"AMARU"},"image":{"@id":"https:\/\/amaruantiques.com\/#\/schema\/logo\/image\/"}}]}},"_links":{"self":[{"href":"https:\/\/amaruoptim.stg.uzero.cat\/fr\/wp-json\/wp\/v2\/product\/213575","targetHints":{"allow":["GET"]}}],"collection":[{"href":"https:\/\/amaruoptim.stg.uzero.cat\/fr\/wp-json\/wp\/v2\/product"}],"about":[{"href":"https:\/\/amaruoptim.stg.uzero.cat\/fr\/wp-json\/wp\/v2\/types\/product"}],"wp:featuredmedia":[{"embeddable":true,"href":"https:\/\/amaruoptim.stg.uzero.cat\/fr\/wp-json\/wp\/v2\/media\/192809"}],"wp:attachment":[{"href":"https:\/\/amaruoptim.stg.uzero.cat\/fr\/wp-json\/wp\/v2\/media?parent=213575"}],"wp:term":[{"taxonomy":"product_brand","embeddable":true,"href":"https:\/\/amaruoptim.stg.uzero.cat\/fr\/wp-json\/wp\/v2\/product_brand?post=213575"},{"taxonomy":"product_cat","embeddable":true,"href":"https:\/\/amaruoptim.stg.uzero.cat\/fr\/wp-json\/wp\/v2\/product_cat?post=213575"},{"taxonomy":"product_tag","embeddable":true,"href":"https:\/\/amaruoptim.stg.uzero.cat\/fr\/wp-json\/wp\/v2\/product_tag?post=213575"}],"curies":[{"name":"wp","href":"https:\/\/api.w.org\/{rel}","templated":true}]}}