{"id":213517,"date":"2024-12-23T15:10:31","date_gmt":"2024-12-23T15:10:32","guid":{"rendered":"https:\/\/amaruantiques.com\/?post_type=product&#038;p=213517"},"modified":"2025-06-26T15:56:01","modified_gmt":"2025-06-26T15:56:01","slug":"paire-de-tables-de-chevet-basses-blanches-anciennes-c-1920-6-am16009-s2-6","status":"publish","type":"product","link":"https:\/\/amaruoptim.stg.uzero.cat\/fr\/meubles-anciens\/tables-de-chevet-anciennes\/paire-de-tables-de-chevet-basses-blanches-anciennes-c-1920-6-am16009-s2-6\/","title":{"rendered":"Paire de tables de chevet basses blanches anciennes (c.1920) #6"},"content":{"rendered":"<p><strong>Paire de tables basses de chevet blanches anciennes <\/strong>(c.1920)<\/p>\n<ul>\n<li><strong>Dimensions : <\/strong>\n<ul>\n<li>Partie #1 : Largeur : 42 cm Profondeur : 40 cm Hauteur : 52 cm<\/li>\n<li>Pi\u00e8ce n\u00b02 : Largeur : 39 cm Profondeur : 37 cm Hauteur : 49 cm<\/li>\n<\/ul>\n<\/li>\n<li><strong>Style :<\/strong> Rustique<\/li>\n<li><strong>Mat\u00e9riaux et techniques :<\/strong> Bois de pin<\/li>\n<li><strong>Lieu d&#8217;origine :<\/strong> France<\/li>\n<li><strong>P\u00e9riode :<\/strong> D\u00e9but du 20e si\u00e8cle<\/li>\n<li><strong>Date de fabrication :<\/strong> Vers 1920<\/li>\n<li><strong>\u00c9tat :<\/strong> Bon \u00e9tat. Usure correspond \u00e0 l&#8217;\u00e2ge et \u00e0 l&#8217;utilisation.<\/li>\n<\/ul>\n<p>Il est en excellent \u00e9tat de conservation, \u00e0 l&#8217;exception des imperfections caract\u00e9ristiques de toute antiquit\u00e9, dues au passage du temps.<\/p>\n<p>Donnez une touche d&#8217;originalit\u00e9 \u00e0 votre int\u00e9rieur avec ces pi\u00e8ces uniques, qui se fondent dans le style contemporain en apportant de la personnalit\u00e9 \u00e0 votre int\u00e9rieur. Cet ensemble de tables basses blanches peut \u00eatre associ\u00e9 \u00e0 l&#8217;une de nos <a href=\"https:\/\/amaruantiques.com\/fr\/categoria-producto\/commodes-anciennes\/\">commodes<\/a> ou \u00e0 nos <a href=\"https:\/\/amaruantiques.com\/fr\/categoria-producto\/bancs-anciens\/\">bancs anciens<\/a> disponibles.<\/p>\n<p><em>PI\u00c8CES UNIQUES<\/em><\/p>\n","protected":false},"excerpt":{"rendered":"<p>Paire de tables basses de chevet blanches anciennes (c.1920) Dimensions : Partie #1 : Largeur : 42 cm Profondeur : 40 cm Hauteur : 52 cm Pi\u00e8ce n\u00b02 : Largeur : 39 cm Profondeur : 37 cm Hauteur : 49 cm Style : Rustique Mat\u00e9riaux et techniques : Bois de pin Lieu d&#8217;origine : France [&hellip;]<\/p>\n","protected":false},"featured_media":193635,"template":"","meta":[],"product_brand":[],"product_cat":[611],"product_tag":[84],"class_list":{"0":"post-213517","1":"product","2":"type-product","3":"status-publish","4":"has-post-thumbnail","6":"product_cat-tables-de-chevet-anciennes","7":"product_tag-tables-de-nuit-anciennes","8":"product_shipping_class-extra-large-250-fr","9":"pa_estilo-style-rustique","11":"first","12":"instock","13":"sold-individually","14":"taxable","15":"shipping-taxable","16":"purchasable","17":"product-type-simple"},"yoast_head":"<!-- This site is optimized with the Yoast SEO plugin v26.0 - https:\/\/yoast.com\/wordpress\/plugins\/seo\/ -->\n<title>Paire de tables basses blanches | Tables anciennes | AMARU<\/title>\n<meta name=\"description\" content=\"Paire de tables basses blanches anciennes (vers 1920). Bienvenu d&#039;un monde de voyages et de pi\u00e8ces uniques du monde entier.\" \/>\n<meta name=\"robots\" content=\"index, follow, max-snippet:-1, max-image-preview:large, max-video-preview:-1\" \/>\n<link rel=\"canonical\" href=\"https:\/\/amaruoptim.stg.uzero.cat\/fr\/meubles-anciens\/tables-de-chevet-anciennes\/paire-de-tables-de-chevet-basses-blanches-anciennes-c-1920-6-am16009-s2-6\/\" \/>\n<meta property=\"og:locale\" content=\"fr_FR\" \/>\n<meta property=\"og:type\" content=\"article\" \/>\n<meta property=\"og:title\" content=\"Paire de tables basses blanches | Tables anciennes | AMARU\" \/>\n<meta property=\"og:description\" content=\"Paire de tables basses blanches anciennes (vers 1920). Bienvenu d&#039;un monde de voyages et de pi\u00e8ces uniques du monde entier.\" \/>\n<meta property=\"og:url\" content=\"https:\/\/amaruoptim.stg.uzero.cat\/fr\/meubles-anciens\/tables-de-chevet-anciennes\/paire-de-tables-de-chevet-basses-blanches-anciennes-c-1920-6-am16009-s2-6\/\" \/>\n<meta property=\"og:site_name\" content=\"AMARU\" \/>\n<meta property=\"article:modified_time\" content=\"2025-06-26T15:56:01+00:00\" \/>\n<meta property=\"og:image\" content=\"https:\/\/amaruantiques.com\/wp-content\/uploads\/2025\/06\/AM16009-S2-6-D-1-1.jpg\" \/>\n\t<meta property=\"og:image:width\" content=\"1600\" \/>\n\t<meta property=\"og:image:height\" content=\"1600\" \/>\n\t<meta property=\"og:image:type\" content=\"image\/jpeg\" \/>\n<meta name=\"twitter:card\" content=\"summary_large_image\" \/>\n<meta name=\"twitter:label1\" content=\"Dur\u00e9e de lecture estim\u00e9e\" \/>\n\t<meta name=\"twitter:data1\" content=\"2 minutes\" \/>\n<!-- \/ Yoast SEO plugin. -->","yoast_head_json":{"title":"Paire de tables basses blanches | Tables anciennes | AMARU","description":"Paire de tables basses blanches anciennes (vers 1920). Bienvenu d'un monde de voyages et de pi\u00e8ces uniques du monde entier.","robots":{"index":"index","follow":"follow","max-snippet":"max-snippet:-1","max-image-preview":"max-image-preview:large","max-video-preview":"max-video-preview:-1"},"canonical":"https:\/\/amaruoptim.stg.uzero.cat\/fr\/meubles-anciens\/tables-de-chevet-anciennes\/paire-de-tables-de-chevet-basses-blanches-anciennes-c-1920-6-am16009-s2-6\/","og_locale":"fr_FR","og_type":"article","og_title":"Paire de tables basses blanches | Tables anciennes | AMARU","og_description":"Paire de tables basses blanches anciennes (vers 1920). Bienvenu d'un monde de voyages et de pi\u00e8ces uniques du monde entier.","og_url":"https:\/\/amaruoptim.stg.uzero.cat\/fr\/meubles-anciens\/tables-de-chevet-anciennes\/paire-de-tables-de-chevet-basses-blanches-anciennes-c-1920-6-am16009-s2-6\/","og_site_name":"AMARU","article_modified_time":"2025-06-26T15:56:01+00:00","og_image":[{"width":1600,"height":1600,"url":"https:\/\/amaruantiques.com\/wp-content\/uploads\/2025\/06\/AM16009-S2-6-D-1-1.jpg","type":"image\/jpeg"}],"twitter_card":"summary_large_image","twitter_misc":{"Dur\u00e9e de lecture estim\u00e9e":"2 minutes"},"schema":{"@context":"https:\/\/schema.org","@graph":[{"@type":"WebPage","@id":"https:\/\/amaruoptim.stg.uzero.cat\/fr\/meubles-anciens\/tables-de-chevet-anciennes\/paire-de-tables-de-chevet-basses-blanches-anciennes-c-1920-6-am16009-s2-6\/","url":"https:\/\/amaruoptim.stg.uzero.cat\/fr\/meubles-anciens\/tables-de-chevet-anciennes\/paire-de-tables-de-chevet-basses-blanches-anciennes-c-1920-6-am16009-s2-6\/","name":"Paire de tables basses blanches | Tables anciennes | AMARU","isPartOf":{"@id":"https:\/\/amaruantiques.com\/#website"},"primaryImageOfPage":{"@id":"https:\/\/amaruoptim.stg.uzero.cat\/fr\/meubles-anciens\/tables-de-chevet-anciennes\/paire-de-tables-de-chevet-basses-blanches-anciennes-c-1920-6-am16009-s2-6\/#primaryimage"},"image":{"@id":"https:\/\/amaruoptim.stg.uzero.cat\/fr\/meubles-anciens\/tables-de-chevet-anciennes\/paire-de-tables-de-chevet-basses-blanches-anciennes-c-1920-6-am16009-s2-6\/#primaryimage"},"thumbnailUrl":"https:\/\/amaruoptim.stg.uzero.cat\/wp-content\/uploads\/2025\/06\/AM16009-S2-6-D-1-1.jpg","datePublished":"2024-12-23T15:10:32+00:00","dateModified":"2025-06-26T15:56:01+00:00","description":"Paire de tables basses blanches anciennes (vers 1920). Bienvenu d'un monde de voyages et de pi\u00e8ces uniques du monde entier.","breadcrumb":{"@id":"https:\/\/amaruoptim.stg.uzero.cat\/fr\/meubles-anciens\/tables-de-chevet-anciennes\/paire-de-tables-de-chevet-basses-blanches-anciennes-c-1920-6-am16009-s2-6\/#breadcrumb"},"inLanguage":"fr-FR","potentialAction":[{"@type":"ReadAction","target":["https:\/\/amaruoptim.stg.uzero.cat\/fr\/meubles-anciens\/tables-de-chevet-anciennes\/paire-de-tables-de-chevet-basses-blanches-anciennes-c-1920-6-am16009-s2-6\/"]}]},{"@type":"ImageObject","inLanguage":"fr-FR","@id":"https:\/\/amaruoptim.stg.uzero.cat\/fr\/meubles-anciens\/tables-de-chevet-anciennes\/paire-de-tables-de-chevet-basses-blanches-anciennes-c-1920-6-am16009-s2-6\/#primaryimage","url":"https:\/\/amaruoptim.stg.uzero.cat\/wp-content\/uploads\/2025\/06\/AM16009-S2-6-D-1-1.jpg","contentUrl":"https:\/\/amaruoptim.stg.uzero.cat\/wp-content\/uploads\/2025\/06\/AM16009-S2-6-D-1-1.jpg","width":1600,"height":1600},{"@type":"BreadcrumbList","@id":"https:\/\/amaruoptim.stg.uzero.cat\/fr\/meubles-anciens\/tables-de-chevet-anciennes\/paire-de-tables-de-chevet-basses-blanches-anciennes-c-1920-6-am16009-s2-6\/#breadcrumb","itemListElement":[{"@type":"ListItem","position":1,"name":"Accueil","item":"https:\/\/amaruantiques.com\/fr\/"},{"@type":"ListItem","position":2,"name":"Boutique","item":"https:\/\/amaruantiques.com\/fr\/boutique\/"},{"@type":"ListItem","position":3,"name":"Paire de tables de chevet basses blanches anciennes (c.1920) #6"}]},{"@type":"WebSite","@id":"https:\/\/amaruantiques.com\/#website","url":"https:\/\/amaruantiques.com\/","name":"AMARU - Timeless Antiques","description":"Timeless antiques","publisher":{"@id":"https:\/\/amaruantiques.com\/#organization"},"potentialAction":[{"@type":"SearchAction","target":{"@type":"EntryPoint","urlTemplate":"https:\/\/amaruantiques.com\/?s={search_term_string}"},"query-input":{"@type":"PropertyValueSpecification","valueRequired":true,"valueName":"search_term_string"}}],"inLanguage":"fr-FR"},{"@type":"Organization","@id":"https:\/\/amaruantiques.com\/#organization","name":"AMARU","url":"https:\/\/amaruantiques.com\/","logo":{"@type":"ImageObject","inLanguage":"fr-FR","@id":"https:\/\/amaruantiques.com\/#\/schema\/logo\/image\/","url":"https:\/\/amaruoptim.stg.uzero.cat\/wp-content\/uploads\/2025\/04\/logo-AMARU.svg","contentUrl":"https:\/\/amaruoptim.stg.uzero.cat\/wp-content\/uploads\/2025\/04\/logo-AMARU.svg","caption":"AMARU"},"image":{"@id":"https:\/\/amaruantiques.com\/#\/schema\/logo\/image\/"}}]}},"_links":{"self":[{"href":"https:\/\/amaruoptim.stg.uzero.cat\/fr\/wp-json\/wp\/v2\/product\/213517","targetHints":{"allow":["GET"]}}],"collection":[{"href":"https:\/\/amaruoptim.stg.uzero.cat\/fr\/wp-json\/wp\/v2\/product"}],"about":[{"href":"https:\/\/amaruoptim.stg.uzero.cat\/fr\/wp-json\/wp\/v2\/types\/product"}],"wp:featuredmedia":[{"embeddable":true,"href":"https:\/\/amaruoptim.stg.uzero.cat\/fr\/wp-json\/wp\/v2\/media\/193635"}],"wp:attachment":[{"href":"https:\/\/amaruoptim.stg.uzero.cat\/fr\/wp-json\/wp\/v2\/media?parent=213517"}],"wp:term":[{"taxonomy":"product_brand","embeddable":true,"href":"https:\/\/amaruoptim.stg.uzero.cat\/fr\/wp-json\/wp\/v2\/product_brand?post=213517"},{"taxonomy":"product_cat","embeddable":true,"href":"https:\/\/amaruoptim.stg.uzero.cat\/fr\/wp-json\/wp\/v2\/product_cat?post=213517"},{"taxonomy":"product_tag","embeddable":true,"href":"https:\/\/amaruoptim.stg.uzero.cat\/fr\/wp-json\/wp\/v2\/product_tag?post=213517"}],"curies":[{"name":"wp","href":"https:\/\/api.w.org\/{rel}","templated":true}]}}