{"id":213510,"date":"2024-12-20T17:11:30","date_gmt":"2024-12-20T16:11:31","guid":{"rendered":"https:\/\/amaruantiques.com\/?post_type=product&#038;p=213510"},"modified":"2025-06-26T15:55:58","modified_gmt":"2025-06-26T15:55:58","slug":"anciennes-chaises-denfant-vers-1920-ensemble-de-4-pieces-1-am04101-s4-1","status":"publish","type":"product","link":"https:\/\/amaruoptim.stg.uzero.cat\/fr\/meubles-anciens\/chaises-anciennes\/anciennes-chaises-denfant-vers-1920-ensemble-de-4-pieces-1-am04101-s4-1\/","title":{"rendered":"Anciennes chaises d&#8217;enfant (vers 1920). Ensemble de 4 pi\u00e8ces #1"},"content":{"rendered":"<p><strong>Anciennes chaises d&#8217;enfant<\/strong> (c.1920)<\/p>\n<ul>\n<li style=\"list-style-type: none;\">\n<ul>\n<li><b>Dimensions :<\/b>\n<ul>\n<li><b><\/b>Pi\u00e8ces : Largeur : 30 cm Profondeur : 30 cm Hauteur : 60 cm Assise : 33 cm<\/li>\n<\/ul>\n<\/li>\n<li><b>Style :<\/b> Primitif<\/li>\n<li><b>Mat\u00e9riaux et techniques :<\/b> Bois du pin<\/li>\n<li><b>Lieu d&#8217;origine :<\/b> France<\/li>\n<li><b>P\u00e9riode :<\/b> D\u00e9but du 20e si\u00e8cle<\/li>\n<li><b>Date de fabrication :<\/b> Vers 1900<\/li>\n<li><strong>\u00c9tat :<\/strong> Bon \u00e9tat. Usure correspond \u00e0 l&#8217;\u00e2ge et \u00e0 l&#8217;utilisation.<\/li>\n<\/ul>\n<\/li>\n<\/ul>\n<p>Nos <em>anciennes chaises d&#8217;\u00e9cole<\/em> sont des pi\u00e8ces uniques qui se distinguent par leur qualit\u00e9 :<\/p>\n<ul>\n<li>Les couleurs vives ajoutent de la joie et de l&#8217;\u00e9nergie \u00e0 tout espace, cr\u00e9ant une atmosph\u00e8re ludique et amusante.<\/li>\n<li>Il s&#8217;agit d&#8217;une construction artisanale r\u00e9alis\u00e9e pi\u00e8ce par pi\u00e8ce.<\/li>\n<li>Son style convient \u00e0 une grande vari\u00e9t\u00e9 d&#8217;espaces, tels que les jardins, les patios, les terrasses et m\u00eame les int\u00e9rieurs.<\/li>\n<\/ul>\n<p>Il est en excellent \u00e9tat de conservation, \u00e0 l&#8217;exception des imperfections caract\u00e9ristiques de toute antiquit\u00e9, dues au passage du temps.<\/p>\n<p>Donnez \u00e0 votre int\u00e9rieur une touche d&#8217;originalit\u00e9 avec ces pi\u00e8ces uniques, qui s&#8217;int\u00e8grent dans le style contemporain et apportent de la personnalit\u00e9 \u00e0 votre int\u00e9rieur. Cet ensemble de chaises peut \u00eatre combin\u00e9 avec l&#8217;une de nos <a href=\"https:\/\/amaruantiques.com\/fr\/categoria-producto\/tables-dappoint-tables-du-salon-et-tables-basses\/\">tables basses<\/a> ou avec nos <a href=\"https:\/\/amaruantiques.com\/fr\/categoria-producto\/coussins-en-lin\/\">coussins en lin ancien<\/a> disponibles.<\/p>\n<p><em>PI\u00c8CES UNIQUES<\/em><\/p>\n","protected":false},"excerpt":{"rendered":"<p>Anciennes chaises d&#8217;enfant (c.1920) Dimensions : Pi\u00e8ces : Largeur : 30 cm Profondeur : 30 cm Hauteur : 60 cm Assise : 33 cm Style : Primitif Mat\u00e9riaux et techniques : Bois du pin Lieu d&#8217;origine : France P\u00e9riode : D\u00e9but du 20e si\u00e8cle Date de fabrication : Vers 1900 \u00c9tat : Bon \u00e9tat. Usure [&hellip;]<\/p>\n","protected":false},"featured_media":193322,"template":"","meta":[],"product_brand":[],"product_cat":[618,638],"product_tag":[],"class_list":{"0":"post-213510","1":"product","2":"type-product","3":"status-publish","4":"has-post-thumbnail","6":"product_cat-chaises-anciennes","7":"product_cat-autres-objets-et-artefacts-anciens","8":"product_shipping_class-extra-large-250-fr","9":"pa_estilo-style-vintage","11":"first","12":"instock","13":"sale","14":"taxable","15":"shipping-taxable","16":"purchasable","17":"product-type-simple"},"yoast_head":"<!-- This site is optimized with the Yoast SEO plugin v26.0 - https:\/\/yoast.com\/wordpress\/plugins\/seo\/ -->\n<title>Chaises d&#039;enfant | Chaises en bois anciennes | AMARU ANTIQUES<\/title>\n<meta name=\"description\" content=\"Anciennes chaises d&#039;enfant (vers 1920). Des pi\u00e8ces inimitables qui nous relient \u00e0 des temps anciens. Venez d\u00e9couvrir notre belle s\u00e9lection de tr\u00e9sors du monde entier.\" \/>\n<meta name=\"robots\" content=\"index, follow, max-snippet:-1, max-image-preview:large, max-video-preview:-1\" \/>\n<link rel=\"canonical\" href=\"https:\/\/amaruoptim.stg.uzero.cat\/fr\/meubles-anciens\/chaises-anciennes\/anciennes-chaises-denfant-vers-1920-ensemble-de-4-pieces-1-am04101-s4-1\/\" \/>\n<meta property=\"og:locale\" content=\"fr_FR\" \/>\n<meta property=\"og:type\" content=\"article\" \/>\n<meta property=\"og:title\" content=\"Chaises d&#039;enfant | Chaises en bois anciennes | AMARU ANTIQUES\" \/>\n<meta property=\"og:description\" content=\"Anciennes chaises d&#039;enfant (vers 1920). Des pi\u00e8ces inimitables qui nous relient \u00e0 des temps anciens. Venez d\u00e9couvrir notre belle s\u00e9lection de tr\u00e9sors du monde entier.\" \/>\n<meta property=\"og:url\" content=\"https:\/\/amaruoptim.stg.uzero.cat\/fr\/meubles-anciens\/chaises-anciennes\/anciennes-chaises-denfant-vers-1920-ensemble-de-4-pieces-1-am04101-s4-1\/\" \/>\n<meta property=\"og:site_name\" content=\"AMARU\" \/>\n<meta property=\"article:modified_time\" content=\"2025-06-26T15:55:58+00:00\" \/>\n<meta property=\"og:image\" content=\"https:\/\/amaruantiques.com\/wp-content\/uploads\/2025\/06\/AM04101-S4-1-D-1-1.jpg\" \/>\n\t<meta property=\"og:image:width\" content=\"1600\" \/>\n\t<meta property=\"og:image:height\" content=\"1600\" \/>\n\t<meta property=\"og:image:type\" content=\"image\/jpeg\" \/>\n<meta name=\"twitter:card\" content=\"summary_large_image\" \/>\n<meta name=\"twitter:label1\" content=\"Dur\u00e9e de lecture estim\u00e9e\" \/>\n\t<meta name=\"twitter:data1\" content=\"1 minute\" \/>\n<!-- \/ Yoast SEO plugin. -->","yoast_head_json":{"title":"Chaises d'enfant | Chaises en bois anciennes | AMARU ANTIQUES","description":"Anciennes chaises d'enfant (vers 1920). Des pi\u00e8ces inimitables qui nous relient \u00e0 des temps anciens. Venez d\u00e9couvrir notre belle s\u00e9lection de tr\u00e9sors du monde entier.","robots":{"index":"index","follow":"follow","max-snippet":"max-snippet:-1","max-image-preview":"max-image-preview:large","max-video-preview":"max-video-preview:-1"},"canonical":"https:\/\/amaruoptim.stg.uzero.cat\/fr\/meubles-anciens\/chaises-anciennes\/anciennes-chaises-denfant-vers-1920-ensemble-de-4-pieces-1-am04101-s4-1\/","og_locale":"fr_FR","og_type":"article","og_title":"Chaises d'enfant | Chaises en bois anciennes | AMARU ANTIQUES","og_description":"Anciennes chaises d'enfant (vers 1920). Des pi\u00e8ces inimitables qui nous relient \u00e0 des temps anciens. Venez d\u00e9couvrir notre belle s\u00e9lection de tr\u00e9sors du monde entier.","og_url":"https:\/\/amaruoptim.stg.uzero.cat\/fr\/meubles-anciens\/chaises-anciennes\/anciennes-chaises-denfant-vers-1920-ensemble-de-4-pieces-1-am04101-s4-1\/","og_site_name":"AMARU","article_modified_time":"2025-06-26T15:55:58+00:00","og_image":[{"width":1600,"height":1600,"url":"https:\/\/amaruantiques.com\/wp-content\/uploads\/2025\/06\/AM04101-S4-1-D-1-1.jpg","type":"image\/jpeg"}],"twitter_card":"summary_large_image","twitter_misc":{"Dur\u00e9e de lecture estim\u00e9e":"1 minute"},"schema":{"@context":"https:\/\/schema.org","@graph":[{"@type":"WebPage","@id":"https:\/\/amaruoptim.stg.uzero.cat\/fr\/meubles-anciens\/chaises-anciennes\/anciennes-chaises-denfant-vers-1920-ensemble-de-4-pieces-1-am04101-s4-1\/","url":"https:\/\/amaruoptim.stg.uzero.cat\/fr\/meubles-anciens\/chaises-anciennes\/anciennes-chaises-denfant-vers-1920-ensemble-de-4-pieces-1-am04101-s4-1\/","name":"Chaises d'enfant | Chaises en bois anciennes | AMARU ANTIQUES","isPartOf":{"@id":"https:\/\/amaruantiques.com\/#website"},"primaryImageOfPage":{"@id":"https:\/\/amaruoptim.stg.uzero.cat\/fr\/meubles-anciens\/chaises-anciennes\/anciennes-chaises-denfant-vers-1920-ensemble-de-4-pieces-1-am04101-s4-1\/#primaryimage"},"image":{"@id":"https:\/\/amaruoptim.stg.uzero.cat\/fr\/meubles-anciens\/chaises-anciennes\/anciennes-chaises-denfant-vers-1920-ensemble-de-4-pieces-1-am04101-s4-1\/#primaryimage"},"thumbnailUrl":"https:\/\/amaruoptim.stg.uzero.cat\/wp-content\/uploads\/2025\/06\/AM04101-S4-1-D-1-1.jpg","datePublished":"2024-12-20T16:11:31+00:00","dateModified":"2025-06-26T15:55:58+00:00","description":"Anciennes chaises d'enfant (vers 1920). Des pi\u00e8ces inimitables qui nous relient \u00e0 des temps anciens. Venez d\u00e9couvrir notre belle s\u00e9lection de tr\u00e9sors du monde entier.","breadcrumb":{"@id":"https:\/\/amaruoptim.stg.uzero.cat\/fr\/meubles-anciens\/chaises-anciennes\/anciennes-chaises-denfant-vers-1920-ensemble-de-4-pieces-1-am04101-s4-1\/#breadcrumb"},"inLanguage":"fr-FR","potentialAction":[{"@type":"ReadAction","target":["https:\/\/amaruoptim.stg.uzero.cat\/fr\/meubles-anciens\/chaises-anciennes\/anciennes-chaises-denfant-vers-1920-ensemble-de-4-pieces-1-am04101-s4-1\/"]}]},{"@type":"ImageObject","inLanguage":"fr-FR","@id":"https:\/\/amaruoptim.stg.uzero.cat\/fr\/meubles-anciens\/chaises-anciennes\/anciennes-chaises-denfant-vers-1920-ensemble-de-4-pieces-1-am04101-s4-1\/#primaryimage","url":"https:\/\/amaruoptim.stg.uzero.cat\/wp-content\/uploads\/2025\/06\/AM04101-S4-1-D-1-1.jpg","contentUrl":"https:\/\/amaruoptim.stg.uzero.cat\/wp-content\/uploads\/2025\/06\/AM04101-S4-1-D-1-1.jpg","width":1600,"height":1600},{"@type":"BreadcrumbList","@id":"https:\/\/amaruoptim.stg.uzero.cat\/fr\/meubles-anciens\/chaises-anciennes\/anciennes-chaises-denfant-vers-1920-ensemble-de-4-pieces-1-am04101-s4-1\/#breadcrumb","itemListElement":[{"@type":"ListItem","position":1,"name":"Accueil","item":"https:\/\/amaruantiques.com\/fr\/"},{"@type":"ListItem","position":2,"name":"Boutique","item":"https:\/\/amaruantiques.com\/fr\/boutique\/"},{"@type":"ListItem","position":3,"name":"Anciennes chaises d&#8217;enfant (vers 1920). Ensemble de 4 pi\u00e8ces #1"}]},{"@type":"WebSite","@id":"https:\/\/amaruantiques.com\/#website","url":"https:\/\/amaruantiques.com\/","name":"AMARU - Timeless Antiques","description":"Timeless antiques","publisher":{"@id":"https:\/\/amaruantiques.com\/#organization"},"potentialAction":[{"@type":"SearchAction","target":{"@type":"EntryPoint","urlTemplate":"https:\/\/amaruantiques.com\/?s={search_term_string}"},"query-input":{"@type":"PropertyValueSpecification","valueRequired":true,"valueName":"search_term_string"}}],"inLanguage":"fr-FR"},{"@type":"Organization","@id":"https:\/\/amaruantiques.com\/#organization","name":"AMARU","url":"https:\/\/amaruantiques.com\/","logo":{"@type":"ImageObject","inLanguage":"fr-FR","@id":"https:\/\/amaruantiques.com\/#\/schema\/logo\/image\/","url":"https:\/\/amaruoptim.stg.uzero.cat\/wp-content\/uploads\/2025\/04\/logo-AMARU.svg","contentUrl":"https:\/\/amaruoptim.stg.uzero.cat\/wp-content\/uploads\/2025\/04\/logo-AMARU.svg","caption":"AMARU"},"image":{"@id":"https:\/\/amaruantiques.com\/#\/schema\/logo\/image\/"}}]}},"_links":{"self":[{"href":"https:\/\/amaruoptim.stg.uzero.cat\/fr\/wp-json\/wp\/v2\/product\/213510","targetHints":{"allow":["GET"]}}],"collection":[{"href":"https:\/\/amaruoptim.stg.uzero.cat\/fr\/wp-json\/wp\/v2\/product"}],"about":[{"href":"https:\/\/amaruoptim.stg.uzero.cat\/fr\/wp-json\/wp\/v2\/types\/product"}],"wp:featuredmedia":[{"embeddable":true,"href":"https:\/\/amaruoptim.stg.uzero.cat\/fr\/wp-json\/wp\/v2\/media\/193322"}],"wp:attachment":[{"href":"https:\/\/amaruoptim.stg.uzero.cat\/fr\/wp-json\/wp\/v2\/media?parent=213510"}],"wp:term":[{"taxonomy":"product_brand","embeddable":true,"href":"https:\/\/amaruoptim.stg.uzero.cat\/fr\/wp-json\/wp\/v2\/product_brand?post=213510"},{"taxonomy":"product_cat","embeddable":true,"href":"https:\/\/amaruoptim.stg.uzero.cat\/fr\/wp-json\/wp\/v2\/product_cat?post=213510"},{"taxonomy":"product_tag","embeddable":true,"href":"https:\/\/amaruoptim.stg.uzero.cat\/fr\/wp-json\/wp\/v2\/product_tag?post=213510"}],"curies":[{"name":"wp","href":"https:\/\/api.w.org\/{rel}","templated":true}]}}