{"id":213508,"date":"2024-12-20T15:40:10","date_gmt":"2024-12-20T15:40:11","guid":{"rendered":"https:\/\/amaruantiques.com\/?post_type=product&#038;p=213508"},"modified":"2025-06-26T15:55:58","modified_gmt":"2025-06-26T15:55:58","slug":"anciennes-chaises-pliantes-pour-enfants-vers-1920-ensemble-de-4-pieces-3-am04090-s4-3","status":"publish","type":"product","link":"https:\/\/amaruoptim.stg.uzero.cat\/fr\/meubles-anciens\/chaises-anciennes\/anciennes-chaises-pliantes-pour-enfants-vers-1920-ensemble-de-4-pieces-3-am04090-s4-3\/","title":{"rendered":"Anciennes chaises pliantes pour enfants (vers 1920). Ensemble de 4 pi\u00e8ces #3"},"content":{"rendered":"<p><strong>Anciennes chaises de jardin pliantes pour enfants<\/strong> (vers 1920)<\/p>\n<ul>\n<li style=\"list-style-type: none;\">\n<ul>\n<li><b>Dimensions :<\/b>\n<ul>\n<li><b><\/b>Pi\u00e8ce #1 : Largeur : 36 cm Profondeur : 28 cm Hauteur : 50 cm Assise : 30 cm<\/li>\n<li>Pi\u00e8ce #2 : Largeur : 32 cm Profondeur : 27 cm Hauteur : 53 cm Assise : 29 cm<\/li>\n<li>Pi\u00e8ce #3 : Largeur : 41 cm Profondeur : 29 cm Hauteur : 50 cm Assise : 30 cm<\/li>\n<li>Pi\u00e8ce #4 : Largeur : 44 cm Profondeur : 30 cm Hauteur : 44 cm Assise : 25 cm<\/li>\n<\/ul>\n<\/li>\n<li><b>Style :<\/b> Primitif<\/li>\n<li><b>Mat\u00e9riaux et techniques :<\/b> Bois d&#8217;orme<\/li>\n<li><b>Lieu d&#8217;origine :<\/b> France<\/li>\n<li><b>P\u00e9riode :<\/b> D\u00e9but du 20e si\u00e8cle<\/li>\n<li><b>Date de fabrication :<\/b> Vers 1900<\/li>\n<li><b>\u00c9tat :<\/b> Bon \u00e9tat. Usure correspond \u00e0 l&#8217;\u00e2ge et \u00e0 l&#8217;utilisation.<\/li>\n<\/ul>\n<\/li>\n<\/ul>\n<p>Nos <em>anciennes chaises pliantes<\/em> sont des pi\u00e8ces uniques qui se distinguent par leur qualit\u00e9 :<\/p>\n<ul>\n<li>Les couleurs vives ajoutent de la joie et de l&#8217;\u00e9nergie \u00e0 tout espace, cr\u00e9ant une atmosph\u00e8re ludique et amusante.<\/li>\n<li>La combinaison de l&#8217;attractivit\u00e9 et de la fonctionnalit\u00e9 facilite \u00e0 la fois la mobilit\u00e9 et le stockage.<\/li>\n<li>Son style convient \u00e0 une grande vari\u00e9t\u00e9 d&#8217;espaces, tels que les jardins, les patios, les terrasses et m\u00eame les int\u00e9rieurs.<\/li>\n<\/ul>\n<p>Il est en excellent \u00e9tat de conservation, \u00e0 l&#8217;exception des imperfections caract\u00e9ristiques de toute antiquit\u00e9, dues au passage du temps.<\/p>\n<p>Donnez \u00e0 votre int\u00e9rieur une touche d&#8217;originalit\u00e9 avec ces pi\u00e8ces uniques, qui s&#8217;int\u00e8grent dans le style contemporain et apportent de la personnalit\u00e9 \u00e0 votre int\u00e9rieur. Cet ensemble de chaises peut \u00eatre associ\u00e9 \u00e0 l&#8217;une de nos <a href=\"https:\/\/amaruantiques.com\/fr\/categoria-producto\/tables-dappoint-tables-du-salon-et-tables-basses\/\">tables basses<\/a> ou \u00e0 nos <a href=\"https:\/\/amaruantiques.com\/fr\/categoria-producto\/tabourets-anciens\/\">tabourets anciens<\/a> disponibles.<\/p>\n<p><em>PI\u00c8CES UNIQUES<\/em><\/p>\n","protected":false},"excerpt":{"rendered":"<p>Anciennes chaises de jardin pliantes pour enfants (vers 1920) Dimensions : Pi\u00e8ce #1 : Largeur : 36 cm Profondeur : 28 cm Hauteur : 50 cm Assise : 30 cm Pi\u00e8ce #2 : Largeur : 32 cm Profondeur : 27 cm Hauteur : 53 cm Assise : 29 cm Pi\u00e8ce #3 : Largeur : 41 [&hellip;]<\/p>\n","protected":false},"featured_media":193231,"template":"","meta":[],"product_brand":[],"product_cat":[618,625,621],"product_tag":[],"class_list":{"0":"post-213508","1":"product","2":"type-product","3":"status-publish","4":"has-post-thumbnail","6":"product_cat-chaises-anciennes","7":"product_cat-chaises-exterieures-anciennes","8":"product_cat-meubles-de-jardin-anciens","9":"product_shipping_class-extra-large-250-fr","10":"pa_estilo-style-vintage","12":"first","13":"instock","14":"taxable","15":"shipping-taxable","16":"purchasable","17":"product-type-simple"},"yoast_head":"<!-- This site is optimized with the Yoast SEO plugin v26.0 - https:\/\/yoast.com\/wordpress\/plugins\/seo\/ -->\n<title>Chaises pliantes anciennes | Chaises de jardin | AMARU ANTIQUES<\/title>\n<meta name=\"description\" content=\"Anciennes chaises de jardin pliantes (vers 1920). Notre passion est de rechercher sans rel\u00e2che des tr\u00e9sors cach\u00e9s et de leur donner une nouvelle vie.\" \/>\n<meta name=\"robots\" content=\"index, follow, max-snippet:-1, max-image-preview:large, max-video-preview:-1\" \/>\n<link rel=\"canonical\" href=\"https:\/\/amaruoptim.stg.uzero.cat\/fr\/meubles-anciens\/chaises-anciennes\/anciennes-chaises-pliantes-pour-enfants-vers-1920-ensemble-de-4-pieces-3-am04090-s4-3\/\" \/>\n<meta property=\"og:locale\" content=\"fr_FR\" \/>\n<meta property=\"og:type\" content=\"article\" \/>\n<meta property=\"og:title\" content=\"Chaises pliantes anciennes | Chaises de jardin | AMARU ANTIQUES\" \/>\n<meta property=\"og:description\" content=\"Anciennes chaises de jardin pliantes (vers 1920). Notre passion est de rechercher sans rel\u00e2che des tr\u00e9sors cach\u00e9s et de leur donner une nouvelle vie.\" \/>\n<meta property=\"og:url\" content=\"https:\/\/amaruoptim.stg.uzero.cat\/fr\/meubles-anciens\/chaises-anciennes\/anciennes-chaises-pliantes-pour-enfants-vers-1920-ensemble-de-4-pieces-3-am04090-s4-3\/\" \/>\n<meta property=\"og:site_name\" content=\"AMARU\" \/>\n<meta property=\"article:modified_time\" content=\"2025-06-26T15:55:58+00:00\" \/>\n<meta property=\"og:image\" content=\"https:\/\/amaruantiques.com\/wp-content\/uploads\/2025\/06\/AM04090-S4-3-D-1-1.jpg\" \/>\n\t<meta property=\"og:image:width\" content=\"1600\" \/>\n\t<meta property=\"og:image:height\" content=\"1600\" \/>\n\t<meta property=\"og:image:type\" content=\"image\/jpeg\" \/>\n<meta name=\"twitter:card\" content=\"summary_large_image\" \/>\n<meta name=\"twitter:label1\" content=\"Dur\u00e9e de lecture estim\u00e9e\" \/>\n\t<meta name=\"twitter:data1\" content=\"1 minute\" \/>\n<!-- \/ Yoast SEO plugin. -->","yoast_head_json":{"title":"Chaises pliantes anciennes | Chaises de jardin | AMARU ANTIQUES","description":"Anciennes chaises de jardin pliantes (vers 1920). Notre passion est de rechercher sans rel\u00e2che des tr\u00e9sors cach\u00e9s et de leur donner une nouvelle vie.","robots":{"index":"index","follow":"follow","max-snippet":"max-snippet:-1","max-image-preview":"max-image-preview:large","max-video-preview":"max-video-preview:-1"},"canonical":"https:\/\/amaruoptim.stg.uzero.cat\/fr\/meubles-anciens\/chaises-anciennes\/anciennes-chaises-pliantes-pour-enfants-vers-1920-ensemble-de-4-pieces-3-am04090-s4-3\/","og_locale":"fr_FR","og_type":"article","og_title":"Chaises pliantes anciennes | Chaises de jardin | AMARU ANTIQUES","og_description":"Anciennes chaises de jardin pliantes (vers 1920). Notre passion est de rechercher sans rel\u00e2che des tr\u00e9sors cach\u00e9s et de leur donner une nouvelle vie.","og_url":"https:\/\/amaruoptim.stg.uzero.cat\/fr\/meubles-anciens\/chaises-anciennes\/anciennes-chaises-pliantes-pour-enfants-vers-1920-ensemble-de-4-pieces-3-am04090-s4-3\/","og_site_name":"AMARU","article_modified_time":"2025-06-26T15:55:58+00:00","og_image":[{"width":1600,"height":1600,"url":"https:\/\/amaruantiques.com\/wp-content\/uploads\/2025\/06\/AM04090-S4-3-D-1-1.jpg","type":"image\/jpeg"}],"twitter_card":"summary_large_image","twitter_misc":{"Dur\u00e9e de lecture estim\u00e9e":"1 minute"},"schema":{"@context":"https:\/\/schema.org","@graph":[{"@type":"WebPage","@id":"https:\/\/amaruoptim.stg.uzero.cat\/fr\/meubles-anciens\/chaises-anciennes\/anciennes-chaises-pliantes-pour-enfants-vers-1920-ensemble-de-4-pieces-3-am04090-s4-3\/","url":"https:\/\/amaruoptim.stg.uzero.cat\/fr\/meubles-anciens\/chaises-anciennes\/anciennes-chaises-pliantes-pour-enfants-vers-1920-ensemble-de-4-pieces-3-am04090-s4-3\/","name":"Chaises pliantes anciennes | Chaises de jardin | AMARU ANTIQUES","isPartOf":{"@id":"https:\/\/amaruantiques.com\/#website"},"primaryImageOfPage":{"@id":"https:\/\/amaruoptim.stg.uzero.cat\/fr\/meubles-anciens\/chaises-anciennes\/anciennes-chaises-pliantes-pour-enfants-vers-1920-ensemble-de-4-pieces-3-am04090-s4-3\/#primaryimage"},"image":{"@id":"https:\/\/amaruoptim.stg.uzero.cat\/fr\/meubles-anciens\/chaises-anciennes\/anciennes-chaises-pliantes-pour-enfants-vers-1920-ensemble-de-4-pieces-3-am04090-s4-3\/#primaryimage"},"thumbnailUrl":"https:\/\/amaruoptim.stg.uzero.cat\/wp-content\/uploads\/2025\/06\/AM04090-S4-3-D-1-1.jpg","datePublished":"2024-12-20T15:40:11+00:00","dateModified":"2025-06-26T15:55:58+00:00","description":"Anciennes chaises de jardin pliantes (vers 1920). Notre passion est de rechercher sans rel\u00e2che des tr\u00e9sors cach\u00e9s et de leur donner une nouvelle vie.","breadcrumb":{"@id":"https:\/\/amaruoptim.stg.uzero.cat\/fr\/meubles-anciens\/chaises-anciennes\/anciennes-chaises-pliantes-pour-enfants-vers-1920-ensemble-de-4-pieces-3-am04090-s4-3\/#breadcrumb"},"inLanguage":"fr-FR","potentialAction":[{"@type":"ReadAction","target":["https:\/\/amaruoptim.stg.uzero.cat\/fr\/meubles-anciens\/chaises-anciennes\/anciennes-chaises-pliantes-pour-enfants-vers-1920-ensemble-de-4-pieces-3-am04090-s4-3\/"]}]},{"@type":"ImageObject","inLanguage":"fr-FR","@id":"https:\/\/amaruoptim.stg.uzero.cat\/fr\/meubles-anciens\/chaises-anciennes\/anciennes-chaises-pliantes-pour-enfants-vers-1920-ensemble-de-4-pieces-3-am04090-s4-3\/#primaryimage","url":"https:\/\/amaruoptim.stg.uzero.cat\/wp-content\/uploads\/2025\/06\/AM04090-S4-3-D-1-1.jpg","contentUrl":"https:\/\/amaruoptim.stg.uzero.cat\/wp-content\/uploads\/2025\/06\/AM04090-S4-3-D-1-1.jpg","width":1600,"height":1600},{"@type":"BreadcrumbList","@id":"https:\/\/amaruoptim.stg.uzero.cat\/fr\/meubles-anciens\/chaises-anciennes\/anciennes-chaises-pliantes-pour-enfants-vers-1920-ensemble-de-4-pieces-3-am04090-s4-3\/#breadcrumb","itemListElement":[{"@type":"ListItem","position":1,"name":"Accueil","item":"https:\/\/amaruantiques.com\/fr\/"},{"@type":"ListItem","position":2,"name":"Boutique","item":"https:\/\/amaruantiques.com\/fr\/boutique\/"},{"@type":"ListItem","position":3,"name":"Anciennes chaises pliantes pour enfants (vers 1920). Ensemble de 4 pi\u00e8ces #3"}]},{"@type":"WebSite","@id":"https:\/\/amaruantiques.com\/#website","url":"https:\/\/amaruantiques.com\/","name":"AMARU - Timeless Antiques","description":"Timeless antiques","publisher":{"@id":"https:\/\/amaruantiques.com\/#organization"},"potentialAction":[{"@type":"SearchAction","target":{"@type":"EntryPoint","urlTemplate":"https:\/\/amaruantiques.com\/?s={search_term_string}"},"query-input":{"@type":"PropertyValueSpecification","valueRequired":true,"valueName":"search_term_string"}}],"inLanguage":"fr-FR"},{"@type":"Organization","@id":"https:\/\/amaruantiques.com\/#organization","name":"AMARU","url":"https:\/\/amaruantiques.com\/","logo":{"@type":"ImageObject","inLanguage":"fr-FR","@id":"https:\/\/amaruantiques.com\/#\/schema\/logo\/image\/","url":"https:\/\/amaruoptim.stg.uzero.cat\/wp-content\/uploads\/2025\/04\/logo-AMARU.svg","contentUrl":"https:\/\/amaruoptim.stg.uzero.cat\/wp-content\/uploads\/2025\/04\/logo-AMARU.svg","caption":"AMARU"},"image":{"@id":"https:\/\/amaruantiques.com\/#\/schema\/logo\/image\/"}}]}},"_links":{"self":[{"href":"https:\/\/amaruoptim.stg.uzero.cat\/fr\/wp-json\/wp\/v2\/product\/213508","targetHints":{"allow":["GET"]}}],"collection":[{"href":"https:\/\/amaruoptim.stg.uzero.cat\/fr\/wp-json\/wp\/v2\/product"}],"about":[{"href":"https:\/\/amaruoptim.stg.uzero.cat\/fr\/wp-json\/wp\/v2\/types\/product"}],"wp:featuredmedia":[{"embeddable":true,"href":"https:\/\/amaruoptim.stg.uzero.cat\/fr\/wp-json\/wp\/v2\/media\/193231"}],"wp:attachment":[{"href":"https:\/\/amaruoptim.stg.uzero.cat\/fr\/wp-json\/wp\/v2\/media?parent=213508"}],"wp:term":[{"taxonomy":"product_brand","embeddable":true,"href":"https:\/\/amaruoptim.stg.uzero.cat\/fr\/wp-json\/wp\/v2\/product_brand?post=213508"},{"taxonomy":"product_cat","embeddable":true,"href":"https:\/\/amaruoptim.stg.uzero.cat\/fr\/wp-json\/wp\/v2\/product_cat?post=213508"},{"taxonomy":"product_tag","embeddable":true,"href":"https:\/\/amaruoptim.stg.uzero.cat\/fr\/wp-json\/wp\/v2\/product_tag?post=213508"}],"curies":[{"name":"wp","href":"https:\/\/api.w.org\/{rel}","templated":true}]}}