{"id":213502,"date":"2024-12-20T14:55:52","date_gmt":"2024-12-20T13:55:53","guid":{"rendered":"https:\/\/amaruantiques.com\/?post_type=product&#038;p=213502"},"modified":"2025-06-26T15:55:55","modified_gmt":"2025-06-26T15:55:55","slug":"anciens-chandeliers-de-table-c-1920-ensemble-de-2-pieces-7-am06113-s2-7","status":"publish","type":"product","link":"https:\/\/amaruoptim.stg.uzero.cat\/fr\/meubles-anciens\/autres-objets-et-artefacts-anciens\/anciens-chandeliers-de-table-c-1920-ensemble-de-2-pieces-7-am06113-s2-7\/","title":{"rendered":"Anciens chandeliers de table (c.1920). Ensemble de 2 pi\u00e8ces n\u00b07"},"content":{"rendered":"<p><strong>Anciens chandeliers de table<\/strong> (c.1920)<\/p>\n<ul>\n<li><b>Dimensions : <\/b>\n<ul>\n<li>Pi\u00e8ce n\u00b0 1 : Diam\u00e8tre : 9 cm Hauteur : 21 cm<\/li>\n<li>Pi\u00e8ce n\u00b0 2 : Diam\u00e8tre : 12 cm Hauteur : 19 cm<\/li>\n<\/ul>\n<\/li>\n<li><b>Style : <\/b>Provincial fran\u00e7ais<\/li>\n<li><b>Mat\u00e9riaux et techniques :<\/b> Laiton chrom\u00e9<\/li>\n<li><b>Lieu d&#8217;origine :<\/b> France<\/li>\n<li><b>P\u00e9riode :<\/b> D\u00e9but du 20e si\u00e8cle<\/li>\n<li><b>Date de fabrication :<\/b> Vers 1920<\/li>\n<li><b>\u00c9tat :<\/b> Bon \u00e9tat. Usure correspond \u00e0 l&#8217;\u00e2ge et \u00e0 l&#8217;utilisation.<\/li>\n<\/ul>\n<p>Il est en excellent \u00e9tat de conservation, \u00e0 l&#8217;exception des imperfections caract\u00e9ristiques de toute antiquit\u00e9, dues au passage du temps.<\/p>\n<p>Donnez \u00e0 votre int\u00e9rieur une touche d&#8217;originalit\u00e9 avec ces pi\u00e8ces uniques, qui s&#8217;int\u00e8grent dans le style contemporain et apportent de la personnalit\u00e9 \u00e0 votre int\u00e9rieur. Cet ensemble de chandeliers anciens peut \u00eatre combin\u00e9 avec l&#8217;une de nos <a href=\"https:\/\/amaruantiques.com\/fr\/categoria-producto\/consoles-anciennes\/\">tables consoles<\/a> ou avec nos <a href=\"https:\/\/amaruantiques.com\/fr\/categoria-producto\/ilots-de-cuisine-anciennes\/\">\u00eelots de cuisine anciens<\/a> disponibles.<\/p>\n<p><em>PI\u00c8CES UNIQUES<\/em><\/p>\n","protected":false},"excerpt":{"rendered":"<p>Anciens chandeliers de table (c.1920) Dimensions : Pi\u00e8ce n\u00b0 1 : Diam\u00e8tre : 9 cm Hauteur : 21 cm Pi\u00e8ce n\u00b0 2 : Diam\u00e8tre : 12 cm Hauteur : 19 cm Style : Provincial fran\u00e7ais Mat\u00e9riaux et techniques : Laiton chrom\u00e9 Lieu d&#8217;origine : France P\u00e9riode : D\u00e9but du 20e si\u00e8cle Date de fabrication : [&hellip;]<\/p>\n","protected":false},"featured_media":193069,"template":"","meta":[],"product_brand":[],"product_cat":[638],"product_tag":[],"class_list":{"0":"post-213502","1":"product","2":"type-product","3":"status-publish","4":"has-post-thumbnail","6":"product_cat-autres-objets-et-artefacts-anciens","7":"product_shipping_class-small-50-fr","8":"pa_estilo-provencal-francais","10":"first","11":"instock","12":"taxable","13":"shipping-taxable","14":"purchasable","15":"product-type-simple"},"yoast_head":"<!-- This site is optimized with the Yoast SEO plugin v26.0 - https:\/\/yoast.com\/wordpress\/plugins\/seo\/ -->\n<title>Chandeliers anciens | Cand\u00e9labres anciens | AMARU<\/title>\n<meta name=\"description\" content=\"Anciens chandeliers de table (vers 1920). Pi\u00e8ces uniques en parfait \u00e9tat. Visitez notre site et d\u00e9couvrez notre belle s\u00e9lection d&#039;objets anciens.\" \/>\n<meta name=\"robots\" content=\"index, follow, max-snippet:-1, max-image-preview:large, max-video-preview:-1\" \/>\n<link rel=\"canonical\" href=\"https:\/\/amaruoptim.stg.uzero.cat\/fr\/meubles-anciens\/autres-objets-et-artefacts-anciens\/anciens-chandeliers-de-table-c-1920-ensemble-de-2-pieces-7-am06113-s2-7\/\" \/>\n<meta property=\"og:locale\" content=\"fr_FR\" \/>\n<meta property=\"og:type\" content=\"article\" \/>\n<meta property=\"og:title\" content=\"Chandeliers anciens | Cand\u00e9labres anciens | AMARU\" \/>\n<meta property=\"og:description\" content=\"Anciens chandeliers de table (vers 1920). Pi\u00e8ces uniques en parfait \u00e9tat. Visitez notre site et d\u00e9couvrez notre belle s\u00e9lection d&#039;objets anciens.\" \/>\n<meta property=\"og:url\" content=\"https:\/\/amaruoptim.stg.uzero.cat\/fr\/meubles-anciens\/autres-objets-et-artefacts-anciens\/anciens-chandeliers-de-table-c-1920-ensemble-de-2-pieces-7-am06113-s2-7\/\" \/>\n<meta property=\"og:site_name\" content=\"AMARU\" \/>\n<meta property=\"article:modified_time\" content=\"2025-06-26T15:55:55+00:00\" \/>\n<meta property=\"og:image\" content=\"https:\/\/amaruantiques.com\/wp-content\/uploads\/2025\/06\/AM06113-S2-7-D-2-1.jpg\" \/>\n\t<meta property=\"og:image:width\" content=\"1600\" \/>\n\t<meta property=\"og:image:height\" content=\"1600\" \/>\n\t<meta property=\"og:image:type\" content=\"image\/jpeg\" \/>\n<meta name=\"twitter:card\" content=\"summary_large_image\" \/>\n<meta name=\"twitter:label1\" content=\"Dur\u00e9e de lecture estim\u00e9e\" \/>\n\t<meta name=\"twitter:data1\" content=\"2 minutes\" \/>\n<!-- \/ Yoast SEO plugin. -->","yoast_head_json":{"title":"Chandeliers anciens | Cand\u00e9labres anciens | AMARU","description":"Anciens chandeliers de table (vers 1920). Pi\u00e8ces uniques en parfait \u00e9tat. Visitez notre site et d\u00e9couvrez notre belle s\u00e9lection d'objets anciens.","robots":{"index":"index","follow":"follow","max-snippet":"max-snippet:-1","max-image-preview":"max-image-preview:large","max-video-preview":"max-video-preview:-1"},"canonical":"https:\/\/amaruoptim.stg.uzero.cat\/fr\/meubles-anciens\/autres-objets-et-artefacts-anciens\/anciens-chandeliers-de-table-c-1920-ensemble-de-2-pieces-7-am06113-s2-7\/","og_locale":"fr_FR","og_type":"article","og_title":"Chandeliers anciens | Cand\u00e9labres anciens | AMARU","og_description":"Anciens chandeliers de table (vers 1920). Pi\u00e8ces uniques en parfait \u00e9tat. Visitez notre site et d\u00e9couvrez notre belle s\u00e9lection d'objets anciens.","og_url":"https:\/\/amaruoptim.stg.uzero.cat\/fr\/meubles-anciens\/autres-objets-et-artefacts-anciens\/anciens-chandeliers-de-table-c-1920-ensemble-de-2-pieces-7-am06113-s2-7\/","og_site_name":"AMARU","article_modified_time":"2025-06-26T15:55:55+00:00","og_image":[{"width":1600,"height":1600,"url":"https:\/\/amaruantiques.com\/wp-content\/uploads\/2025\/06\/AM06113-S2-7-D-2-1.jpg","type":"image\/jpeg"}],"twitter_card":"summary_large_image","twitter_misc":{"Dur\u00e9e de lecture estim\u00e9e":"2 minutes"},"schema":{"@context":"https:\/\/schema.org","@graph":[{"@type":"WebPage","@id":"https:\/\/amaruoptim.stg.uzero.cat\/fr\/meubles-anciens\/autres-objets-et-artefacts-anciens\/anciens-chandeliers-de-table-c-1920-ensemble-de-2-pieces-7-am06113-s2-7\/","url":"https:\/\/amaruoptim.stg.uzero.cat\/fr\/meubles-anciens\/autres-objets-et-artefacts-anciens\/anciens-chandeliers-de-table-c-1920-ensemble-de-2-pieces-7-am06113-s2-7\/","name":"Chandeliers anciens | Cand\u00e9labres anciens | AMARU","isPartOf":{"@id":"https:\/\/amaruantiques.com\/#website"},"primaryImageOfPage":{"@id":"https:\/\/amaruoptim.stg.uzero.cat\/fr\/meubles-anciens\/autres-objets-et-artefacts-anciens\/anciens-chandeliers-de-table-c-1920-ensemble-de-2-pieces-7-am06113-s2-7\/#primaryimage"},"image":{"@id":"https:\/\/amaruoptim.stg.uzero.cat\/fr\/meubles-anciens\/autres-objets-et-artefacts-anciens\/anciens-chandeliers-de-table-c-1920-ensemble-de-2-pieces-7-am06113-s2-7\/#primaryimage"},"thumbnailUrl":"https:\/\/amaruoptim.stg.uzero.cat\/wp-content\/uploads\/2025\/06\/AM06113-S2-7-D-2-1.jpg","datePublished":"2024-12-20T13:55:53+00:00","dateModified":"2025-06-26T15:55:55+00:00","description":"Anciens chandeliers de table (vers 1920). Pi\u00e8ces uniques en parfait \u00e9tat. Visitez notre site et d\u00e9couvrez notre belle s\u00e9lection d'objets anciens.","breadcrumb":{"@id":"https:\/\/amaruoptim.stg.uzero.cat\/fr\/meubles-anciens\/autres-objets-et-artefacts-anciens\/anciens-chandeliers-de-table-c-1920-ensemble-de-2-pieces-7-am06113-s2-7\/#breadcrumb"},"inLanguage":"fr-FR","potentialAction":[{"@type":"ReadAction","target":["https:\/\/amaruoptim.stg.uzero.cat\/fr\/meubles-anciens\/autres-objets-et-artefacts-anciens\/anciens-chandeliers-de-table-c-1920-ensemble-de-2-pieces-7-am06113-s2-7\/"]}]},{"@type":"ImageObject","inLanguage":"fr-FR","@id":"https:\/\/amaruoptim.stg.uzero.cat\/fr\/meubles-anciens\/autres-objets-et-artefacts-anciens\/anciens-chandeliers-de-table-c-1920-ensemble-de-2-pieces-7-am06113-s2-7\/#primaryimage","url":"https:\/\/amaruoptim.stg.uzero.cat\/wp-content\/uploads\/2025\/06\/AM06113-S2-7-D-2-1.jpg","contentUrl":"https:\/\/amaruoptim.stg.uzero.cat\/wp-content\/uploads\/2025\/06\/AM06113-S2-7-D-2-1.jpg","width":1600,"height":1600},{"@type":"BreadcrumbList","@id":"https:\/\/amaruoptim.stg.uzero.cat\/fr\/meubles-anciens\/autres-objets-et-artefacts-anciens\/anciens-chandeliers-de-table-c-1920-ensemble-de-2-pieces-7-am06113-s2-7\/#breadcrumb","itemListElement":[{"@type":"ListItem","position":1,"name":"Accueil","item":"https:\/\/amaruantiques.com\/fr\/"},{"@type":"ListItem","position":2,"name":"Boutique","item":"https:\/\/amaruantiques.com\/fr\/boutique\/"},{"@type":"ListItem","position":3,"name":"Anciens chandeliers de table (c.1920). Ensemble de 2 pi\u00e8ces n\u00b07"}]},{"@type":"WebSite","@id":"https:\/\/amaruantiques.com\/#website","url":"https:\/\/amaruantiques.com\/","name":"AMARU - Timeless Antiques","description":"Timeless antiques","publisher":{"@id":"https:\/\/amaruantiques.com\/#organization"},"potentialAction":[{"@type":"SearchAction","target":{"@type":"EntryPoint","urlTemplate":"https:\/\/amaruantiques.com\/?s={search_term_string}"},"query-input":{"@type":"PropertyValueSpecification","valueRequired":true,"valueName":"search_term_string"}}],"inLanguage":"fr-FR"},{"@type":"Organization","@id":"https:\/\/amaruantiques.com\/#organization","name":"AMARU","url":"https:\/\/amaruantiques.com\/","logo":{"@type":"ImageObject","inLanguage":"fr-FR","@id":"https:\/\/amaruantiques.com\/#\/schema\/logo\/image\/","url":"https:\/\/amaruoptim.stg.uzero.cat\/wp-content\/uploads\/2025\/04\/logo-AMARU.svg","contentUrl":"https:\/\/amaruoptim.stg.uzero.cat\/wp-content\/uploads\/2025\/04\/logo-AMARU.svg","caption":"AMARU"},"image":{"@id":"https:\/\/amaruantiques.com\/#\/schema\/logo\/image\/"}}]}},"_links":{"self":[{"href":"https:\/\/amaruoptim.stg.uzero.cat\/fr\/wp-json\/wp\/v2\/product\/213502","targetHints":{"allow":["GET"]}}],"collection":[{"href":"https:\/\/amaruoptim.stg.uzero.cat\/fr\/wp-json\/wp\/v2\/product"}],"about":[{"href":"https:\/\/amaruoptim.stg.uzero.cat\/fr\/wp-json\/wp\/v2\/types\/product"}],"wp:featuredmedia":[{"embeddable":true,"href":"https:\/\/amaruoptim.stg.uzero.cat\/fr\/wp-json\/wp\/v2\/media\/193069"}],"wp:attachment":[{"href":"https:\/\/amaruoptim.stg.uzero.cat\/fr\/wp-json\/wp\/v2\/media?parent=213502"}],"wp:term":[{"taxonomy":"product_brand","embeddable":true,"href":"https:\/\/amaruoptim.stg.uzero.cat\/fr\/wp-json\/wp\/v2\/product_brand?post=213502"},{"taxonomy":"product_cat","embeddable":true,"href":"https:\/\/amaruoptim.stg.uzero.cat\/fr\/wp-json\/wp\/v2\/product_cat?post=213502"},{"taxonomy":"product_tag","embeddable":true,"href":"https:\/\/amaruoptim.stg.uzero.cat\/fr\/wp-json\/wp\/v2\/product_tag?post=213502"}],"curies":[{"name":"wp","href":"https:\/\/api.w.org\/{rel}","templated":true}]}}