{"id":213486,"date":"2024-12-11T13:59:55","date_gmt":"2024-12-11T13:59:56","guid":{"rendered":"https:\/\/amaruantiques.com\/?post_type=product&#038;p=213486"},"modified":"2025-06-26T15:55:46","modified_gmt":"2025-06-26T15:55:46","slug":"ancienne-malle-de-rangement-chinoise-marron-c-1900-6-am13060-6","status":"publish","type":"product","link":"https:\/\/amaruoptim.stg.uzero.cat\/fr\/meubles-anciens\/malles-anciennes\/ancienne-malle-de-rangement-chinoise-marron-c-1900-6-am13060-6\/","title":{"rendered":"Ancienne malle de rangement chinoise marron (c.1900) #6"},"content":{"rendered":"<p><strong>Ancienne malle de rangement marron<\/strong> (c.1900)<\/p>\n<ul>\n<li><strong>Dimensions : <\/strong>Largeur : 93 cm Profondeur : 59 cm Hauteur : 58 cm<\/li>\n<li><strong>Style :<\/strong> Qing<\/li>\n<li><strong>Mat\u00e9riaux et techniques :<\/strong> Bois de pin, peint \u00e0 la main.<\/li>\n<li><strong>Lieu d&#8217;origine :<\/strong> Chine<\/li>\n<li><strong>P\u00e9riode :<\/strong> D\u00e9but du 20e si\u00e8cle<\/li>\n<li><strong>Date de fabrication :<\/strong> Vers 1900<\/li>\n<li><strong>\u00c9tat :<\/strong> Bon \u00e9tat. Usure correspond \u00e0 l&#8217;\u00e2ge et \u00e0 l&#8217;utilisation.<\/li>\n<\/ul>\n<p>Notre <em>coffre de rangement ancien <\/em>est une pi\u00e8ce unique qui se distingue par :<\/p>\n<ul>\n<li style=\"font-weight: 400;\"><span style=\"font-weight: 400;\">La peinture du pr\u00e9sident Mao, avec sa pr\u00e9sence inimitable, symbolise un moment crucial de l&#8217;histoire de la Chine, \u00e9voquant des id\u00e9aux d&#8217;unit\u00e9, de r\u00e9volution et de changement.<\/span><\/li>\n<li style=\"font-weight: 400;\"><span style=\"font-weight: 400;\">\u00c0 l&#8217;origine, il s&#8217;agissait peut-\u00eatre d&#8217;un simple meuble non peint, mais sa personnalisation ult\u00e9rieure avec l&#8217;image de Mao refl\u00e8te la cr\u00e9ativit\u00e9 et l&#8217;engagement id\u00e9ologique de son ancien propri\u00e9taire, <\/span><span style=\"font-weight: 400;\">peut-\u00eatre un sympathisant communiste.<\/span><\/li>\n<li>Son style polyvalent et intemporel en fait le compl\u00e9ment id\u00e9al d&#8217;un meuble de rangement, d&#8217;une table d&#8217;appoint ou m\u00eame d&#8217;une table basse.<\/li>\n<\/ul>\n<p>Il est en excellent \u00e9tat de conservation, \u00e0 l&#8217;exception des imperfections caract\u00e9ristiques de toute antiquit\u00e9, dues au passage du temps.<\/p>\n<p>Donnez une touche d&#8217;originalit\u00e9 \u00e0 votre int\u00e9rieur avec cette pi\u00e8ce unique, qui se marie avec le style contemporain en apportant de la personnalit\u00e9 \u00e0 votre int\u00e9rieur. Ce coffre en bois peut \u00eatre associ\u00e9 \u00e0 l&#8217;un de nos <a href=\"https:\/\/amaruantiques.com\/fr\/categoria-producto\/buffets-anciens\/\">buffets<\/a> ou \u00e0 nos <a href=\"https:\/\/amaruantiques.com\/fr\/categoria-producto\/coussins-en-lin\/\">coussins en lin anciens <\/a>disponibles.<\/p>\n<p><em>PI\u00c8CE UNIQUE<\/em><\/p>\n","protected":false},"excerpt":{"rendered":"<p>Ancienne malle de rangement marron (c.1900) Dimensions : Largeur : 93 cm Profondeur : 59 cm Hauteur : 58 cm Style : Qing Mat\u00e9riaux et techniques : Bois de pin, peint \u00e0 la main. Lieu d&#8217;origine : Chine P\u00e9riode : D\u00e9but du 20e si\u00e8cle Date de fabrication : Vers 1900 \u00c9tat : Bon \u00e9tat. Usure [&hellip;]<\/p>\n","protected":false},"featured_media":191283,"template":"","meta":[],"product_brand":[],"product_cat":[608],"product_tag":[748,749],"class_list":{"0":"post-213486","1":"product","2":"type-product","3":"status-publish","4":"has-post-thumbnail","6":"product_cat-malles-anciennes","7":"product_tag-coffres-anciens","8":"product_tag-malles-anciennes","9":"product_shipping_class-gran-cargo-400-fr","10":"pa_estilo-dynastie-qing","12":"first","13":"instock","14":"taxable","15":"shipping-taxable","16":"purchasable","17":"product-type-simple"},"yoast_head":"<!-- This site is optimized with the Yoast SEO plugin v26.0 - https:\/\/yoast.com\/wordpress\/plugins\/seo\/ -->\n<title>Malle de rangement ancienne | Malle en bois | AMARU<\/title>\n<meta name=\"description\" content=\"Malle de rangement ancienne de couleur marron (vers 1900). Donnez vie \u00e0 vos espaces avec la beaut\u00e9 intemporelle de nos pi\u00e8ces uniques antiques et vintage.....\" \/>\n<meta name=\"robots\" content=\"index, follow, max-snippet:-1, max-image-preview:large, max-video-preview:-1\" \/>\n<link rel=\"canonical\" href=\"https:\/\/amaruoptim.stg.uzero.cat\/fr\/meubles-anciens\/malles-anciennes\/ancienne-malle-de-rangement-chinoise-marron-c-1900-6-am13060-6\/\" \/>\n<meta property=\"og:locale\" content=\"fr_FR\" \/>\n<meta property=\"og:type\" content=\"article\" \/>\n<meta property=\"og:title\" content=\"Malle de rangement ancienne | Malle en bois | AMARU\" \/>\n<meta property=\"og:description\" content=\"Malle de rangement ancienne de couleur marron (vers 1900). Donnez vie \u00e0 vos espaces avec la beaut\u00e9 intemporelle de nos pi\u00e8ces uniques antiques et vintage.....\" \/>\n<meta property=\"og:url\" content=\"https:\/\/amaruoptim.stg.uzero.cat\/fr\/meubles-anciens\/malles-anciennes\/ancienne-malle-de-rangement-chinoise-marron-c-1900-6-am13060-6\/\" \/>\n<meta property=\"og:site_name\" content=\"AMARU\" \/>\n<meta property=\"article:modified_time\" content=\"2025-06-26T15:55:46+00:00\" \/>\n<meta property=\"og:image\" content=\"https:\/\/amaruantiques.com\/wp-content\/uploads\/2025\/06\/AM13060-6-D-1-1-1.jpg\" \/>\n\t<meta property=\"og:image:width\" content=\"1600\" \/>\n\t<meta property=\"og:image:height\" content=\"1600\" \/>\n\t<meta property=\"og:image:type\" content=\"image\/jpeg\" \/>\n<meta name=\"twitter:card\" content=\"summary_large_image\" \/>\n<meta name=\"twitter:label1\" content=\"Dur\u00e9e de lecture estim\u00e9e\" \/>\n\t<meta name=\"twitter:data1\" content=\"2 minutes\" \/>\n<!-- \/ Yoast SEO plugin. -->","yoast_head_json":{"title":"Malle de rangement ancienne | Malle en bois | AMARU","description":"Malle de rangement ancienne de couleur marron (vers 1900). Donnez vie \u00e0 vos espaces avec la beaut\u00e9 intemporelle de nos pi\u00e8ces uniques antiques et vintage.....","robots":{"index":"index","follow":"follow","max-snippet":"max-snippet:-1","max-image-preview":"max-image-preview:large","max-video-preview":"max-video-preview:-1"},"canonical":"https:\/\/amaruoptim.stg.uzero.cat\/fr\/meubles-anciens\/malles-anciennes\/ancienne-malle-de-rangement-chinoise-marron-c-1900-6-am13060-6\/","og_locale":"fr_FR","og_type":"article","og_title":"Malle de rangement ancienne | Malle en bois | AMARU","og_description":"Malle de rangement ancienne de couleur marron (vers 1900). Donnez vie \u00e0 vos espaces avec la beaut\u00e9 intemporelle de nos pi\u00e8ces uniques antiques et vintage.....","og_url":"https:\/\/amaruoptim.stg.uzero.cat\/fr\/meubles-anciens\/malles-anciennes\/ancienne-malle-de-rangement-chinoise-marron-c-1900-6-am13060-6\/","og_site_name":"AMARU","article_modified_time":"2025-06-26T15:55:46+00:00","og_image":[{"width":1600,"height":1600,"url":"https:\/\/amaruantiques.com\/wp-content\/uploads\/2025\/06\/AM13060-6-D-1-1-1.jpg","type":"image\/jpeg"}],"twitter_card":"summary_large_image","twitter_misc":{"Dur\u00e9e de lecture estim\u00e9e":"2 minutes"},"schema":{"@context":"https:\/\/schema.org","@graph":[{"@type":"WebPage","@id":"https:\/\/amaruoptim.stg.uzero.cat\/fr\/meubles-anciens\/malles-anciennes\/ancienne-malle-de-rangement-chinoise-marron-c-1900-6-am13060-6\/","url":"https:\/\/amaruoptim.stg.uzero.cat\/fr\/meubles-anciens\/malles-anciennes\/ancienne-malle-de-rangement-chinoise-marron-c-1900-6-am13060-6\/","name":"Malle de rangement ancienne | Malle en bois | AMARU","isPartOf":{"@id":"https:\/\/amaruantiques.com\/#website"},"primaryImageOfPage":{"@id":"https:\/\/amaruoptim.stg.uzero.cat\/fr\/meubles-anciens\/malles-anciennes\/ancienne-malle-de-rangement-chinoise-marron-c-1900-6-am13060-6\/#primaryimage"},"image":{"@id":"https:\/\/amaruoptim.stg.uzero.cat\/fr\/meubles-anciens\/malles-anciennes\/ancienne-malle-de-rangement-chinoise-marron-c-1900-6-am13060-6\/#primaryimage"},"thumbnailUrl":"https:\/\/amaruoptim.stg.uzero.cat\/wp-content\/uploads\/2025\/06\/AM13060-6-D-1-1-1.jpg","datePublished":"2024-12-11T13:59:56+00:00","dateModified":"2025-06-26T15:55:46+00:00","description":"Malle de rangement ancienne de couleur marron (vers 1900). Donnez vie \u00e0 vos espaces avec la beaut\u00e9 intemporelle de nos pi\u00e8ces uniques antiques et vintage.....","breadcrumb":{"@id":"https:\/\/amaruoptim.stg.uzero.cat\/fr\/meubles-anciens\/malles-anciennes\/ancienne-malle-de-rangement-chinoise-marron-c-1900-6-am13060-6\/#breadcrumb"},"inLanguage":"fr-FR","potentialAction":[{"@type":"ReadAction","target":["https:\/\/amaruoptim.stg.uzero.cat\/fr\/meubles-anciens\/malles-anciennes\/ancienne-malle-de-rangement-chinoise-marron-c-1900-6-am13060-6\/"]}]},{"@type":"ImageObject","inLanguage":"fr-FR","@id":"https:\/\/amaruoptim.stg.uzero.cat\/fr\/meubles-anciens\/malles-anciennes\/ancienne-malle-de-rangement-chinoise-marron-c-1900-6-am13060-6\/#primaryimage","url":"https:\/\/amaruoptim.stg.uzero.cat\/wp-content\/uploads\/2025\/06\/AM13060-6-D-1-1-1.jpg","contentUrl":"https:\/\/amaruoptim.stg.uzero.cat\/wp-content\/uploads\/2025\/06\/AM13060-6-D-1-1-1.jpg","width":1600,"height":1600},{"@type":"BreadcrumbList","@id":"https:\/\/amaruoptim.stg.uzero.cat\/fr\/meubles-anciens\/malles-anciennes\/ancienne-malle-de-rangement-chinoise-marron-c-1900-6-am13060-6\/#breadcrumb","itemListElement":[{"@type":"ListItem","position":1,"name":"Accueil","item":"https:\/\/amaruantiques.com\/fr\/"},{"@type":"ListItem","position":2,"name":"Boutique","item":"https:\/\/amaruantiques.com\/fr\/boutique\/"},{"@type":"ListItem","position":3,"name":"Ancienne malle de rangement chinoise marron (c.1900) #6"}]},{"@type":"WebSite","@id":"https:\/\/amaruantiques.com\/#website","url":"https:\/\/amaruantiques.com\/","name":"AMARU - Timeless Antiques","description":"Timeless antiques","publisher":{"@id":"https:\/\/amaruantiques.com\/#organization"},"potentialAction":[{"@type":"SearchAction","target":{"@type":"EntryPoint","urlTemplate":"https:\/\/amaruantiques.com\/?s={search_term_string}"},"query-input":{"@type":"PropertyValueSpecification","valueRequired":true,"valueName":"search_term_string"}}],"inLanguage":"fr-FR"},{"@type":"Organization","@id":"https:\/\/amaruantiques.com\/#organization","name":"AMARU","url":"https:\/\/amaruantiques.com\/","logo":{"@type":"ImageObject","inLanguage":"fr-FR","@id":"https:\/\/amaruantiques.com\/#\/schema\/logo\/image\/","url":"https:\/\/amaruoptim.stg.uzero.cat\/wp-content\/uploads\/2025\/04\/logo-AMARU.svg","contentUrl":"https:\/\/amaruoptim.stg.uzero.cat\/wp-content\/uploads\/2025\/04\/logo-AMARU.svg","caption":"AMARU"},"image":{"@id":"https:\/\/amaruantiques.com\/#\/schema\/logo\/image\/"}}]}},"_links":{"self":[{"href":"https:\/\/amaruoptim.stg.uzero.cat\/fr\/wp-json\/wp\/v2\/product\/213486","targetHints":{"allow":["GET"]}}],"collection":[{"href":"https:\/\/amaruoptim.stg.uzero.cat\/fr\/wp-json\/wp\/v2\/product"}],"about":[{"href":"https:\/\/amaruoptim.stg.uzero.cat\/fr\/wp-json\/wp\/v2\/types\/product"}],"wp:featuredmedia":[{"embeddable":true,"href":"https:\/\/amaruoptim.stg.uzero.cat\/fr\/wp-json\/wp\/v2\/media\/191283"}],"wp:attachment":[{"href":"https:\/\/amaruoptim.stg.uzero.cat\/fr\/wp-json\/wp\/v2\/media?parent=213486"}],"wp:term":[{"taxonomy":"product_brand","embeddable":true,"href":"https:\/\/amaruoptim.stg.uzero.cat\/fr\/wp-json\/wp\/v2\/product_brand?post=213486"},{"taxonomy":"product_cat","embeddable":true,"href":"https:\/\/amaruoptim.stg.uzero.cat\/fr\/wp-json\/wp\/v2\/product_cat?post=213486"},{"taxonomy":"product_tag","embeddable":true,"href":"https:\/\/amaruoptim.stg.uzero.cat\/fr\/wp-json\/wp\/v2\/product_tag?post=213486"}],"curies":[{"name":"wp","href":"https:\/\/api.w.org\/{rel}","templated":true}]}}